{"id":20850,"date":"2024-12-09T15:22:44","date_gmt":"2024-12-09T15:22:44","guid":{"rendered":"https:\/\/nembutalman.com\/?page_id=20850"},"modified":"2025-01-01T14:19:14","modified_gmt":"2025-01-01T14:19:14","slug":"zasady-ochrany-soukromi","status":"publish","type":"page","link":"https:\/\/nembutalman.com\/cs\/zasady-ochrany-soukromi\/","title":{"rendered":"Z\u00e1sady ochrany osobn\u00edch \u00fadaj\u016f"},"content":{"rendered":"<p class=\"has-black-color has-text-color has-link-color wp-elements-355be174b2fb0d157b025fcc47f1d867\">Z\u00e1sady ochrany osobn\u00edch \u00fadaj\u016f pro <a href=\"https:\/\/nembutalman.com\/cs\/\">nembutalman.com<\/a><\/p>\n\n\n\n<p class=\"has-black-color has-text-color has-link-color wp-elements-761ad3752a5bb90e7fbcc3f50b1c20b6\"><br>Posledn\u00ed aktualizace 25. 11. 2023<\/p>\n\n\n\n<p class=\"has-black-color has-text-color has-link-color wp-elements-3e94e2b2c9d2176429af1c301ae99651\"><br>V\u00edtejte v <a href=\"https:\/\/nembutalman.com\/cs\/\">nembutalman.com<\/a>. Tyto z\u00e1sady ochrany osobn\u00edch \u00fadaj\u016f popisuj\u00ed, jak shroma\u017e\u010fujeme, pou\u017e\u00edv\u00e1me a sd\u00edl\u00edme osobn\u00ed \u00fadaje, kdy\u017e nav\u0161t\u00edv\u00edte na\u0161e webov\u00e9 str\u00e1nky nebo provedete n\u00e1kup.<\/p>\n\n\n\n<h3 class=\"wp-block-heading has-text-color has-background has-link-color wp-elements-8a16c0b96044cebbff6804ddad17f2ed\" id=\"h-i-information-gathered\" style=\"color:#225238;background-color:#c1d43a\">I. Shrom\u00e1\u017ed\u011bn\u00e9 informace<\/h3>\n\n\n\n<p class=\"has-black-color has-text-color has-link-color wp-elements-a6badfaa0041f2d9590e59bf90ac8bc6\">P\u0159i n\u00e1v\u0161t\u011bv\u011b webov\u00fdch str\u00e1nek automaticky shroma\u017e\u010fujeme ur\u010dit\u00e9 informace o va\u0161em za\u0159\u00edzen\u00ed, v\u010detn\u011b informac\u00ed o va\u0161em webov\u00e9m prohl\u00ed\u017ee\u010di, IP adrese, \u010dasov\u00e9m p\u00e1smu a n\u011bkter\u00fdch souborech cookie nainstalovan\u00fdch ve va\u0161em za\u0159\u00edzen\u00ed. Krom\u011b toho shroma\u017e\u010fujeme informace o jednotliv\u00fdch webov\u00fdch str\u00e1nk\u00e1ch nebo produktech, kter\u00e9 si prohl\u00ed\u017e\u00edte, o tom, kter\u00e9 webov\u00e9 str\u00e1nky nebo vyhled\u00e1vac\u00ed v\u00fdrazy v\u00e1s na na\u0161e str\u00e1nky odk\u00e1zaly a jak s nimi pracujete. <\/p>\n\n\n\n<p class=\"has-black-color has-text-color has-link-color wp-elements-c6566f9f405ddf7459fc7c641c272c78\">P\u0159i n\u00e1kupu nebo pokusu o n\u011bj prost\u0159ednictv\u00edm Str\u00e1nek od v\u00e1s shroma\u017e\u010fujeme ur\u010dit\u00e9 informace, v\u010detn\u011b va\u0161eho jm\u00e9na, faktura\u010dn\u00ed adresy, dodac\u00ed adresy, platebn\u00edch \u00fadaj\u016f (v\u010detn\u011b \u010d\u00edsla kreditn\u00ed karty), e-mailov\u00e9 adresy a telefonn\u00edho \u010d\u00edsla. Tyto informace ozna\u010dujeme jako \"informace o objedn\u00e1vce\".<\/p>\n\n\n\n<h3 class=\"wp-block-heading has-text-color has-background has-link-color wp-elements-32d74790f44ff2ad9af97a6a63fe7a29\" id=\"h-ii-use-of-information\" style=\"color:#225238;background-color:#c1d43a\">II. Vyu\u017eit\u00ed informac\u00ed<\/h3>\n\n\n\n<p class=\"has-black-color has-text-color has-link-color wp-elements-fb223591b0ed4918e3b7a6dd70848b61\">Shrom\u00e1\u017ed\u011bn\u00e9 informace obecn\u011b pou\u017e\u00edv\u00e1me k vy\u0159\u00edzen\u00ed objedn\u00e1vek zadan\u00fdch prost\u0159ednictv\u00edm webu (v\u010detn\u011b zpracov\u00e1n\u00ed va\u0161ich platebn\u00edch \u00fadaj\u016f, zaji\u0161t\u011bn\u00ed dopravy a vystaven\u00ed faktur a\/nebo potvrzen\u00ed objedn\u00e1vky). Krom\u011b toho tyto informace pou\u017e\u00edv\u00e1me k tomu, abychom<\/p>\n\n\n\n<ul class=\"wp-block-list\">\n<li class=\"has-black-color has-text-color has-link-color wp-elements-c35da8e453ecadee6ed58fb481402e8b\">Komunikace s v\u00e1mi;<\/li>\n\n\n\n<li class=\"has-black-color has-text-color has-link-color wp-elements-659b15464d3b49d5a9c284bdea83ccc0\">Prov\u011b\u0159te svou objedn\u00e1vku z hlediska mo\u017en\u00fdch rizik nebo podvod\u016f; <\/li>\n\n\n\n<li class=\"has-black-color has-text-color has-link-color wp-elements-3ce7039dbd7333ebff4f5317f2da7572\">Optimalizace na\u0161ich str\u00e1nek;<\/li>\n\n\n\n<li class=\"has-black-color has-text-color has-link-color wp-elements-63a2f7258bb251938f7c3188ffc5c879\">Spus\u0165te reklamn\u00ed kampan\u011b nebo kampan\u011b zam\u011b\u0159en\u00e9 na va\u0161e z\u00e1jmy.<\/li>\n<\/ul>\n\n\n\n<h3 class=\"wp-block-heading has-text-color has-background has-link-color wp-elements-71dd2bade47d8a19cad678a52077fdf8\" id=\"h-iii-information-exchange\" style=\"color:#225238;background-color:#c1d43a\">III. V\u00fdm\u011bna informac\u00ed<\/h3>\n\n\n\n<p class=\"has-black-color has-text-color has-link-color wp-elements-0526f4d4e684efc2cb4cd7f6c014fc4c\">Abychom n\u00e1m pomohli dos\u00e1hnout v\u00fd\u0161e uveden\u00fdch c\u00edl\u016f, sd\u011blujeme va\u0161e osobn\u00ed \u00fadaje extern\u00edm stran\u00e1m. Objedn\u00e1vky nap\u0159\u00edklad zas\u00edl\u00e1me prost\u0159ednictv\u00edm spole\u010dnost\u00ed PostNL, FedEx a n\u011bkdy i DHL. Za \u00fa\u010delem zpracov\u00e1n\u00ed plateb si tak\u00e9 vym\u011b\u0148ujeme informace se spole\u010dnost\u00ed PayPal a n\u011bkdy i s na\u0161imi bankami.<br>A kone\u010dn\u011b, abychom mohli reagovat na p\u0159edvol\u00e1n\u00ed, p\u0159\u00edkaz k prohl\u00eddce nebo jinou opr\u00e1vn\u011bnou \u017e\u00e1dost o informace, kter\u00e9 obdr\u017e\u00edme, abychom dodr\u017eeli platn\u00e9 z\u00e1kony a p\u0159edpisy nebo abychom jinak h\u00e1jili sv\u00e1 pr\u00e1va, m\u016f\u017eeme tak\u00e9 zve\u0159ejnit va\u0161e osobn\u00ed \u00fadaje. M\u016f\u017eete se dozv\u011bd\u011bt v\u00edce informac\u00ed o <a href=\"https:\/\/nembutalman.com\/cs\/zasady-prepravy\/\">Z\u00e1sady p\u0159epravy<\/a>.<\/p>\n\n\n\n<h3 class=\"wp-block-heading has-text-color has-background has-link-color wp-elements-8be1627c424b10a6d403c8606c0605de\" id=\"h-iv-your-rights\" style=\"color:#225238;background-color:#c1d43a\">IV. Va\u0161e pr\u00e1va<\/h3>\n\n\n\n<p class=\"has-black-color has-text-color has-link-color wp-elements-077416695de980c8342b74ae1b70db75\">Pokud \u017eijete v Evropsk\u00e9m hospod\u00e1\u0159sk\u00e9m prostoru, m\u00e1te pr\u00e1vo zjistit, jak\u00e9 osobn\u00ed \u00fadaje o v\u00e1s uchov\u00e1v\u00e1me, a po\u017e\u00e1dat o jejich aktualizaci, zm\u011bnu nebo odstran\u011bn\u00ed. Pokud chcete toto pr\u00e1vo uplatnit, pou\u017eijte pros\u00edm n\u00ed\u017ee uveden\u00e9 informace a kontaktujte n\u00e1s.<\/p>\n\n\n\n<h3 class=\"wp-block-heading has-text-color has-background has-link-color wp-elements-c25262c15a4b50cb1236e206e03eb430\" id=\"h-v-modifications-to-this-privacy-statement\" style=\"color:#225238;background-color:#c1d43a\">V. Zm\u011bny tohoto prohl\u00e1\u0161en\u00ed o ochran\u011b osobn\u00edch \u00fadaj\u016f<\/h3>\n\n\n\n<p class=\"has-black-color has-text-color has-link-color wp-elements-db26f0e0324ff3548c91aad6ddf0b4b2\">\u010casto se pros\u00edm seznamte s na\u0161\u00edm prohl\u00e1\u0161en\u00edm o ochran\u011b osobn\u00edch \u00fadaj\u016f, proto\u017ee si vyhrazujeme pr\u00e1vo kdykoli prov\u00e9st zm\u011bny. Objasn\u011bn\u00ed a zm\u011bny budou \u00fa\u010dinn\u00e9, jakmile budou zve\u0159ejn\u011bny na webov\u00fdch str\u00e1nk\u00e1ch. Tuto str\u00e1nku budeme aktualizovat, aby odr\u00e1\u017eela v\u0161echny v\u00fdznamn\u00e9 zm\u011bny, kter\u00e9 v t\u011bchto z\u00e1sad\u00e1ch provedeme.<\/p>\n\n\n\n<h3 class=\"wp-block-heading has-text-color has-background has-link-color wp-elements-01aa1198e6bc79b9703c1e31d3efce46\" id=\"h-vi-contact-information\" style=\"color:#225238;background-color:#c1d43a\">VI. Kontaktn\u00ed informace<\/h3>\n\n\n\n<p class=\"has-black-color has-text-color has-link-color wp-elements-29de9d3369388b1bebce2e470a8ab236\">Pokud m\u00e1te jak\u00e9koli obavy nebo chcete z\u00edskat v\u00edce informac\u00ed o na\u0161ich z\u00e1sad\u00e1ch ochrany osobn\u00edch \u00fadaj\u016f, napi\u0161te n\u00e1m pros\u00edm e-mail na adresu service@nembutalman.com nebo za\u0161lete p\u00edsemn\u00fd dotaz na adresu Eisenhowerstraat 141, Sittard, Nizozemsko.<\/p>\n\n\n\n<p class=\"has-black-color has-text-color has-link-color wp-elements-fc74c8adaf95e6aa5766202a95c8ef3e\">Nav\u0161tivte na\u0161i <a href=\"https:\/\/nembutalman.com\/cs\/terms-and-conditions\/\"><strong>Podm\u00ednky a pravidla<\/strong><\/a> b\u00fdt informovan\u011bj\u0161\u00ed<\/p>\n\n\n\n<p><\/p>","protected":false},"excerpt":{"rendered":"<p>Privacy policy for nembutalman.com Last updated 11\/25\/2023 Welcome to nembutalman.com. This privacy policy describes how we collect, use and share<\/p>","protected":false},"author":13,"featured_media":0,"parent":0,"menu_order":0,"comment_status":"closed","ping_status":"closed","template":"","meta":{"footnotes":""},"class_list":["post-20850","page","type-page","status-publish","hentry"],"yoast_head":"<!-- This site is optimized with the Yoast SEO Premium plugin v24.2 (Yoast SEO v27.3) - https:\/\/yoast.com\/product\/yoast-seo-premium-wordpress\/ -->\n<title>Privacy Policy | Nembutal Mann \u2013 Your privacy is our priority.<\/title>\n<meta name=\"description\" content=\"Nembutal Mann safeguards your data with our privacy policy. Learn about data collection and security measures to ensure your confidentiality.\" \/>\n<meta name=\"robots\" content=\"index, follow, max-snippet:-1, max-image-preview:large, max-video-preview:-1\" \/>\n<link rel=\"canonical\" href=\"https:\/\/nembutalman.com\/cs\/zasady-ochrany-soukromi\/\" \/>\n<meta property=\"og:locale\" content=\"cs_CZ\" \/>\n<meta property=\"og:type\" content=\"article\" \/>\n<meta property=\"og:title\" content=\"Privacy Policy\" \/>\n<meta property=\"og:description\" content=\"Nembutal Mann safeguards your data with our privacy policy. Learn about data collection and security measures to ensure your confidentiality.\" \/>\n<meta property=\"og:url\" content=\"https:\/\/nembutalman.com\/cs\/zasady-ochrany-soukromi\/\" \/>\n<meta property=\"og:site_name\" content=\"Nembutal Mann\" \/>\n<meta property=\"article:modified_time\" content=\"2025-01-01T14:19:14+00:00\" \/>\n<meta name=\"twitter:card\" content=\"summary_large_image\" \/>\n<meta name=\"twitter:label1\" content=\"Odhadovan\u00e1 doba \u010dten\u00ed\" \/>\n\t<meta name=\"twitter:data1\" content=\"2 minuty\" \/>\n<script type=\"application\/ld+json\" class=\"yoast-schema-graph\">{\"@context\":\"https:\\\/\\\/schema.org\",\"@graph\":[{\"@type\":\"WebPage\",\"@id\":\"https:\\\/\\\/nembutalman.com\\\/privacy-policy\\\/\",\"url\":\"https:\\\/\\\/nembutalman.com\\\/privacy-policy\\\/\",\"name\":\"Privacy Policy | Nembutal Mann \u2013 Your privacy is our priority.\",\"isPartOf\":{\"@id\":\"https:\\\/\\\/nembutalman.com\\\/#website\"},\"datePublished\":\"2024-12-09T15:22:44+00:00\",\"dateModified\":\"2025-01-01T14:19:14+00:00\",\"description\":\"Nembutal Mann safeguards your data with our privacy policy. Learn about data collection and security measures to ensure your confidentiality.\",\"breadcrumb\":{\"@id\":\"https:\\\/\\\/nembutalman.com\\\/privacy-policy\\\/#breadcrumb\"},\"inLanguage\":\"cs\",\"potentialAction\":[{\"@type\":\"ReadAction\",\"target\":[\"https:\\\/\\\/nembutalman.com\\\/privacy-policy\\\/\"]}]},{\"@type\":\"BreadcrumbList\",\"@id\":\"https:\\\/\\\/nembutalman.com\\\/privacy-policy\\\/#breadcrumb\",\"itemListElement\":[{\"@type\":\"ListItem\",\"position\":1,\"name\":\"Home\",\"item\":\"https:\\\/\\\/nembutalman.com\\\/\"},{\"@type\":\"ListItem\",\"position\":2,\"name\":\"Privacy Policy\"}]},{\"@type\":\"WebSite\",\"@id\":\"https:\\\/\\\/nembutalman.com\\\/#website\",\"url\":\"https:\\\/\\\/nembutalman.com\\\/\",\"name\":\"Nembutal Mann\",\"description\":\"Nembutal Kaufen Deutschland\",\"publisher\":{\"@id\":\"https:\\\/\\\/nembutalman.com\\\/#organization\"},\"potentialAction\":[{\"@type\":\"SearchAction\",\"target\":{\"@type\":\"EntryPoint\",\"urlTemplate\":\"https:\\\/\\\/nembutalman.com\\\/?s={search_term_string}\"},\"query-input\":{\"@type\":\"PropertyValueSpecification\",\"valueRequired\":true,\"valueName\":\"search_term_string\"}}],\"inLanguage\":\"cs\"},{\"@type\":\"Organization\",\"@id\":\"https:\\\/\\\/nembutalman.com\\\/#organization\",\"name\":\"Nembutal Mann\",\"url\":\"https:\\\/\\\/nembutalman.com\\\/\",\"logo\":{\"@type\":\"ImageObject\",\"inLanguage\":\"cs\",\"@id\":\"https:\\\/\\\/nembutalman.com\\\/#\\\/schema\\\/logo\\\/image\\\/\",\"url\":\"https:\\\/\\\/nembutalman.com\\\/wp-content\\\/uploads\\\/2024\\\/11\\\/Untitled-design.png\",\"contentUrl\":\"https:\\\/\\\/nembutalman.com\\\/wp-content\\\/uploads\\\/2024\\\/11\\\/Untitled-design.png\",\"width\":650,\"height\":250,\"caption\":\"Nembutal Mann\"},\"image\":{\"@id\":\"https:\\\/\\\/nembutalman.com\\\/#\\\/schema\\\/logo\\\/image\\\/\"}}]}<\/script>\n<!-- \/ Yoast SEO Premium plugin. -->","yoast_head_json":{"title":"Z\u00e1sady ochrany osobn\u00edch \u00fadaj\u016f | Nembutal Mann - Va\u0161e soukrom\u00ed je pro n\u00e1s prioritou.","description":"Spole\u010dnost Nembutal Mann chr\u00e1n\u00ed va\u0161e \u00fadaje pomoc\u00ed na\u0161ich z\u00e1sad ochrany osobn\u00edch \u00fadaj\u016f. P\u0159e\u010dt\u011bte si informace o shroma\u017e\u010fov\u00e1n\u00ed \u00fadaj\u016f a bezpe\u010dnostn\u00edch opat\u0159en\u00edch, kter\u00e1 zaji\u0161\u0165uj\u00ed jejich d\u016fv\u011brnost.","robots":{"index":"index","follow":"follow","max-snippet":"max-snippet:-1","max-image-preview":"max-image-preview:large","max-video-preview":"max-video-preview:-1"},"canonical":"https:\/\/nembutalman.com\/cs\/zasady-ochrany-soukromi\/","og_locale":"cs_CZ","og_type":"article","og_title":"Privacy Policy","og_description":"Nembutal Mann safeguards your data with our privacy policy. Learn about data collection and security measures to ensure your confidentiality.","og_url":"https:\/\/nembutalman.com\/cs\/zasady-ochrany-soukromi\/","og_site_name":"Nembutal Mann","article_modified_time":"2025-01-01T14:19:14+00:00","twitter_card":"summary_large_image","twitter_misc":{"Odhadovan\u00e1 doba \u010dten\u00ed":"2 minuty"},"schema":{"@context":"https:\/\/schema.org","@graph":[{"@type":"WebPage","@id":"https:\/\/nembutalman.com\/privacy-policy\/","url":"https:\/\/nembutalman.com\/privacy-policy\/","name":"Z\u00e1sady ochrany osobn\u00edch \u00fadaj\u016f | Nembutal Mann - Va\u0161e soukrom\u00ed je pro n\u00e1s prioritou.","isPartOf":{"@id":"https:\/\/nembutalman.com\/#website"},"datePublished":"2024-12-09T15:22:44+00:00","dateModified":"2025-01-01T14:19:14+00:00","description":"Spole\u010dnost Nembutal Mann chr\u00e1n\u00ed va\u0161e \u00fadaje pomoc\u00ed na\u0161ich z\u00e1sad ochrany osobn\u00edch \u00fadaj\u016f. P\u0159e\u010dt\u011bte si informace o shroma\u017e\u010fov\u00e1n\u00ed \u00fadaj\u016f a bezpe\u010dnostn\u00edch opat\u0159en\u00edch, kter\u00e1 zaji\u0161\u0165uj\u00ed jejich d\u016fv\u011brnost.","breadcrumb":{"@id":"https:\/\/nembutalman.com\/privacy-policy\/#breadcrumb"},"inLanguage":"cs","potentialAction":[{"@type":"ReadAction","target":["https:\/\/nembutalman.com\/privacy-policy\/"]}]},{"@type":"BreadcrumbList","@id":"https:\/\/nembutalman.com\/privacy-policy\/#breadcrumb","itemListElement":[{"@type":"ListItem","position":1,"name":"Home","item":"https:\/\/nembutalman.com\/"},{"@type":"ListItem","position":2,"name":"Privacy Policy"}]},{"@type":"WebSite","@id":"https:\/\/nembutalman.com\/#website","url":"https:\/\/nembutalman.com\/","name":"U Nembutalu Mann","description":"Nembutal Kaufen Deutschland","publisher":{"@id":"https:\/\/nembutalman.com\/#organization"},"potentialAction":[{"@type":"SearchAction","target":{"@type":"EntryPoint","urlTemplate":"https:\/\/nembutalman.com\/?s={search_term_string}"},"query-input":{"@type":"PropertyValueSpecification","valueRequired":true,"valueName":"search_term_string"}}],"inLanguage":"cs"},{"@type":"Organization","@id":"https:\/\/nembutalman.com\/#organization","name":"U Nembutalu Mann","url":"https:\/\/nembutalman.com\/","logo":{"@type":"ImageObject","inLanguage":"cs","@id":"https:\/\/nembutalman.com\/#\/schema\/logo\/image\/","url":"https:\/\/nembutalman.com\/wp-content\/uploads\/2024\/11\/Untitled-design.png","contentUrl":"https:\/\/nembutalman.com\/wp-content\/uploads\/2024\/11\/Untitled-design.png","width":650,"height":250,"caption":"Nembutal Mann"},"image":{"@id":"https:\/\/nembutalman.com\/#\/schema\/logo\/image\/"}}]}},"_links":{"self":[{"href":"https:\/\/nembutalman.com\/cs\/wp-json\/wp\/v2\/pages\/20850","targetHints":{"allow":["GET"]}}],"collection":[{"href":"https:\/\/nembutalman.com\/cs\/wp-json\/wp\/v2\/pages"}],"about":[{"href":"https:\/\/nembutalman.com\/cs\/wp-json\/wp\/v2\/types\/page"}],"author":[{"embeddable":true,"href":"https:\/\/nembutalman.com\/cs\/wp-json\/wp\/v2\/users\/13"}],"replies":[{"embeddable":true,"href":"https:\/\/nembutalman.com\/cs\/wp-json\/wp\/v2\/comments?post=20850"}],"version-history":[{"count":0,"href":"https:\/\/nembutalman.com\/cs\/wp-json\/wp\/v2\/pages\/20850\/revisions"}],"wp:attachment":[{"href":"https:\/\/nembutalman.com\/cs\/wp-json\/wp\/v2\/media?parent=20850"}],"curies":[{"name":"wp","href":"https:\/\/api.w.org\/{rel}","templated":true}]}}