{"id":20852,"date":"2024-12-09T15:33:43","date_gmt":"2024-12-09T15:33:43","guid":{"rendered":"https:\/\/nembutalman.com\/?page_id=20852"},"modified":"2024-12-09T16:01:15","modified_gmt":"2024-12-09T16:01:15","slug":"terms-and-conditions","status":"publish","type":"page","link":"https:\/\/nembutalman.com\/cs\/terms-and-conditions\/","title":{"rendered":"Podm\u00ednky a pravidla"},"content":{"rendered":"<div data-elementor-type=\"wp-page\" data-elementor-id=\"20852\" class=\"elementor elementor-20852\" data-elementor-post-type=\"page\">\n\t\t\t\t<div class=\"wd-negative-gap elementor-element elementor-element-3445f31e e-flex e-con-boxed e-con e-parent\" data-id=\"3445f31e\" data-element_type=\"container\" data-e-type=\"container\" data-settings=\"{&quot;background_background&quot;:&quot;classic&quot;}\">\n\t\t\t\t\t<div class=\"e-con-inner\">\n\t\t\t\t<div class=\"elementor-element elementor-element-6a93c53 elementor-widget elementor-widget-wd_text_block\" data-id=\"6a93c53\" data-element_type=\"widget\" data-e-type=\"widget\" data-widget_type=\"wd_text_block.default\">\n\t\t\t\t<div class=\"elementor-widget-container\">\n\t\t\t\t\t\t\t<div class=\"wd-text-block reset-last-child text-left color-scheme-light\">\n\t\t\t\n\t\t\t<div class=\"wp-block-columns\">\n<div class=\"wp-block-column has-white-color has-text-color has-background has-link-color\">\n<h2 class=\"wp-block-heading has-white-color has-text-color has-link-color\"><span style=\"color: #c1d43a;\">V\u00edtejte na str\u00e1nk\u00e1ch Nembutal Mann<\/span><\/h2>\n<!-- \/wp:heading --><!-- wp:paragraph -->\n<p>T\u011bmito podm\u00ednkami se \u0159\u00edd\u00ed va\u0161e pou\u017e\u00edv\u00e1n\u00ed na\u0161ich webov\u00fdch str\u00e1nek, slu\u017eeb a ve\u0161ker\u00e9ho obsahu poskytovan\u00e9ho spole\u010dnost\u00ed Nembutal Mann. P\u0159\u00edstupem na tyto webov\u00e9 str\u00e1nky nebo jejich pou\u017e\u00edv\u00e1n\u00edm souhlas\u00edte s dodr\u017eov\u00e1n\u00edm t\u011bchto podm\u00ednek. P\u0159e\u010dt\u011bte si je pros\u00edm pozorn\u011b.<\/p>\n<!-- \/wp:paragraph --><!-- wp:heading {\"level\":3,\"style\":{\"elements\":{\"link\":{\"color\":{\"text\":\"#c1d43a\"}}},\"color\":{\"text\":\"#c1d43a\"}}} -->\n<h3 class=\"wp-block-heading has-text-color has-link-color\"><span style=\"color: #c1d43a;\">I. Obecn\u00e9 pou\u017eit\u00ed<\/span><\/h3>\n<!-- \/wp:heading --><!-- wp:paragraph -->\n<p><strong><span style=\"color: #c1d43a;\">I.1.<\/span> <span style=\"color: #c1d43a;\">Zp\u016fsobilost:<\/span><\/strong>\u00a0Pro p\u0159\u00edstup na na\u0161e webov\u00e9 str\u00e1nky mus\u00edte b\u00fdt star\u0161\u00ed 18 let.<br \/><span style=\"color: #c1d43a;\"><strong>I.1. \u00da\u010del obsahu:<\/strong><\/span> Ve\u0161ker\u00e9 informace na t\u011bchto webov\u00fdch str\u00e1nk\u00e1ch slou\u017e\u00ed pouze pro vzd\u011bl\u00e1vac\u00ed a informa\u010dn\u00ed \u00fa\u010dely a nep\u0159edstavuj\u00ed l\u00e9ka\u0159sk\u00e9 doporu\u010den\u00ed.<\/p>\n<!-- \/wp:paragraph --><!-- wp:heading {\"level\":3,\"style\":{\"color\":{\"text\":\"#c1d43a\"},\"elements\":{\"link\":{\"color\":{\"text\":\"#c1d43a\"}}}}} -->\n<h3 class=\"wp-block-heading has-text-color has-link-color\"><span style=\"color: #c1d43a;\"><strong>II. Du\u0161evn\u00ed vlastnictv\u00ed<\/strong><\/span><\/h3>\n<!-- \/wp:heading --><!-- wp:paragraph -->\n<p><span style=\"color: #c1d43a;\"><strong>II.1. Autorsk\u00e1 pr\u00e1va<\/strong>:<\/span> Ve\u0161ker\u00fd obsah t\u011bchto webov\u00fdch str\u00e1nek, v\u010detn\u011b textu, obr\u00e1zk\u016f a designov\u00fdch prvk\u016f, je majetkem spole\u010dnosti Nembutal Mann a je chr\u00e1n\u011bn autorsk\u00fdmi pr\u00e1vy.<br \/><span style=\"color: #c1d43a;\"><strong>II.2. Omezen\u00ed:<\/strong><\/span> Bez p\u0159edchoz\u00edho p\u00edsemn\u00e9ho souhlasu nesm\u00edte kop\u00edrovat, reprodukovat ani \u0161\u00ed\u0159it \u017e\u00e1dn\u00fd materi\u00e1l z t\u011bchto webov\u00fdch str\u00e1nek.<\/p>\n<h3><span style=\"color: #c1d43a;\"><strong>III. Povinnosti u\u017eivatele<\/strong><\/span><\/h3>\n<p><span style=\"color: #c1d43a;\"><strong>III.1. P\u0159esn\u00e9 informace:<\/strong><\/span> P\u0159i vyu\u017e\u00edv\u00e1n\u00ed na\u0161ich slu\u017eeb nebo zad\u00e1v\u00e1n\u00ed dotaz\u016f souhlas\u00edte s t\u00edm, \u017ee budete poskytovat p\u0159esn\u00e9 a \u00fapln\u00e9 informace.<br \/><span style=\"color: #c1d43a;\"><strong>III.2. Zak\u00e1zan\u00e9 \u010dinnosti:<\/strong><\/span> Souhlas\u00edte s t\u00edm, \u017ee nebudete pou\u017e\u00edvat na\u0161e webov\u00e9 str\u00e1nky k nez\u00e1konn\u00fdm \u010dinnostem nebo k poru\u0161ov\u00e1n\u00ed platn\u00fdch z\u00e1kon\u016f.<\/p>\n<hr \/>\n<h3><span style=\"color: #c1d43a;\"><strong>IV. Z\u0159eknut\u00ed se odpov\u011bdnosti<\/strong><\/span><\/h3>\n<p><span style=\"color: #c1d43a;\"><strong>IV.1 \u017d\u00e1dn\u00e9 z\u00e1ruky:<\/strong><\/span> <strong><a href=\"https:\/\/nembutalman.com\/cs\/\">U Nembutalu Mann<\/a><\/strong> nezaru\u010duje p\u0159esnost ani \u00faplnost informac\u00ed uveden\u00fdch na t\u011bchto webov\u00fdch str\u00e1nk\u00e1ch.<br \/><span style=\"color: #c1d43a;\"><strong>IV.2 Omezen\u00e1 odpov\u011bdnost:<\/strong><\/span> Neneseme odpov\u011bdnost za \u017e\u00e1dn\u00e9 p\u0159\u00edm\u00e9 ani nep\u0159\u00edm\u00e9 \u0161kody vznikl\u00e9 v d\u016fsledku pou\u017e\u00edv\u00e1n\u00ed t\u011bchto webov\u00fdch str\u00e1nek.<\/p>\n<hr \/>\n<h3><span style=\"color: #c1d43a;\"><strong>V. Odkazy na webov\u00e9 str\u00e1nky t\u0159et\u00edch stran<\/strong><\/span><\/h3>\n<p>Na\u0161e webov\u00e9 str\u00e1nky mohou obsahovat odkazy na webov\u00e9 str\u00e1nky t\u0159et\u00edch stran pro informa\u010dn\u00ed \u00fa\u010dely. Obsah t\u011bchto webov\u00fdch str\u00e1nek neschvalujeme ani za n\u011bj nep\u0159eb\u00edr\u00e1me odpov\u011bdnost.<\/p>\n<hr \/>\n<h3><span style=\"color: #c1d43a;\"><strong>VI. Z\u00e1sady ochrany osobn\u00edch \u00fadaj\u016f<\/strong><\/span><\/h3>\n<p>Va\u0161e pou\u017e\u00edv\u00e1n\u00ed t\u011bchto webov\u00fdch str\u00e1nek se rovn\u011b\u017e \u0159\u00edd\u00ed na\u0161imi <a href=\"https:\/\/nembutalman.com\/cs\/zasady-ochrany-soukromi\/\" rel=\"noopener\">Z\u00e1sady ochrany osobn\u00edch \u00fadaj\u016f<\/a>, kde je vysv\u011btleno, jak shroma\u017e\u010fujeme, pou\u017e\u00edv\u00e1me a chr\u00e1n\u00edme va\u0161e \u00fadaje.<\/p>\n<hr \/>\n<h3><span style=\"color: #c1d43a;\"><strong>VII. Zm\u011bny podm\u00ednek<\/strong><\/span><\/h3>\n<p>Vyhrazujeme si pr\u00e1vo tyto podm\u00ednky kdykoli aktualizovat nebo upravit bez p\u0159edchoz\u00edho upozorn\u011bn\u00ed. Pros\u00edme, abyste tuto str\u00e1nku pravideln\u011b kontrolovali, zda nedo\u0161lo ke zm\u011bn\u00e1m.<\/p>\n<h3><span style=\"color: #c1d43a;\"><strong>VIII. Rozhodn\u00e9 pr\u00e1vo<\/strong><\/span><\/h3>\n<p>Tyto smluvn\u00ed podm\u00ednky se \u0159\u00edd\u00ed a vykl\u00e1daj\u00ed v souladu se z\u00e1kony va\u0161\u00ed jurisdikce.<\/p>\n<!-- \/wp:paragraph --><\/div>\n<!-- \/wp:column --><\/div>\n<p><!-- \/wp:columns --><!-- wp:paragraph --><\/p>\n<p>\u00a0<\/p>\n\t\t\t\t\t<\/div>\n\t\t\t\t\t\t<\/div>\n\t\t\t\t<\/div>\n\t\t\t\t\t<\/div>\n\t\t\t\t<\/div>\n\t\t\t\t<\/div>","protected":false},"excerpt":{"rendered":"<p>Welcome to Nembutal Mann These Terms and Conditions govern your use of our website, services, and any content provided by<\/p>","protected":false},"author":13,"featured_media":0,"parent":0,"menu_order":0,"comment_status":"closed","ping_status":"closed","template":"","meta":{"footnotes":""},"class_list":["post-20852","page","type-page","status-publish","hentry"],"yoast_head":"<!-- This site is optimized with the Yoast SEO Premium plugin v24.2 (Yoast SEO v27.3) - https:\/\/yoast.com\/product\/yoast-seo-premium-wordpress\/ -->\n<title>Terms and Conditions | Nembutal Mann \u2013 Policies, User Agreement<\/title>\n<meta name=\"description\" content=\"Nembutal Mann\u2019s Terms and Conditions. Learn user responsibilities, intellectual property rights, disclaimers, commitment to ethical practices.\" \/>\n<meta name=\"robots\" content=\"index, follow, max-snippet:-1, max-image-preview:large, max-video-preview:-1\" \/>\n<link rel=\"canonical\" href=\"https:\/\/nembutalman.com\/cs\/terms-and-conditions\/\" \/>\n<meta property=\"og:locale\" content=\"cs_CZ\" \/>\n<meta property=\"og:type\" content=\"article\" \/>\n<meta property=\"og:title\" content=\"Terms and Conditions | Nembutal Mann \u2013 Policies, User Agreement\" \/>\n<meta property=\"og:description\" content=\"Nembutal Mann\u2019s Terms and Conditions. Learn user responsibilities, intellectual property rights, disclaimers, commitment to ethical practices.\" \/>\n<meta property=\"og:url\" content=\"https:\/\/nembutalman.com\/cs\/terms-and-conditions\/\" \/>\n<meta property=\"og:site_name\" content=\"Nembutal Mann\" \/>\n<meta property=\"article:modified_time\" content=\"2024-12-09T16:01:15+00:00\" \/>\n<meta property=\"og:image\" content=\"https:\/\/nembutalman.com\/wp-content\/uploads\/2024\/11\/home4.jpg\" \/>\n\t<meta property=\"og:image:width\" content=\"360\" \/>\n\t<meta property=\"og:image:height\" content=\"360\" \/>\n\t<meta property=\"og:image:type\" content=\"image\/jpeg\" \/>\n<meta name=\"twitter:card\" content=\"summary_large_image\" \/>\n<meta name=\"twitter:title\" content=\"Terms and Conditions | Nembutal Mann \u2013 Policies, User Agreement\" \/>\n<meta name=\"twitter:description\" content=\"Nembutal Mann\u2019s Terms and Conditions. Learn user responsibilities, intellectual property rights, disclaimers, commitment to ethical practices.\" \/>\n<meta name=\"twitter:label1\" content=\"Odhadovan\u00e1 doba \u010dten\u00ed\" \/>\n\t<meta name=\"twitter:data1\" content=\"2 minuty\" \/>\n<script type=\"application\/ld+json\" class=\"yoast-schema-graph\">{\"@context\":\"https:\\\/\\\/schema.org\",\"@graph\":[{\"@type\":\"WebPage\",\"@id\":\"https:\\\/\\\/nembutalman.com\\\/terms-and-conditions\\\/\",\"url\":\"https:\\\/\\\/nembutalman.com\\\/terms-and-conditions\\\/\",\"name\":\"Terms and Conditions | Nembutal Mann \u2013 Policies, User Agreement\",\"isPartOf\":{\"@id\":\"https:\\\/\\\/nembutalman.com\\\/#website\"},\"datePublished\":\"2024-12-09T15:33:43+00:00\",\"dateModified\":\"2024-12-09T16:01:15+00:00\",\"description\":\"Nembutal Mann\u2019s Terms and Conditions. Learn user responsibilities, intellectual property rights, disclaimers, commitment to ethical practices.\",\"breadcrumb\":{\"@id\":\"https:\\\/\\\/nembutalman.com\\\/terms-and-conditions\\\/#breadcrumb\"},\"inLanguage\":\"cs\",\"potentialAction\":[{\"@type\":\"ReadAction\",\"target\":[\"https:\\\/\\\/nembutalman.com\\\/terms-and-conditions\\\/\"]}]},{\"@type\":\"BreadcrumbList\",\"@id\":\"https:\\\/\\\/nembutalman.com\\\/terms-and-conditions\\\/#breadcrumb\",\"itemListElement\":[{\"@type\":\"ListItem\",\"position\":1,\"name\":\"Home\",\"item\":\"https:\\\/\\\/nembutalman.com\\\/\"},{\"@type\":\"ListItem\",\"position\":2,\"name\":\"Terms &amp; Conditions\"}]},{\"@type\":\"WebSite\",\"@id\":\"https:\\\/\\\/nembutalman.com\\\/#website\",\"url\":\"https:\\\/\\\/nembutalman.com\\\/\",\"name\":\"Nembutal Mann\",\"description\":\"Nembutal Kaufen Deutschland\",\"publisher\":{\"@id\":\"https:\\\/\\\/nembutalman.com\\\/#organization\"},\"potentialAction\":[{\"@type\":\"SearchAction\",\"target\":{\"@type\":\"EntryPoint\",\"urlTemplate\":\"https:\\\/\\\/nembutalman.com\\\/?s={search_term_string}\"},\"query-input\":{\"@type\":\"PropertyValueSpecification\",\"valueRequired\":true,\"valueName\":\"search_term_string\"}}],\"inLanguage\":\"cs\"},{\"@type\":\"Organization\",\"@id\":\"https:\\\/\\\/nembutalman.com\\\/#organization\",\"name\":\"Nembutal Mann\",\"url\":\"https:\\\/\\\/nembutalman.com\\\/\",\"logo\":{\"@type\":\"ImageObject\",\"inLanguage\":\"cs\",\"@id\":\"https:\\\/\\\/nembutalman.com\\\/#\\\/schema\\\/logo\\\/image\\\/\",\"url\":\"https:\\\/\\\/nembutalman.com\\\/wp-content\\\/uploads\\\/2024\\\/11\\\/Untitled-design.png\",\"contentUrl\":\"https:\\\/\\\/nembutalman.com\\\/wp-content\\\/uploads\\\/2024\\\/11\\\/Untitled-design.png\",\"width\":650,\"height\":250,\"caption\":\"Nembutal Mann\"},\"image\":{\"@id\":\"https:\\\/\\\/nembutalman.com\\\/#\\\/schema\\\/logo\\\/image\\\/\"}}]}<\/script>\n<!-- \/ Yoast SEO Premium plugin. -->","yoast_head_json":{"title":"Obchodn\u00ed podm\u00ednky | Nembutal Mann - Z\u00e1sady, U\u017eivatelsk\u00e1 smlouva","description":"Podm\u00ednky spole\u010dnosti Nembutal Mann. Seznamte se s povinnostmi u\u017eivatele, pr\u00e1vy du\u0161evn\u00edho vlastnictv\u00ed, prohl\u00e1\u0161en\u00edmi o vylou\u010den\u00ed odpov\u011bdnosti a z\u00e1vazkem k etick\u00fdm postup\u016fm.","robots":{"index":"index","follow":"follow","max-snippet":"max-snippet:-1","max-image-preview":"max-image-preview:large","max-video-preview":"max-video-preview:-1"},"canonical":"https:\/\/nembutalman.com\/cs\/terms-and-conditions\/","og_locale":"cs_CZ","og_type":"article","og_title":"Terms and Conditions | Nembutal Mann \u2013 Policies, User Agreement","og_description":"Nembutal Mann\u2019s Terms and Conditions. Learn user responsibilities, intellectual property rights, disclaimers, commitment to ethical practices.","og_url":"https:\/\/nembutalman.com\/cs\/terms-and-conditions\/","og_site_name":"Nembutal Mann","article_modified_time":"2024-12-09T16:01:15+00:00","og_image":[{"width":360,"height":360,"url":"https:\/\/nembutalman.com\/wp-content\/uploads\/2024\/11\/home4.jpg","type":"image\/jpeg"}],"twitter_card":"summary_large_image","twitter_title":"Terms and Conditions | Nembutal Mann \u2013 Policies, User Agreement","twitter_description":"Nembutal Mann\u2019s Terms and Conditions. Learn user responsibilities, intellectual property rights, disclaimers, commitment to ethical practices.","twitter_misc":{"Odhadovan\u00e1 doba \u010dten\u00ed":"2 minuty"},"schema":{"@context":"https:\/\/schema.org","@graph":[{"@type":"WebPage","@id":"https:\/\/nembutalman.com\/terms-and-conditions\/","url":"https:\/\/nembutalman.com\/terms-and-conditions\/","name":"Obchodn\u00ed podm\u00ednky | Nembutal Mann - Z\u00e1sady, U\u017eivatelsk\u00e1 smlouva","isPartOf":{"@id":"https:\/\/nembutalman.com\/#website"},"datePublished":"2024-12-09T15:33:43+00:00","dateModified":"2024-12-09T16:01:15+00:00","description":"Podm\u00ednky spole\u010dnosti Nembutal Mann. Seznamte se s povinnostmi u\u017eivatele, pr\u00e1vy du\u0161evn\u00edho vlastnictv\u00ed, prohl\u00e1\u0161en\u00edmi o vylou\u010den\u00ed odpov\u011bdnosti a z\u00e1vazkem k etick\u00fdm postup\u016fm.","breadcrumb":{"@id":"https:\/\/nembutalman.com\/terms-and-conditions\/#breadcrumb"},"inLanguage":"cs","potentialAction":[{"@type":"ReadAction","target":["https:\/\/nembutalman.com\/terms-and-conditions\/"]}]},{"@type":"BreadcrumbList","@id":"https:\/\/nembutalman.com\/terms-and-conditions\/#breadcrumb","itemListElement":[{"@type":"ListItem","position":1,"name":"Home","item":"https:\/\/nembutalman.com\/"},{"@type":"ListItem","position":2,"name":"Terms &amp; Conditions"}]},{"@type":"WebSite","@id":"https:\/\/nembutalman.com\/#website","url":"https:\/\/nembutalman.com\/","name":"U Nembutalu Mann","description":"Nembutal Kaufen Deutschland","publisher":{"@id":"https:\/\/nembutalman.com\/#organization"},"potentialAction":[{"@type":"SearchAction","target":{"@type":"EntryPoint","urlTemplate":"https:\/\/nembutalman.com\/?s={search_term_string}"},"query-input":{"@type":"PropertyValueSpecification","valueRequired":true,"valueName":"search_term_string"}}],"inLanguage":"cs"},{"@type":"Organization","@id":"https:\/\/nembutalman.com\/#organization","name":"U Nembutalu Mann","url":"https:\/\/nembutalman.com\/","logo":{"@type":"ImageObject","inLanguage":"cs","@id":"https:\/\/nembutalman.com\/#\/schema\/logo\/image\/","url":"https:\/\/nembutalman.com\/wp-content\/uploads\/2024\/11\/Untitled-design.png","contentUrl":"https:\/\/nembutalman.com\/wp-content\/uploads\/2024\/11\/Untitled-design.png","width":650,"height":250,"caption":"Nembutal Mann"},"image":{"@id":"https:\/\/nembutalman.com\/#\/schema\/logo\/image\/"}}]}},"_links":{"self":[{"href":"https:\/\/nembutalman.com\/cs\/wp-json\/wp\/v2\/pages\/20852","targetHints":{"allow":["GET"]}}],"collection":[{"href":"https:\/\/nembutalman.com\/cs\/wp-json\/wp\/v2\/pages"}],"about":[{"href":"https:\/\/nembutalman.com\/cs\/wp-json\/wp\/v2\/types\/page"}],"author":[{"embeddable":true,"href":"https:\/\/nembutalman.com\/cs\/wp-json\/wp\/v2\/users\/13"}],"replies":[{"embeddable":true,"href":"https:\/\/nembutalman.com\/cs\/wp-json\/wp\/v2\/comments?post=20852"}],"version-history":[{"count":0,"href":"https:\/\/nembutalman.com\/cs\/wp-json\/wp\/v2\/pages\/20852\/revisions"}],"wp:attachment":[{"href":"https:\/\/nembutalman.com\/cs\/wp-json\/wp\/v2\/media?parent=20852"}],"curies":[{"name":"wp","href":"https:\/\/api.w.org\/{rel}","templated":true}]}}