{"id":20861,"date":"2024-12-09T16:29:24","date_gmt":"2024-12-09T16:29:24","guid":{"rendered":"https:\/\/nembutalman.com\/?page_id=20861"},"modified":"2025-01-23T10:10:59","modified_gmt":"2025-01-23T10:10:59","slug":"vraceni-penez","status":"publish","type":"page","link":"https:\/\/nembutalman.com\/cs\/vraceni-penez\/","title":{"rendered":"Z\u00e1sady vracen\u00ed pen\u011bz a vr\u00e1cen\u00ed zbo\u017e\u00ed"},"content":{"rendered":"<div data-elementor-type=\"wp-page\" data-elementor-id=\"20861\" class=\"elementor elementor-20861\" data-elementor-post-type=\"page\">\n\t\t\t\t<div class=\"elementor-element elementor-element-617b50e e-con-full e-flex e-con e-parent\" data-id=\"617b50e\" data-element_type=\"container\" data-e-type=\"container\" data-settings=\"{&quot;background_background&quot;:&quot;classic&quot;}\">\n\t\t\t\t<div class=\"elementor-element elementor-element-050d4fa wd-width-100 elementor-widget elementor-widget-wd_title\" data-id=\"050d4fa\" data-element_type=\"widget\" data-e-type=\"widget\" data-widget_type=\"wd_title.default\">\n\t\t\t\t<div class=\"elementor-widget-container\">\n\t\t\t\t\t\t\t<div class=\"title-wrapper wd-set-mb reset-last-child wd-title-color-default wd-title-style-default wd-title-size-default text-left\">\n\n\t\t\t\t\t\t\t\t\t\t\t<div class=\"title-subtitle subtitle-color-default subtitle-style-background wd-fontsize-xs\">\n\t\t\t\t\tZ\u00e1kazn\u00edk <strong>Zaru\u010den\u00e1 spokojenost<\/strong>\t\t\t\t<\/div>\n\t\t\t\n\t\t\t<div class=\"liner-continer\">\n\t\t\t\t<h4 class=\"woodmart-title-container title wd-fontsize-l\"><\/h4> \n\t\t\t\t\t\t\t<\/div>\n\n\t\t\t\t\t\t\t<div class=\"title-after_title reset-last-child wd-fontsize-xs\">\n\t\t\t\t\t<ul><li>Na adrese <a href=\"https:\/\/nembutalman.com\/cs\/\"><strong>U Nembutalu Mann<\/strong><\/a>, se sna\u017e\u00edme zajistit na\u0161im z\u00e1kazn\u00edk\u016fm bezprobl\u00e9mov\u00fd z\u00e1\u017eitek. Pokud nejste s n\u00e1kupem spokojeni nebo se setk\u00e1te s probl\u00e9mem, na\u0161e Z\u00e1sady vracen\u00ed pen\u011bz a vr\u00e1cen\u00ed zbo\u017e\u00ed popisuj\u00ed va\u0161e pr\u00e1va a zp\u016fsob, jak v\u00e1m m\u016f\u017eeme pomoci.<\/li><li>M\u016f\u017eete se p\u0159ipojit ke sv\u00e9mu <a href=\"https:\/\/nembutalman.com\/cs\/ucet\/\">Str\u00e1nka \u00fa\u010dtu<\/a> zobrazit objedn\u00e1vku, kterou chcete vr\u00e1tit.<\/li><\/ul>\t\t\t\t<\/div>\n\t\t\t\t\t<\/div>\n\t\t\t\t\t\t<\/div>\n\t\t\t\t<\/div>\n\t\t\t\t<div class=\"elementor-element elementor-element-b42523b elementor-widget-divider--view-line elementor-widget elementor-widget-divider\" data-id=\"b42523b\" data-element_type=\"widget\" data-e-type=\"widget\" data-widget_type=\"divider.default\">\n\t\t\t\t<div class=\"elementor-widget-container\">\n\t\t\t\t\t\t\t<div class=\"elementor-divider\">\n\t\t\t<span class=\"elementor-divider-separator\">\n\t\t\t\t\t\t<\/span>\n\t\t<\/div>\n\t\t\t\t\t\t<\/div>\n\t\t\t\t<\/div>\n\t\t\t\t<div class=\"elementor-element elementor-element-8c295c6 wd-width-100 elementor-widget elementor-widget-wd_title\" data-id=\"8c295c6\" data-element_type=\"widget\" data-e-type=\"widget\" data-widget_type=\"wd_title.default\">\n\t\t\t\t<div class=\"elementor-widget-container\">\n\t\t\t\t\t\t\t<div class=\"title-wrapper wd-set-mb reset-last-child wd-title-color-default wd-title-style-default wd-title-size-default text-left\">\n\n\t\t\t\t\t\t\t\t\t\t\t<div class=\"title-subtitle subtitle-color-default subtitle-style-background wd-fontsize-xs\">\n\t\t\t\t\tZp\u016fsobilost pro vr\u00e1cen\u00ed\t\t\t\t<\/div>\n\t\t\t\n\t\t\t<div class=\"liner-continer\">\n\t\t\t\t<h4 class=\"woodmart-title-container title wd-fontsize-l\"><\/h4> \n\t\t\t\t\t\t\t<\/div>\n\n\t\t\t\t\t\t\t<div class=\"title-after_title reset-last-child wd-fontsize-xs\">\n\t\t\t\t\t<ul><li><p>Vr\u00e1cen\u00ed zbo\u017e\u00ed p\u0159ij\u00edm\u00e1me za n\u00e1sleduj\u00edc\u00edch podm\u00ednek:<\/p><ul><li>V\u00fdrobek je nepou\u017eit\u00fd, neotev\u0159en\u00fd a v p\u016fvodn\u00edm obalu.<\/li><li>\u017d\u00e1dost o vr\u00e1cen\u00ed se pod\u00e1v\u00e1 do 14 dn\u016f od doru\u010den\u00ed.<\/li><li>Doklad o n\u00e1kupu, nap\u0159\u00edklad potvrzen\u00ed o objedn\u00e1vce nebo \u00fa\u010dtenka, je k dispozici.<\/li><\/ul><p><strong>Pozn\u00e1mka:<\/strong> N\u011bkter\u00e9 polo\u017eky nemus\u00ed b\u00fdt mo\u017en\u00e9 vr\u00e1tit z bezpe\u010dnostn\u00edch nebo regula\u010dn\u00edch d\u016fvod\u016f. Pro vysv\u011btlen\u00ed se obra\u0165te na n\u00e1\u0161 t\u00fdm podpory.<\/p><\/li><\/ul>\t\t\t\t<\/div>\n\t\t\t\t\t<\/div>\n\t\t\t\t\t\t<\/div>\n\t\t\t\t<\/div>\n\t\t\t\t<div class=\"elementor-element elementor-element-911a669 elementor-widget-divider--view-line elementor-widget elementor-widget-divider\" data-id=\"911a669\" data-element_type=\"widget\" data-e-type=\"widget\" data-widget_type=\"divider.default\">\n\t\t\t\t<div class=\"elementor-widget-container\">\n\t\t\t\t\t\t\t<div class=\"elementor-divider\">\n\t\t\t<span class=\"elementor-divider-separator\">\n\t\t\t\t\t\t<\/span>\n\t\t<\/div>\n\t\t\t\t\t\t<\/div>\n\t\t\t\t<\/div>\n\t\t\t\t<div class=\"elementor-element elementor-element-0e402dd wd-width-100 elementor-widget elementor-widget-wd_title\" data-id=\"0e402dd\" data-element_type=\"widget\" data-e-type=\"widget\" data-widget_type=\"wd_title.default\">\n\t\t\t\t<div class=\"elementor-widget-container\">\n\t\t\t\t\t\t\t<div class=\"title-wrapper wd-set-mb reset-last-child wd-title-color-default wd-title-style-default wd-title-size-default text-left\">\n\n\t\t\t\t\t\t\t\t\t\t\t<div class=\"title-subtitle subtitle-color-default subtitle-style-background wd-fontsize-xs\">\n\t\t\t\t\tZ\u00e1sady vracen\u00ed pen\u011bz\t\t\t\t<\/div>\n\t\t\t\n\t\t\t<div class=\"liner-continer\">\n\t\t\t\t<h4 class=\"woodmart-title-container title wd-fontsize-l\"><\/h4> \n\t\t\t\t\t\t\t<\/div>\n\n\t\t\t\t\t\t\t<div class=\"title-after_title reset-last-child wd-fontsize-xs\">\n\t\t\t\t\t<p>Za schv\u00e1len\u00e9 vr\u00e1cen\u00ed se podle t\u011bchto pokyn\u016f vyd\u00e1vaj\u00ed n\u00e1hrady:<\/p><ul><li><strong>Pln\u00e9 n\u00e1hrady:<\/strong> Vyd\u00e1v\u00e1 se za polo\u017eky vr\u00e1cen\u00e9 v p\u016fvodn\u00edm stavu.<\/li><li><strong>\u010c\u00e1ste\u010dn\u00e9 n\u00e1hrady:<\/strong> Plat\u00ed pro polo\u017eky, kter\u00e9 byly po\u0161kozeny b\u011bhem p\u0159epravy nebo u kter\u00fdch chyb\u00ed sou\u010d\u00e1sti.<\/li><\/ul><p>Vr\u00e1cen\u00ed pen\u011bz bude zpracov\u00e1no do 5-10 pracovn\u00edch dn\u016f po obdr\u017een\u00ed a kontrole vr\u00e1cen\u00e9 polo\u017eky.<\/p><p>\u00a0<\/p>\t\t\t\t<\/div>\n\t\t\t\t\t<\/div>\n\t\t\t\t\t\t<\/div>\n\t\t\t\t<\/div>\n\t\t\t\t<div class=\"elementor-element elementor-element-da64a50 wd-width-100 elementor-widget elementor-widget-wd_title\" data-id=\"da64a50\" data-element_type=\"widget\" data-e-type=\"widget\" data-widget_type=\"wd_title.default\">\n\t\t\t\t<div class=\"elementor-widget-container\">\n\t\t\t\t\t\t\t<div class=\"title-wrapper wd-set-mb reset-last-child wd-title-color-default wd-title-style-default wd-title-size-default text-left\">\n\n\t\t\t\n\t\t\t<div class=\"liner-continer\">\n\t\t\t\t<h4 class=\"woodmart-title-container title wd-fontsize-l\">Jak po\u017e\u00e1dat o vr\u00e1cen\u00ed nebo refundaci<\/h4> \n\t\t\t\t\t\t\t<\/div>\n\n\t\t\t\t\t\t\t<div class=\"title-after_title reset-last-child wd-fontsize-xs\">\n\t\t\t\t\t<ol><li><strong>Kontaktujte n\u00e1s<\/strong>: Po\u0161lete n\u00e1m e-mail na adresu <strong><a rel=\"noopener\">service@nembutalman.com<\/a><\/strong> nebo pou\u017eijte n\u00e1\u0161 kontaktn\u00ed formul\u00e1\u0159 pro zah\u00e1jen\u00ed procesu.<\/li><li><strong>Poskytnout podrobnosti<\/strong>: Uve\u010fte \u010d\u00edslo objedn\u00e1vky, d\u016fvod vr\u00e1cen\u00ed a p\u0159\u00edpadn\u00e9 fotografie.<\/li><li><strong>Autorizace vr\u00e1cen\u00ed zbo\u017e\u00ed<\/strong>: Vy\u010dkejte na povolen\u00ed k vr\u00e1cen\u00ed a pokyny k p\u0159eprav\u011b od na\u0161eho t\u00fdmu podpory.<\/li><li><strong>Odesl\u00e1n\u00ed polo\u017eky<\/strong>: V\u00fdrobek bezpe\u010dn\u011b zabalte a za\u0161lete na uvedenou adresu.<\/li><\/ol>\t\t\t\t<\/div>\n\t\t\t\t\t<\/div>\n\t\t\t\t\t\t<\/div>\n\t\t\t\t<\/div>\n\t\t\t\t<div class=\"elementor-element elementor-element-8319d8c elementor-widget-divider--view-line elementor-widget elementor-widget-divider\" data-id=\"8319d8c\" data-element_type=\"widget\" data-e-type=\"widget\" data-widget_type=\"divider.default\">\n\t\t\t\t<div class=\"elementor-widget-container\">\n\t\t\t\t\t\t\t<div class=\"elementor-divider\">\n\t\t\t<span class=\"elementor-divider-separator\">\n\t\t\t\t\t\t<\/span>\n\t\t<\/div>\n\t\t\t\t\t\t<\/div>\n\t\t\t\t<\/div>\n\t\t\t\t<div class=\"elementor-element elementor-element-859d9d1 wd-width-100 elementor-widget elementor-widget-wd_title\" data-id=\"859d9d1\" data-element_type=\"widget\" data-e-type=\"widget\" data-widget_type=\"wd_title.default\">\n\t\t\t\t<div class=\"elementor-widget-container\">\n\t\t\t\t\t\t\t<div class=\"title-wrapper wd-set-mb reset-last-child wd-title-color-default wd-title-style-default wd-title-size-default text-left\">\n\n\t\t\t\t\t\t\t\t\t\t\t<div class=\"title-subtitle subtitle-color-default subtitle-style-background wd-fontsize-xs\">\n\t\t\t\t\tP\u0159epravn\u00ed n\u00e1klady na vr\u00e1cen\u00ed zbo\u017e\u00ed\t\t\t\t<\/div>\n\t\t\t\n\t\t\t<div class=\"liner-continer\">\n\t\t\t\t<h4 class=\"woodmart-title-container title wd-fontsize-l\"><\/h4> \n\t\t\t\t\t\t\t<\/div>\n\n\t\t\t\t\t\t\t<div class=\"title-after_title reset-last-child wd-fontsize-xs\">\n\t\t\t\t\t<ul><li>Z\u00e1kazn\u00edci nesou odpov\u011bdnost za poplatky za zp\u011btnou dopravu, pokud k vr\u00e1cen\u00ed nedo\u0161lo z d\u016fvodu chyby na na\u0161\u00ed stran\u011b (nap\u0159. \u0161patn\u011b odeslan\u00e1 polo\u017eka).<\/li><li>Pro zaji\u0161t\u011bn\u00ed bezpe\u010dn\u00e9ho doru\u010den\u00ed doporu\u010dujeme pou\u017e\u00edt sledovateln\u00fd zp\u016fsob p\u0159epravy.<\/li><\/ul>\t\t\t\t<\/div>\n\t\t\t\t\t<\/div>\n\t\t\t\t\t\t<\/div>\n\t\t\t\t<\/div>\n\t\t\t\t<div class=\"elementor-element elementor-element-b2f8309 elementor-widget-divider--view-line elementor-widget elementor-widget-divider\" data-id=\"b2f8309\" data-element_type=\"widget\" data-e-type=\"widget\" data-widget_type=\"divider.default\">\n\t\t\t\t<div class=\"elementor-widget-container\">\n\t\t\t\t\t\t\t<div class=\"elementor-divider\">\n\t\t\t<span class=\"elementor-divider-separator\">\n\t\t\t\t\t\t<\/span>\n\t\t<\/div>\n\t\t\t\t\t\t<\/div>\n\t\t\t\t<\/div>\n\t\t\t\t<div class=\"elementor-element elementor-element-7687650 wd-width-100 elementor-widget elementor-widget-wd_title\" data-id=\"7687650\" data-element_type=\"widget\" data-e-type=\"widget\" data-widget_type=\"wd_title.default\">\n\t\t\t\t<div class=\"elementor-widget-container\">\n\t\t\t\t\t\t\t<div class=\"title-wrapper wd-set-mb reset-last-child wd-title-color-default wd-title-style-default wd-title-size-default text-left\">\n\n\t\t\t\t\t\t\t\t\t\t\t<div class=\"title-subtitle subtitle-color-default subtitle-style-background wd-fontsize-xs\">\n\t\t\t\t\tNevratn\u00e9 polo\u017eky\t\t\t\t<\/div>\n\t\t\t\n\t\t\t<div class=\"liner-continer\">\n\t\t\t\t<h4 class=\"woodmart-title-container title wd-fontsize-l\"><\/h4> \n\t\t\t\t\t\t\t<\/div>\n\n\t\t\t\t\t\t\t<div class=\"title-after_title reset-last-child wd-fontsize-xs\">\n\t\t\t\t\t<p>N\u00e1hrady neposkytujeme za:<\/p><ul><li>V\u00fdrobky zakoupen\u00e9 bez p\u0159edchoz\u00ed autorizace.<\/li><li>P\u0159edm\u011bty, kter\u00e9 byly pou\u017eity, otev\u0159eny nebo s nimi bylo manipulov\u00e1no.<\/li><li>Objedn\u00e1vky zadr\u017een\u00e9 nebo zabaven\u00e9 celn\u00edmi \u00fa\u0159ady z d\u016fvodu regula\u010dn\u00edch probl\u00e9m\u016f.<\/li><\/ul><p>\u00a0<\/p>\t\t\t\t<\/div>\n\t\t\t\t\t<\/div>\n\t\t\t\t\t\t<\/div>\n\t\t\t\t<\/div>\n\t\t\t\t<div class=\"elementor-element elementor-element-48d0e82 elementor-widget-divider--view-line elementor-widget elementor-widget-divider\" data-id=\"48d0e82\" data-element_type=\"widget\" data-e-type=\"widget\" data-widget_type=\"divider.default\">\n\t\t\t\t<div class=\"elementor-widget-container\">\n\t\t\t\t\t\t\t<div class=\"elementor-divider\">\n\t\t\t<span class=\"elementor-divider-separator\">\n\t\t\t\t\t\t<\/span>\n\t\t<\/div>\n\t\t\t\t\t\t<\/div>\n\t\t\t\t<\/div>\n\t\t\t\t<div class=\"elementor-element elementor-element-c9dff48 wd-width-100 elementor-widget elementor-widget-wd_title\" data-id=\"c9dff48\" data-element_type=\"widget\" data-e-type=\"widget\" data-widget_type=\"wd_title.default\">\n\t\t\t\t<div class=\"elementor-widget-container\">\n\t\t\t\t\t\t\t<div class=\"title-wrapper wd-set-mb reset-last-child wd-title-color-default wd-title-style-default wd-title-size-default text-left\">\n\n\t\t\t\t\t\t\t\t\t\t\t<div class=\"title-subtitle subtitle-color-default subtitle-style-background wd-fontsize-xs\">\n\t\t\t\t\tPo\u0161kozen\u00e9 nebo vadn\u00e9 v\u00fdrobky\t\t\t\t<\/div>\n\t\t\t\n\t\t\t<div class=\"liner-continer\">\n\t\t\t\t<h4 class=\"woodmart-title-container title wd-fontsize-l\"><\/h4> \n\t\t\t\t\t\t\t<\/div>\n\n\t\t\t\t\t\t\t<div class=\"title-after_title reset-last-child wd-fontsize-xs\">\n\t\t\t\t\t<ul><li>Pokud obdr\u017e\u00edte po\u0161kozen\u00fd nebo vadn\u00fd v\u00fdrobek, neprodlen\u011b n\u00e1s kontaktujte. V z\u00e1vislosti na situaci v\u00e1m m\u016f\u017eeme nab\u00eddnout v\u00fdm\u011bnu nebo vr\u00e1cen\u00ed pen\u011bz v pln\u00e9 v\u00fd\u0161i.<\/li><\/ul>\t\t\t\t<\/div>\n\t\t\t\t\t<\/div>\n\t\t\t\t\t\t<\/div>\n\t\t\t\t<\/div>\n\t\t\t\t<\/div>\n\t\t\t\t<\/div>","protected":false},"excerpt":{"rendered":"<p>Customer Satisfaction Guaranteed At Nembutal Mann, we strive to ensure a seamless experience for our customers. If you are unsatisfied<\/p>","protected":false},"author":13,"featured_media":0,"parent":0,"menu_order":0,"comment_status":"closed","ping_status":"closed","template":"","meta":{"footnotes":""},"class_list":["post-20861","page","type-page","status-publish","hentry"],"yoast_head":"<!-- This site is optimized with the Yoast SEO Premium plugin v24.2 (Yoast SEO v27.3) - https:\/\/yoast.com\/product\/yoast-seo-premium-wordpress\/ -->\n<title>Refund and Return Policy - Nembutal Mann<\/title>\n<meta name=\"description\" content=\"Learn about Nembutal Mann&#039;s refund and return policy. Hassle-free returns and customer-first solutions to ensure satisfaction.\" \/>\n<meta name=\"robots\" content=\"index, follow, max-snippet:-1, max-image-preview:large, max-video-preview:-1\" \/>\n<link rel=\"canonical\" href=\"https:\/\/nembutalman.com\/cs\/vraceni-penez\/\" \/>\n<meta property=\"og:locale\" content=\"cs_CZ\" \/>\n<meta property=\"og:type\" content=\"article\" \/>\n<meta property=\"og:title\" content=\"Refund and Return Policy\" \/>\n<meta property=\"og:description\" content=\"Learn about Nembutal Mann&#039;s refund and return policy. Hassle-free returns and customer-first solutions to ensure satisfaction.\" \/>\n<meta property=\"og:url\" content=\"https:\/\/nembutalman.com\/cs\/vraceni-penez\/\" \/>\n<meta property=\"og:site_name\" content=\"Nembutal Mann\" \/>\n<meta property=\"article:modified_time\" content=\"2025-01-23T10:10:59+00:00\" \/>\n<meta name=\"twitter:card\" content=\"summary_large_image\" \/>\n<meta name=\"twitter:label1\" content=\"Odhadovan\u00e1 doba \u010dten\u00ed\" \/>\n\t<meta name=\"twitter:data1\" content=\"2 minuty\" \/>\n<script type=\"application\/ld+json\" class=\"yoast-schema-graph\">{\"@context\":\"https:\\\/\\\/schema.org\",\"@graph\":[{\"@type\":\"WebPage\",\"@id\":\"https:\\\/\\\/nembutalman.com\\\/refund-returns\\\/\",\"url\":\"https:\\\/\\\/nembutalman.com\\\/refund-returns\\\/\",\"name\":\"Refund and Return Policy - Nembutal Mann\",\"isPartOf\":{\"@id\":\"https:\\\/\\\/nembutalman.com\\\/#website\"},\"datePublished\":\"2024-12-09T16:29:24+00:00\",\"dateModified\":\"2025-01-23T10:10:59+00:00\",\"description\":\"Learn about Nembutal Mann's refund and return policy. Hassle-free returns and customer-first solutions to ensure satisfaction.\",\"breadcrumb\":{\"@id\":\"https:\\\/\\\/nembutalman.com\\\/refund-returns\\\/#breadcrumb\"},\"inLanguage\":\"cs\",\"potentialAction\":[{\"@type\":\"ReadAction\",\"target\":[\"https:\\\/\\\/nembutalman.com\\\/refund-returns\\\/\"]}]},{\"@type\":\"BreadcrumbList\",\"@id\":\"https:\\\/\\\/nembutalman.com\\\/refund-returns\\\/#breadcrumb\",\"itemListElement\":[{\"@type\":\"ListItem\",\"position\":1,\"name\":\"Home\",\"item\":\"https:\\\/\\\/nembutalman.com\\\/\"},{\"@type\":\"ListItem\",\"position\":2,\"name\":\"Refund and Return Policy\"}]},{\"@type\":\"WebSite\",\"@id\":\"https:\\\/\\\/nembutalman.com\\\/#website\",\"url\":\"https:\\\/\\\/nembutalman.com\\\/\",\"name\":\"Nembutal Mann\",\"description\":\"Nembutal Kaufen Deutschland\",\"publisher\":{\"@id\":\"https:\\\/\\\/nembutalman.com\\\/#organization\"},\"potentialAction\":[{\"@type\":\"SearchAction\",\"target\":{\"@type\":\"EntryPoint\",\"urlTemplate\":\"https:\\\/\\\/nembutalman.com\\\/?s={search_term_string}\"},\"query-input\":{\"@type\":\"PropertyValueSpecification\",\"valueRequired\":true,\"valueName\":\"search_term_string\"}}],\"inLanguage\":\"cs\"},{\"@type\":\"Organization\",\"@id\":\"https:\\\/\\\/nembutalman.com\\\/#organization\",\"name\":\"Nembutal Mann\",\"url\":\"https:\\\/\\\/nembutalman.com\\\/\",\"logo\":{\"@type\":\"ImageObject\",\"inLanguage\":\"cs\",\"@id\":\"https:\\\/\\\/nembutalman.com\\\/#\\\/schema\\\/logo\\\/image\\\/\",\"url\":\"https:\\\/\\\/nembutalman.com\\\/wp-content\\\/uploads\\\/2024\\\/11\\\/Untitled-design.png\",\"contentUrl\":\"https:\\\/\\\/nembutalman.com\\\/wp-content\\\/uploads\\\/2024\\\/11\\\/Untitled-design.png\",\"width\":650,\"height\":250,\"caption\":\"Nembutal Mann\"},\"image\":{\"@id\":\"https:\\\/\\\/nembutalman.com\\\/#\\\/schema\\\/logo\\\/image\\\/\"}}]}<\/script>\n<!-- \/ Yoast SEO Premium plugin. -->","yoast_head_json":{"title":"Pravidla pro vr\u00e1cen\u00ed pen\u011bz a vr\u00e1cen\u00ed zbo\u017e\u00ed - Nembutal Mann","description":"P\u0159e\u010dt\u011bte si informace o z\u00e1sad\u00e1ch pro vr\u00e1cen\u00ed pen\u011bz a vr\u00e1cen\u00ed zbo\u017e\u00ed spole\u010dnosti Nembutal Mann. Bezprobl\u00e9mov\u00e9 vracen\u00ed a \u0159e\u0161en\u00ed zam\u011b\u0159en\u00e9 na z\u00e1kazn\u00edka, kter\u00e9 zajist\u00ed spokojenost.","robots":{"index":"index","follow":"follow","max-snippet":"max-snippet:-1","max-image-preview":"max-image-preview:large","max-video-preview":"max-video-preview:-1"},"canonical":"https:\/\/nembutalman.com\/cs\/vraceni-penez\/","og_locale":"cs_CZ","og_type":"article","og_title":"Refund and Return Policy","og_description":"Learn about Nembutal Mann's refund and return policy. Hassle-free returns and customer-first solutions to ensure satisfaction.","og_url":"https:\/\/nembutalman.com\/cs\/vraceni-penez\/","og_site_name":"Nembutal Mann","article_modified_time":"2025-01-23T10:10:59+00:00","twitter_card":"summary_large_image","twitter_misc":{"Odhadovan\u00e1 doba \u010dten\u00ed":"2 minuty"},"schema":{"@context":"https:\/\/schema.org","@graph":[{"@type":"WebPage","@id":"https:\/\/nembutalman.com\/refund-returns\/","url":"https:\/\/nembutalman.com\/refund-returns\/","name":"Pravidla pro vr\u00e1cen\u00ed pen\u011bz a vr\u00e1cen\u00ed zbo\u017e\u00ed - Nembutal Mann","isPartOf":{"@id":"https:\/\/nembutalman.com\/#website"},"datePublished":"2024-12-09T16:29:24+00:00","dateModified":"2025-01-23T10:10:59+00:00","description":"P\u0159e\u010dt\u011bte si informace o z\u00e1sad\u00e1ch pro vr\u00e1cen\u00ed pen\u011bz a vr\u00e1cen\u00ed zbo\u017e\u00ed spole\u010dnosti Nembutal Mann. Bezprobl\u00e9mov\u00e9 vracen\u00ed a \u0159e\u0161en\u00ed zam\u011b\u0159en\u00e9 na z\u00e1kazn\u00edka, kter\u00e9 zajist\u00ed spokojenost.","breadcrumb":{"@id":"https:\/\/nembutalman.com\/refund-returns\/#breadcrumb"},"inLanguage":"cs","potentialAction":[{"@type":"ReadAction","target":["https:\/\/nembutalman.com\/refund-returns\/"]}]},{"@type":"BreadcrumbList","@id":"https:\/\/nembutalman.com\/refund-returns\/#breadcrumb","itemListElement":[{"@type":"ListItem","position":1,"name":"Home","item":"https:\/\/nembutalman.com\/"},{"@type":"ListItem","position":2,"name":"Refund and Return Policy"}]},{"@type":"WebSite","@id":"https:\/\/nembutalman.com\/#website","url":"https:\/\/nembutalman.com\/","name":"U Nembutalu Mann","description":"Nembutal Kaufen Deutschland","publisher":{"@id":"https:\/\/nembutalman.com\/#organization"},"potentialAction":[{"@type":"SearchAction","target":{"@type":"EntryPoint","urlTemplate":"https:\/\/nembutalman.com\/?s={search_term_string}"},"query-input":{"@type":"PropertyValueSpecification","valueRequired":true,"valueName":"search_term_string"}}],"inLanguage":"cs"},{"@type":"Organization","@id":"https:\/\/nembutalman.com\/#organization","name":"U Nembutalu Mann","url":"https:\/\/nembutalman.com\/","logo":{"@type":"ImageObject","inLanguage":"cs","@id":"https:\/\/nembutalman.com\/#\/schema\/logo\/image\/","url":"https:\/\/nembutalman.com\/wp-content\/uploads\/2024\/11\/Untitled-design.png","contentUrl":"https:\/\/nembutalman.com\/wp-content\/uploads\/2024\/11\/Untitled-design.png","width":650,"height":250,"caption":"Nembutal Mann"},"image":{"@id":"https:\/\/nembutalman.com\/#\/schema\/logo\/image\/"}}]}},"_links":{"self":[{"href":"https:\/\/nembutalman.com\/cs\/wp-json\/wp\/v2\/pages\/20861","targetHints":{"allow":["GET"]}}],"collection":[{"href":"https:\/\/nembutalman.com\/cs\/wp-json\/wp\/v2\/pages"}],"about":[{"href":"https:\/\/nembutalman.com\/cs\/wp-json\/wp\/v2\/types\/page"}],"author":[{"embeddable":true,"href":"https:\/\/nembutalman.com\/cs\/wp-json\/wp\/v2\/users\/13"}],"replies":[{"embeddable":true,"href":"https:\/\/nembutalman.com\/cs\/wp-json\/wp\/v2\/comments?post=20861"}],"version-history":[{"count":0,"href":"https:\/\/nembutalman.com\/cs\/wp-json\/wp\/v2\/pages\/20861\/revisions"}],"wp:attachment":[{"href":"https:\/\/nembutalman.com\/cs\/wp-json\/wp\/v2\/media?parent=20861"}],"curies":[{"name":"wp","href":"https:\/\/api.w.org\/{rel}","templated":true}]}}