{"id":20852,"date":"2024-12-09T15:33:43","date_gmt":"2024-12-09T15:33:43","guid":{"rendered":"https:\/\/nembutalman.com\/?page_id=20852"},"modified":"2024-12-09T16:01:15","modified_gmt":"2024-12-09T16:01:15","slug":"bedingungen-und-konditionen","status":"publish","type":"page","link":"https:\/\/nembutalman.com\/de\/bedingungen-und-konditionen\/","title":{"rendered":"Bedingungen und Konditionen"},"content":{"rendered":"<div data-elementor-type=\"wp-page\" data-elementor-id=\"20852\" class=\"elementor elementor-20852\" data-elementor-post-type=\"page\">\n\t\t\t\t<div class=\"wd-negative-gap elementor-element elementor-element-3445f31e e-flex e-con-boxed e-con e-parent\" data-id=\"3445f31e\" data-element_type=\"container\" data-e-type=\"container\" data-settings=\"{&quot;background_background&quot;:&quot;classic&quot;}\">\n\t\t\t\t\t<div class=\"e-con-inner\">\n\t\t\t\t<div class=\"elementor-element elementor-element-6a93c53 elementor-widget elementor-widget-wd_text_block\" data-id=\"6a93c53\" data-element_type=\"widget\" data-e-type=\"widget\" data-widget_type=\"wd_text_block.default\">\n\t\t\t\t<div class=\"elementor-widget-container\">\n\t\t\t\t\t\t\t<div class=\"wd-text-block reset-last-child text-left color-scheme-light\">\n\t\t\t\n\t\t\t<div class=\"wp-block-columns\">\n<div class=\"wp-block-column has-white-color has-text-color has-background has-link-color\">\n<h2 class=\"wp-block-heading has-white-color has-text-color has-link-color\"><span style=\"color: #c1d43a;\">Willkommen bei Nembutal Mann<\/span><\/h2>\n<!-- \/wp:heading --><!-- wp:paragraph -->\n<p>Diese Gesch\u00e4ftsbedingungen regeln Ihre Nutzung unserer Website, unserer Dienstleistungen und aller von Nembutal Mann bereitgestellten Inhalte. Indem Sie auf diese Website zugreifen oder sie nutzen, erkl\u00e4ren Sie sich damit einverstanden, diese Bedingungen einzuhalten. Bitte lesen Sie sie sorgf\u00e4ltig durch.<\/p>\n<!-- \/wp:paragraph --><!-- wp:heading {\"level\":3,\"style\":{\"elements\":{\"link\":{\"color\":{\"text\":\"#c1d43a\"}}},\"color\":{\"text\":\"#c1d43a\"}}} -->\n<h3 class=\"wp-block-heading has-text-color has-link-color\"><span style=\"color: #c1d43a;\">I. Allgemeine Verwendung<\/span><\/h3>\n<!-- \/wp:heading --><!-- wp:paragraph -->\n<p><strong><span style=\"color: #c1d43a;\">I.1.<\/span> <span style=\"color: #c1d43a;\">Zuschussf\u00e4higkeit:<\/span><\/strong>\u00a0Sie m\u00fcssen mindestens 18 Jahre alt sein, um Zugang zu unserer Website zu erhalten.<br \/><span style=\"color: #c1d43a;\"><strong>I.1. Inhaltlicher Zweck:<\/strong><\/span> Alle Informationen auf dieser Website dienen ausschlie\u00dflich der Aufkl\u00e4rung und Information und stellen keine medizinische Beratung dar.<\/p>\n<!-- \/wp:paragraph --><!-- wp:heading {\"level\":3,\"style\":{\"color\":{\"text\":\"#c1d43a\"},\"elements\":{\"link\":{\"color\":{\"text\":\"#c1d43a\"}}}}} -->\n<h3 class=\"wp-block-heading has-text-color has-link-color\"><span style=\"color: #c1d43a;\"><strong>II. Geistiges Eigentum<\/strong><\/span><\/h3>\n<!-- \/wp:heading --><!-- wp:paragraph -->\n<p><span style=\"color: #c1d43a;\"><strong>II.1. Urheberrecht<\/strong>:<\/span> Der gesamte Inhalt dieser Website, einschlie\u00dflich der Texte, Bilder und Gestaltungselemente, ist Eigentum von Nembutal Mann und durch das Urheberrecht gesch\u00fctzt.<br \/><span style=\"color: #c1d43a;\"><strong>II.2. Restriktionen:<\/strong><\/span> Es ist nicht gestattet, Material von dieser Website ohne vorherige schriftliche Genehmigung zu kopieren, zu vervielf\u00e4ltigen oder zu verbreiten.<\/p>\n<h3><span style=\"color: #c1d43a;\"><strong>III. Verantwortlichkeiten der Nutzer<\/strong><\/span><\/h3>\n<p><span style=\"color: #c1d43a;\"><strong>III.1. Genaue Informationen:<\/strong><\/span> Wenn Sie unsere Dienste nutzen oder Anfragen stellen, verpflichten Sie sich, genaue und vollst\u00e4ndige Angaben zu machen.<br \/><span style=\"color: #c1d43a;\"><strong>III.2. Verbotene Handlungen:<\/strong><\/span> Sie verpflichten sich, unsere Website nicht f\u00fcr illegale Aktivit\u00e4ten oder Verst\u00f6\u00dfe gegen geltende Gesetze zu nutzen.<\/p>\n<hr \/>\n<h3><span style=\"color: #c1d43a;\"><strong>IV. Haftungsverzicht<\/strong><\/span><\/h3>\n<p><span style=\"color: #c1d43a;\"><strong>IV.1 Keine Garantien:<\/strong><\/span> <strong><a href=\"https:\/\/nembutalman.com\/de\/\">Bei Nembutal Mann<\/a><\/strong> \u00fcbernimmt keine Gew\u00e4hr f\u00fcr die Richtigkeit und Vollst\u00e4ndigkeit der auf dieser Website bereitgestellten Informationen.<br \/><span style=\"color: #c1d43a;\"><strong>IV.2 Beschr\u00e4nkte Haftung:<\/strong><\/span> Wir haften nicht f\u00fcr direkte oder indirekte Sch\u00e4den, die durch die Nutzung der Website entstehen.<\/p>\n<hr \/>\n<h3><span style=\"color: #c1d43a;\"><strong>V. Links zu Websites von Drittanbietern<\/strong><\/span><\/h3>\n<p>Unsere Website kann zu Informationszwecken Links zu Websites Dritter enthalten. Wir \u00fcbernehmen keine Verantwortung f\u00fcr den Inhalt dieser Websites.<\/p>\n<hr \/>\n<h3><span style=\"color: #c1d43a;\"><strong>VI. Datenschutz<\/strong><\/span><\/h3>\n<p>Ihre Nutzung dieser Website unterliegt auch unseren <a href=\"https:\/\/nembutalman.com\/de\/datenschutzrichtlinie\/\" rel=\"noopener\">Datenschutzbestimmungen<\/a>in der erl\u00e4utert wird, wie wir Ihre Daten erfassen, verwenden und sch\u00fctzen.<\/p>\n<hr \/>\n<h3><span style=\"color: #c1d43a;\"><strong>VII. \u00c4nderungen der Bedingungen<\/strong><\/span><\/h3>\n<p>Wir behalten uns das Recht vor, diese Allgemeinen Gesch\u00e4ftsbedingungen jederzeit und ohne vorherige Ank\u00fcndigung zu aktualisieren oder zu \u00e4ndern. Bitte \u00fcberpr\u00fcfen Sie diese Seite in regelm\u00e4\u00dfigen Abst\u00e4nden auf \u00c4nderungen.<\/p>\n<h3><span style=\"color: #c1d43a;\"><strong>VIII. Geltendes Recht<\/strong><\/span><\/h3>\n<p>Diese Allgemeinen Gesch\u00e4ftsbedingungen unterliegen den Gesetzen Ihrer Gerichtsbarkeit und werden entsprechend ausgelegt.<\/p>\n<!-- \/wp:paragraph --><\/div>\n<!-- \/wp:column --><\/div>\n<p><!-- \/wp:columns --><!-- wp:paragraph --><\/p>\n<p>\u00a0<\/p>\n\t\t\t\t\t<\/div>\n\t\t\t\t\t\t<\/div>\n\t\t\t\t<\/div>\n\t\t\t\t\t<\/div>\n\t\t\t\t<\/div>\n\t\t\t\t<\/div>","protected":false},"excerpt":{"rendered":"<p>Welcome to Nembutal Mann These Terms and Conditions govern your use of our website, services, and any content provided by<\/p>","protected":false},"author":13,"featured_media":0,"parent":0,"menu_order":0,"comment_status":"closed","ping_status":"closed","template":"","meta":{"footnotes":""},"class_list":["post-20852","page","type-page","status-publish","hentry"],"yoast_head":"<!-- This site is optimized with the Yoast SEO Premium plugin v24.2 (Yoast SEO v27.3) - https:\/\/yoast.com\/product\/yoast-seo-premium-wordpress\/ -->\n<title>Terms and Conditions | Nembutal Mann \u2013 Policies, User Agreement<\/title>\n<meta name=\"description\" content=\"Nembutal Mann\u2019s Terms and Conditions. Learn user responsibilities, intellectual property rights, disclaimers, commitment to ethical practices.\" \/>\n<meta name=\"robots\" content=\"index, follow, max-snippet:-1, max-image-preview:large, max-video-preview:-1\" \/>\n<link rel=\"canonical\" href=\"https:\/\/nembutalman.com\/de\/bedingungen-und-konditionen\/\" \/>\n<meta property=\"og:locale\" content=\"de_DE\" \/>\n<meta property=\"og:type\" content=\"article\" \/>\n<meta property=\"og:title\" content=\"Terms and Conditions | Nembutal Mann \u2013 Policies, User Agreement\" \/>\n<meta property=\"og:description\" content=\"Nembutal Mann\u2019s Terms and Conditions. Learn user responsibilities, intellectual property rights, disclaimers, commitment to ethical practices.\" \/>\n<meta property=\"og:url\" content=\"https:\/\/nembutalman.com\/de\/bedingungen-und-konditionen\/\" \/>\n<meta property=\"og:site_name\" content=\"Nembutal Mann\" \/>\n<meta property=\"article:modified_time\" content=\"2024-12-09T16:01:15+00:00\" \/>\n<meta property=\"og:image\" content=\"https:\/\/nembutalman.com\/wp-content\/uploads\/2024\/11\/home4.jpg\" \/>\n\t<meta property=\"og:image:width\" content=\"360\" \/>\n\t<meta property=\"og:image:height\" content=\"360\" \/>\n\t<meta property=\"og:image:type\" content=\"image\/jpeg\" \/>\n<meta name=\"twitter:card\" content=\"summary_large_image\" \/>\n<meta name=\"twitter:title\" content=\"Terms and Conditions | Nembutal Mann \u2013 Policies, User Agreement\" \/>\n<meta name=\"twitter:description\" content=\"Nembutal Mann\u2019s Terms and Conditions. Learn user responsibilities, intellectual property rights, disclaimers, commitment to ethical practices.\" \/>\n<meta name=\"twitter:label1\" content=\"Gesch\u00e4tzte Lesezeit\" \/>\n\t<meta name=\"twitter:data1\" content=\"2\u00a0Minuten\" \/>\n<script type=\"application\/ld+json\" class=\"yoast-schema-graph\">{\"@context\":\"https:\\\/\\\/schema.org\",\"@graph\":[{\"@type\":\"WebPage\",\"@id\":\"https:\\\/\\\/nembutalman.com\\\/terms-and-conditions\\\/\",\"url\":\"https:\\\/\\\/nembutalman.com\\\/terms-and-conditions\\\/\",\"name\":\"Terms and Conditions | Nembutal Mann \u2013 Policies, User Agreement\",\"isPartOf\":{\"@id\":\"https:\\\/\\\/nembutalman.com\\\/#website\"},\"datePublished\":\"2024-12-09T15:33:43+00:00\",\"dateModified\":\"2024-12-09T16:01:15+00:00\",\"description\":\"Nembutal Mann\u2019s Terms and Conditions. Learn user responsibilities, intellectual property rights, disclaimers, commitment to ethical practices.\",\"breadcrumb\":{\"@id\":\"https:\\\/\\\/nembutalman.com\\\/terms-and-conditions\\\/#breadcrumb\"},\"inLanguage\":\"de\",\"potentialAction\":[{\"@type\":\"ReadAction\",\"target\":[\"https:\\\/\\\/nembutalman.com\\\/terms-and-conditions\\\/\"]}]},{\"@type\":\"BreadcrumbList\",\"@id\":\"https:\\\/\\\/nembutalman.com\\\/terms-and-conditions\\\/#breadcrumb\",\"itemListElement\":[{\"@type\":\"ListItem\",\"position\":1,\"name\":\"Home\",\"item\":\"https:\\\/\\\/nembutalman.com\\\/\"},{\"@type\":\"ListItem\",\"position\":2,\"name\":\"Terms &amp; Conditions\"}]},{\"@type\":\"WebSite\",\"@id\":\"https:\\\/\\\/nembutalman.com\\\/#website\",\"url\":\"https:\\\/\\\/nembutalman.com\\\/\",\"name\":\"Nembutal Mann\",\"description\":\"Nembutal Kaufen Deutschland\",\"publisher\":{\"@id\":\"https:\\\/\\\/nembutalman.com\\\/#organization\"},\"potentialAction\":[{\"@type\":\"SearchAction\",\"target\":{\"@type\":\"EntryPoint\",\"urlTemplate\":\"https:\\\/\\\/nembutalman.com\\\/?s={search_term_string}\"},\"query-input\":{\"@type\":\"PropertyValueSpecification\",\"valueRequired\":true,\"valueName\":\"search_term_string\"}}],\"inLanguage\":\"de\"},{\"@type\":\"Organization\",\"@id\":\"https:\\\/\\\/nembutalman.com\\\/#organization\",\"name\":\"Nembutal Mann\",\"url\":\"https:\\\/\\\/nembutalman.com\\\/\",\"logo\":{\"@type\":\"ImageObject\",\"inLanguage\":\"de\",\"@id\":\"https:\\\/\\\/nembutalman.com\\\/#\\\/schema\\\/logo\\\/image\\\/\",\"url\":\"https:\\\/\\\/nembutalman.com\\\/wp-content\\\/uploads\\\/2024\\\/11\\\/Untitled-design.png\",\"contentUrl\":\"https:\\\/\\\/nembutalman.com\\\/wp-content\\\/uploads\\\/2024\\\/11\\\/Untitled-design.png\",\"width\":650,\"height\":250,\"caption\":\"Nembutal Mann\"},\"image\":{\"@id\":\"https:\\\/\\\/nembutalman.com\\\/#\\\/schema\\\/logo\\\/image\\\/\"}}]}<\/script>\n<!-- \/ Yoast SEO Premium plugin. -->","yoast_head_json":{"title":"Allgemeine Gesch\u00e4ftsbedingungen | Nembutal Mann - Policies, Benutzervereinbarung","description":"Nembutal Manns Allgemeine Gesch\u00e4ftsbedingungen. Erfahren Sie mehr \u00fcber die Verantwortlichkeiten der Nutzer, Rechte an geistigem Eigentum, Haftungsausschl\u00fcsse und die Verpflichtung zu ethischen Praktiken.","robots":{"index":"index","follow":"follow","max-snippet":"max-snippet:-1","max-image-preview":"max-image-preview:large","max-video-preview":"max-video-preview:-1"},"canonical":"https:\/\/nembutalman.com\/de\/bedingungen-und-konditionen\/","og_locale":"de_DE","og_type":"article","og_title":"Terms and Conditions | Nembutal Mann \u2013 Policies, User Agreement","og_description":"Nembutal Mann\u2019s Terms and Conditions. Learn user responsibilities, intellectual property rights, disclaimers, commitment to ethical practices.","og_url":"https:\/\/nembutalman.com\/de\/bedingungen-und-konditionen\/","og_site_name":"Nembutal Mann","article_modified_time":"2024-12-09T16:01:15+00:00","og_image":[{"width":360,"height":360,"url":"https:\/\/nembutalman.com\/wp-content\/uploads\/2024\/11\/home4.jpg","type":"image\/jpeg"}],"twitter_card":"summary_large_image","twitter_title":"Terms and Conditions | Nembutal Mann \u2013 Policies, User Agreement","twitter_description":"Nembutal Mann\u2019s Terms and Conditions. Learn user responsibilities, intellectual property rights, disclaimers, commitment to ethical practices.","twitter_misc":{"Gesch\u00e4tzte Lesezeit":"2\u00a0Minuten"},"schema":{"@context":"https:\/\/schema.org","@graph":[{"@type":"WebPage","@id":"https:\/\/nembutalman.com\/terms-and-conditions\/","url":"https:\/\/nembutalman.com\/terms-and-conditions\/","name":"Allgemeine Gesch\u00e4ftsbedingungen | Nembutal Mann - Policies, Benutzervereinbarung","isPartOf":{"@id":"https:\/\/nembutalman.com\/#website"},"datePublished":"2024-12-09T15:33:43+00:00","dateModified":"2024-12-09T16:01:15+00:00","description":"Nembutal Manns Allgemeine Gesch\u00e4ftsbedingungen. Erfahren Sie mehr \u00fcber die Verantwortlichkeiten der Nutzer, Rechte an geistigem Eigentum, Haftungsausschl\u00fcsse und die Verpflichtung zu ethischen Praktiken.","breadcrumb":{"@id":"https:\/\/nembutalman.com\/terms-and-conditions\/#breadcrumb"},"inLanguage":"de","potentialAction":[{"@type":"ReadAction","target":["https:\/\/nembutalman.com\/terms-and-conditions\/"]}]},{"@type":"BreadcrumbList","@id":"https:\/\/nembutalman.com\/terms-and-conditions\/#breadcrumb","itemListElement":[{"@type":"ListItem","position":1,"name":"Home","item":"https:\/\/nembutalman.com\/"},{"@type":"ListItem","position":2,"name":"Terms &amp; Conditions"}]},{"@type":"WebSite","@id":"https:\/\/nembutalman.com\/#website","url":"https:\/\/nembutalman.com\/","name":"Bei Nembutal Mann","description":"Nembutal Kaufen Deutschland","publisher":{"@id":"https:\/\/nembutalman.com\/#organization"},"potentialAction":[{"@type":"SearchAction","target":{"@type":"EntryPoint","urlTemplate":"https:\/\/nembutalman.com\/?s={search_term_string}"},"query-input":{"@type":"PropertyValueSpecification","valueRequired":true,"valueName":"search_term_string"}}],"inLanguage":"de"},{"@type":"Organization","@id":"https:\/\/nembutalman.com\/#organization","name":"Bei Nembutal Mann","url":"https:\/\/nembutalman.com\/","logo":{"@type":"ImageObject","inLanguage":"de","@id":"https:\/\/nembutalman.com\/#\/schema\/logo\/image\/","url":"https:\/\/nembutalman.com\/wp-content\/uploads\/2024\/11\/Untitled-design.png","contentUrl":"https:\/\/nembutalman.com\/wp-content\/uploads\/2024\/11\/Untitled-design.png","width":650,"height":250,"caption":"Nembutal Mann"},"image":{"@id":"https:\/\/nembutalman.com\/#\/schema\/logo\/image\/"}}]}},"_links":{"self":[{"href":"https:\/\/nembutalman.com\/de\/wp-json\/wp\/v2\/pages\/20852","targetHints":{"allow":["GET"]}}],"collection":[{"href":"https:\/\/nembutalman.com\/de\/wp-json\/wp\/v2\/pages"}],"about":[{"href":"https:\/\/nembutalman.com\/de\/wp-json\/wp\/v2\/types\/page"}],"author":[{"embeddable":true,"href":"https:\/\/nembutalman.com\/de\/wp-json\/wp\/v2\/users\/13"}],"replies":[{"embeddable":true,"href":"https:\/\/nembutalman.com\/de\/wp-json\/wp\/v2\/comments?post=20852"}],"version-history":[{"count":0,"href":"https:\/\/nembutalman.com\/de\/wp-json\/wp\/v2\/pages\/20852\/revisions"}],"wp:attachment":[{"href":"https:\/\/nembutalman.com\/de\/wp-json\/wp\/v2\/media?parent=20852"}],"curies":[{"name":"wp","href":"https:\/\/api.w.org\/{rel}","templated":true}]}}