{"id":20861,"date":"2024-12-09T16:29:24","date_gmt":"2024-12-09T16:29:24","guid":{"rendered":"https:\/\/nembutalman.com\/?page_id=20861"},"modified":"2025-01-23T10:10:59","modified_gmt":"2025-01-23T10:10:59","slug":"erstattungsruckgaben","status":"publish","type":"page","link":"https:\/\/nembutalman.com\/de\/erstattungsruckgaben\/","title":{"rendered":"R\u00fcckerstattung und R\u00fcckgabe"},"content":{"rendered":"<div data-elementor-type=\"wp-page\" data-elementor-id=\"20861\" class=\"elementor elementor-20861\" data-elementor-post-type=\"page\">\n\t\t\t\t<div class=\"elementor-element elementor-element-617b50e e-con-full e-flex e-con e-parent\" data-id=\"617b50e\" data-element_type=\"container\" data-e-type=\"container\" data-settings=\"{&quot;background_background&quot;:&quot;classic&quot;}\">\n\t\t\t\t<div class=\"elementor-element elementor-element-050d4fa wd-width-100 elementor-widget elementor-widget-wd_title\" data-id=\"050d4fa\" data-element_type=\"widget\" data-e-type=\"widget\" data-widget_type=\"wd_title.default\">\n\t\t\t\t<div class=\"elementor-widget-container\">\n\t\t\t\t\t\t\t<div class=\"title-wrapper wd-set-mb reset-last-child wd-title-color-default wd-title-style-default wd-title-size-default text-left\">\n\n\t\t\t\t\t\t\t\t\t\t\t<div class=\"title-subtitle subtitle-color-default subtitle-style-background wd-fontsize-xs\">\n\t\t\t\t\tKunde <strong>Zufriedenheitsgarantie<\/strong>\t\t\t\t<\/div>\n\t\t\t\n\t\t\t<div class=\"liner-continer\">\n\t\t\t\t<h4 class=\"woodmart-title-container title wd-fontsize-l\"><\/h4> \n\t\t\t\t\t\t\t<\/div>\n\n\t\t\t\t\t\t\t<div class=\"title-after_title reset-last-child wd-fontsize-xs\">\n\t\t\t\t\t<ul><li>Unter <a href=\"https:\/\/nembutalman.com\/de\/\"><strong>Bei Nembutal Mann<\/strong><\/a>sind wir bestrebt, unseren Kunden einen reibungslosen Ablauf zu gew\u00e4hrleisten. Wenn Sie mit Ihrem Kauf unzufrieden sind oder ein Problem haben, finden Sie in unseren R\u00fcckerstattungs- und R\u00fcckgabebestimmungen Ihre Rechte und wie wir Ihnen helfen k\u00f6nnen.<\/li><li>Sie k\u00f6nnen eine Verbindung zu Ihrem <a href=\"https:\/\/nembutalman.com\/de\/konto\/\">Konto Seite<\/a> um den Auftrag zu sehen, den Sie zur\u00fcckgeben m\u00f6chten.<\/li><\/ul>\t\t\t\t<\/div>\n\t\t\t\t\t<\/div>\n\t\t\t\t\t\t<\/div>\n\t\t\t\t<\/div>\n\t\t\t\t<div class=\"elementor-element elementor-element-b42523b elementor-widget-divider--view-line elementor-widget elementor-widget-divider\" data-id=\"b42523b\" data-element_type=\"widget\" data-e-type=\"widget\" data-widget_type=\"divider.default\">\n\t\t\t\t<div class=\"elementor-widget-container\">\n\t\t\t\t\t\t\t<div class=\"elementor-divider\">\n\t\t\t<span class=\"elementor-divider-separator\">\n\t\t\t\t\t\t<\/span>\n\t\t<\/div>\n\t\t\t\t\t\t<\/div>\n\t\t\t\t<\/div>\n\t\t\t\t<div class=\"elementor-element elementor-element-8c295c6 wd-width-100 elementor-widget elementor-widget-wd_title\" data-id=\"8c295c6\" data-element_type=\"widget\" data-e-type=\"widget\" data-widget_type=\"wd_title.default\">\n\t\t\t\t<div class=\"elementor-widget-container\">\n\t\t\t\t\t\t\t<div class=\"title-wrapper wd-set-mb reset-last-child wd-title-color-default wd-title-style-default wd-title-size-default text-left\">\n\n\t\t\t\t\t\t\t\t\t\t\t<div class=\"title-subtitle subtitle-color-default subtitle-style-background wd-fontsize-xs\">\n\t\t\t\t\tBerechtigung zur R\u00fccksendung\t\t\t\t<\/div>\n\t\t\t\n\t\t\t<div class=\"liner-continer\">\n\t\t\t\t<h4 class=\"woodmart-title-container title wd-fontsize-l\"><\/h4> \n\t\t\t\t\t\t\t<\/div>\n\n\t\t\t\t\t\t\t<div class=\"title-after_title reset-last-child wd-fontsize-xs\">\n\t\t\t\t\t<ul><li><p>Wir akzeptieren R\u00fccksendungen unter den folgenden Bedingungen:<\/p><ul><li>Das Produkt ist unbenutzt, unge\u00f6ffnet und in der Originalverpackung.<\/li><li>Der R\u00fcckgabeantrag wird innerhalb von 14 Tagen nach der Lieferung gestellt.<\/li><li>Ein Kaufnachweis, wie z. B. eine Auftragsbest\u00e4tigung oder eine Quittung, wird vorgelegt.<\/li><\/ul><p><strong>Anmerkung:<\/strong> Bestimmte Artikel k\u00f6nnen aus Sicherheits- oder gesetzlichen Gr\u00fcnden nicht zur\u00fcckgegeben werden. Bitte kontaktieren Sie unser Support-Team zur Kl\u00e4rung.<\/p><\/li><\/ul>\t\t\t\t<\/div>\n\t\t\t\t\t<\/div>\n\t\t\t\t\t\t<\/div>\n\t\t\t\t<\/div>\n\t\t\t\t<div class=\"elementor-element elementor-element-911a669 elementor-widget-divider--view-line elementor-widget elementor-widget-divider\" data-id=\"911a669\" data-element_type=\"widget\" data-e-type=\"widget\" data-widget_type=\"divider.default\">\n\t\t\t\t<div class=\"elementor-widget-container\">\n\t\t\t\t\t\t\t<div class=\"elementor-divider\">\n\t\t\t<span class=\"elementor-divider-separator\">\n\t\t\t\t\t\t<\/span>\n\t\t<\/div>\n\t\t\t\t\t\t<\/div>\n\t\t\t\t<\/div>\n\t\t\t\t<div class=\"elementor-element elementor-element-0e402dd wd-width-100 elementor-widget elementor-widget-wd_title\" data-id=\"0e402dd\" data-element_type=\"widget\" data-e-type=\"widget\" data-widget_type=\"wd_title.default\">\n\t\t\t\t<div class=\"elementor-widget-container\">\n\t\t\t\t\t\t\t<div class=\"title-wrapper wd-set-mb reset-last-child wd-title-color-default wd-title-style-default wd-title-size-default text-left\">\n\n\t\t\t\t\t\t\t\t\t\t\t<div class=\"title-subtitle subtitle-color-default subtitle-style-background wd-fontsize-xs\">\n\t\t\t\t\tErstattungspolitik\t\t\t\t<\/div>\n\t\t\t\n\t\t\t<div class=\"liner-continer\">\n\t\t\t\t<h4 class=\"woodmart-title-container title wd-fontsize-l\"><\/h4> \n\t\t\t\t\t\t\t<\/div>\n\n\t\t\t\t\t\t\t<div class=\"title-after_title reset-last-child wd-fontsize-xs\">\n\t\t\t\t\t<p>Erstattungen werden f\u00fcr genehmigte R\u00fccksendungen gem\u00e4\u00df diesen Richtlinien ausgestellt:<\/p><ul><li><strong>Vollst\u00e4ndige R\u00fcckerstattung:<\/strong> Wird f\u00fcr Artikel ausgestellt, die in ihrem urspr\u00fcnglichen Zustand zur\u00fcckgegeben werden.<\/li><li><strong>Teilweise R\u00fcckerstattung:<\/strong> Gilt f\u00fcr Artikel, die w\u00e4hrend des Transports besch\u00e4digt wurden oder deren Bestandteile fehlen.<\/li><\/ul><p>R\u00fcckerstattungen werden innerhalb von 5-10 Werktagen nach Erhalt und Pr\u00fcfung des zur\u00fcckgesandten Artikels bearbeitet.<\/p><p>\u00a0<\/p>\t\t\t\t<\/div>\n\t\t\t\t\t<\/div>\n\t\t\t\t\t\t<\/div>\n\t\t\t\t<\/div>\n\t\t\t\t<div class=\"elementor-element elementor-element-da64a50 wd-width-100 elementor-widget elementor-widget-wd_title\" data-id=\"da64a50\" data-element_type=\"widget\" data-e-type=\"widget\" data-widget_type=\"wd_title.default\">\n\t\t\t\t<div class=\"elementor-widget-container\">\n\t\t\t\t\t\t\t<div class=\"title-wrapper wd-set-mb reset-last-child wd-title-color-default wd-title-style-default wd-title-size-default text-left\">\n\n\t\t\t\n\t\t\t<div class=\"liner-continer\">\n\t\t\t\t<h4 class=\"woodmart-title-container title wd-fontsize-l\">R\u00fcckgabe oder R\u00fcckerstattung beantragen<\/h4> \n\t\t\t\t\t\t\t<\/div>\n\n\t\t\t\t\t\t\t<div class=\"title-after_title reset-last-child wd-fontsize-xs\">\n\t\t\t\t\t<ol><li><strong>Kontakt<\/strong>: E-Mail an <strong><a rel=\"noopener\">service@nembutalman.com<\/a><\/strong> oder verwenden Sie unser Kontaktformular, um den Vorgang einzuleiten.<\/li><li><strong>Details bereitstellen<\/strong>: Geben Sie Ihre Bestellnummer, den Grund f\u00fcr die R\u00fccksendung und ggf. relevante Fotos an.<\/li><li><strong>R\u00fcckgabeberechtigung<\/strong>: Warten Sie auf eine R\u00fcckgabegenehmigung und Versandanweisungen von unserem Support-Team.<\/li><li><strong>Versand des Artikels<\/strong>: Verpacken Sie das Produkt sicher und senden Sie es an die angegebene Adresse.<\/li><\/ol>\t\t\t\t<\/div>\n\t\t\t\t\t<\/div>\n\t\t\t\t\t\t<\/div>\n\t\t\t\t<\/div>\n\t\t\t\t<div class=\"elementor-element elementor-element-8319d8c elementor-widget-divider--view-line elementor-widget elementor-widget-divider\" data-id=\"8319d8c\" data-element_type=\"widget\" data-e-type=\"widget\" data-widget_type=\"divider.default\">\n\t\t\t\t<div class=\"elementor-widget-container\">\n\t\t\t\t\t\t\t<div class=\"elementor-divider\">\n\t\t\t<span class=\"elementor-divider-separator\">\n\t\t\t\t\t\t<\/span>\n\t\t<\/div>\n\t\t\t\t\t\t<\/div>\n\t\t\t\t<\/div>\n\t\t\t\t<div class=\"elementor-element elementor-element-859d9d1 wd-width-100 elementor-widget elementor-widget-wd_title\" data-id=\"859d9d1\" data-element_type=\"widget\" data-e-type=\"widget\" data-widget_type=\"wd_title.default\">\n\t\t\t\t<div class=\"elementor-widget-container\">\n\t\t\t\t\t\t\t<div class=\"title-wrapper wd-set-mb reset-last-child wd-title-color-default wd-title-style-default wd-title-size-default text-left\">\n\n\t\t\t\t\t\t\t\t\t\t\t<div class=\"title-subtitle subtitle-color-default subtitle-style-background wd-fontsize-xs\">\n\t\t\t\t\tVersandkosten f\u00fcr R\u00fccksendungen\t\t\t\t<\/div>\n\t\t\t\n\t\t\t<div class=\"liner-continer\">\n\t\t\t\t<h4 class=\"woodmart-title-container title wd-fontsize-l\"><\/h4> \n\t\t\t\t\t\t\t<\/div>\n\n\t\t\t\t\t\t\t<div class=\"title-after_title reset-last-child wd-fontsize-xs\">\n\t\t\t\t\t<ul><li>Der Kunde ist f\u00fcr die R\u00fccksendekosten verantwortlich, es sei denn, die R\u00fccksendung ist auf einen Fehler unsererseits zur\u00fcckzuf\u00fchren (z. B. falsch gelieferter Artikel).<\/li><li>Wir empfehlen die Verwendung einer verfolgbaren Versandmethode, um eine sichere Lieferung zu gew\u00e4hrleisten.<\/li><\/ul>\t\t\t\t<\/div>\n\t\t\t\t\t<\/div>\n\t\t\t\t\t\t<\/div>\n\t\t\t\t<\/div>\n\t\t\t\t<div class=\"elementor-element elementor-element-b2f8309 elementor-widget-divider--view-line elementor-widget elementor-widget-divider\" data-id=\"b2f8309\" data-element_type=\"widget\" data-e-type=\"widget\" data-widget_type=\"divider.default\">\n\t\t\t\t<div class=\"elementor-widget-container\">\n\t\t\t\t\t\t\t<div class=\"elementor-divider\">\n\t\t\t<span class=\"elementor-divider-separator\">\n\t\t\t\t\t\t<\/span>\n\t\t<\/div>\n\t\t\t\t\t\t<\/div>\n\t\t\t\t<\/div>\n\t\t\t\t<div class=\"elementor-element elementor-element-7687650 wd-width-100 elementor-widget elementor-widget-wd_title\" data-id=\"7687650\" data-element_type=\"widget\" data-e-type=\"widget\" data-widget_type=\"wd_title.default\">\n\t\t\t\t<div class=\"elementor-widget-container\">\n\t\t\t\t\t\t\t<div class=\"title-wrapper wd-set-mb reset-last-child wd-title-color-default wd-title-style-default wd-title-size-default text-left\">\n\n\t\t\t\t\t\t\t\t\t\t\t<div class=\"title-subtitle subtitle-color-default subtitle-style-background wd-fontsize-xs\">\n\t\t\t\t\tNicht erstattungsf\u00e4hige Artikel\t\t\t\t<\/div>\n\t\t\t\n\t\t\t<div class=\"liner-continer\">\n\t\t\t\t<h4 class=\"woodmart-title-container title wd-fontsize-l\"><\/h4> \n\t\t\t\t\t\t\t<\/div>\n\n\t\t\t\t\t\t\t<div class=\"title-after_title reset-last-child wd-fontsize-xs\">\n\t\t\t\t\t<p>Wir bieten keine R\u00fcckerstattung f\u00fcr:<\/p><ul><li>Ohne vorherige Genehmigung erworbene Produkte.<\/li><li>Gegenst\u00e4nde, die benutzt, ge\u00f6ffnet oder manipuliert wurden.<\/li><li>Bestellungen, die vom Zoll aus rechtlichen Gr\u00fcnden zur\u00fcckgehalten oder beschlagnahmt wurden.<\/li><\/ul><p>\u00a0<\/p>\t\t\t\t<\/div>\n\t\t\t\t\t<\/div>\n\t\t\t\t\t\t<\/div>\n\t\t\t\t<\/div>\n\t\t\t\t<div class=\"elementor-element elementor-element-48d0e82 elementor-widget-divider--view-line elementor-widget elementor-widget-divider\" data-id=\"48d0e82\" data-element_type=\"widget\" data-e-type=\"widget\" data-widget_type=\"divider.default\">\n\t\t\t\t<div class=\"elementor-widget-container\">\n\t\t\t\t\t\t\t<div class=\"elementor-divider\">\n\t\t\t<span class=\"elementor-divider-separator\">\n\t\t\t\t\t\t<\/span>\n\t\t<\/div>\n\t\t\t\t\t\t<\/div>\n\t\t\t\t<\/div>\n\t\t\t\t<div class=\"elementor-element elementor-element-c9dff48 wd-width-100 elementor-widget elementor-widget-wd_title\" data-id=\"c9dff48\" data-element_type=\"widget\" data-e-type=\"widget\" data-widget_type=\"wd_title.default\">\n\t\t\t\t<div class=\"elementor-widget-container\">\n\t\t\t\t\t\t\t<div class=\"title-wrapper wd-set-mb reset-last-child wd-title-color-default wd-title-style-default wd-title-size-default text-left\">\n\n\t\t\t\t\t\t\t\t\t\t\t<div class=\"title-subtitle subtitle-color-default subtitle-style-background wd-fontsize-xs\">\n\t\t\t\t\tBesch\u00e4digte oder mangelhafte Produkte\t\t\t\t<\/div>\n\t\t\t\n\t\t\t<div class=\"liner-continer\">\n\t\t\t\t<h4 class=\"woodmart-title-container title wd-fontsize-l\"><\/h4> \n\t\t\t\t\t\t\t<\/div>\n\n\t\t\t\t\t\t\t<div class=\"title-after_title reset-last-child wd-fontsize-xs\">\n\t\t\t\t\t<ul><li>Wenn Sie ein besch\u00e4digtes oder defektes Produkt erhalten, kontaktieren Sie uns bitte sofort. Je nach Situation bieten wir einen Ersatz oder eine vollst\u00e4ndige R\u00fcckerstattung an.<\/li><\/ul>\t\t\t\t<\/div>\n\t\t\t\t\t<\/div>\n\t\t\t\t\t\t<\/div>\n\t\t\t\t<\/div>\n\t\t\t\t<\/div>\n\t\t\t\t<\/div>","protected":false},"excerpt":{"rendered":"<p>Customer Satisfaction Guaranteed At Nembutal Mann, we strive to ensure a seamless experience for our customers. If you are unsatisfied<\/p>","protected":false},"author":13,"featured_media":0,"parent":0,"menu_order":0,"comment_status":"closed","ping_status":"closed","template":"","meta":{"footnotes":""},"class_list":["post-20861","page","type-page","status-publish","hentry"],"yoast_head":"<!-- This site is optimized with the Yoast SEO Premium plugin v24.2 (Yoast SEO v27.3) - https:\/\/yoast.com\/product\/yoast-seo-premium-wordpress\/ -->\n<title>Refund and Return Policy - Nembutal Mann<\/title>\n<meta name=\"description\" content=\"Learn about Nembutal Mann&#039;s refund and return policy. Hassle-free returns and customer-first solutions to ensure satisfaction.\" \/>\n<meta name=\"robots\" content=\"index, follow, max-snippet:-1, max-image-preview:large, max-video-preview:-1\" \/>\n<link rel=\"canonical\" href=\"https:\/\/nembutalman.com\/de\/erstattungsruckgaben\/\" \/>\n<meta property=\"og:locale\" content=\"de_DE\" \/>\n<meta property=\"og:type\" content=\"article\" \/>\n<meta property=\"og:title\" content=\"Refund and Return Policy\" \/>\n<meta property=\"og:description\" content=\"Learn about Nembutal Mann&#039;s refund and return policy. Hassle-free returns and customer-first solutions to ensure satisfaction.\" \/>\n<meta property=\"og:url\" content=\"https:\/\/nembutalman.com\/de\/erstattungsruckgaben\/\" \/>\n<meta property=\"og:site_name\" content=\"Nembutal Mann\" \/>\n<meta property=\"article:modified_time\" content=\"2025-01-23T10:10:59+00:00\" \/>\n<meta name=\"twitter:card\" content=\"summary_large_image\" \/>\n<meta name=\"twitter:label1\" content=\"Gesch\u00e4tzte Lesezeit\" \/>\n\t<meta name=\"twitter:data1\" content=\"2\u00a0Minuten\" \/>\n<script type=\"application\/ld+json\" class=\"yoast-schema-graph\">{\"@context\":\"https:\\\/\\\/schema.org\",\"@graph\":[{\"@type\":\"WebPage\",\"@id\":\"https:\\\/\\\/nembutalman.com\\\/refund-returns\\\/\",\"url\":\"https:\\\/\\\/nembutalman.com\\\/refund-returns\\\/\",\"name\":\"Refund and Return Policy - Nembutal Mann\",\"isPartOf\":{\"@id\":\"https:\\\/\\\/nembutalman.com\\\/#website\"},\"datePublished\":\"2024-12-09T16:29:24+00:00\",\"dateModified\":\"2025-01-23T10:10:59+00:00\",\"description\":\"Learn about Nembutal Mann's refund and return policy. Hassle-free returns and customer-first solutions to ensure satisfaction.\",\"breadcrumb\":{\"@id\":\"https:\\\/\\\/nembutalman.com\\\/refund-returns\\\/#breadcrumb\"},\"inLanguage\":\"de\",\"potentialAction\":[{\"@type\":\"ReadAction\",\"target\":[\"https:\\\/\\\/nembutalman.com\\\/refund-returns\\\/\"]}]},{\"@type\":\"BreadcrumbList\",\"@id\":\"https:\\\/\\\/nembutalman.com\\\/refund-returns\\\/#breadcrumb\",\"itemListElement\":[{\"@type\":\"ListItem\",\"position\":1,\"name\":\"Home\",\"item\":\"https:\\\/\\\/nembutalman.com\\\/\"},{\"@type\":\"ListItem\",\"position\":2,\"name\":\"Refund and Return Policy\"}]},{\"@type\":\"WebSite\",\"@id\":\"https:\\\/\\\/nembutalman.com\\\/#website\",\"url\":\"https:\\\/\\\/nembutalman.com\\\/\",\"name\":\"Nembutal Mann\",\"description\":\"Nembutal Kaufen Deutschland\",\"publisher\":{\"@id\":\"https:\\\/\\\/nembutalman.com\\\/#organization\"},\"potentialAction\":[{\"@type\":\"SearchAction\",\"target\":{\"@type\":\"EntryPoint\",\"urlTemplate\":\"https:\\\/\\\/nembutalman.com\\\/?s={search_term_string}\"},\"query-input\":{\"@type\":\"PropertyValueSpecification\",\"valueRequired\":true,\"valueName\":\"search_term_string\"}}],\"inLanguage\":\"de\"},{\"@type\":\"Organization\",\"@id\":\"https:\\\/\\\/nembutalman.com\\\/#organization\",\"name\":\"Nembutal Mann\",\"url\":\"https:\\\/\\\/nembutalman.com\\\/\",\"logo\":{\"@type\":\"ImageObject\",\"inLanguage\":\"de\",\"@id\":\"https:\\\/\\\/nembutalman.com\\\/#\\\/schema\\\/logo\\\/image\\\/\",\"url\":\"https:\\\/\\\/nembutalman.com\\\/wp-content\\\/uploads\\\/2024\\\/11\\\/Untitled-design.png\",\"contentUrl\":\"https:\\\/\\\/nembutalman.com\\\/wp-content\\\/uploads\\\/2024\\\/11\\\/Untitled-design.png\",\"width\":650,\"height\":250,\"caption\":\"Nembutal Mann\"},\"image\":{\"@id\":\"https:\\\/\\\/nembutalman.com\\\/#\\\/schema\\\/logo\\\/image\\\/\"}}]}<\/script>\n<!-- \/ Yoast SEO Premium plugin. -->","yoast_head_json":{"title":"Erstattungs- und R\u00fcckgabepolitik - Nembutal Mann","description":"Informieren Sie sich \u00fcber die Erstattungs- und R\u00fcckgabebestimmungen von Nembutal Mann. Problemlose R\u00fcckgabe und kundenorientierte L\u00f6sungen zur Gew\u00e4hrleistung der Zufriedenheit.","robots":{"index":"index","follow":"follow","max-snippet":"max-snippet:-1","max-image-preview":"max-image-preview:large","max-video-preview":"max-video-preview:-1"},"canonical":"https:\/\/nembutalman.com\/de\/erstattungsruckgaben\/","og_locale":"de_DE","og_type":"article","og_title":"Refund and Return Policy","og_description":"Learn about Nembutal Mann's refund and return policy. Hassle-free returns and customer-first solutions to ensure satisfaction.","og_url":"https:\/\/nembutalman.com\/de\/erstattungsruckgaben\/","og_site_name":"Nembutal Mann","article_modified_time":"2025-01-23T10:10:59+00:00","twitter_card":"summary_large_image","twitter_misc":{"Gesch\u00e4tzte Lesezeit":"2\u00a0Minuten"},"schema":{"@context":"https:\/\/schema.org","@graph":[{"@type":"WebPage","@id":"https:\/\/nembutalman.com\/refund-returns\/","url":"https:\/\/nembutalman.com\/refund-returns\/","name":"Erstattungs- und R\u00fcckgabepolitik - Nembutal Mann","isPartOf":{"@id":"https:\/\/nembutalman.com\/#website"},"datePublished":"2024-12-09T16:29:24+00:00","dateModified":"2025-01-23T10:10:59+00:00","description":"Informieren Sie sich \u00fcber die Erstattungs- und R\u00fcckgabebestimmungen von Nembutal Mann. Problemlose R\u00fcckgabe und kundenorientierte L\u00f6sungen zur Gew\u00e4hrleistung der Zufriedenheit.","breadcrumb":{"@id":"https:\/\/nembutalman.com\/refund-returns\/#breadcrumb"},"inLanguage":"de","potentialAction":[{"@type":"ReadAction","target":["https:\/\/nembutalman.com\/refund-returns\/"]}]},{"@type":"BreadcrumbList","@id":"https:\/\/nembutalman.com\/refund-returns\/#breadcrumb","itemListElement":[{"@type":"ListItem","position":1,"name":"Home","item":"https:\/\/nembutalman.com\/"},{"@type":"ListItem","position":2,"name":"Refund and Return Policy"}]},{"@type":"WebSite","@id":"https:\/\/nembutalman.com\/#website","url":"https:\/\/nembutalman.com\/","name":"Bei Nembutal Mann","description":"Nembutal Kaufen Deutschland","publisher":{"@id":"https:\/\/nembutalman.com\/#organization"},"potentialAction":[{"@type":"SearchAction","target":{"@type":"EntryPoint","urlTemplate":"https:\/\/nembutalman.com\/?s={search_term_string}"},"query-input":{"@type":"PropertyValueSpecification","valueRequired":true,"valueName":"search_term_string"}}],"inLanguage":"de"},{"@type":"Organization","@id":"https:\/\/nembutalman.com\/#organization","name":"Bei Nembutal Mann","url":"https:\/\/nembutalman.com\/","logo":{"@type":"ImageObject","inLanguage":"de","@id":"https:\/\/nembutalman.com\/#\/schema\/logo\/image\/","url":"https:\/\/nembutalman.com\/wp-content\/uploads\/2024\/11\/Untitled-design.png","contentUrl":"https:\/\/nembutalman.com\/wp-content\/uploads\/2024\/11\/Untitled-design.png","width":650,"height":250,"caption":"Nembutal Mann"},"image":{"@id":"https:\/\/nembutalman.com\/#\/schema\/logo\/image\/"}}]}},"_links":{"self":[{"href":"https:\/\/nembutalman.com\/de\/wp-json\/wp\/v2\/pages\/20861","targetHints":{"allow":["GET"]}}],"collection":[{"href":"https:\/\/nembutalman.com\/de\/wp-json\/wp\/v2\/pages"}],"about":[{"href":"https:\/\/nembutalman.com\/de\/wp-json\/wp\/v2\/types\/page"}],"author":[{"embeddable":true,"href":"https:\/\/nembutalman.com\/de\/wp-json\/wp\/v2\/users\/13"}],"replies":[{"embeddable":true,"href":"https:\/\/nembutalman.com\/de\/wp-json\/wp\/v2\/comments?post=20861"}],"version-history":[{"count":0,"href":"https:\/\/nembutalman.com\/de\/wp-json\/wp\/v2\/pages\/20861\/revisions"}],"wp:attachment":[{"href":"https:\/\/nembutalman.com\/de\/wp-json\/wp\/v2\/media?parent=20861"}],"curies":[{"name":"wp","href":"https:\/\/api.w.org\/{rel}","templated":true}]}}