{"id":20841,"date":"2024-12-09T14:40:50","date_gmt":"2024-12-09T14:40:50","guid":{"rendered":"https:\/\/nembutalman.com\/?page_id=20841"},"modified":"2025-01-01T14:31:53","modified_gmt":"2025-01-01T14:31:53","slug":"politica-de-envios","status":"publish","type":"page","link":"https:\/\/nembutalman.com\/es\/politica-de-envios\/","title":{"rendered":"Pol\u00edtica de env\u00edos"},"content":{"rendered":"<div data-elementor-type=\"wp-page\" data-elementor-id=\"20841\" class=\"elementor elementor-20841\" data-elementor-post-type=\"page\">\n\t\t\t\t<div class=\"wd-negative-gap elementor-element elementor-element-492f338 e-flex e-con-boxed e-con e-parent\" data-id=\"492f338\" data-element_type=\"container\" data-e-type=\"container\">\n\t\t\t\t\t<div class=\"e-con-inner\">\n\t\t\t\t<div class=\"elementor-element elementor-element-d8fb483 elementor-widget elementor-widget-image\" data-id=\"d8fb483\" data-element_type=\"widget\" data-e-type=\"widget\" data-widget_type=\"image.default\">\n\t\t\t\t<div class=\"elementor-widget-container\">\n\t\t\t\t\t\t\t\t\t\t\t\t\t\t\t<img fetchpriority=\"high\" decoding=\"async\" width=\"680\" height=\"409\" src=\"https:\/\/nembutalman.com\/wp-content\/uploads\/2024\/12\/shipping-policy.jpg\" class=\"attachment-large size-large wp-image-20843\" alt=\"\" srcset=\"https:\/\/nembutalman.com\/wp-content\/uploads\/2024\/12\/shipping-policy.jpg 680w, https:\/\/nembutalman.com\/wp-content\/uploads\/2024\/12\/shipping-policy-400x241.jpg 400w, https:\/\/nembutalman.com\/wp-content\/uploads\/2024\/12\/shipping-policy-430x259.jpg 430w, https:\/\/nembutalman.com\/wp-content\/uploads\/2024\/12\/shipping-policy-150x90.jpg 150w\" sizes=\"(max-width: 680px) 100vw, 680px\" \/>\t\t\t\t\t\t\t\t\t\t\t\t\t\t\t<\/div>\n\t\t\t\t<\/div>\n\t\t\t\t\t<\/div>\n\t\t\t\t<\/div>\n\t\t<div class=\"wd-negative-gap elementor-element elementor-element-cc2e0f1 e-flex e-con-boxed e-con e-parent\" data-id=\"cc2e0f1\" data-element_type=\"container\" data-e-type=\"container\" data-settings=\"{&quot;background_background&quot;:&quot;classic&quot;}\">\n\t\t\t\t\t<div class=\"e-con-inner\">\n\t\t<div class=\"elementor-element elementor-element-8f14267 e-con-full e-flex e-con e-child\" data-id=\"8f14267\" data-element_type=\"container\" data-e-type=\"container\">\n\t\t\t\t<div class=\"elementor-element elementor-element-a1c6e89 wd-width-100 elementor-widget elementor-widget-wd_title\" data-id=\"a1c6e89\" data-element_type=\"widget\" data-e-type=\"widget\" data-widget_type=\"wd_title.default\">\n\t\t\t\t<div class=\"elementor-widget-container\">\n\t\t\t\t\t\t\t<div class=\"title-wrapper wd-set-mb reset-last-child wd-title-color-default wd-title-style-default wd-title-size-default text-left\">\n\n\t\t\t\t\t\t\t\t\t\t\t<div class=\"title-subtitle subtitle-color-default subtitle-style-background wd-fontsize-xs\">\n\t\t\t\t\tEnv\u00edos fiables y discretos en los que puede confiar\t\t\t\t<\/div>\n\t\t\t\n\t\t\t<div class=\"liner-continer\">\n\t\t\t\t<h4 class=\"woodmart-title-container title wd-fontsize-l\"><\/h4> \n\t\t\t\t\t\t\t<\/div>\n\n\t\t\t\t\t\t\t<div class=\"title-after_title reset-last-child wd-fontsize-xs\">\n\t\t\t\t\t<ul><li>En <a href=\"https:\/\/nembutalman.com\/es\/\"><strong>En Nembutal Mann<\/strong><\/a>Entendemos la importancia de un env\u00edo fiable, seguro y discreto. Nuestra pol\u00edtica de env\u00edos est\u00e1 dise\u00f1ada para garantizar que su pedido le llegue de forma segura, r\u00e1pida y conforme a la normativa aplicable.<\/li><\/ul>\t\t\t\t<\/div>\n\t\t\t\t\t<\/div>\n\t\t\t\t\t\t<\/div>\n\t\t\t\t<\/div>\n\t\t\t\t<\/div>\n\t\t<div class=\"elementor-element elementor-element-aced89a e-con-full e-flex e-con e-child\" data-id=\"aced89a\" data-element_type=\"container\" data-e-type=\"container\">\n\t\t\t\t<div class=\"elementor-element elementor-element-c7fea6c wd-width-100 elementor-widget elementor-widget-wd_title\" data-id=\"c7fea6c\" data-element_type=\"widget\" data-e-type=\"widget\" data-widget_type=\"wd_title.default\">\n\t\t\t\t<div class=\"elementor-widget-container\">\n\t\t\t\t\t\t\t<div class=\"title-wrapper wd-set-mb reset-last-child wd-title-color-default wd-title-style-default wd-title-size-default text-left\">\n\n\t\t\t\t\t\t\t\t\t\t\t<div class=\"title-subtitle subtitle-color-default subtitle-style-background wd-fontsize-xs\">\n\t\t\t\t\tDestinos de env\u00edo\t\t\t\t<\/div>\n\t\t\t\n\t\t\t<div class=\"liner-continer\">\n\t\t\t\t<h4 class=\"woodmart-title-container title wd-fontsize-l\"><\/h4> \n\t\t\t\t\t\t\t<\/div>\n\n\t\t\t\t\t\t\t<div class=\"title-after_title reset-last-child wd-fontsize-xs\">\n\t\t\t\t\t<ul><li>Realizamos env\u00edos a determinados pa\u00edses de Europa y otras regiones en las que el Nembutal est\u00e1 legalmente permitido. Pa\u00edses donde Nembutal es ilegal, enviamos los paquetes como un paquete discreto.<\/li><li>Compruebe la normativa de su pa\u00eds antes de hacer un pedido.<\/li><li>Encontrar\u00e1 los gastos de env\u00edo correspondientes a su lugar de residencia tanto en la p\u00e1gina <a href=\"https:\/\/nembutalman.com\/es\/carro\/\">P\u00e1gina del carro<\/a> y el <a href=\"https:\/\/nembutalman.com\/es\/checkout\/\">P\u00e1gina de pago<\/a>.<\/li><\/ul>\t\t\t\t<\/div>\n\t\t\t\t\t<\/div>\n\t\t\t\t\t\t<\/div>\n\t\t\t\t<\/div>\n\t\t\t\t<\/div>\n\t\t\t\t\t<\/div>\n\t\t\t\t<\/div>\n\t\t<div class=\"wd-negative-gap elementor-element elementor-element-833fdac e-flex e-con-boxed e-con e-parent\" data-id=\"833fdac\" data-element_type=\"container\" data-e-type=\"container\" data-settings=\"{&quot;background_background&quot;:&quot;classic&quot;}\">\n\t\t\t\t\t<div class=\"e-con-inner\">\n\t\t<div class=\"elementor-element elementor-element-a5e9394 e-con-full e-flex e-con e-child\" data-id=\"a5e9394\" data-element_type=\"container\" data-e-type=\"container\">\n\t\t\t\t<div class=\"elementor-element elementor-element-83b8d11 wd-width-100 elementor-widget elementor-widget-wd_title\" data-id=\"83b8d11\" data-element_type=\"widget\" data-e-type=\"widget\" data-widget_type=\"wd_title.default\">\n\t\t\t\t<div class=\"elementor-widget-container\">\n\t\t\t\t\t\t\t<div class=\"title-wrapper wd-set-mb reset-last-child wd-title-color-default wd-title-style-default wd-title-size-default text-left\">\n\n\t\t\t\t\t\t\t\t\t\t\t<div class=\"title-subtitle subtitle-color-default subtitle-style-background wd-fontsize-xs\">\n\t\t\t\t\tM\u00e9todos de env\u00edo\t\t\t\t<\/div>\n\t\t\t\n\t\t\t<div class=\"liner-continer\">\n\t\t\t\t<h4 class=\"woodmart-title-container title wd-fontsize-l\"><\/h4> \n\t\t\t\t\t\t\t<\/div>\n\n\t\t\t\t\t\t\t<div class=\"title-after_title reset-last-child wd-fontsize-xs\">\n\t\t\t\t\t<p>Utilizamos servicios de mensajer\u00eda de confianza y buena reputaci\u00f3n para garantizar la entrega segura de su paquete. Todos los env\u00edos se embalan de forma segura para mayor discreci\u00f3n y protecci\u00f3n.<\/p><ul><li><span style=\"color: #c1d43a\"><strong>Env\u00edo est\u00e1ndar:<\/strong><\/span> Entrega en 3-4 d\u00edas laborables.<\/li><li><span style=\"color: #c1d43a\"><strong>Env\u00edo urgente:<\/strong><\/span> Entrega en 1-2 d\u00edas laborables por un cargo adicional.<\/li><li><span style=\"color: #c1d43a\"><strong>Informaci\u00f3n de seguimiento:<\/strong><\/span> Todos los pedidos incluyen detalles de seguimiento para que pueda controlar su env\u00edo.<\/li><\/ul>\t\t\t\t<\/div>\n\t\t\t\t\t<\/div>\n\t\t\t\t\t\t<\/div>\n\t\t\t\t<\/div>\n\t\t\t\t<\/div>\n\t\t<div class=\"elementor-element elementor-element-3ee470d e-con-full e-flex e-con e-child\" data-id=\"3ee470d\" data-element_type=\"container\" data-e-type=\"container\">\n\t\t\t\t<div class=\"elementor-element elementor-element-42a7f2e wd-width-100 elementor-widget elementor-widget-wd_title\" data-id=\"42a7f2e\" data-element_type=\"widget\" data-e-type=\"widget\" data-widget_type=\"wd_title.default\">\n\t\t\t\t<div class=\"elementor-widget-container\">\n\t\t\t\t\t\t\t<div class=\"title-wrapper wd-set-mb reset-last-child wd-title-color-default wd-title-style-default wd-title-size-default text-left\">\n\n\t\t\t\t\t\t\t\t\t\t\t<div class=\"title-subtitle subtitle-color-default subtitle-style-background wd-fontsize-xs\">\n\t\t\t\t\tGastos de env\u00edo\t\t\t\t<\/div>\n\t\t\t\n\t\t\t<div class=\"liner-continer\">\n\t\t\t\t<h4 class=\"woodmart-title-container title wd-fontsize-l\"><\/h4> \n\t\t\t\t\t\t\t<\/div>\n\n\t\t\t\t\t\t\t<div class=\"title-after_title reset-last-child wd-fontsize-xs\">\n\t\t\t\t\t<ul><li>Los gastos de env\u00edo dependen de su ubicaci\u00f3n y del m\u00e9todo de env\u00edo que elija. El coste total se calcular\u00e1 y mostrar\u00e1 durante el proceso de compra.<\/li><\/ul>\t\t\t\t<\/div>\n\t\t\t\t\t<\/div>\n\t\t\t\t\t\t<\/div>\n\t\t\t\t<\/div>\n\t\t\t\t<\/div>\n\t\t\t\t\t<\/div>\n\t\t\t\t<\/div>\n\t\t<div class=\"wd-negative-gap elementor-element elementor-element-0407097 e-flex e-con-boxed e-con e-parent\" data-id=\"0407097\" data-element_type=\"container\" data-e-type=\"container\" data-settings=\"{&quot;background_background&quot;:&quot;classic&quot;}\">\n\t\t\t\t\t<div class=\"e-con-inner\">\n\t\t<div class=\"elementor-element elementor-element-2baa92f e-con-full e-flex e-con e-child\" data-id=\"2baa92f\" data-element_type=\"container\" data-e-type=\"container\">\n\t\t\t\t<div class=\"elementor-element elementor-element-e2dd5be wd-width-100 elementor-widget elementor-widget-wd_title\" data-id=\"e2dd5be\" data-element_type=\"widget\" data-e-type=\"widget\" data-widget_type=\"wd_title.default\">\n\t\t\t\t<div class=\"elementor-widget-container\">\n\t\t\t\t\t\t\t<div class=\"title-wrapper wd-set-mb reset-last-child wd-title-color-default wd-title-style-default wd-title-size-default text-left\">\n\n\t\t\t\t\t\t\t\t\t\t\t<div class=\"title-subtitle subtitle-color-default subtitle-style-background wd-fontsize-xs\">\n\t\t\t\t\tEnv\u00edos da\u00f1ados o perdidos\t\t\t\t<\/div>\n\t\t\t\n\t\t\t<div class=\"liner-continer\">\n\t\t\t\t<h4 class=\"woodmart-title-container title wd-fontsize-l\"><\/h4> \n\t\t\t\t\t\t\t<\/div>\n\n\t\t\t\t\t\t\t<div class=\"title-after_title reset-last-child wd-fontsize-xs\">\n\t\t\t\t\t<ul><li>En el caso poco frecuente de que su paquete resulte da\u00f1ado o se pierda durante el transporte, p\u00f3ngase en contacto con nosotros inmediatamente. Trabajaremos con el servicio de mensajer\u00eda para resolver el problema y podremos ofrecerle una sustituci\u00f3n o un reembolso, seg\u00fan proceda.<\/li><\/ul>\t\t\t\t<\/div>\n\t\t\t\t\t<\/div>\n\t\t\t\t\t\t<\/div>\n\t\t\t\t<\/div>\n\t\t\t\t<\/div>\n\t\t<div class=\"elementor-element elementor-element-2f881ac e-con-full e-flex e-con e-child\" data-id=\"2f881ac\" data-element_type=\"container\" data-e-type=\"container\">\n\t\t\t\t<div class=\"elementor-element elementor-element-3a36926 wd-width-100 elementor-widget elementor-widget-wd_title\" data-id=\"3a36926\" data-element_type=\"widget\" data-e-type=\"widget\" data-widget_type=\"wd_title.default\">\n\t\t\t\t<div class=\"elementor-widget-container\">\n\t\t\t\t\t\t\t<div class=\"title-wrapper wd-set-mb reset-last-child wd-title-color-default wd-title-style-default wd-title-size-default text-left\">\n\n\t\t\t\t\t\t\t\t\t\t\t<div class=\"title-subtitle subtitle-color-default subtitle-style-background wd-fontsize-xs\">\n\t\t\t\t\tSu intimidad importa\t\t\t\t<\/div>\n\t\t\t\n\t\t\t<div class=\"liner-continer\">\n\t\t\t\t<h4 class=\"woodmart-title-container title wd-fontsize-l\"><\/h4> \n\t\t\t\t\t\t\t<\/div>\n\n\t\t\t\t\t\t\t<div class=\"title-after_title reset-last-child wd-fontsize-xs\">\n\t\t\t\t\t<ul><li>Todos los env\u00edos se empaquetan de forma discreta, sin ninguna referencia al contenido o a nuestra marca, lo que garantiza su privacidad en todo momento.<\/li><\/ul>\t\t\t\t<\/div>\n\t\t\t\t\t<\/div>\n\t\t\t\t\t\t<\/div>\n\t\t\t\t<\/div>\n\t\t\t\t<\/div>\n\t\t\t\t\t<\/div>\n\t\t\t\t<\/div>\n\t\t<div class=\"wd-negative-gap elementor-element elementor-element-09cfb19 e-flex e-con-boxed e-con e-parent\" data-id=\"09cfb19\" data-element_type=\"container\" data-e-type=\"container\" data-settings=\"{&quot;background_background&quot;:&quot;classic&quot;}\">\n\t\t\t\t\t<div class=\"e-con-inner\">\n\t\t<div class=\"elementor-element elementor-element-98e650d e-con-full e-flex e-con e-child\" data-id=\"98e650d\" data-element_type=\"container\" data-e-type=\"container\">\n\t\t\t\t<div class=\"elementor-element elementor-element-d6c46f1 wd-width-100 elementor-widget elementor-widget-wd_title\" data-id=\"d6c46f1\" data-element_type=\"widget\" data-e-type=\"widget\" data-widget_type=\"wd_title.default\">\n\t\t\t\t<div class=\"elementor-widget-container\">\n\t\t\t\t\t\t\t<div class=\"title-wrapper wd-set-mb reset-last-child wd-title-color-default wd-title-style-default wd-title-size-default text-left\">\n\n\t\t\t\t\t\t\t\t\t\t\t<div class=\"title-subtitle subtitle-color-default subtitle-style-background wd-fontsize-xs\">\n\t\t\t\t\tTiempo de procesamiento\t\t\t\t<\/div>\n\t\t\t\n\t\t\t<div class=\"liner-continer\">\n\t\t\t\t<h4 class=\"woodmart-title-container title wd-fontsize-l\"><\/h4> \n\t\t\t\t\t\t\t<\/div>\n\n\t\t\t\t\t\t\t<div class=\"title-after_title reset-last-child wd-fontsize-xs\">\n\t\t\t\t\t<ul><li>Los pedidos se tramitan inmediatamente despu\u00e9s de la confirmaci\u00f3n del pago.<\/li><li>Una vez enviado el pedido, recibir\u00e1 un correo electr\u00f3nico de confirmaci\u00f3n con los datos de seguimiento.<\/li><\/ul>\t\t\t\t<\/div>\n\t\t\t\t\t<\/div>\n\t\t\t\t\t\t<\/div>\n\t\t\t\t<\/div>\n\t\t\t\t<\/div>\n\t\t<div class=\"elementor-element elementor-element-ed56b21 e-con-full e-flex e-con e-child\" data-id=\"ed56b21\" data-element_type=\"container\" data-e-type=\"container\">\n\t\t\t\t<div class=\"elementor-element elementor-element-a836510 wd-width-100 elementor-widget elementor-widget-wd_title\" data-id=\"a836510\" data-element_type=\"widget\" data-e-type=\"widget\" data-widget_type=\"wd_title.default\">\n\t\t\t\t<div class=\"elementor-widget-container\">\n\t\t\t\t\t\t\t<div class=\"title-wrapper wd-set-mb reset-last-child wd-title-color-default wd-title-style-default wd-title-size-default text-left\">\n\n\t\t\t\t\t\t\t\t\t\t\t<div class=\"title-subtitle subtitle-color-default subtitle-style-background wd-fontsize-xs\">\n\t\t\t\t\tNormativa aduanera y de importaci\u00f3n\t\t\t\t<\/div>\n\t\t\t\n\t\t\t<div class=\"liner-continer\">\n\t\t\t\t<h4 class=\"woodmart-title-container title wd-fontsize-l\"><\/h4> \n\t\t\t\t\t\t\t<\/div>\n\n\t\t\t\t\t\t\t<div class=\"title-after_title reset-last-child wd-fontsize-xs\">\n\t\t\t\t\t<ul><li>Es responsabilidad del cliente conocer y cumplir las normas aduaneras y de importaci\u00f3n de su pa\u00eds. Aunque tomamos todas las precauciones para garantizar una entrega sin problemas, Nembutal Mann no se hace responsable de los retrasos o confiscaciones debidos a las leyes locales.<\/li><\/ul>\t\t\t\t<\/div>\n\t\t\t\t\t<\/div>\n\t\t\t\t\t\t<\/div>\n\t\t\t\t<\/div>\n\t\t\t\t<\/div>\n\t\t\t\t\t<\/div>\n\t\t\t\t<\/div>\n\t\t<div class=\"wd-negative-gap elementor-element elementor-element-fad4b21 e-flex e-con-boxed e-con e-parent\" data-id=\"fad4b21\" data-element_type=\"container\" data-e-type=\"container\">\n\t\t\t\t\t<div class=\"e-con-inner\">\n\t\t\t\t\t<\/div>\n\t\t\t\t<\/div>\n\t\t\t\t<\/div>","protected":false},"excerpt":{"rendered":"<p>Reliable and Discreet Shipping You Can Trust At Nembutal Mann, we understand the importance of reliable, secure, and discreet shipping.<\/p>","protected":false},"author":13,"featured_media":0,"parent":0,"menu_order":0,"comment_status":"closed","ping_status":"closed","template":"","meta":{"footnotes":""},"class_list":["post-20841","page","type-page","status-publish","hentry"],"yoast_head":"<!-- This site is optimized with the Yoast SEO Premium plugin v24.2 (Yoast SEO v27.3) - https:\/\/yoast.com\/product\/yoast-seo-premium-wordpress\/ -->\n<title>Shipping Policy | Nembutal Mann \u2013 Discreet and Reliable Shipping<\/title>\n<meta name=\"description\" content=\"Learn about Nembutal Mann\u2019s shipping policy. Secure, discreet, and reliable delivery, with tracking and privacy guaranteed. Read more now.\" \/>\n<meta name=\"robots\" content=\"index, follow, max-snippet:-1, max-image-preview:large, max-video-preview:-1\" \/>\n<link rel=\"canonical\" href=\"https:\/\/nembutalman.com\/es\/politica-de-envios\/\" \/>\n<meta property=\"og:locale\" content=\"es_ES\" \/>\n<meta property=\"og:type\" content=\"article\" \/>\n<meta property=\"og:title\" content=\"Shipping Policy | Nembutal Mann \u2013 Discreet and Reliable Shipping\" \/>\n<meta property=\"og:description\" content=\"Learn about Nembutal Mann\u2019s shipping policy. Secure, discreet, and reliable delivery, with tracking and privacy guaranteed. Read more now.\" \/>\n<meta property=\"og:url\" content=\"https:\/\/nembutalman.com\/es\/politica-de-envios\/\" \/>\n<meta property=\"og:site_name\" content=\"Nembutal Mann\" \/>\n<meta property=\"article:modified_time\" content=\"2025-01-01T14:31:53+00:00\" \/>\n<meta property=\"og:image\" content=\"https:\/\/nembutalman.com\/wp-content\/uploads\/2024\/12\/shipping-policy.jpg\" \/>\n\t<meta property=\"og:image:width\" content=\"680\" \/>\n\t<meta property=\"og:image:height\" content=\"409\" \/>\n\t<meta property=\"og:image:type\" content=\"image\/jpeg\" \/>\n<meta name=\"twitter:card\" content=\"summary_large_image\" \/>\n<meta name=\"twitter:title\" content=\"Shipping Policy | Nembutal Mann \u2013 Discreet and Reliable Shipping\" \/>\n<meta name=\"twitter:description\" content=\"Learn about Nembutal Mann\u2019s shipping policy. Secure, discreet, and reliable delivery, with tracking and privacy guaranteed. Read more now.\" \/>\n<meta name=\"twitter:image\" content=\"https:\/\/nembutalman.com\/wp-content\/uploads\/2024\/12\/shipping-policy.jpg\" \/>\n<meta name=\"twitter:label1\" content=\"Est. reading time\" \/>\n\t<meta name=\"twitter:data1\" content=\"2 minutos\" \/>\n<script type=\"application\/ld+json\" class=\"yoast-schema-graph\">{\"@context\":\"https:\\\/\\\/schema.org\",\"@graph\":[{\"@type\":\"WebPage\",\"@id\":\"https:\\\/\\\/nembutalman.com\\\/shipping-policy\\\/\",\"url\":\"https:\\\/\\\/nembutalman.com\\\/shipping-policy\\\/\",\"name\":\"Shipping Policy | Nembutal Mann \u2013 Discreet and Reliable Shipping\",\"isPartOf\":{\"@id\":\"https:\\\/\\\/nembutalman.com\\\/#website\"},\"primaryImageOfPage\":{\"@id\":\"https:\\\/\\\/nembutalman.com\\\/shipping-policy\\\/#primaryimage\"},\"image\":{\"@id\":\"https:\\\/\\\/nembutalman.com\\\/shipping-policy\\\/#primaryimage\"},\"thumbnailUrl\":\"https:\\\/\\\/nembutalman.com\\\/wp-content\\\/uploads\\\/2024\\\/12\\\/shipping-policy.jpg\",\"datePublished\":\"2024-12-09T14:40:50+00:00\",\"dateModified\":\"2025-01-01T14:31:53+00:00\",\"description\":\"Learn about Nembutal Mann\u2019s shipping policy. Secure, discreet, and reliable delivery, with tracking and privacy guaranteed. Read more now.\",\"breadcrumb\":{\"@id\":\"https:\\\/\\\/nembutalman.com\\\/shipping-policy\\\/#breadcrumb\"},\"inLanguage\":\"es\",\"potentialAction\":[{\"@type\":\"ReadAction\",\"target\":[\"https:\\\/\\\/nembutalman.com\\\/shipping-policy\\\/\"]}]},{\"@type\":\"ImageObject\",\"inLanguage\":\"es\",\"@id\":\"https:\\\/\\\/nembutalman.com\\\/shipping-policy\\\/#primaryimage\",\"url\":\"https:\\\/\\\/nembutalman.com\\\/wp-content\\\/uploads\\\/2024\\\/12\\\/shipping-policy.jpg\",\"contentUrl\":\"https:\\\/\\\/nembutalman.com\\\/wp-content\\\/uploads\\\/2024\\\/12\\\/shipping-policy.jpg\"},{\"@type\":\"BreadcrumbList\",\"@id\":\"https:\\\/\\\/nembutalman.com\\\/shipping-policy\\\/#breadcrumb\",\"itemListElement\":[{\"@type\":\"ListItem\",\"position\":1,\"name\":\"Home\",\"item\":\"https:\\\/\\\/nembutalman.com\\\/\"},{\"@type\":\"ListItem\",\"position\":2,\"name\":\"Shipping Policy\"}]},{\"@type\":\"WebSite\",\"@id\":\"https:\\\/\\\/nembutalman.com\\\/#website\",\"url\":\"https:\\\/\\\/nembutalman.com\\\/\",\"name\":\"Nembutal Mann\",\"description\":\"Nembutal Kaufen Deutschland\",\"publisher\":{\"@id\":\"https:\\\/\\\/nembutalman.com\\\/#organization\"},\"potentialAction\":[{\"@type\":\"SearchAction\",\"target\":{\"@type\":\"EntryPoint\",\"urlTemplate\":\"https:\\\/\\\/nembutalman.com\\\/?s={search_term_string}\"},\"query-input\":{\"@type\":\"PropertyValueSpecification\",\"valueRequired\":true,\"valueName\":\"search_term_string\"}}],\"inLanguage\":\"es\"},{\"@type\":\"Organization\",\"@id\":\"https:\\\/\\\/nembutalman.com\\\/#organization\",\"name\":\"Nembutal Mann\",\"url\":\"https:\\\/\\\/nembutalman.com\\\/\",\"logo\":{\"@type\":\"ImageObject\",\"inLanguage\":\"es\",\"@id\":\"https:\\\/\\\/nembutalman.com\\\/#\\\/schema\\\/logo\\\/image\\\/\",\"url\":\"https:\\\/\\\/nembutalman.com\\\/wp-content\\\/uploads\\\/2024\\\/11\\\/Untitled-design.png\",\"contentUrl\":\"https:\\\/\\\/nembutalman.com\\\/wp-content\\\/uploads\\\/2024\\\/11\\\/Untitled-design.png\",\"width\":650,\"height\":250,\"caption\":\"Nembutal Mann\"},\"image\":{\"@id\":\"https:\\\/\\\/nembutalman.com\\\/#\\\/schema\\\/logo\\\/image\\\/\"}}]}<\/script>\n<!-- \/ Yoast SEO Premium plugin. -->","yoast_head_json":{"title":"Pol\u00edtica de env\u00edos | Nembutal Mann - Env\u00edo discreto y fiable","description":"Conozca la pol\u00edtica de env\u00edo de Nembutal Mann. Entrega segura, discreta y fiable, con seguimiento y privacidad garantizados. Lea m\u00e1s ahora.","robots":{"index":"index","follow":"follow","max-snippet":"max-snippet:-1","max-image-preview":"max-image-preview:large","max-video-preview":"max-video-preview:-1"},"canonical":"https:\/\/nembutalman.com\/es\/politica-de-envios\/","og_locale":"es_ES","og_type":"article","og_title":"Shipping Policy | Nembutal Mann \u2013 Discreet and Reliable Shipping","og_description":"Learn about Nembutal Mann\u2019s shipping policy. Secure, discreet, and reliable delivery, with tracking and privacy guaranteed. Read more now.","og_url":"https:\/\/nembutalman.com\/es\/politica-de-envios\/","og_site_name":"Nembutal Mann","article_modified_time":"2025-01-01T14:31:53+00:00","og_image":[{"width":680,"height":409,"url":"https:\/\/nembutalman.com\/wp-content\/uploads\/2024\/12\/shipping-policy.jpg","type":"image\/jpeg"}],"twitter_card":"summary_large_image","twitter_title":"Shipping Policy | Nembutal Mann \u2013 Discreet and Reliable Shipping","twitter_description":"Learn about Nembutal Mann\u2019s shipping policy. Secure, discreet, and reliable delivery, with tracking and privacy guaranteed. Read more now.","twitter_image":"https:\/\/nembutalman.com\/wp-content\/uploads\/2024\/12\/shipping-policy.jpg","twitter_misc":{"Est. reading time":"2 minutos"},"schema":{"@context":"https:\/\/schema.org","@graph":[{"@type":"WebPage","@id":"https:\/\/nembutalman.com\/shipping-policy\/","url":"https:\/\/nembutalman.com\/shipping-policy\/","name":"Pol\u00edtica de env\u00edos | Nembutal Mann - Env\u00edo discreto y fiable","isPartOf":{"@id":"https:\/\/nembutalman.com\/#website"},"primaryImageOfPage":{"@id":"https:\/\/nembutalman.com\/shipping-policy\/#primaryimage"},"image":{"@id":"https:\/\/nembutalman.com\/shipping-policy\/#primaryimage"},"thumbnailUrl":"https:\/\/nembutalman.com\/wp-content\/uploads\/2024\/12\/shipping-policy.jpg","datePublished":"2024-12-09T14:40:50+00:00","dateModified":"2025-01-01T14:31:53+00:00","description":"Conozca la pol\u00edtica de env\u00edo de Nembutal Mann. Entrega segura, discreta y fiable, con seguimiento y privacidad garantizados. Lea m\u00e1s ahora.","breadcrumb":{"@id":"https:\/\/nembutalman.com\/shipping-policy\/#breadcrumb"},"inLanguage":"es","potentialAction":[{"@type":"ReadAction","target":["https:\/\/nembutalman.com\/shipping-policy\/"]}]},{"@type":"ImageObject","inLanguage":"es","@id":"https:\/\/nembutalman.com\/shipping-policy\/#primaryimage","url":"https:\/\/nembutalman.com\/wp-content\/uploads\/2024\/12\/shipping-policy.jpg","contentUrl":"https:\/\/nembutalman.com\/wp-content\/uploads\/2024\/12\/shipping-policy.jpg"},{"@type":"BreadcrumbList","@id":"https:\/\/nembutalman.com\/shipping-policy\/#breadcrumb","itemListElement":[{"@type":"ListItem","position":1,"name":"Home","item":"https:\/\/nembutalman.com\/"},{"@type":"ListItem","position":2,"name":"Shipping Policy"}]},{"@type":"WebSite","@id":"https:\/\/nembutalman.com\/#website","url":"https:\/\/nembutalman.com\/","name":"En Nembutal Mann","description":"Nembutal Kaufen Deutschland","publisher":{"@id":"https:\/\/nembutalman.com\/#organization"},"potentialAction":[{"@type":"SearchAction","target":{"@type":"EntryPoint","urlTemplate":"https:\/\/nembutalman.com\/?s={search_term_string}"},"query-input":{"@type":"PropertyValueSpecification","valueRequired":true,"valueName":"search_term_string"}}],"inLanguage":"es"},{"@type":"Organization","@id":"https:\/\/nembutalman.com\/#organization","name":"En Nembutal Mann","url":"https:\/\/nembutalman.com\/","logo":{"@type":"ImageObject","inLanguage":"es","@id":"https:\/\/nembutalman.com\/#\/schema\/logo\/image\/","url":"https:\/\/nembutalman.com\/wp-content\/uploads\/2024\/11\/Untitled-design.png","contentUrl":"https:\/\/nembutalman.com\/wp-content\/uploads\/2024\/11\/Untitled-design.png","width":650,"height":250,"caption":"Nembutal Mann"},"image":{"@id":"https:\/\/nembutalman.com\/#\/schema\/logo\/image\/"}}]}},"_links":{"self":[{"href":"https:\/\/nembutalman.com\/es\/wp-json\/wp\/v2\/pages\/20841","targetHints":{"allow":["GET"]}}],"collection":[{"href":"https:\/\/nembutalman.com\/es\/wp-json\/wp\/v2\/pages"}],"about":[{"href":"https:\/\/nembutalman.com\/es\/wp-json\/wp\/v2\/types\/page"}],"author":[{"embeddable":true,"href":"https:\/\/nembutalman.com\/es\/wp-json\/wp\/v2\/users\/13"}],"replies":[{"embeddable":true,"href":"https:\/\/nembutalman.com\/es\/wp-json\/wp\/v2\/comments?post=20841"}],"version-history":[{"count":0,"href":"https:\/\/nembutalman.com\/es\/wp-json\/wp\/v2\/pages\/20841\/revisions"}],"wp:attachment":[{"href":"https:\/\/nembutalman.com\/es\/wp-json\/wp\/v2\/media?parent=20841"}],"curies":[{"name":"wp","href":"https:\/\/api.w.org\/{rel}","templated":true}]}}