{"id":20850,"date":"2024-12-09T15:22:44","date_gmt":"2024-12-09T15:22:44","guid":{"rendered":"https:\/\/nembutalman.com\/?page_id=20850"},"modified":"2025-01-01T14:19:14","modified_gmt":"2025-01-01T14:19:14","slug":"politica-de-privacidad","status":"publish","type":"page","link":"https:\/\/nembutalman.com\/es\/politica-de-privacidad\/","title":{"rendered":"Pol\u00edtica de privacidad"},"content":{"rendered":"<p class=\"has-black-color has-text-color has-link-color wp-elements-355be174b2fb0d157b025fcc47f1d867\">Pol\u00edtica de privacidad <a href=\"https:\/\/nembutalman.com\/es\/\">nembutalman.com<\/a><\/p>\n\n\n\n<p class=\"has-black-color has-text-color has-link-color wp-elements-761ad3752a5bb90e7fbcc3f50b1c20b6\"><br>\u00daltima actualizaci\u00f3n: 25\/11\/2023<\/p>\n\n\n\n<p class=\"has-black-color has-text-color has-link-color wp-elements-3e94e2b2c9d2176429af1c301ae99651\"><br>Bienvenido a <a href=\"https:\/\/nembutalman.com\/es\/\">nembutalman.com<\/a>. Esta pol\u00edtica de privacidad describe c\u00f3mo recogemos, utilizamos y compartimos la informaci\u00f3n personal cuando visita nuestro sitio web o realiza una compra.<\/p>\n\n\n\n<h3 class=\"wp-block-heading has-text-color has-background has-link-color wp-elements-8a16c0b96044cebbff6804ddad17f2ed\" id=\"h-i-information-gathered\" style=\"color:#225238;background-color:#c1d43a\">I. Informaci\u00f3n recogida<\/h3>\n\n\n\n<p class=\"has-black-color has-text-color has-link-color wp-elements-a6badfaa0041f2d9590e59bf90ac8bc6\">Cuando visita el sitio web, recopilamos autom\u00e1ticamente cierta informaci\u00f3n sobre su dispositivo, incluida informaci\u00f3n sobre su navegador web, direcci\u00f3n IP, zona horaria y algunas de las cookies instaladas en su dispositivo. Adem\u00e1s, recopilamos informaci\u00f3n sobre las p\u00e1ginas web o los productos que visita, qu\u00e9 sitios web o t\u00e9rminos de b\u00fasqueda le han remitido a nuestro sitio y c\u00f3mo interact\u00faa con \u00e9l. <\/p>\n\n\n\n<p class=\"has-black-color has-text-color has-link-color wp-elements-c6566f9f405ddf7459fc7c641c272c78\">Cuando realiza o intenta realizar una compra a trav\u00e9s del Sitio, recopilamos determinada informaci\u00f3n sobre usted, como su nombre, direcci\u00f3n de facturaci\u00f3n, direcci\u00f3n de env\u00edo, informaci\u00f3n de pago (incluidos los n\u00fameros de las tarjetas de cr\u00e9dito), direcci\u00f3n de correo electr\u00f3nico y n\u00famero de tel\u00e9fono. Nos referimos a esta informaci\u00f3n como \"Informaci\u00f3n del pedido\".<\/p>\n\n\n\n<h3 class=\"wp-block-heading has-text-color has-background has-link-color wp-elements-32d74790f44ff2ad9af97a6a63fe7a29\" id=\"h-ii-use-of-information\" style=\"color:#225238;background-color:#c1d43a\">II. Uso de la informaci\u00f3n<\/h3>\n\n\n\n<p class=\"has-black-color has-text-color has-link-color wp-elements-fb223591b0ed4918e3b7a6dd70848b61\">Por lo general, utilizamos la informaci\u00f3n recopilada para cumplir con los pedidos realizados a trav\u00e9s del sitio (incluyendo el procesamiento de su informaci\u00f3n de pago, la organizaci\u00f3n del env\u00edo y el suministro de facturas y \/ o confirmaciones de pedidos). Adem\u00e1s, utilizamos esta informaci\u00f3n para<\/p>\n\n\n\n<ul class=\"wp-block-list\">\n<li class=\"has-black-color has-text-color has-link-color wp-elements-c35da8e453ecadee6ed58fb481402e8b\">Comunicarnos con usted;<\/li>\n\n\n\n<li class=\"has-black-color has-text-color has-link-color wp-elements-659b15464d3b49d5a9c284bdea83ccc0\">Examine su pedido para detectar posibles riesgos o fraudes; <\/li>\n\n\n\n<li class=\"has-black-color has-text-color has-link-color wp-elements-3ce7039dbd7333ebff4f5317f2da7572\">Optimizar nuestro sitio;<\/li>\n\n\n\n<li class=\"has-black-color has-text-color has-link-color wp-elements-63a2f7258bb251938f7c3188ffc5c879\">Realice campa\u00f1as publicitarias o de reorientaci\u00f3n en funci\u00f3n de sus intereses.<\/li>\n<\/ul>\n\n\n\n<h3 class=\"wp-block-heading has-text-color has-background has-link-color wp-elements-71dd2bade47d8a19cad678a52077fdf8\" id=\"h-iii-information-exchange\" style=\"color:#225238;background-color:#c1d43a\">III. Intercambio de informaci\u00f3n<\/h3>\n\n\n\n<p class=\"has-black-color has-text-color has-link-color wp-elements-0526f4d4e684efc2cb4cd7f6c014fc4c\">Para ayudarnos a alcanzar los objetivos mencionados, revelamos sus datos personales a terceros. Por ejemplo, enviamos pedidos a trav\u00e9s de PostNL, FedEx y, en ocasiones, DHL. Para procesar los pagos, tambi\u00e9n intercambiamos informaci\u00f3n con PayPal y, en ocasiones, con nuestros bancos.<br>Por \u00faltimo, tambi\u00e9n podemos revelar sus datos personales para responder a una citaci\u00f3n, orden de registro u otra solicitud leg\u00edtima de informaci\u00f3n que recibamos, para cumplir las leyes y normativas aplicables o para defender nuestros derechos. Puede obtener m\u00e1s informaci\u00f3n sobre <a href=\"https:\/\/nembutalman.com\/es\/politica-de-envios\/\">pol\u00edtica de env\u00edos<\/a>.<\/p>\n\n\n\n<h3 class=\"wp-block-heading has-text-color has-background has-link-color wp-elements-8be1627c424b10a6d403c8606c0605de\" id=\"h-iv-your-rights\" style=\"color:#225238;background-color:#c1d43a\">IV. Sus derechos<\/h3>\n\n\n\n<p class=\"has-black-color has-text-color has-link-color wp-elements-077416695de980c8342b74ae1b70db75\">Tiene derecho a ver qu\u00e9 datos personales tenemos archivados sobre usted y a solicitar que se actualicen, modifiquen o eliminen si vive en el Espacio Econ\u00f3mico Europeo. Utilice la informaci\u00f3n que figura a continuaci\u00f3n para ponerse en contacto con nosotros si desea ejercer este derecho.<\/p>\n\n\n\n<h3 class=\"wp-block-heading has-text-color has-background has-link-color wp-elements-c25262c15a4b50cb1236e206e03eb430\" id=\"h-v-modifications-to-this-privacy-statement\" style=\"color:#225238;background-color:#c1d43a\">V. Modificaciones de esta declaraci\u00f3n de privacidad<\/h3>\n\n\n\n<p class=\"has-black-color has-text-color has-link-color wp-elements-db26f0e0324ff3548c91aad6ddf0b4b2\">Le rogamos que revise con frecuencia nuestra declaraci\u00f3n de privacidad, ya que nos reservamos el derecho a realizar cambios en cualquier momento. Las aclaraciones y modificaciones entrar\u00e1n en vigor en cuanto se publiquen en el sitio web. Actualizaremos esta p\u00e1gina para reflejar cualquier cambio significativo que introduzcamos en esta pol\u00edtica.<\/p>\n\n\n\n<h3 class=\"wp-block-heading has-text-color has-background has-link-color wp-elements-01aa1198e6bc79b9703c1e31d3efce46\" id=\"h-vi-contact-information\" style=\"color:#225238;background-color:#c1d43a\">VI. Informaci\u00f3n de contacto<\/h3>\n\n\n\n<p class=\"has-black-color has-text-color has-link-color wp-elements-29de9d3369388b1bebce2e470a8ab236\">Si tiene alguna duda o desea m\u00e1s informaci\u00f3n sobre nuestra pol\u00edtica de privacidad, env\u00edenos un correo electr\u00f3nico a service@nembutalman.com o env\u00ede una consulta por escrito a Eisenhowerstraat 141, Sittard, Pa\u00edses Bajos.<\/p>\n\n\n\n<p class=\"has-black-color has-text-color has-link-color wp-elements-fc74c8adaf95e6aa5766202a95c8ef3e\">Visite nuestro <a href=\"https:\/\/nembutalman.com\/es\/condiciones-generales\/\"><strong>Condiciones generales<\/strong><\/a> estar m\u00e1s informado<\/p>\n\n\n\n<p><\/p>","protected":false},"excerpt":{"rendered":"<p>Privacy policy for nembutalman.com Last updated 11\/25\/2023 Welcome to nembutalman.com. This privacy policy describes how we collect, use and share<\/p>","protected":false},"author":13,"featured_media":0,"parent":0,"menu_order":0,"comment_status":"closed","ping_status":"closed","template":"","meta":{"footnotes":""},"class_list":["post-20850","page","type-page","status-publish","hentry"],"yoast_head":"<!-- This site is optimized with the Yoast SEO Premium plugin v24.2 (Yoast SEO v27.5) - https:\/\/yoast.com\/product\/yoast-seo-premium-wordpress\/ -->\n<title>Privacy Policy | Nembutal Mann \u2013 Your privacy is our priority.<\/title>\n<meta name=\"description\" content=\"Nembutal Mann safeguards your data with our privacy policy. Learn about data collection and security measures to ensure your confidentiality.\" \/>\n<meta name=\"robots\" content=\"index, follow, max-snippet:-1, max-image-preview:large, max-video-preview:-1\" \/>\n<link rel=\"canonical\" href=\"https:\/\/nembutalman.com\/es\/politica-de-privacidad\/\" \/>\n<meta property=\"og:locale\" content=\"es_ES\" \/>\n<meta property=\"og:type\" content=\"article\" \/>\n<meta property=\"og:title\" content=\"Privacy Policy\" \/>\n<meta property=\"og:description\" content=\"Nembutal Mann safeguards your data with our privacy policy. Learn about data collection and security measures to ensure your confidentiality.\" \/>\n<meta property=\"og:url\" content=\"https:\/\/nembutalman.com\/es\/politica-de-privacidad\/\" \/>\n<meta property=\"og:site_name\" content=\"Nembutal Mann\" \/>\n<meta property=\"article:modified_time\" content=\"2025-01-01T14:19:14+00:00\" \/>\n<meta name=\"twitter:card\" content=\"summary_large_image\" \/>\n<meta name=\"twitter:label1\" content=\"Tiempo de lectura\" \/>\n\t<meta name=\"twitter:data1\" content=\"2 minutos\" \/>\n<script type=\"application\/ld+json\" class=\"yoast-schema-graph\">{\"@context\":\"https:\\\/\\\/schema.org\",\"@graph\":[{\"@type\":\"WebPage\",\"@id\":\"https:\\\/\\\/nembutalman.com\\\/privacy-policy\\\/\",\"url\":\"https:\\\/\\\/nembutalman.com\\\/privacy-policy\\\/\",\"name\":\"Privacy Policy | Nembutal Mann \u2013 Your privacy is our priority.\",\"isPartOf\":{\"@id\":\"https:\\\/\\\/nembutalman.com\\\/#website\"},\"datePublished\":\"2024-12-09T15:22:44+00:00\",\"dateModified\":\"2025-01-01T14:19:14+00:00\",\"description\":\"Nembutal Mann safeguards your data with our privacy policy. Learn about data collection and security measures to ensure your confidentiality.\",\"breadcrumb\":{\"@id\":\"https:\\\/\\\/nembutalman.com\\\/privacy-policy\\\/#breadcrumb\"},\"inLanguage\":\"es\",\"potentialAction\":[{\"@type\":\"ReadAction\",\"target\":[\"https:\\\/\\\/nembutalman.com\\\/privacy-policy\\\/\"]}]},{\"@type\":\"BreadcrumbList\",\"@id\":\"https:\\\/\\\/nembutalman.com\\\/privacy-policy\\\/#breadcrumb\",\"itemListElement\":[{\"@type\":\"ListItem\",\"position\":1,\"name\":\"Home\",\"item\":\"https:\\\/\\\/nembutalman.com\\\/\"},{\"@type\":\"ListItem\",\"position\":2,\"name\":\"Privacy Policy\"}]},{\"@type\":\"WebSite\",\"@id\":\"https:\\\/\\\/nembutalman.com\\\/#website\",\"url\":\"https:\\\/\\\/nembutalman.com\\\/\",\"name\":\"Nembutal Mann\",\"description\":\"Nembutal Kaufen Deutschland\",\"publisher\":{\"@id\":\"https:\\\/\\\/nembutalman.com\\\/#organization\"},\"potentialAction\":[{\"@type\":\"SearchAction\",\"target\":{\"@type\":\"EntryPoint\",\"urlTemplate\":\"https:\\\/\\\/nembutalman.com\\\/?s={search_term_string}\"},\"query-input\":{\"@type\":\"PropertyValueSpecification\",\"valueRequired\":true,\"valueName\":\"search_term_string\"}}],\"inLanguage\":\"es\"},{\"@type\":\"Organization\",\"@id\":\"https:\\\/\\\/nembutalman.com\\\/#organization\",\"name\":\"Nembutal Mann\",\"url\":\"https:\\\/\\\/nembutalman.com\\\/\",\"logo\":{\"@type\":\"ImageObject\",\"inLanguage\":\"es\",\"@id\":\"https:\\\/\\\/nembutalman.com\\\/#\\\/schema\\\/logo\\\/image\\\/\",\"url\":\"https:\\\/\\\/nembutalman.com\\\/wp-content\\\/uploads\\\/2024\\\/11\\\/Untitled-design.png\",\"contentUrl\":\"https:\\\/\\\/nembutalman.com\\\/wp-content\\\/uploads\\\/2024\\\/11\\\/Untitled-design.png\",\"width\":650,\"height\":250,\"caption\":\"Nembutal Mann\"},\"image\":{\"@id\":\"https:\\\/\\\/nembutalman.com\\\/#\\\/schema\\\/logo\\\/image\\\/\"}}]}<\/script>\n<!-- \/ Yoast SEO Premium plugin. -->","yoast_head_json":{"title":"Pol\u00edtica de privacidad | Nembutal Mann - Su privacidad es nuestra prioridad.","description":"Nembutal Mann protege sus datos con nuestra pol\u00edtica de privacidad. Inf\u00f3rmese sobre la recopilaci\u00f3n de datos y las medidas de seguridad para garantizar su confidencialidad.","robots":{"index":"index","follow":"follow","max-snippet":"max-snippet:-1","max-image-preview":"max-image-preview:large","max-video-preview":"max-video-preview:-1"},"canonical":"https:\/\/nembutalman.com\/es\/politica-de-privacidad\/","og_locale":"es_ES","og_type":"article","og_title":"Privacy Policy","og_description":"Nembutal Mann safeguards your data with our privacy policy. Learn about data collection and security measures to ensure your confidentiality.","og_url":"https:\/\/nembutalman.com\/es\/politica-de-privacidad\/","og_site_name":"Nembutal Mann","article_modified_time":"2025-01-01T14:19:14+00:00","twitter_card":"summary_large_image","twitter_misc":{"Tiempo de lectura":"2 minutos"},"schema":{"@context":"https:\/\/schema.org","@graph":[{"@type":"WebPage","@id":"https:\/\/nembutalman.com\/privacy-policy\/","url":"https:\/\/nembutalman.com\/privacy-policy\/","name":"Pol\u00edtica de privacidad | Nembutal Mann - Su privacidad es nuestra prioridad.","isPartOf":{"@id":"https:\/\/nembutalman.com\/#website"},"datePublished":"2024-12-09T15:22:44+00:00","dateModified":"2025-01-01T14:19:14+00:00","description":"Nembutal Mann protege sus datos con nuestra pol\u00edtica de privacidad. Inf\u00f3rmese sobre la recopilaci\u00f3n de datos y las medidas de seguridad para garantizar su confidencialidad.","breadcrumb":{"@id":"https:\/\/nembutalman.com\/privacy-policy\/#breadcrumb"},"inLanguage":"es","potentialAction":[{"@type":"ReadAction","target":["https:\/\/nembutalman.com\/privacy-policy\/"]}]},{"@type":"BreadcrumbList","@id":"https:\/\/nembutalman.com\/privacy-policy\/#breadcrumb","itemListElement":[{"@type":"ListItem","position":1,"name":"Home","item":"https:\/\/nembutalman.com\/"},{"@type":"ListItem","position":2,"name":"Privacy Policy"}]},{"@type":"WebSite","@id":"https:\/\/nembutalman.com\/#website","url":"https:\/\/nembutalman.com\/","name":"En Nembutal Mann","description":"Nembutal Kaufen Deutschland","publisher":{"@id":"https:\/\/nembutalman.com\/#organization"},"potentialAction":[{"@type":"SearchAction","target":{"@type":"EntryPoint","urlTemplate":"https:\/\/nembutalman.com\/?s={search_term_string}"},"query-input":{"@type":"PropertyValueSpecification","valueRequired":true,"valueName":"search_term_string"}}],"inLanguage":"es"},{"@type":"Organization","@id":"https:\/\/nembutalman.com\/#organization","name":"En Nembutal Mann","url":"https:\/\/nembutalman.com\/","logo":{"@type":"ImageObject","inLanguage":"es","@id":"https:\/\/nembutalman.com\/#\/schema\/logo\/image\/","url":"https:\/\/nembutalman.com\/wp-content\/uploads\/2024\/11\/Untitled-design.png","contentUrl":"https:\/\/nembutalman.com\/wp-content\/uploads\/2024\/11\/Untitled-design.png","width":650,"height":250,"caption":"Nembutal Mann"},"image":{"@id":"https:\/\/nembutalman.com\/#\/schema\/logo\/image\/"}}]}},"_links":{"self":[{"href":"https:\/\/nembutalman.com\/es\/wp-json\/wp\/v2\/pages\/20850","targetHints":{"allow":["GET"]}}],"collection":[{"href":"https:\/\/nembutalman.com\/es\/wp-json\/wp\/v2\/pages"}],"about":[{"href":"https:\/\/nembutalman.com\/es\/wp-json\/wp\/v2\/types\/page"}],"author":[{"embeddable":true,"href":"https:\/\/nembutalman.com\/es\/wp-json\/wp\/v2\/users\/13"}],"replies":[{"embeddable":true,"href":"https:\/\/nembutalman.com\/es\/wp-json\/wp\/v2\/comments?post=20850"}],"version-history":[{"count":0,"href":"https:\/\/nembutalman.com\/es\/wp-json\/wp\/v2\/pages\/20850\/revisions"}],"wp:attachment":[{"href":"https:\/\/nembutalman.com\/es\/wp-json\/wp\/v2\/media?parent=20850"}],"curies":[{"name":"wp","href":"https:\/\/api.w.org\/{rel}","templated":true}]}}