{"id":20852,"date":"2024-12-09T15:33:43","date_gmt":"2024-12-09T15:33:43","guid":{"rendered":"https:\/\/nembutalman.com\/?page_id=20852"},"modified":"2024-12-09T16:01:15","modified_gmt":"2024-12-09T16:01:15","slug":"condiciones-generales","status":"publish","type":"page","link":"https:\/\/nembutalman.com\/es\/condiciones-generales\/","title":{"rendered":"Condiciones generales"},"content":{"rendered":"<div data-elementor-type=\"wp-page\" data-elementor-id=\"20852\" class=\"elementor elementor-20852\" data-elementor-post-type=\"page\">\n\t\t\t\t<div class=\"wd-negative-gap elementor-element elementor-element-3445f31e e-flex e-con-boxed e-con e-parent\" data-id=\"3445f31e\" data-element_type=\"container\" data-e-type=\"container\" data-settings=\"{&quot;background_background&quot;:&quot;classic&quot;}\">\n\t\t\t\t\t<div class=\"e-con-inner\">\n\t\t\t\t<div class=\"elementor-element elementor-element-6a93c53 elementor-widget elementor-widget-wd_text_block\" data-id=\"6a93c53\" data-element_type=\"widget\" data-e-type=\"widget\" data-widget_type=\"wd_text_block.default\">\n\t\t\t\t<div class=\"elementor-widget-container\">\n\t\t\t\t\t\t\t<div class=\"wd-text-block reset-last-child text-left color-scheme-light\">\n\t\t\t\n\t\t\t<div class=\"wp-block-columns\">\n<div class=\"wp-block-column has-white-color has-text-color has-background has-link-color\">\n<h2 class=\"wp-block-heading has-white-color has-text-color has-link-color\"><span style=\"color: #c1d43a;\">Bienvenido a Nembutal Mann<\/span><\/h2>\n<!-- \/wp:heading --><!-- wp:paragraph -->\n<p>Estos T\u00e9rminos y Condiciones rigen el uso de nuestro sitio web, servicios y cualquier contenido proporcionado por Nembutal Mann. Al acceder o utilizar este sitio web, usted acepta cumplir estas condiciones. Le rogamos que las lea atentamente.<\/p>\n<!-- \/wp:paragraph --><!-- wp:heading {\"level\":3,\"style\":{\"elements\":{\"link\":{\"color\":{\"text\":\"#c1d43a\"}}},\"color\":{\"text\":\"#c1d43a\"}}} -->\n<h3 class=\"wp-block-heading has-text-color has-link-color\"><span style=\"color: #c1d43a;\">I. Uso general<\/span><\/h3>\n<!-- \/wp:heading --><!-- wp:paragraph -->\n<p><strong><span style=\"color: #c1d43a;\">I.1.<\/span> <span style=\"color: #c1d43a;\">Elegibilidad:<\/span><\/strong>\u00a0Debe tener al menos 18 a\u00f1os para acceder a nuestro sitio web.<br \/><span style=\"color: #c1d43a;\"><strong>I.1. Prop\u00f3sito del contenido:<\/strong><\/span> Toda la informaci\u00f3n contenida en este sitio web tiene \u00fanicamente fines educativos e informativos y no constituye asesoramiento m\u00e9dico.<\/p>\n<!-- \/wp:paragraph --><!-- wp:heading {\"level\":3,\"style\":{\"color\":{\"text\":\"#c1d43a\"},\"elements\":{\"link\":{\"color\":{\"text\":\"#c1d43a\"}}}}} -->\n<h3 class=\"wp-block-heading has-text-color has-link-color\"><span style=\"color: #c1d43a;\"><strong>II. Propiedad intelectual<\/strong><\/span><\/h3>\n<!-- \/wp:heading --><!-- wp:paragraph -->\n<p><span style=\"color: #c1d43a;\"><strong>II.1. DERECHOS DE AUTOR Derechos de autor<\/strong>:<\/span> Todo el contenido de este sitio web, incluidos textos, im\u00e1genes y elementos de dise\u00f1o, es propiedad de Nembutal Mann y est\u00e1 protegido por las leyes de propiedad intelectual.<br \/><span style=\"color: #c1d43a;\"><strong>II.2. Restricciones:<\/strong><\/span> Queda prohibido copiar, reproducir o distribuir cualquier material de este sitio web sin el consentimiento previo por escrito.<\/p>\n<h3><span style=\"color: #c1d43a;\"><strong>III. Responsabilidades del usuario<\/strong><\/span><\/h3>\n<p><span style=\"color: #c1d43a;\"><strong>III.1. Informaci\u00f3n precisa:<\/strong><\/span> Al utilizar nuestros servicios o enviar consultas, usted se compromete a facilitar informaci\u00f3n exacta y completa.<br \/><span style=\"color: #c1d43a;\"><strong>III.2. ACCIONES PROHIBIDAS Acciones prohibidas:<\/strong><\/span> Usted se compromete a no utilizar nuestro sitio web para actividades ilegales o que infrinjan la legislaci\u00f3n aplicable.<\/p>\n<hr \/>\n<h3><span style=\"color: #c1d43a;\"><strong>IV. Exenci\u00f3n de responsabilidad<\/strong><\/span><\/h3>\n<p><span style=\"color: #c1d43a;\"><strong>IV.1 Sin garant\u00edas:<\/strong><\/span> <strong><a href=\"https:\/\/nembutalman.com\/es\/\">En Nembutal Mann<\/a><\/strong> no garantiza la exactitud ni la exhaustividad de la informaci\u00f3n facilitada en este sitio web.<br \/><span style=\"color: #c1d43a;\"><strong>IV.2 Responsabilidad limitada:<\/strong><\/span> No nos hacemos responsables de los da\u00f1os directos o indirectos derivados de su uso del sitio web.<\/p>\n<hr \/>\n<h3><span style=\"color: #c1d43a;\"><strong>V. Enlaces a sitios web de terceros<\/strong><\/span><\/h3>\n<p>Nuestro sitio web puede incluir enlaces a sitios web de terceros con fines informativos. No avalamos ni asumimos responsabilidad alguna por el contenido de estos sitios web.<\/p>\n<hr \/>\n<h3><span style=\"color: #c1d43a;\"><strong>VI. Pol\u00edtica de privacidad<\/strong><\/span><\/h3>\n<p>El uso de este sitio web tambi\u00e9n se rige por nuestra pol\u00edtica de privacidad. <a href=\"https:\/\/nembutalman.com\/es\/politica-de-privacidad\/\" rel=\"noopener\">Pol\u00edtica de privacidad<\/a>que explica c\u00f3mo recogemos, utilizamos y protegemos sus datos.<\/p>\n<hr \/>\n<h3><span style=\"color: #c1d43a;\"><strong>VII. Modificaci\u00f3n de las condiciones<\/strong><\/span><\/h3>\n<p>Nos reservamos el derecho de actualizar o modificar estos T\u00e9rminos y Condiciones en cualquier momento sin previo aviso. Revise peri\u00f3dicamente esta p\u00e1gina para comprobar si se han producido cambios.<\/p>\n<h3><span style=\"color: #c1d43a;\"><strong>VIII. Derecho aplicable<\/strong><\/span><\/h3>\n<p>Las presentes Condiciones Generales se regir\u00e1n e interpretar\u00e1n de conformidad con la legislaci\u00f3n de su jurisdicci\u00f3n.<\/p>\n<!-- \/wp:paragraph --><\/div>\n<!-- \/wp:column --><\/div>\n<p><!-- \/wp:columns --><!-- wp:paragraph --><\/p>\n<p>\u00a0<\/p>\n\t\t\t\t\t<\/div>\n\t\t\t\t\t\t<\/div>\n\t\t\t\t<\/div>\n\t\t\t\t\t<\/div>\n\t\t\t\t<\/div>\n\t\t\t\t<\/div>","protected":false},"excerpt":{"rendered":"<p>Welcome to Nembutal Mann These Terms and Conditions govern your use of our website, services, and any content provided by<\/p>","protected":false},"author":13,"featured_media":0,"parent":0,"menu_order":0,"comment_status":"closed","ping_status":"closed","template":"","meta":{"footnotes":""},"class_list":["post-20852","page","type-page","status-publish","hentry"],"yoast_head":"<!-- This site is optimized with the Yoast SEO Premium plugin v24.2 (Yoast SEO v27.3) - https:\/\/yoast.com\/product\/yoast-seo-premium-wordpress\/ -->\n<title>Terms and Conditions | Nembutal Mann \u2013 Policies, User Agreement<\/title>\n<meta name=\"description\" content=\"Nembutal Mann\u2019s Terms and Conditions. Learn user responsibilities, intellectual property rights, disclaimers, commitment to ethical practices.\" \/>\n<meta name=\"robots\" content=\"index, follow, max-snippet:-1, max-image-preview:large, max-video-preview:-1\" \/>\n<link rel=\"canonical\" href=\"https:\/\/nembutalman.com\/es\/condiciones-generales\/\" \/>\n<meta property=\"og:locale\" content=\"es_ES\" \/>\n<meta property=\"og:type\" content=\"article\" \/>\n<meta property=\"og:title\" content=\"Terms and Conditions | Nembutal Mann \u2013 Policies, User Agreement\" \/>\n<meta property=\"og:description\" content=\"Nembutal Mann\u2019s Terms and Conditions. Learn user responsibilities, intellectual property rights, disclaimers, commitment to ethical practices.\" \/>\n<meta property=\"og:url\" content=\"https:\/\/nembutalman.com\/es\/condiciones-generales\/\" \/>\n<meta property=\"og:site_name\" content=\"Nembutal Mann\" \/>\n<meta property=\"article:modified_time\" content=\"2024-12-09T16:01:15+00:00\" \/>\n<meta property=\"og:image\" content=\"https:\/\/nembutalman.com\/wp-content\/uploads\/2024\/11\/home4.jpg\" \/>\n\t<meta property=\"og:image:width\" content=\"360\" \/>\n\t<meta property=\"og:image:height\" content=\"360\" \/>\n\t<meta property=\"og:image:type\" content=\"image\/jpeg\" \/>\n<meta name=\"twitter:card\" content=\"summary_large_image\" \/>\n<meta name=\"twitter:title\" content=\"Terms and Conditions | Nembutal Mann \u2013 Policies, User Agreement\" \/>\n<meta name=\"twitter:description\" content=\"Nembutal Mann\u2019s Terms and Conditions. Learn user responsibilities, intellectual property rights, disclaimers, commitment to ethical practices.\" \/>\n<meta name=\"twitter:label1\" content=\"Est. reading time\" \/>\n\t<meta name=\"twitter:data1\" content=\"2 minutos\" \/>\n<script type=\"application\/ld+json\" class=\"yoast-schema-graph\">{\"@context\":\"https:\\\/\\\/schema.org\",\"@graph\":[{\"@type\":\"WebPage\",\"@id\":\"https:\\\/\\\/nembutalman.com\\\/terms-and-conditions\\\/\",\"url\":\"https:\\\/\\\/nembutalman.com\\\/terms-and-conditions\\\/\",\"name\":\"Terms and Conditions | Nembutal Mann \u2013 Policies, User Agreement\",\"isPartOf\":{\"@id\":\"https:\\\/\\\/nembutalman.com\\\/#website\"},\"datePublished\":\"2024-12-09T15:33:43+00:00\",\"dateModified\":\"2024-12-09T16:01:15+00:00\",\"description\":\"Nembutal Mann\u2019s Terms and Conditions. Learn user responsibilities, intellectual property rights, disclaimers, commitment to ethical practices.\",\"breadcrumb\":{\"@id\":\"https:\\\/\\\/nembutalman.com\\\/terms-and-conditions\\\/#breadcrumb\"},\"inLanguage\":\"es\",\"potentialAction\":[{\"@type\":\"ReadAction\",\"target\":[\"https:\\\/\\\/nembutalman.com\\\/terms-and-conditions\\\/\"]}]},{\"@type\":\"BreadcrumbList\",\"@id\":\"https:\\\/\\\/nembutalman.com\\\/terms-and-conditions\\\/#breadcrumb\",\"itemListElement\":[{\"@type\":\"ListItem\",\"position\":1,\"name\":\"Home\",\"item\":\"https:\\\/\\\/nembutalman.com\\\/\"},{\"@type\":\"ListItem\",\"position\":2,\"name\":\"Terms &amp; Conditions\"}]},{\"@type\":\"WebSite\",\"@id\":\"https:\\\/\\\/nembutalman.com\\\/#website\",\"url\":\"https:\\\/\\\/nembutalman.com\\\/\",\"name\":\"Nembutal Mann\",\"description\":\"Nembutal Kaufen Deutschland\",\"publisher\":{\"@id\":\"https:\\\/\\\/nembutalman.com\\\/#organization\"},\"potentialAction\":[{\"@type\":\"SearchAction\",\"target\":{\"@type\":\"EntryPoint\",\"urlTemplate\":\"https:\\\/\\\/nembutalman.com\\\/?s={search_term_string}\"},\"query-input\":{\"@type\":\"PropertyValueSpecification\",\"valueRequired\":true,\"valueName\":\"search_term_string\"}}],\"inLanguage\":\"es\"},{\"@type\":\"Organization\",\"@id\":\"https:\\\/\\\/nembutalman.com\\\/#organization\",\"name\":\"Nembutal Mann\",\"url\":\"https:\\\/\\\/nembutalman.com\\\/\",\"logo\":{\"@type\":\"ImageObject\",\"inLanguage\":\"es\",\"@id\":\"https:\\\/\\\/nembutalman.com\\\/#\\\/schema\\\/logo\\\/image\\\/\",\"url\":\"https:\\\/\\\/nembutalman.com\\\/wp-content\\\/uploads\\\/2024\\\/11\\\/Untitled-design.png\",\"contentUrl\":\"https:\\\/\\\/nembutalman.com\\\/wp-content\\\/uploads\\\/2024\\\/11\\\/Untitled-design.png\",\"width\":650,\"height\":250,\"caption\":\"Nembutal Mann\"},\"image\":{\"@id\":\"https:\\\/\\\/nembutalman.com\\\/#\\\/schema\\\/logo\\\/image\\\/\"}}]}<\/script>\n<!-- \/ Yoast SEO Premium plugin. -->","yoast_head_json":{"title":"T\u00e9rminos y Condiciones | Nembutal Mann - Pol\u00edticas, Acuerdo de Usuario","description":"T\u00e9rminos y condiciones de Nembutal Mann. Conozca las responsabilidades del usuario, los derechos de propiedad intelectual, las exenciones de responsabilidad y el compromiso con las pr\u00e1cticas \u00e9ticas.","robots":{"index":"index","follow":"follow","max-snippet":"max-snippet:-1","max-image-preview":"max-image-preview:large","max-video-preview":"max-video-preview:-1"},"canonical":"https:\/\/nembutalman.com\/es\/condiciones-generales\/","og_locale":"es_ES","og_type":"article","og_title":"Terms and Conditions | Nembutal Mann \u2013 Policies, User Agreement","og_description":"Nembutal Mann\u2019s Terms and Conditions. Learn user responsibilities, intellectual property rights, disclaimers, commitment to ethical practices.","og_url":"https:\/\/nembutalman.com\/es\/condiciones-generales\/","og_site_name":"Nembutal Mann","article_modified_time":"2024-12-09T16:01:15+00:00","og_image":[{"width":360,"height":360,"url":"https:\/\/nembutalman.com\/wp-content\/uploads\/2024\/11\/home4.jpg","type":"image\/jpeg"}],"twitter_card":"summary_large_image","twitter_title":"Terms and Conditions | Nembutal Mann \u2013 Policies, User Agreement","twitter_description":"Nembutal Mann\u2019s Terms and Conditions. Learn user responsibilities, intellectual property rights, disclaimers, commitment to ethical practices.","twitter_misc":{"Est. reading time":"2 minutos"},"schema":{"@context":"https:\/\/schema.org","@graph":[{"@type":"WebPage","@id":"https:\/\/nembutalman.com\/terms-and-conditions\/","url":"https:\/\/nembutalman.com\/terms-and-conditions\/","name":"T\u00e9rminos y Condiciones | Nembutal Mann - Pol\u00edticas, Acuerdo de Usuario","isPartOf":{"@id":"https:\/\/nembutalman.com\/#website"},"datePublished":"2024-12-09T15:33:43+00:00","dateModified":"2024-12-09T16:01:15+00:00","description":"T\u00e9rminos y condiciones de Nembutal Mann. Conozca las responsabilidades del usuario, los derechos de propiedad intelectual, las exenciones de responsabilidad y el compromiso con las pr\u00e1cticas \u00e9ticas.","breadcrumb":{"@id":"https:\/\/nembutalman.com\/terms-and-conditions\/#breadcrumb"},"inLanguage":"es","potentialAction":[{"@type":"ReadAction","target":["https:\/\/nembutalman.com\/terms-and-conditions\/"]}]},{"@type":"BreadcrumbList","@id":"https:\/\/nembutalman.com\/terms-and-conditions\/#breadcrumb","itemListElement":[{"@type":"ListItem","position":1,"name":"Home","item":"https:\/\/nembutalman.com\/"},{"@type":"ListItem","position":2,"name":"Terms &amp; Conditions"}]},{"@type":"WebSite","@id":"https:\/\/nembutalman.com\/#website","url":"https:\/\/nembutalman.com\/","name":"En Nembutal Mann","description":"Nembutal Kaufen Deutschland","publisher":{"@id":"https:\/\/nembutalman.com\/#organization"},"potentialAction":[{"@type":"SearchAction","target":{"@type":"EntryPoint","urlTemplate":"https:\/\/nembutalman.com\/?s={search_term_string}"},"query-input":{"@type":"PropertyValueSpecification","valueRequired":true,"valueName":"search_term_string"}}],"inLanguage":"es"},{"@type":"Organization","@id":"https:\/\/nembutalman.com\/#organization","name":"En Nembutal Mann","url":"https:\/\/nembutalman.com\/","logo":{"@type":"ImageObject","inLanguage":"es","@id":"https:\/\/nembutalman.com\/#\/schema\/logo\/image\/","url":"https:\/\/nembutalman.com\/wp-content\/uploads\/2024\/11\/Untitled-design.png","contentUrl":"https:\/\/nembutalman.com\/wp-content\/uploads\/2024\/11\/Untitled-design.png","width":650,"height":250,"caption":"Nembutal Mann"},"image":{"@id":"https:\/\/nembutalman.com\/#\/schema\/logo\/image\/"}}]}},"_links":{"self":[{"href":"https:\/\/nembutalman.com\/es\/wp-json\/wp\/v2\/pages\/20852","targetHints":{"allow":["GET"]}}],"collection":[{"href":"https:\/\/nembutalman.com\/es\/wp-json\/wp\/v2\/pages"}],"about":[{"href":"https:\/\/nembutalman.com\/es\/wp-json\/wp\/v2\/types\/page"}],"author":[{"embeddable":true,"href":"https:\/\/nembutalman.com\/es\/wp-json\/wp\/v2\/users\/13"}],"replies":[{"embeddable":true,"href":"https:\/\/nembutalman.com\/es\/wp-json\/wp\/v2\/comments?post=20852"}],"version-history":[{"count":0,"href":"https:\/\/nembutalman.com\/es\/wp-json\/wp\/v2\/pages\/20852\/revisions"}],"wp:attachment":[{"href":"https:\/\/nembutalman.com\/es\/wp-json\/wp\/v2\/media?parent=20852"}],"curies":[{"name":"wp","href":"https:\/\/api.w.org\/{rel}","templated":true}]}}