{"id":7386,"date":"2022-05-31T01:25:33","date_gmt":"2022-05-31T01:25:33","guid":{"rendered":"https:\/\/nembutalman.com\/?post_type=product&#038;p=7386"},"modified":"2026-02-17T18:28:18","modified_gmt":"2026-02-17T18:28:18","slug":"comprar-nembutal-liquido-online","status":"publish","type":"product","link":"https:\/\/nembutalman.com\/es\/producto\/comprar-nembutal-liquido-online\/","title":{"rendered":"Nembutal L\u00edquido inyectable"},"content":{"rendered":"<div data-elementor-type=\"product-post\" data-elementor-id=\"7386\" class=\"elementor elementor-7386\" data-elementor-post-type=\"product\">\n\t\t\t\t<div class=\"wd-negative-gap elementor-element elementor-element-f1203e2 e-flex e-con-boxed e-con e-parent\" data-id=\"f1203e2\" data-element_type=\"container\" data-e-type=\"container\">\n\t\t\t\t\t<div class=\"e-con-inner\">\n\t\t\t\t<div class=\"elementor-element elementor-element-4ef0951 wd-width-100 elementor-widget elementor-widget-wd_title\" data-id=\"4ef0951\" data-element_type=\"widget\" data-e-type=\"widget\" data-widget_type=\"wd_title.default\">\n\t\t\t\t<div class=\"elementor-widget-container\">\n\t\t\t\t\t\t\t<div class=\"title-wrapper wd-set-mb reset-last-child wd-title-color-primary wd-title-style-default wd-title-size-default text-left\">\n\n\t\t\t\t\t\t\t\t\t\t\t<div class=\"title-subtitle subtitle-color-primary subtitle-style-background wd-fontsize-xs\">\n\t\t\t\t\tComprar Nembutal L\u00edquido Online: Calidad fiable y entrega segura\t\t\t\t<\/div>\n\t\t\t\n\t\t\t<div class=\"liner-continer\">\n\t\t\t\t<h4 class=\"woodmart-title-container title wd-fontsize-l\">\u00bfBusca una fuente de confianza para comprar Nembutal l\u00edquido o soluci\u00f3n de Nembutal en l\u00ednea?<\/h4> \n\t\t\t\t\t\t\t<\/div>\n\n\t\t\t\t\t\t\t<div class=\"title-after_title reset-last-child wd-fontsize-xs\">\n\t\t\t\t\t<p>Si est\u00e1 pensando en comprar Nembutal l\u00edquido en l\u00ednea, es esencial encontrar un proveedor fiable. El Nembutal l\u00edquido, tambi\u00e9n conocido como <strong>Soluci\u00f3n de Nembutal<\/strong>se utiliza ampliamente en medicina, veterinaria e investigaci\u00f3n. En <strong>En Nembutal Mann<\/strong>En nuestra p\u00e1gina web, garantizamos productos de alta calidad, transacciones seguras y env\u00edos discretos a toda Europa.<\/p>\t\t\t\t<\/div>\n\t\t\t\t\t<\/div>\n\t\t\t\t\t\t<\/div>\n\t\t\t\t<\/div>\n\t\t\t\t<div class=\"elementor-element elementor-element-6bf0bfe wd-width-100 elementor-widget elementor-widget-wd_title\" data-id=\"6bf0bfe\" data-element_type=\"widget\" data-e-type=\"widget\" data-widget_type=\"wd_title.default\">\n\t\t\t\t<div class=\"elementor-widget-container\">\n\t\t\t\t\t\t\t<div class=\"title-wrapper wd-set-mb reset-last-child wd-title-color-primary wd-title-style-underlined wd-title-size-default text-left\">\n\n\t\t\t\n\t\t\t<div class=\"liner-continer\">\n\t\t\t\t<h5 class=\"woodmart-title-container title wd-fontsize-l\">\u00bfQu\u00e9 es el Nembutal l\u00edquido?<\/h5> \n\t\t\t\t\t\t\t<\/div>\n\n\t\t\t\t\t\t\t<div class=\"title-after_title reset-last-child wd-fontsize-xs\">\n\t\t\t\t\t<p>Nembutal l\u00edquido, tambi\u00e9n conocido como <strong>soluci\u00f3n de pentobarbital s\u00f3dico<\/strong>es un barbit\u00farico utilizado para:<\/p><ul><li><strong>Uso m\u00e9dico:<\/strong> Control del insomnio grave, las convulsiones o la sedaci\u00f3n prequir\u00fargica.<\/li><li><strong>Uso veterinario:<\/strong> Anestesia general y eutanasia humanitaria para animales.<\/li><li><strong>Aplicaciones de la investigaci\u00f3n:<\/strong> Ideal para estudios farmacol\u00f3gicos de laboratorio.<\/li><\/ul><p>Nuestro Nembutal l\u00edquido se prepara en condiciones de calidad farmac\u00e9utica, lo que garantiza su pureza y fiabilidad.<\/p>\t\t\t\t<\/div>\n\t\t\t\t\t<\/div>\n\t\t\t\t\t\t<\/div>\n\t\t\t\t<\/div>\n\t\t\t\t<div class=\"elementor-element elementor-element-948a57d wd-width-100 elementor-widget elementor-widget-wd_title\" data-id=\"948a57d\" data-element_type=\"widget\" data-e-type=\"widget\" data-widget_type=\"wd_title.default\">\n\t\t\t\t<div class=\"elementor-widget-container\">\n\t\t\t\t\t\t\t<div class=\"title-wrapper wd-set-mb reset-last-child wd-title-color-primary wd-title-style-underlined wd-title-size-default text-left\">\n\n\t\t\t\n\t\t\t<div class=\"liner-continer\">\n\t\t\t\t<h5 class=\"woodmart-title-container title wd-fontsize-l\">\u00bfPor qu\u00e9 comprar Nembutal soluci\u00f3n en l\u00ednea de nosotros?<\/h5> \n\t\t\t\t\t\t\t<\/div>\n\n\t\t\t\t\t\t\t<div class=\"title-after_title reset-last-child wd-fontsize-xs\">\n\t\t\t\t\t<p><strong>1. Normas de alta calidad<\/strong><\/p><p>Proporcionamos soluci\u00f3n l\u00edquida de Nembutal de calidad farmac\u00e9utica, verificada mediante rigurosas pruebas de laboratorio para cumplir los m\u00e1s altos est\u00e1ndares de pureza y eficacia.<\/p><p><strong>2. Transacciones seguras y discretas<\/strong><\/p><ul><li><strong>Env\u00edo confidencial:<\/strong> Cada pedido se embala discretamente para proteger su intimidad.<\/li><li><strong>Seguridad avanzada:<\/strong> Nuestra plataforma utiliza un cifrado robusto para realizar compras en l\u00ednea seguras.<\/li><\/ul><p><strong>3. Cumplimiento legal<\/strong><\/p><p>Cumplimos todas las normativas de la UE relativas a la venta y el suministro seguros de Nembutal l\u00edquido, lo que garantiza que recibir\u00e1 un producto que cumple las normas legales y de seguridad. <a href=\"https:\/\/www.touteleurope.eu\/societe\/l-euthanasie-en-europe\/\">Pulse aqu\u00ed<\/a> para comprobar la normativa de la UE sobre Nembutal para su pa\u00eds.<\/p><p><strong>4. Entrega fiable<\/strong><\/p><p>Estamos especializados en entregas seguras y puntuales a pa\u00edses de la UE, con seguimiento y asistencia al cliente para cada pedido.<\/p>\t\t\t\t<\/div>\n\t\t\t\t\t<\/div>\n\t\t\t\t\t\t<\/div>\n\t\t\t\t<\/div>\n\t\t\t\t<div class=\"elementor-element elementor-element-fcec8ef wd-width-100 elementor-widget elementor-widget-wd_title\" data-id=\"fcec8ef\" data-element_type=\"widget\" data-e-type=\"widget\" data-widget_type=\"wd_title.default\">\n\t\t\t\t<div class=\"elementor-widget-container\">\n\t\t\t\t\t\t\t<div class=\"title-wrapper wd-set-mb reset-last-child wd-title-color-primary wd-title-style-underlined wd-title-size-default text-left\">\n\n\t\t\t\n\t\t\t<div class=\"liner-continer\">\n\t\t\t\t<h5 class=\"woodmart-title-container title wd-fontsize-l\">C\u00f3mo utilizar con seguridad la soluci\u00f3n l\u00edquida de Nembutal<\/h5> \n\t\t\t\t\t\t\t<\/div>\n\n\t\t\t\t\t\t\t<div class=\"title-after_title reset-last-child wd-fontsize-xs\">\n\t\t\t\t\t<p>La manipulaci\u00f3n y administraci\u00f3n adecuadas son esenciales para un uso seguro:<\/p><ul><li><strong>Posolog\u00eda orientativa:<\/strong> Consulte siempre a un profesional autorizado para determinar la dosis correcta.<\/li><li><strong>Instrucciones de almacenamiento:<\/strong> Conserve la soluci\u00f3n en un lugar fresco y seco, fuera del alcance de personas no autorizadas.<\/li><li><strong>Aplicaciones leg\u00edtimas:<\/strong> Garantizar que el uso se limita a fines m\u00e9dicos, veterinarios o de investigaci\u00f3n v\u00e1lidos.<\/li><\/ul>\t\t\t\t<\/div>\n\t\t\t\t\t<\/div>\n\t\t\t\t\t\t<\/div>\n\t\t\t\t<\/div>\n\t\t\t\t<div class=\"elementor-element elementor-element-ae6138f wd-width-100 elementor-widget elementor-widget-wd_title\" data-id=\"ae6138f\" data-element_type=\"widget\" data-e-type=\"widget\" data-widget_type=\"wd_title.default\">\n\t\t\t\t<div class=\"elementor-widget-container\">\n\t\t\t\t\t\t\t<div class=\"title-wrapper wd-set-mb reset-last-child wd-title-color-primary wd-title-style-underlined wd-title-size-default text-left\">\n\n\t\t\t\n\t\t\t<div class=\"liner-continer\">\n\t\t\t\t<h5 class=\"woodmart-title-container title wd-fontsize-l\">Preguntas frecuentes sobre la compra de soluci\u00f3n de Nembutal en l\u00ednea<\/h5> \n\t\t\t\t\t\t\t<\/div>\n\n\t\t\t\t\t<\/div>\n\t\t\t\t\t\t<\/div>\n\t\t\t\t<\/div>\n\t\t\t\t<div class=\"elementor-element elementor-element-b5f9363 elementor-widget elementor-widget-n-accordion\" data-id=\"b5f9363\" data-element_type=\"widget\" data-e-type=\"widget\" data-settings=\"{&quot;default_state&quot;:&quot;all_collapsed&quot;,&quot;max_items_expended&quot;:&quot;one&quot;,&quot;n_accordion_animation_duration&quot;:{&quot;unit&quot;:&quot;ms&quot;,&quot;size&quot;:400,&quot;sizes&quot;:[]}}\" data-widget_type=\"nested-accordion.default\">\n\t\t\t\t<div class=\"elementor-widget-container\">\n\t\t\t\t\t\t\t<div class=\"e-n-accordion\" aria-label=\"Acorde\u00f3n. Abra los enlaces con Intro o Espacio, ci\u00e9rrelos con Escape y navegue con las teclas de flecha.\">\n\t\t\t\t\t\t<details id=\"e-n-accordion-item-1900\" class=\"e-n-accordion-item\" >\n\t\t\t\t<summary class=\"e-n-accordion-item-title\" data-accordion-index=\"1\" tabindex=\"0\" aria-expanded=\"false\" aria-controls=\"e-n-accordion-item-1900\" >\n\t\t\t\t\t<span class='e-n-accordion-item-title-header'><div class=\"e-n-accordion-item-title-text\"> \u00bfC\u00f3mo se envasa el Nembutal l\u00edquido? <\/div><\/span>\n\t\t\t\t\t\t\t<span class='e-n-accordion-item-title-icon'>\n\t\t\t<span class='e-opened' ><i aria-hidden=\"true\" class=\"fas fa-stop-circle\"><\/i><\/span>\n\t\t\t<span class='e-closed'><i aria-hidden=\"true\" class=\"fas fa-play-circle\"><\/i><\/span>\n\t\t<\/span>\n\n\t\t\t\t\t\t<\/summary>\n\t\t\t\t<div role=\"region\" aria-labelledby=\"e-n-accordion-item-1900\" class=\"elementor-element elementor-element-6bb191d e-con-full e-flex e-con e-child\" data-id=\"6bb191d\" data-element_type=\"container\" data-e-type=\"container\">\n\t\t\t\t<div class=\"elementor-element elementor-element-c0ed5d8 elementor-widget elementor-widget-wd_text_block\" data-id=\"c0ed5d8\" data-element_type=\"widget\" data-e-type=\"widget\" data-widget_type=\"wd_text_block.default\">\n\t\t\t\t<div class=\"elementor-widget-container\">\n\t\t\t\t\t\t\t<div class=\"wd-text-block reset-last-child text-left color-title\">\n\t\t\t\n\t\t\t<p>Utilizamos viales a prueba de manipulaciones y envases discretos y sin marcas para mantener la privacidad y la calidad del producto durante el transporte.<\/p>\n\t\t\t\t\t<\/div>\n\t\t\t\t\t\t<\/div>\n\t\t\t\t<\/div>\n\t\t\t\t<\/div>\n\t\t\t\t\t<\/details>\n\t\t\t\t\t\t<details id=\"e-n-accordion-item-1901\" class=\"e-n-accordion-item\" >\n\t\t\t\t<summary class=\"e-n-accordion-item-title\" data-accordion-index=\"2\" tabindex=\"-1\" aria-expanded=\"false\" aria-controls=\"e-n-accordion-item-1901\" >\n\t\t\t\t\t<span class='e-n-accordion-item-title-header'><div class=\"e-n-accordion-item-title-text\"> \u00bfCu\u00e1les son los posibles efectos secundarios? <\/div><\/span>\n\t\t\t\t\t\t\t<span class='e-n-accordion-item-title-icon'>\n\t\t\t<span class='e-opened' ><i aria-hidden=\"true\" class=\"fas fa-stop-circle\"><\/i><\/span>\n\t\t\t<span class='e-closed'><i aria-hidden=\"true\" class=\"fas fa-play-circle\"><\/i><\/span>\n\t\t<\/span>\n\n\t\t\t\t\t\t<\/summary>\n\t\t\t\t<div role=\"region\" aria-labelledby=\"e-n-accordion-item-1901\" class=\"elementor-element elementor-element-6ace40c e-con-full e-flex e-con e-child\" data-id=\"6ace40c\" data-element_type=\"container\" data-e-type=\"container\">\n\t\t\t\t<div class=\"elementor-element elementor-element-f2c8e8b elementor-widget elementor-widget-wd_text_block\" data-id=\"f2c8e8b\" data-element_type=\"widget\" data-e-type=\"widget\" data-widget_type=\"wd_text_block.default\">\n\t\t\t\t<div class=\"elementor-widget-container\">\n\t\t\t\t\t\t\t<div class=\"wd-text-block reset-last-child text-left color-title\">\n\t\t\t\n\t\t\t<p>Aunque generalmente es seguro si se utiliza correctamente, el Nembutal l\u00edquido puede causar mareos, n\u00e1useas o somnolencia. Los efectos secundarios graves, como problemas respiratorios, requieren atenci\u00f3n m\u00e9dica inmediata.<\/p>\n\t\t\t\t\t<\/div>\n\t\t\t\t\t\t<\/div>\n\t\t\t\t<\/div>\n\t\t\t\t<\/div>\n\t\t\t\t\t<\/details>\n\t\t\t\t\t\t<details id=\"e-n-accordion-item-1902\" class=\"e-n-accordion-item\" >\n\t\t\t\t<summary class=\"e-n-accordion-item-title\" data-accordion-index=\"3\" tabindex=\"-1\" aria-expanded=\"false\" aria-controls=\"e-n-accordion-item-1902\" >\n\t\t\t\t\t<span class='e-n-accordion-item-title-header'><div class=\"e-n-accordion-item-title-text\"> \u00bfEs seguro comprar comprimidos de Nembutal por Internet? <\/div><\/span>\n\t\t\t\t\t\t\t<span class='e-n-accordion-item-title-icon'>\n\t\t\t<span class='e-opened' ><i aria-hidden=\"true\" class=\"fas fa-stop-circle\"><\/i><\/span>\n\t\t\t<span class='e-closed'><i aria-hidden=\"true\" class=\"fas fa-play-circle\"><\/i><\/span>\n\t\t<\/span>\n\n\t\t\t\t\t\t<\/summary>\n\t\t\t\t<div role=\"region\" aria-labelledby=\"e-n-accordion-item-1902\" class=\"elementor-element elementor-element-eb2448d e-con-full e-flex e-con e-child\" data-id=\"eb2448d\" data-element_type=\"container\" data-e-type=\"container\">\n\t\t\t\t<div class=\"elementor-element elementor-element-5cd6d1f elementor-widget elementor-widget-wd_text_block\" data-id=\"5cd6d1f\" data-element_type=\"widget\" data-e-type=\"widget\" data-widget_type=\"wd_text_block.default\">\n\t\t\t\t<div class=\"elementor-widget-container\">\n\t\t\t\t\t\t\t<div class=\"wd-text-block reset-last-child text-left color-title\">\n\t\t\t\n\t\t\t<p><strong>S\u00cd<\/strong>es seguro comprar Nembutal online si elige un proveedor de confianza como <strong>En Nembutal Mann<\/strong>. Garantizamos transacciones seguras y productos aut\u00e9nticos.<\/p>\n\t\t\t\t\t<\/div>\n\t\t\t\t\t\t<\/div>\n\t\t\t\t<\/div>\n\t\t\t\t<\/div>\n\t\t\t\t\t<\/details>\n\t\t\t\t\t<\/div>\n\t\t\t\t\t\t<\/div>\n\t\t\t\t<\/div>\n\t\t\t\t<div class=\"elementor-element elementor-element-dd6417e wd-width-100 elementor-widget elementor-widget-wd_title\" data-id=\"dd6417e\" data-element_type=\"widget\" data-e-type=\"widget\" data-widget_type=\"wd_title.default\">\n\t\t\t\t<div class=\"elementor-widget-container\">\n\t\t\t\t\t\t\t<div class=\"title-wrapper wd-set-mb reset-last-child wd-title-color-primary wd-title-style-underlined wd-title-size-default text-left\">\n\n\t\t\t\n\t\t\t<div class=\"liner-continer\">\n\t\t\t\t<h5 class=\"woodmart-title-container title wd-fontsize-l\">Pida Nembutal Soluci\u00f3n Online Hoy<\/h5> \n\t\t\t\t\t\t\t<\/div>\n\n\t\t\t\t\t\t\t<div class=\"title-after_title reset-last-child wd-fontsize-xs\">\n\t\t\t\t\t<p>Elimine la molestia de comprar Nembutal l\u00edquido. En <strong>En Nembutal Mann<\/strong>combinamos calidad superior, compras seguras y entrega fiable para garantizar su satisfacci\u00f3n.<\/p><p><strong>Haga su pedido ahora y disfrute de un servicio impecable de principio a fin.<br \/><br \/><br \/><\/strong>\u00bfBusca algo m\u00e1s? Puede <a href=\"https:\/\/nembutalman.com\/es\/producto\/nembutal-pastillas-comprar-online\/\">comprar Nembutal comprimidos online<\/a> o <a href=\"https:\/\/nembutalman.com\/es\/producto\/comprar-nembutal-polvo-online\/\">comprar Nembutal en polvo online<\/a><\/p>\t\t\t\t<\/div>\n\t\t\t\t\t<\/div>\n\t\t\t\t\t\t<\/div>\n\t\t\t\t<\/div>\n\t\t\t\t\t<\/div>\n\t\t\t\t<\/div>\n\t\t\t\t<\/div>","protected":false},"excerpt":{"rendered":"<p>\u00bfQuiere comprar Nembutal l\u00edquido online? Nuestra soluci\u00f3n de Nembutal de calidad farmac\u00e9utica ofrece una calidad inigualable, fiabilidad y entrega segura en toda Europa. Ideal para aplicaciones m\u00e9dicas, veterinarias y de investigaci\u00f3n, este producto cumple las estrictas normativas de la UE para su tranquilidad. Haga su pedido ahora y disfrute de una experiencia de compra discreta y sin complicaciones.<\/p>","protected":false},"featured_media":20987,"comment_status":"open","ping_status":"closed","template":"","meta":[],"product_brand":[],"product_cat":[474],"product_tag":[],"class_list":{"0":"post-7386","1":"product","2":"type-product","3":"status-publish","4":"has-post-thumbnail","6":"product_cat-buy-nembutal","8":"first","9":"instock","10":"featured","11":"shipping-taxable","12":"purchasable","13":"product-type-variable"},"yoast_head":"<!-- This site is optimized with the Yoast SEO Premium plugin v24.2 (Yoast SEO v27.4) - https:\/\/yoast.com\/product\/yoast-seo-premium-wordpress\/ -->\n<title>Buy Liquid Nembutal Online | Nembutal Mann - Safe EU Delivery<\/title>\n<meta name=\"description\" content=\"Looking to buy liquid Nembutal or Nembutal solution online? Discover pharmaceutical-grade sodium pentobarbital solution with secure EU shipping. Order today\" \/>\n<meta name=\"robots\" content=\"index, follow, max-snippet:-1, max-image-preview:large, max-video-preview:-1\" \/>\n<link rel=\"canonical\" href=\"https:\/\/nembutalman.com\/es\/producto\/comprar-nembutal-liquido-online\/\" \/>\n<meta property=\"og:locale\" content=\"es_ES\" \/>\n<meta property=\"og:type\" content=\"article\" \/>\n<meta property=\"og:title\" content=\"Buy Liquid Nembutal Online | Nembutal Mann - Safe EU Delivery\" \/>\n<meta property=\"og:description\" content=\"Looking to buy liquid Nembutal or Nembutal solution online? Discover pharmaceutical-grade sodium pentobarbital solution with secure EU shipping. Order today\" \/>\n<meta property=\"og:url\" content=\"https:\/\/nembutalman.com\/es\/producto\/comprar-nembutal-liquido-online\/\" \/>\n<meta property=\"og:site_name\" content=\"Nembutal Mann\" \/>\n<meta property=\"article:modified_time\" content=\"2026-02-17T18:28:18+00:00\" \/>\n<meta property=\"og:image\" content=\"https:\/\/nembutalman.com\/wp-content\/uploads\/2022\/05\/nembutal-injectable-liquid.jpg\" \/>\n\t<meta property=\"og:image:width\" content=\"933\" \/>\n\t<meta property=\"og:image:height\" content=\"933\" \/>\n\t<meta property=\"og:image:type\" content=\"image\/jpeg\" \/>\n<meta name=\"twitter:card\" content=\"summary_large_image\" \/>\n<meta name=\"twitter:title\" content=\"Buy Liquid Nembutal Online | Nembutal Mann - Safe EU Delivery\" \/>\n<meta name=\"twitter:description\" content=\"Looking to buy liquid Nembutal or Nembutal solution online? Discover pharmaceutical-grade sodium pentobarbital solution with secure EU shipping. Order today\" \/>\n<meta name=\"twitter:label1\" content=\"Est. reading time\" \/>\n\t<meta name=\"twitter:data1\" content=\"3 minutos\" \/>\n<script type=\"application\/ld+json\" class=\"yoast-schema-graph\">{\"@context\":\"https:\\\/\\\/schema.org\",\"@graph\":[{\"@type\":\"WebPage\",\"@id\":\"https:\\\/\\\/nembutalman.com\\\/product\\\/buy-liquid-nembutal-online\\\/\",\"url\":\"https:\\\/\\\/nembutalman.com\\\/product\\\/buy-liquid-nembutal-online\\\/\",\"name\":\"Buy Liquid Nembutal Online | Nembutal Mann - Safe EU Delivery\",\"isPartOf\":{\"@id\":\"https:\\\/\\\/nembutalman.com\\\/#website\"},\"primaryImageOfPage\":{\"@id\":\"https:\\\/\\\/nembutalman.com\\\/product\\\/buy-liquid-nembutal-online\\\/#primaryimage\"},\"image\":{\"@id\":\"https:\\\/\\\/nembutalman.com\\\/product\\\/buy-liquid-nembutal-online\\\/#primaryimage\"},\"thumbnailUrl\":\"https:\\\/\\\/nembutalman.com\\\/wp-content\\\/uploads\\\/2022\\\/05\\\/nembutal-injectable-liquid.jpg\",\"datePublished\":\"2022-05-31T01:25:33+00:00\",\"dateModified\":\"2026-02-17T18:28:18+00:00\",\"description\":\"Looking to buy liquid Nembutal or Nembutal solution online? Discover pharmaceutical-grade sodium pentobarbital solution with secure EU shipping. Order today\",\"breadcrumb\":{\"@id\":\"https:\\\/\\\/nembutalman.com\\\/product\\\/buy-liquid-nembutal-online\\\/#breadcrumb\"},\"inLanguage\":\"es\",\"potentialAction\":[{\"@type\":\"ReadAction\",\"target\":[\"https:\\\/\\\/nembutalman.com\\\/product\\\/buy-liquid-nembutal-online\\\/\"]}]},{\"@type\":\"ImageObject\",\"inLanguage\":\"es\",\"@id\":\"https:\\\/\\\/nembutalman.com\\\/product\\\/buy-liquid-nembutal-online\\\/#primaryimage\",\"url\":\"https:\\\/\\\/nembutalman.com\\\/wp-content\\\/uploads\\\/2022\\\/05\\\/nembutal-injectable-liquid.jpg\",\"contentUrl\":\"https:\\\/\\\/nembutalman.com\\\/wp-content\\\/uploads\\\/2022\\\/05\\\/nembutal-injectable-liquid.jpg\",\"width\":933,\"height\":933,\"caption\":\"Vial With Pentobarbital Used For Euthanasia And Lethal Inyecion In A Hospital\"},{\"@type\":\"BreadcrumbList\",\"@id\":\"https:\\\/\\\/nembutalman.com\\\/product\\\/buy-liquid-nembutal-online\\\/#breadcrumb\",\"itemListElement\":[{\"@type\":\"ListItem\",\"position\":1,\"name\":\"Home\",\"item\":\"https:\\\/\\\/nembutalman.com\\\/\"},{\"@type\":\"ListItem\",\"position\":2,\"name\":\"Products\",\"item\":\"https:\\\/\\\/nembutalman.com\\\/products\\\/\"},{\"@type\":\"ListItem\",\"position\":3,\"name\":\"Nembutal Injectable liquid\"}]},{\"@type\":\"WebSite\",\"@id\":\"https:\\\/\\\/nembutalman.com\\\/#website\",\"url\":\"https:\\\/\\\/nembutalman.com\\\/\",\"name\":\"Nembutal Mann\",\"description\":\"Nembutal Kaufen Deutschland\",\"publisher\":{\"@id\":\"https:\\\/\\\/nembutalman.com\\\/#organization\"},\"potentialAction\":[{\"@type\":\"SearchAction\",\"target\":{\"@type\":\"EntryPoint\",\"urlTemplate\":\"https:\\\/\\\/nembutalman.com\\\/?s={search_term_string}\"},\"query-input\":{\"@type\":\"PropertyValueSpecification\",\"valueRequired\":true,\"valueName\":\"search_term_string\"}}],\"inLanguage\":\"es\"},{\"@type\":\"Organization\",\"@id\":\"https:\\\/\\\/nembutalman.com\\\/#organization\",\"name\":\"Nembutal Mann\",\"url\":\"https:\\\/\\\/nembutalman.com\\\/\",\"logo\":{\"@type\":\"ImageObject\",\"inLanguage\":\"es\",\"@id\":\"https:\\\/\\\/nembutalman.com\\\/#\\\/schema\\\/logo\\\/image\\\/\",\"url\":\"https:\\\/\\\/nembutalman.com\\\/wp-content\\\/uploads\\\/2024\\\/11\\\/Untitled-design.png\",\"contentUrl\":\"https:\\\/\\\/nembutalman.com\\\/wp-content\\\/uploads\\\/2024\\\/11\\\/Untitled-design.png\",\"width\":650,\"height\":250,\"caption\":\"Nembutal Mann\"},\"image\":{\"@id\":\"https:\\\/\\\/nembutalman.com\\\/#\\\/schema\\\/logo\\\/image\\\/\"}}]}<\/script>\n<!-- \/ Yoast SEO Premium plugin. -->","yoast_head_json":{"title":"Comprar Nembutal L\u00edquido Online | Nembutal Mann - Entrega Segura UE","description":"\u00bfDesea comprar Nembutal l\u00edquido o Nembutal en soluci\u00f3n en l\u00ednea? Descubra la soluci\u00f3n de pentobarbital s\u00f3dico de calidad farmac\u00e9utica con env\u00edo seguro a la UE. Haga su pedido hoy mismo","robots":{"index":"index","follow":"follow","max-snippet":"max-snippet:-1","max-image-preview":"max-image-preview:large","max-video-preview":"max-video-preview:-1"},"canonical":"https:\/\/nembutalman.com\/es\/producto\/comprar-nembutal-liquido-online\/","og_locale":"es_ES","og_type":"article","og_title":"Buy Liquid Nembutal Online | Nembutal Mann - Safe EU Delivery","og_description":"Looking to buy liquid Nembutal or Nembutal solution online? Discover pharmaceutical-grade sodium pentobarbital solution with secure EU shipping. Order today","og_url":"https:\/\/nembutalman.com\/es\/producto\/comprar-nembutal-liquido-online\/","og_site_name":"Nembutal Mann","article_modified_time":"2026-02-17T18:28:18+00:00","og_image":[{"width":933,"height":933,"url":"https:\/\/nembutalman.com\/wp-content\/uploads\/2022\/05\/nembutal-injectable-liquid.jpg","type":"image\/jpeg"}],"twitter_card":"summary_large_image","twitter_title":"Buy Liquid Nembutal Online | Nembutal Mann - Safe EU Delivery","twitter_description":"Looking to buy liquid Nembutal or Nembutal solution online? Discover pharmaceutical-grade sodium pentobarbital solution with secure EU shipping. Order today","twitter_misc":{"Est. reading time":"3 minutos"},"schema":{"@context":"https:\/\/schema.org","@graph":[{"@type":"WebPage","@id":"https:\/\/nembutalman.com\/product\/buy-liquid-nembutal-online\/","url":"https:\/\/nembutalman.com\/product\/buy-liquid-nembutal-online\/","name":"Comprar Nembutal L\u00edquido Online | Nembutal Mann - Entrega Segura UE","isPartOf":{"@id":"https:\/\/nembutalman.com\/#website"},"primaryImageOfPage":{"@id":"https:\/\/nembutalman.com\/product\/buy-liquid-nembutal-online\/#primaryimage"},"image":{"@id":"https:\/\/nembutalman.com\/product\/buy-liquid-nembutal-online\/#primaryimage"},"thumbnailUrl":"https:\/\/nembutalman.com\/wp-content\/uploads\/2022\/05\/nembutal-injectable-liquid.jpg","datePublished":"2022-05-31T01:25:33+00:00","dateModified":"2026-02-17T18:28:18+00:00","description":"\u00bfDesea comprar Nembutal l\u00edquido o Nembutal en soluci\u00f3n en l\u00ednea? Descubra la soluci\u00f3n de pentobarbital s\u00f3dico de calidad farmac\u00e9utica con env\u00edo seguro a la UE. Haga su pedido hoy mismo","breadcrumb":{"@id":"https:\/\/nembutalman.com\/product\/buy-liquid-nembutal-online\/#breadcrumb"},"inLanguage":"es","potentialAction":[{"@type":"ReadAction","target":["https:\/\/nembutalman.com\/product\/buy-liquid-nembutal-online\/"]}]},{"@type":"ImageObject","inLanguage":"es","@id":"https:\/\/nembutalman.com\/product\/buy-liquid-nembutal-online\/#primaryimage","url":"https:\/\/nembutalman.com\/wp-content\/uploads\/2022\/05\/nembutal-injectable-liquid.jpg","contentUrl":"https:\/\/nembutalman.com\/wp-content\/uploads\/2022\/05\/nembutal-injectable-liquid.jpg","width":933,"height":933,"caption":"Vial With Pentobarbital Used For Euthanasia And Lethal Inyecion In A Hospital"},{"@type":"BreadcrumbList","@id":"https:\/\/nembutalman.com\/product\/buy-liquid-nembutal-online\/#breadcrumb","itemListElement":[{"@type":"ListItem","position":1,"name":"Home","item":"https:\/\/nembutalman.com\/"},{"@type":"ListItem","position":2,"name":"Products","item":"https:\/\/nembutalman.com\/products\/"},{"@type":"ListItem","position":3,"name":"Nembutal Injectable liquid"}]},{"@type":"WebSite","@id":"https:\/\/nembutalman.com\/#website","url":"https:\/\/nembutalman.com\/","name":"En Nembutal Mann","description":"Nembutal Kaufen Deutschland","publisher":{"@id":"https:\/\/nembutalman.com\/#organization"},"potentialAction":[{"@type":"SearchAction","target":{"@type":"EntryPoint","urlTemplate":"https:\/\/nembutalman.com\/?s={search_term_string}"},"query-input":{"@type":"PropertyValueSpecification","valueRequired":true,"valueName":"search_term_string"}}],"inLanguage":"es"},{"@type":"Organization","@id":"https:\/\/nembutalman.com\/#organization","name":"En Nembutal Mann","url":"https:\/\/nembutalman.com\/","logo":{"@type":"ImageObject","inLanguage":"es","@id":"https:\/\/nembutalman.com\/#\/schema\/logo\/image\/","url":"https:\/\/nembutalman.com\/wp-content\/uploads\/2024\/11\/Untitled-design.png","contentUrl":"https:\/\/nembutalman.com\/wp-content\/uploads\/2024\/11\/Untitled-design.png","width":650,"height":250,"caption":"Nembutal Mann"},"image":{"@id":"https:\/\/nembutalman.com\/#\/schema\/logo\/image\/"}}]}},"_links":{"self":[{"href":"https:\/\/nembutalman.com\/es\/wp-json\/wp\/v2\/product\/7386","targetHints":{"allow":["GET"]}}],"collection":[{"href":"https:\/\/nembutalman.com\/es\/wp-json\/wp\/v2\/product"}],"about":[{"href":"https:\/\/nembutalman.com\/es\/wp-json\/wp\/v2\/types\/product"}],"replies":[{"embeddable":true,"href":"https:\/\/nembutalman.com\/es\/wp-json\/wp\/v2\/comments?post=7386"}],"version-history":[{"count":0,"href":"https:\/\/nembutalman.com\/es\/wp-json\/wp\/v2\/product\/7386\/revisions"}],"wp:featuredmedia":[{"embeddable":true,"href":"https:\/\/nembutalman.com\/es\/wp-json\/wp\/v2\/media\/20987"}],"wp:attachment":[{"href":"https:\/\/nembutalman.com\/es\/wp-json\/wp\/v2\/media?parent=7386"}],"wp:term":[{"taxonomy":"product_brand","embeddable":true,"href":"https:\/\/nembutalman.com\/es\/wp-json\/wp\/v2\/product_brand?post=7386"},{"taxonomy":"product_cat","embeddable":true,"href":"https:\/\/nembutalman.com\/es\/wp-json\/wp\/v2\/product_cat?post=7386"},{"taxonomy":"product_tag","embeddable":true,"href":"https:\/\/nembutalman.com\/es\/wp-json\/wp\/v2\/product_tag?post=7386"}],"curies":[{"name":"wp","href":"https:\/\/api.w.org\/{rel}","templated":true}]}}