{"id":20850,"date":"2024-12-09T15:22:44","date_gmt":"2024-12-09T15:22:44","guid":{"rendered":"https:\/\/nembutalman.com\/?page_id=20850"},"modified":"2025-01-01T14:19:14","modified_gmt":"2025-01-01T14:19:14","slug":"politique-de-confidentialite","status":"publish","type":"page","link":"https:\/\/nembutalman.com\/fr\/politique-de-confidentialite\/","title":{"rendered":"Politique de confidentialit\u00e9"},"content":{"rendered":"<p class=\"has-black-color has-text-color has-link-color wp-elements-355be174b2fb0d157b025fcc47f1d867\">Politique de confidentialit\u00e9 pour <a href=\"https:\/\/nembutalman.com\/fr\/\">nembutalman.com<\/a><\/p>\n\n\n\n<p class=\"has-black-color has-text-color has-link-color wp-elements-761ad3752a5bb90e7fbcc3f50b1c20b6\"><br>Derni\u00e8re mise \u00e0 jour 25\/11\/2023<\/p>\n\n\n\n<p class=\"has-black-color has-text-color has-link-color wp-elements-3e94e2b2c9d2176429af1c301ae99651\"><br>Bienvenue \u00e0 <a href=\"https:\/\/nembutalman.com\/fr\/\">nembutalman.com<\/a>. Cette politique de confidentialit\u00e9 d\u00e9crit la mani\u00e8re dont nous recueillons, utilisons et partageons les informations personnelles lorsque vous visitez notre site web ou effectuez un achat.<\/p>\n\n\n\n<h3 class=\"wp-block-heading has-text-color has-background has-link-color wp-elements-8a16c0b96044cebbff6804ddad17f2ed\" id=\"h-i-information-gathered\" style=\"color:#225238;background-color:#c1d43a\">I. Informations recueillies<\/h3>\n\n\n\n<p class=\"has-black-color has-text-color has-link-color wp-elements-a6badfaa0041f2d9590e59bf90ac8bc6\">Lorsque vous visitez le site web, nous recueillons automatiquement certaines informations sur votre appareil, notamment sur votre navigateur web, votre adresse IP, votre fuseau horaire et certains des cookies install\u00e9s sur votre appareil. En outre, nous recueillons des informations sur les pages web ou les produits que vous consultez, sur les sites web ou les termes de recherche qui vous ont renvoy\u00e9 sur notre site et sur la mani\u00e8re dont vous interagissez avec le site. <\/p>\n\n\n\n<p class=\"has-black-color has-text-color has-link-color wp-elements-c6566f9f405ddf7459fc7c641c272c78\">Lorsque vous effectuez ou tentez d'effectuer un achat sur le site, nous recueillons certaines informations vous concernant, notamment votre nom, votre adresse de facturation, votre adresse de livraison, vos informations de paiement (y compris les num\u00e9ros de carte de cr\u00e9dit), votre adresse \u00e9lectronique et votre num\u00e9ro de t\u00e9l\u00e9phone. Ces informations sont appel\u00e9es \"informations relatives \u00e0 la commande\".<\/p>\n\n\n\n<h3 class=\"wp-block-heading has-text-color has-background has-link-color wp-elements-32d74790f44ff2ad9af97a6a63fe7a29\" id=\"h-ii-use-of-information\" style=\"color:#225238;background-color:#c1d43a\">II. Utilisation des informations<\/h3>\n\n\n\n<p class=\"has-black-color has-text-color has-link-color wp-elements-fb223591b0ed4918e3b7a6dd70848b61\">Nous utilisons g\u00e9n\u00e9ralement les informations collect\u00e9es pour ex\u00e9cuter les commandes pass\u00e9es sur le site (y compris le traitement de vos informations de paiement, l'organisation de l'exp\u00e9dition et l'envoi de factures et\/ou de confirmations de commande). En outre, nous utilisons ces informations pour<\/p>\n\n\n\n<ul class=\"wp-block-list\">\n<li class=\"has-black-color has-text-color has-link-color wp-elements-c35da8e453ecadee6ed58fb481402e8b\">Communiquer avec vous ;<\/li>\n\n\n\n<li class=\"has-black-color has-text-color has-link-color wp-elements-659b15464d3b49d5a9c284bdea83ccc0\">V\u00e9rifier que votre commande ne pr\u00e9sente pas de risques ou de fraudes potentiels ; <\/li>\n\n\n\n<li class=\"has-black-color has-text-color has-link-color wp-elements-3ce7039dbd7333ebff4f5317f2da7572\">Optimiser notre site ;<\/li>\n\n\n\n<li class=\"has-black-color has-text-color has-link-color wp-elements-63a2f7258bb251938f7c3188ffc5c879\">Lancer des campagnes de publicit\u00e9 ou de reciblage en fonction de vos centres d'int\u00e9r\u00eat.<\/li>\n<\/ul>\n\n\n\n<h3 class=\"wp-block-heading has-text-color has-background has-link-color wp-elements-71dd2bade47d8a19cad678a52077fdf8\" id=\"h-iii-information-exchange\" style=\"color:#225238;background-color:#c1d43a\">III. \u00c9change d'informations<\/h3>\n\n\n\n<p class=\"has-black-color has-text-color has-link-color wp-elements-0526f4d4e684efc2cb4cd7f6c014fc4c\">Pour nous aider \u00e0 atteindre les objectifs susmentionn\u00e9s, nous divulguons vos informations personnelles \u00e0 des tiers. Par exemple, nous envoyons les commandes par l'interm\u00e9diaire de PostNL, FedEx et parfois DHL. Afin de traiter les paiements, nous \u00e9changeons \u00e9galement des informations avec PayPal et parfois avec nos banques.<br>Enfin, nous pouvons \u00e9galement r\u00e9v\u00e9ler vos informations personnelles pour r\u00e9pondre \u00e0 une citation \u00e0 compara\u00eetre, \u00e0 un mandat de recherche ou \u00e0 toute autre demande l\u00e9gitime d'informations que nous recevons, pour nous conformer aux lois et r\u00e9glementations applicables ou pour d\u00e9fendre nos droits de toute autre mani\u00e8re. Pour en savoir plus <a href=\"https:\/\/nembutalman.com\/fr\/politique-de-livraison\/\">politique d'exp\u00e9dition<\/a>.<\/p>\n\n\n\n<h3 class=\"wp-block-heading has-text-color has-background has-link-color wp-elements-8be1627c424b10a6d403c8606c0605de\" id=\"h-iv-your-rights\" style=\"color:#225238;background-color:#c1d43a\">IV. Vos droits<\/h3>\n\n\n\n<p class=\"has-black-color has-text-color has-link-color wp-elements-077416695de980c8342b74ae1b70db75\">Si vous r\u00e9sidez dans l'Espace \u00e9conomique europ\u00e9en, vous avez le droit de consulter les donn\u00e9es \u00e0 caract\u00e8re personnel que nous d\u00e9tenons \u00e0 votre sujet et de demander qu'elles soient mises \u00e0 jour, modifi\u00e9es ou supprim\u00e9es. Veuillez utiliser les informations ci-dessous pour nous contacter si vous souhaitez exercer ce droit.<\/p>\n\n\n\n<h3 class=\"wp-block-heading has-text-color has-background has-link-color wp-elements-c25262c15a4b50cb1236e206e03eb430\" id=\"h-v-modifications-to-this-privacy-statement\" style=\"color:#225238;background-color:#c1d43a\">V. Modifications de la pr\u00e9sente d\u00e9claration de confidentialit\u00e9<\/h3>\n\n\n\n<p class=\"has-black-color has-text-color has-link-color wp-elements-db26f0e0324ff3548c91aad6ddf0b4b2\">Nous vous invitons \u00e0 consulter r\u00e9guli\u00e8rement notre d\u00e9claration de confidentialit\u00e9, car nous nous r\u00e9servons le droit de la modifier \u00e0 tout moment. Les clarifications et les modifications seront effectives d\u00e8s qu'elles seront publi\u00e9es sur le site web. Nous mettrons \u00e0 jour cette page pour refl\u00e9ter tout changement significatif apport\u00e9 \u00e0 cette politique.<\/p>\n\n\n\n<h3 class=\"wp-block-heading has-text-color has-background has-link-color wp-elements-01aa1198e6bc79b9703c1e31d3efce46\" id=\"h-vi-contact-information\" style=\"color:#225238;background-color:#c1d43a\">VI. Informations sur les contacts<\/h3>\n\n\n\n<p class=\"has-black-color has-text-color has-link-color wp-elements-29de9d3369388b1bebce2e470a8ab236\">Si vous avez des pr\u00e9occupations ou si vous souhaitez obtenir de plus amples informations sur notre politique de confidentialit\u00e9, veuillez nous envoyer un courriel \u00e0 l'adresse service@nembutalman.com ou une demande \u00e9crite \u00e0 Eisenhowerstraat 141, Sittard, Pays-Bas.<\/p>\n\n\n\n<p class=\"has-black-color has-text-color has-link-color wp-elements-fc74c8adaf95e6aa5766202a95c8ef3e\">Visitez notre <a href=\"https:\/\/nembutalman.com\/fr\/conditions-generales\/\"><strong>Conditions g\u00e9n\u00e9rales d'utilisation<\/strong><\/a> \u00eatre mieux inform\u00e9<\/p>\n\n\n\n<p><\/p>","protected":false},"excerpt":{"rendered":"<p>Privacy policy for nembutalman.com Last updated 11\/25\/2023 Welcome to nembutalman.com. This privacy policy describes how we collect, use and share<\/p>","protected":false},"author":13,"featured_media":0,"parent":0,"menu_order":0,"comment_status":"closed","ping_status":"closed","template":"","meta":{"footnotes":""},"class_list":["post-20850","page","type-page","status-publish","hentry"],"yoast_head":"<!-- This site is optimized with the Yoast SEO Premium plugin v24.2 (Yoast SEO v27.3) - https:\/\/yoast.com\/product\/yoast-seo-premium-wordpress\/ -->\n<title>Privacy Policy | Nembutal Mann \u2013 Your privacy is our priority.<\/title>\n<meta name=\"description\" content=\"Nembutal Mann safeguards your data with our privacy policy. Learn about data collection and security measures to ensure your confidentiality.\" \/>\n<meta name=\"robots\" content=\"index, follow, max-snippet:-1, max-image-preview:large, max-video-preview:-1\" \/>\n<link rel=\"canonical\" href=\"https:\/\/nembutalman.com\/fr\/politique-de-confidentialite\/\" \/>\n<meta property=\"og:locale\" content=\"fr_FR\" \/>\n<meta property=\"og:type\" content=\"article\" \/>\n<meta property=\"og:title\" content=\"Privacy Policy\" \/>\n<meta property=\"og:description\" content=\"Nembutal Mann safeguards your data with our privacy policy. Learn about data collection and security measures to ensure your confidentiality.\" \/>\n<meta property=\"og:url\" content=\"https:\/\/nembutalman.com\/fr\/politique-de-confidentialite\/\" \/>\n<meta property=\"og:site_name\" content=\"Nembutal Mann\" \/>\n<meta property=\"article:modified_time\" content=\"2025-01-01T14:19:14+00:00\" \/>\n<meta name=\"twitter:card\" content=\"summary_large_image\" \/>\n<meta name=\"twitter:label1\" content=\"Dur\u00e9e de lecture estim\u00e9e\" \/>\n\t<meta name=\"twitter:data1\" content=\"2 minutes\" \/>\n<script type=\"application\/ld+json\" class=\"yoast-schema-graph\">{\"@context\":\"https:\\\/\\\/schema.org\",\"@graph\":[{\"@type\":\"WebPage\",\"@id\":\"https:\\\/\\\/nembutalman.com\\\/privacy-policy\\\/\",\"url\":\"https:\\\/\\\/nembutalman.com\\\/privacy-policy\\\/\",\"name\":\"Privacy Policy | Nembutal Mann \u2013 Your privacy is our priority.\",\"isPartOf\":{\"@id\":\"https:\\\/\\\/nembutalman.com\\\/#website\"},\"datePublished\":\"2024-12-09T15:22:44+00:00\",\"dateModified\":\"2025-01-01T14:19:14+00:00\",\"description\":\"Nembutal Mann safeguards your data with our privacy policy. Learn about data collection and security measures to ensure your confidentiality.\",\"breadcrumb\":{\"@id\":\"https:\\\/\\\/nembutalman.com\\\/privacy-policy\\\/#breadcrumb\"},\"inLanguage\":\"fr-FR\",\"potentialAction\":[{\"@type\":\"ReadAction\",\"target\":[\"https:\\\/\\\/nembutalman.com\\\/privacy-policy\\\/\"]}]},{\"@type\":\"BreadcrumbList\",\"@id\":\"https:\\\/\\\/nembutalman.com\\\/privacy-policy\\\/#breadcrumb\",\"itemListElement\":[{\"@type\":\"ListItem\",\"position\":1,\"name\":\"Home\",\"item\":\"https:\\\/\\\/nembutalman.com\\\/\"},{\"@type\":\"ListItem\",\"position\":2,\"name\":\"Privacy Policy\"}]},{\"@type\":\"WebSite\",\"@id\":\"https:\\\/\\\/nembutalman.com\\\/#website\",\"url\":\"https:\\\/\\\/nembutalman.com\\\/\",\"name\":\"Nembutal Mann\",\"description\":\"Nembutal Kaufen Deutschland\",\"publisher\":{\"@id\":\"https:\\\/\\\/nembutalman.com\\\/#organization\"},\"potentialAction\":[{\"@type\":\"SearchAction\",\"target\":{\"@type\":\"EntryPoint\",\"urlTemplate\":\"https:\\\/\\\/nembutalman.com\\\/?s={search_term_string}\"},\"query-input\":{\"@type\":\"PropertyValueSpecification\",\"valueRequired\":true,\"valueName\":\"search_term_string\"}}],\"inLanguage\":\"fr-FR\"},{\"@type\":\"Organization\",\"@id\":\"https:\\\/\\\/nembutalman.com\\\/#organization\",\"name\":\"Nembutal Mann\",\"url\":\"https:\\\/\\\/nembutalman.com\\\/\",\"logo\":{\"@type\":\"ImageObject\",\"inLanguage\":\"fr-FR\",\"@id\":\"https:\\\/\\\/nembutalman.com\\\/#\\\/schema\\\/logo\\\/image\\\/\",\"url\":\"https:\\\/\\\/nembutalman.com\\\/wp-content\\\/uploads\\\/2024\\\/11\\\/Untitled-design.png\",\"contentUrl\":\"https:\\\/\\\/nembutalman.com\\\/wp-content\\\/uploads\\\/2024\\\/11\\\/Untitled-design.png\",\"width\":650,\"height\":250,\"caption\":\"Nembutal Mann\"},\"image\":{\"@id\":\"https:\\\/\\\/nembutalman.com\\\/#\\\/schema\\\/logo\\\/image\\\/\"}}]}<\/script>\n<!-- \/ Yoast SEO Premium plugin. -->","yoast_head_json":{"title":"Politique de confidentialit\u00e9 - Nembutal Mann - Votre vie priv\u00e9e est notre priorit\u00e9.","description":"Nembutal Mann prot\u00e8ge vos donn\u00e9es gr\u00e2ce \u00e0 notre politique de confidentialit\u00e9. Renseignez-vous sur la collecte des donn\u00e9es et les mesures de s\u00e9curit\u00e9 visant \u00e0 garantir votre confidentialit\u00e9.","robots":{"index":"index","follow":"follow","max-snippet":"max-snippet:-1","max-image-preview":"max-image-preview:large","max-video-preview":"max-video-preview:-1"},"canonical":"https:\/\/nembutalman.com\/fr\/politique-de-confidentialite\/","og_locale":"fr_FR","og_type":"article","og_title":"Privacy Policy","og_description":"Nembutal Mann safeguards your data with our privacy policy. Learn about data collection and security measures to ensure your confidentiality.","og_url":"https:\/\/nembutalman.com\/fr\/politique-de-confidentialite\/","og_site_name":"Nembutal Mann","article_modified_time":"2025-01-01T14:19:14+00:00","twitter_card":"summary_large_image","twitter_misc":{"Dur\u00e9e de lecture estim\u00e9e":"2 minutes"},"schema":{"@context":"https:\/\/schema.org","@graph":[{"@type":"WebPage","@id":"https:\/\/nembutalman.com\/privacy-policy\/","url":"https:\/\/nembutalman.com\/privacy-policy\/","name":"Politique de confidentialit\u00e9 - Nembutal Mann - Votre vie priv\u00e9e est notre priorit\u00e9.","isPartOf":{"@id":"https:\/\/nembutalman.com\/#website"},"datePublished":"2024-12-09T15:22:44+00:00","dateModified":"2025-01-01T14:19:14+00:00","description":"Nembutal Mann prot\u00e8ge vos donn\u00e9es gr\u00e2ce \u00e0 notre politique de confidentialit\u00e9. Renseignez-vous sur la collecte des donn\u00e9es et les mesures de s\u00e9curit\u00e9 visant \u00e0 garantir votre confidentialit\u00e9.","breadcrumb":{"@id":"https:\/\/nembutalman.com\/privacy-policy\/#breadcrumb"},"inLanguage":"fr-FR","potentialAction":[{"@type":"ReadAction","target":["https:\/\/nembutalman.com\/privacy-policy\/"]}]},{"@type":"BreadcrumbList","@id":"https:\/\/nembutalman.com\/privacy-policy\/#breadcrumb","itemListElement":[{"@type":"ListItem","position":1,"name":"Home","item":"https:\/\/nembutalman.com\/"},{"@type":"ListItem","position":2,"name":"Privacy Policy"}]},{"@type":"WebSite","@id":"https:\/\/nembutalman.com\/#website","url":"https:\/\/nembutalman.com\/","name":"Au Nembutal Mann","description":"Nembutal Kaufen Deutschland","publisher":{"@id":"https:\/\/nembutalman.com\/#organization"},"potentialAction":[{"@type":"SearchAction","target":{"@type":"EntryPoint","urlTemplate":"https:\/\/nembutalman.com\/?s={search_term_string}"},"query-input":{"@type":"PropertyValueSpecification","valueRequired":true,"valueName":"search_term_string"}}],"inLanguage":"fr-FR"},{"@type":"Organization","@id":"https:\/\/nembutalman.com\/#organization","name":"Au Nembutal Mann","url":"https:\/\/nembutalman.com\/","logo":{"@type":"ImageObject","inLanguage":"fr-FR","@id":"https:\/\/nembutalman.com\/#\/schema\/logo\/image\/","url":"https:\/\/nembutalman.com\/wp-content\/uploads\/2024\/11\/Untitled-design.png","contentUrl":"https:\/\/nembutalman.com\/wp-content\/uploads\/2024\/11\/Untitled-design.png","width":650,"height":250,"caption":"Nembutal Mann"},"image":{"@id":"https:\/\/nembutalman.com\/#\/schema\/logo\/image\/"}}]}},"_links":{"self":[{"href":"https:\/\/nembutalman.com\/fr\/wp-json\/wp\/v2\/pages\/20850","targetHints":{"allow":["GET"]}}],"collection":[{"href":"https:\/\/nembutalman.com\/fr\/wp-json\/wp\/v2\/pages"}],"about":[{"href":"https:\/\/nembutalman.com\/fr\/wp-json\/wp\/v2\/types\/page"}],"author":[{"embeddable":true,"href":"https:\/\/nembutalman.com\/fr\/wp-json\/wp\/v2\/users\/13"}],"replies":[{"embeddable":true,"href":"https:\/\/nembutalman.com\/fr\/wp-json\/wp\/v2\/comments?post=20850"}],"version-history":[{"count":0,"href":"https:\/\/nembutalman.com\/fr\/wp-json\/wp\/v2\/pages\/20850\/revisions"}],"wp:attachment":[{"href":"https:\/\/nembutalman.com\/fr\/wp-json\/wp\/v2\/media?parent=20850"}],"curies":[{"name":"wp","href":"https:\/\/api.w.org\/{rel}","templated":true}]}}