{"id":20852,"date":"2024-12-09T15:33:43","date_gmt":"2024-12-09T15:33:43","guid":{"rendered":"https:\/\/nembutalman.com\/?page_id=20852"},"modified":"2024-12-09T16:01:15","modified_gmt":"2024-12-09T16:01:15","slug":"feltetelek-es-kikotesek","status":"publish","type":"page","link":"https:\/\/nembutalman.com\/hu\/feltetelek-es-kikotesek\/","title":{"rendered":"Felt\u00e9telek \u00e9s felt\u00e9telek"},"content":{"rendered":"<div data-elementor-type=\"wp-page\" data-elementor-id=\"20852\" class=\"elementor elementor-20852\" data-elementor-post-type=\"page\">\n\t\t\t\t<div class=\"wd-negative-gap elementor-element elementor-element-3445f31e e-flex e-con-boxed e-con e-parent\" data-id=\"3445f31e\" data-element_type=\"container\" data-e-type=\"container\" data-settings=\"{&quot;background_background&quot;:&quot;classic&quot;}\">\n\t\t\t\t\t<div class=\"e-con-inner\">\n\t\t\t\t<div class=\"elementor-element elementor-element-6a93c53 elementor-widget elementor-widget-wd_text_block\" data-id=\"6a93c53\" data-element_type=\"widget\" data-e-type=\"widget\" data-widget_type=\"wd_text_block.default\">\n\t\t\t\t<div class=\"elementor-widget-container\">\n\t\t\t\t\t\t\t<div class=\"wd-text-block reset-last-child text-left color-scheme-light\">\n\t\t\t\n\t\t\t<div class=\"wp-block-columns\">\n<div class=\"wp-block-column has-white-color has-text-color has-background has-link-color\">\n<h2 class=\"wp-block-heading has-white-color has-text-color has-link-color\"><span style=\"color: #c1d43a;\">\u00dcdv\u00f6z\u00f6lj\u00fck a Nembutal Mann-n\u00e1l<\/span><\/h2>\n<!-- \/wp:heading --><!-- wp:paragraph -->\n<p>A jelen \u00c1ltal\u00e1nos Szerz\u0151d\u00e9si Felt\u00e9telek szab\u00e1lyozz\u00e1k weboldalunk, szolg\u00e1ltat\u00e1saink \u00e9s a Nembutal Mann \u00e1ltal ny\u00fajtott b\u00e1rmely tartalom haszn\u00e1lat\u00e1t. A weboldalhoz val\u00f3 hozz\u00e1f\u00e9r\u00e9ssel vagy annak haszn\u00e1lat\u00e1val \u00d6n elfogadja a jelen felt\u00e9telek betart\u00e1s\u00e1t. K\u00e9rj\u00fck, figyelmesen olvassa el \u0151ket.<\/p>\n<!-- \/wp:paragraph --><!-- wp:heading {\"level\":3,\"style\":{\"elements\":{\"link\":{\"color\":{\"text\":\"#c1d43a\"}}},\"color\":{\"text\":\"#c1d43a\"}}} -->\n<h3 class=\"wp-block-heading has-text-color has-link-color\"><span style=\"color: #c1d43a;\">I. \u00c1ltal\u00e1nos haszn\u00e1lat<\/span><\/h3>\n<!-- \/wp:heading --><!-- wp:paragraph -->\n<p><strong><span style=\"color: #c1d43a;\">I.1.<\/span> <span style=\"color: #c1d43a;\">Jogosults\u00e1g:<\/span><\/strong>\u00a0Legal\u00e1bb 18 \u00e9vesnek kell lennie ahhoz, hogy hozz\u00e1f\u00e9rjen weboldalunkhoz.<br \/><span style=\"color: #c1d43a;\"><strong>I.1. Tartalom C\u00e9l:<\/strong><\/span> A weboldalon tal\u00e1lhat\u00f3 \u00f6sszes inform\u00e1ci\u00f3 kiz\u00e1r\u00f3lag oktat\u00e1si \u00e9s t\u00e1j\u00e9koztat\u00e1si c\u00e9lokat szolg\u00e1l, \u00e9s nem min\u0151s\u00fcl orvosi tan\u00e1csad\u00e1snak.<\/p>\n<!-- \/wp:paragraph --><!-- wp:heading {\"level\":3,\"style\":{\"color\":{\"text\":\"#c1d43a\"},\"elements\":{\"link\":{\"color\":{\"text\":\"#c1d43a\"}}}}} -->\n<h3 class=\"wp-block-heading has-text-color has-link-color\"><span style=\"color: #c1d43a;\"><strong>II. Szellemi tulajdon<\/strong><\/span><\/h3>\n<!-- \/wp:heading --><!-- wp:paragraph -->\n<p><span style=\"color: #c1d43a;\"><strong>II.1. Szerz\u0151i jog<\/strong>:<\/span> A weboldal minden tartalma, bele\u00e9rtve a sz\u00f6veget, a k\u00e9peket \u00e9s a design elemeket, a Nembutal Mann tulajdona, \u00e9s szerz\u0151i jogi v\u00e9delem alatt \u00e1ll.<br \/><span style=\"color: #c1d43a;\"><strong>II.2. Korl\u00e1toz\u00e1sok:<\/strong><\/span> A weboldalr\u00f3l sz\u00e1rmaz\u00f3 anyagokat el\u0151zetes \u00edr\u00e1sbeli enged\u00e9ly n\u00e9lk\u00fcl nem m\u00e1solhatja, nem reproduk\u00e1lhatja \u00e9s nem terjesztheti.<\/p>\n<h3><span style=\"color: #c1d43a;\"><strong>III. A felhaszn\u00e1l\u00f3 felel\u0151ss\u00e9gei<\/strong><\/span><\/h3>\n<p><span style=\"color: #c1d43a;\"><strong>III.1. Pontos t\u00e1j\u00e9koztat\u00e1s:<\/strong><\/span> Szolg\u00e1ltat\u00e1saink ig\u00e9nybev\u00e9telekor vagy megkeres\u00e9sek beny\u00fajt\u00e1sakor \u00d6n beleegyezik, hogy pontos \u00e9s teljes k\u00f6r\u0171 inform\u00e1ci\u00f3kat ad meg.<br \/><span style=\"color: #c1d43a;\"><strong>III.2. Tiltott tev\u00e9kenys\u00e9gek:<\/strong><\/span> \u00d6n v\u00e1llalja, hogy nem haszn\u00e1lja weboldalunkat illeg\u00e1lis tev\u00e9kenys\u00e9gekre vagy az alkalmazand\u00f3 t\u00f6rv\u00e9nyek megs\u00e9rt\u00e9s\u00e9re.<\/p>\n<hr \/>\n<h3><span style=\"color: #c1d43a;\"><strong>IV. Felel\u0151ss\u00e9g kiz\u00e1r\u00e1sa<\/strong><\/span><\/h3>\n<p><span style=\"color: #c1d43a;\"><strong>IV.1 Garanci\u00e1k n\u00e9lk\u00fcl:<\/strong><\/span> <strong><a href=\"https:\/\/nembutalman.com\/hu\/\">A Nembutal Mann-n\u00e1l<\/a><\/strong> nem garant\u00e1lja a weboldalon tal\u00e1lhat\u00f3 inform\u00e1ci\u00f3k pontoss\u00e1g\u00e1t vagy teljess\u00e9g\u00e9t.<br \/><span style=\"color: #c1d43a;\"><strong>IV.2 Korl\u00e1tozott felel\u0151ss\u00e9g:<\/strong><\/span> Nem v\u00e1llalunk felel\u0151ss\u00e9get a weboldal haszn\u00e1lat\u00e1b\u00f3l ered\u0151 k\u00f6zvetlen vagy k\u00f6zvetett k\u00e1rok\u00e9rt.<\/p>\n<hr \/>\n<h3><span style=\"color: #c1d43a;\"><strong>V. Harmadik f\u00e9l webhelyeire mutat\u00f3 linkek<\/strong><\/span><\/h3>\n<p>Weboldalunk tartalmazhat harmadik felek weboldalaira mutat\u00f3 linkeket inform\u00e1ci\u00f3s c\u00e9llal. Nem t\u00e1mogatjuk \u00e9s nem v\u00e1llalunk felel\u0151ss\u00e9get ezen weboldalak tartalm\u00e1\u00e9rt.<\/p>\n<hr \/>\n<h3><span style=\"color: #c1d43a;\"><strong>VI. Adatv\u00e9delmi politika<\/strong><\/span><\/h3>\n<p>A jelen weboldal haszn\u00e1lat\u00e1t a mi <a href=\"https:\/\/nembutalman.com\/hu\/adatvedelmi-politika\/\" rel=\"noopener\">Adatv\u00e9delmi ir\u00e1nyelvek<\/a>, amely elmagyar\u00e1zza, hogyan gy\u0171jtj\u00fck, haszn\u00e1ljuk \u00e9s v\u00e9dj\u00fck az \u00d6n adatait.<\/p>\n<hr \/>\n<h3><span style=\"color: #c1d43a;\"><strong>VII. V\u00e1ltoz\u00e1sok a felt\u00e9telekben<\/strong><\/span><\/h3>\n<p>Fenntartjuk a jogot, hogy a jelen \u00c1ltal\u00e1nos Szerz\u0151d\u00e9si Felt\u00e9teleket b\u00e1rmikor, el\u0151zetes \u00e9rtes\u00edt\u00e9s n\u00e9lk\u00fcl friss\u00edts\u00fck vagy m\u00f3dos\u00edtsuk. K\u00e9rj\u00fck, rendszeresen tekintse \u00e1t ezt az oldalt a v\u00e1ltoz\u00e1sok miatt.<\/p>\n<h3><span style=\"color: #c1d43a;\"><strong>VIII. Ir\u00e1nyad\u00f3 jog<\/strong><\/span><\/h3>\n<p>A jelen \u00c1ltal\u00e1nos Szerz\u0151d\u00e9si Felt\u00e9telekre az \u00d6n joghat\u00f3s\u00e1ga szerinti t\u00f6rv\u00e9nyek vonatkoznak, \u00e9s azokkal \u00f6sszhangban \u00e9rtelmezend\u0151k.<\/p>\n<!-- \/wp:paragraph --><\/div>\n<!-- \/wp:column --><\/div>\n<p><!-- \/wp:columns --><!-- wp:paragraph --><\/p>\n<p>\u00a0<\/p>\n\t\t\t\t\t<\/div>\n\t\t\t\t\t\t<\/div>\n\t\t\t\t<\/div>\n\t\t\t\t\t<\/div>\n\t\t\t\t<\/div>\n\t\t\t\t<\/div>","protected":false},"excerpt":{"rendered":"<p>Welcome to Nembutal Mann These Terms and Conditions govern your use of our website, services, and any content provided by<\/p>","protected":false},"author":13,"featured_media":0,"parent":0,"menu_order":0,"comment_status":"closed","ping_status":"closed","template":"","meta":{"footnotes":""},"class_list":["post-20852","page","type-page","status-publish","hentry"],"yoast_head":"<!-- This site is optimized with the Yoast SEO Premium plugin v24.2 (Yoast SEO v27.4) - https:\/\/yoast.com\/product\/yoast-seo-premium-wordpress\/ -->\n<title>Terms and Conditions | Nembutal Mann \u2013 Policies, User Agreement<\/title>\n<meta name=\"description\" content=\"Nembutal Mann\u2019s Terms and Conditions. Learn user responsibilities, intellectual property rights, disclaimers, commitment to ethical practices.\" \/>\n<meta name=\"robots\" content=\"index, follow, max-snippet:-1, max-image-preview:large, max-video-preview:-1\" \/>\n<link rel=\"canonical\" href=\"https:\/\/nembutalman.com\/hu\/feltetelek-es-kikotesek\/\" \/>\n<meta property=\"og:locale\" content=\"hu_HU\" \/>\n<meta property=\"og:type\" content=\"article\" \/>\n<meta property=\"og:title\" content=\"Terms and Conditions | Nembutal Mann \u2013 Policies, User Agreement\" \/>\n<meta property=\"og:description\" content=\"Nembutal Mann\u2019s Terms and Conditions. Learn user responsibilities, intellectual property rights, disclaimers, commitment to ethical practices.\" \/>\n<meta property=\"og:url\" content=\"https:\/\/nembutalman.com\/hu\/feltetelek-es-kikotesek\/\" \/>\n<meta property=\"og:site_name\" content=\"Nembutal Mann\" \/>\n<meta property=\"article:modified_time\" content=\"2024-12-09T16:01:15+00:00\" \/>\n<meta property=\"og:image\" content=\"https:\/\/nembutalman.com\/wp-content\/uploads\/2024\/11\/home4.jpg\" \/>\n\t<meta property=\"og:image:width\" content=\"360\" \/>\n\t<meta property=\"og:image:height\" content=\"360\" \/>\n\t<meta property=\"og:image:type\" content=\"image\/jpeg\" \/>\n<meta name=\"twitter:card\" content=\"summary_large_image\" \/>\n<meta name=\"twitter:title\" content=\"Terms and Conditions | Nembutal Mann \u2013 Policies, User Agreement\" \/>\n<meta name=\"twitter:description\" content=\"Nembutal Mann\u2019s Terms and Conditions. Learn user responsibilities, intellectual property rights, disclaimers, commitment to ethical practices.\" \/>\n<meta name=\"twitter:label1\" content=\"Becs\u00fclt olvas\u00e1si id\u0151\" \/>\n\t<meta name=\"twitter:data1\" content=\"2 perc\" \/>\n<script type=\"application\/ld+json\" class=\"yoast-schema-graph\">{\"@context\":\"https:\\\/\\\/schema.org\",\"@graph\":[{\"@type\":\"WebPage\",\"@id\":\"https:\\\/\\\/nembutalman.com\\\/terms-and-conditions\\\/\",\"url\":\"https:\\\/\\\/nembutalman.com\\\/terms-and-conditions\\\/\",\"name\":\"Terms and Conditions | Nembutal Mann \u2013 Policies, User Agreement\",\"isPartOf\":{\"@id\":\"https:\\\/\\\/nembutalman.com\\\/#website\"},\"datePublished\":\"2024-12-09T15:33:43+00:00\",\"dateModified\":\"2024-12-09T16:01:15+00:00\",\"description\":\"Nembutal Mann\u2019s Terms and Conditions. Learn user responsibilities, intellectual property rights, disclaimers, commitment to ethical practices.\",\"breadcrumb\":{\"@id\":\"https:\\\/\\\/nembutalman.com\\\/terms-and-conditions\\\/#breadcrumb\"},\"inLanguage\":\"hu\",\"potentialAction\":[{\"@type\":\"ReadAction\",\"target\":[\"https:\\\/\\\/nembutalman.com\\\/terms-and-conditions\\\/\"]}]},{\"@type\":\"BreadcrumbList\",\"@id\":\"https:\\\/\\\/nembutalman.com\\\/terms-and-conditions\\\/#breadcrumb\",\"itemListElement\":[{\"@type\":\"ListItem\",\"position\":1,\"name\":\"Home\",\"item\":\"https:\\\/\\\/nembutalman.com\\\/\"},{\"@type\":\"ListItem\",\"position\":2,\"name\":\"Terms &amp; Conditions\"}]},{\"@type\":\"WebSite\",\"@id\":\"https:\\\/\\\/nembutalman.com\\\/#website\",\"url\":\"https:\\\/\\\/nembutalman.com\\\/\",\"name\":\"Nembutal Mann\",\"description\":\"Nembutal Kaufen Deutschland\",\"publisher\":{\"@id\":\"https:\\\/\\\/nembutalman.com\\\/#organization\"},\"potentialAction\":[{\"@type\":\"SearchAction\",\"target\":{\"@type\":\"EntryPoint\",\"urlTemplate\":\"https:\\\/\\\/nembutalman.com\\\/?s={search_term_string}\"},\"query-input\":{\"@type\":\"PropertyValueSpecification\",\"valueRequired\":true,\"valueName\":\"search_term_string\"}}],\"inLanguage\":\"hu\"},{\"@type\":\"Organization\",\"@id\":\"https:\\\/\\\/nembutalman.com\\\/#organization\",\"name\":\"Nembutal Mann\",\"url\":\"https:\\\/\\\/nembutalman.com\\\/\",\"logo\":{\"@type\":\"ImageObject\",\"inLanguage\":\"hu\",\"@id\":\"https:\\\/\\\/nembutalman.com\\\/#\\\/schema\\\/logo\\\/image\\\/\",\"url\":\"https:\\\/\\\/nembutalman.com\\\/wp-content\\\/uploads\\\/2024\\\/11\\\/Untitled-design.png\",\"contentUrl\":\"https:\\\/\\\/nembutalman.com\\\/wp-content\\\/uploads\\\/2024\\\/11\\\/Untitled-design.png\",\"width\":650,\"height\":250,\"caption\":\"Nembutal Mann\"},\"image\":{\"@id\":\"https:\\\/\\\/nembutalman.com\\\/#\\\/schema\\\/logo\\\/image\\\/\"}}]}<\/script>\n<!-- \/ Yoast SEO Premium plugin. -->","yoast_head_json":{"title":"\u00c1ltal\u00e1nos Szerz\u0151d\u00e9si Felt\u00e9telek | Nembutal Mann - Ir\u00e1nyelvek, Felhaszn\u00e1l\u00f3i meg\u00e1llapod\u00e1s","description":"Nembutal Mann \u00c1ltal\u00e1nos Szerz\u0151d\u00e9si Felt\u00e9telek. Ismerje meg a felhaszn\u00e1l\u00f3i felel\u0151ss\u00e9geket, a szellemi tulajdonjogokat, a felel\u0151ss\u00e9gre von\u00e1si nyilatkozatokat, az etikus gyakorlatok ir\u00e1nti elk\u00f6telezetts\u00e9get.","robots":{"index":"index","follow":"follow","max-snippet":"max-snippet:-1","max-image-preview":"max-image-preview:large","max-video-preview":"max-video-preview:-1"},"canonical":"https:\/\/nembutalman.com\/hu\/feltetelek-es-kikotesek\/","og_locale":"hu_HU","og_type":"article","og_title":"Terms and Conditions | Nembutal Mann \u2013 Policies, User Agreement","og_description":"Nembutal Mann\u2019s Terms and Conditions. Learn user responsibilities, intellectual property rights, disclaimers, commitment to ethical practices.","og_url":"https:\/\/nembutalman.com\/hu\/feltetelek-es-kikotesek\/","og_site_name":"Nembutal Mann","article_modified_time":"2024-12-09T16:01:15+00:00","og_image":[{"width":360,"height":360,"url":"https:\/\/nembutalman.com\/wp-content\/uploads\/2024\/11\/home4.jpg","type":"image\/jpeg"}],"twitter_card":"summary_large_image","twitter_title":"Terms and Conditions | Nembutal Mann \u2013 Policies, User Agreement","twitter_description":"Nembutal Mann\u2019s Terms and Conditions. Learn user responsibilities, intellectual property rights, disclaimers, commitment to ethical practices.","twitter_misc":{"Becs\u00fclt olvas\u00e1si id\u0151":"2 perc"},"schema":{"@context":"https:\/\/schema.org","@graph":[{"@type":"WebPage","@id":"https:\/\/nembutalman.com\/terms-and-conditions\/","url":"https:\/\/nembutalman.com\/terms-and-conditions\/","name":"\u00c1ltal\u00e1nos Szerz\u0151d\u00e9si Felt\u00e9telek | Nembutal Mann - Ir\u00e1nyelvek, Felhaszn\u00e1l\u00f3i meg\u00e1llapod\u00e1s","isPartOf":{"@id":"https:\/\/nembutalman.com\/#website"},"datePublished":"2024-12-09T15:33:43+00:00","dateModified":"2024-12-09T16:01:15+00:00","description":"Nembutal Mann \u00c1ltal\u00e1nos Szerz\u0151d\u00e9si Felt\u00e9telek. Ismerje meg a felhaszn\u00e1l\u00f3i felel\u0151ss\u00e9geket, a szellemi tulajdonjogokat, a felel\u0151ss\u00e9gre von\u00e1si nyilatkozatokat, az etikus gyakorlatok ir\u00e1nti elk\u00f6telezetts\u00e9get.","breadcrumb":{"@id":"https:\/\/nembutalman.com\/terms-and-conditions\/#breadcrumb"},"inLanguage":"hu","potentialAction":[{"@type":"ReadAction","target":["https:\/\/nembutalman.com\/terms-and-conditions\/"]}]},{"@type":"BreadcrumbList","@id":"https:\/\/nembutalman.com\/terms-and-conditions\/#breadcrumb","itemListElement":[{"@type":"ListItem","position":1,"name":"Home","item":"https:\/\/nembutalman.com\/"},{"@type":"ListItem","position":2,"name":"Terms &amp; Conditions"}]},{"@type":"WebSite","@id":"https:\/\/nembutalman.com\/#website","url":"https:\/\/nembutalman.com\/","name":"A Nembutal Mann-n\u00e1l","description":"Nembutal Kaufen Deutschland","publisher":{"@id":"https:\/\/nembutalman.com\/#organization"},"potentialAction":[{"@type":"SearchAction","target":{"@type":"EntryPoint","urlTemplate":"https:\/\/nembutalman.com\/?s={search_term_string}"},"query-input":{"@type":"PropertyValueSpecification","valueRequired":true,"valueName":"search_term_string"}}],"inLanguage":"hu"},{"@type":"Organization","@id":"https:\/\/nembutalman.com\/#organization","name":"A Nembutal Mann-n\u00e1l","url":"https:\/\/nembutalman.com\/","logo":{"@type":"ImageObject","inLanguage":"hu","@id":"https:\/\/nembutalman.com\/#\/schema\/logo\/image\/","url":"https:\/\/nembutalman.com\/wp-content\/uploads\/2024\/11\/Untitled-design.png","contentUrl":"https:\/\/nembutalman.com\/wp-content\/uploads\/2024\/11\/Untitled-design.png","width":650,"height":250,"caption":"Nembutal Mann"},"image":{"@id":"https:\/\/nembutalman.com\/#\/schema\/logo\/image\/"}}]}},"_links":{"self":[{"href":"https:\/\/nembutalman.com\/hu\/wp-json\/wp\/v2\/pages\/20852","targetHints":{"allow":["GET"]}}],"collection":[{"href":"https:\/\/nembutalman.com\/hu\/wp-json\/wp\/v2\/pages"}],"about":[{"href":"https:\/\/nembutalman.com\/hu\/wp-json\/wp\/v2\/types\/page"}],"author":[{"embeddable":true,"href":"https:\/\/nembutalman.com\/hu\/wp-json\/wp\/v2\/users\/13"}],"replies":[{"embeddable":true,"href":"https:\/\/nembutalman.com\/hu\/wp-json\/wp\/v2\/comments?post=20852"}],"version-history":[{"count":0,"href":"https:\/\/nembutalman.com\/hu\/wp-json\/wp\/v2\/pages\/20852\/revisions"}],"wp:attachment":[{"href":"https:\/\/nembutalman.com\/hu\/wp-json\/wp\/v2\/media?parent=20852"}],"curies":[{"name":"wp","href":"https:\/\/api.w.org\/{rel}","templated":true}]}}