{"id":20852,"date":"2024-12-09T15:33:43","date_gmt":"2024-12-09T15:33:43","guid":{"rendered":"https:\/\/nembutalman.com\/?page_id=20852"},"modified":"2024-12-09T16:01:15","modified_gmt":"2024-12-09T16:01:15","slug":"termini-e-condizioni","status":"publish","type":"page","link":"https:\/\/nembutalman.com\/it\/termini-e-condizioni\/","title":{"rendered":"Termini e condizioni"},"content":{"rendered":"<div data-elementor-type=\"wp-page\" data-elementor-id=\"20852\" class=\"elementor elementor-20852\" data-elementor-post-type=\"page\">\n\t\t\t\t<div class=\"wd-negative-gap elementor-element elementor-element-3445f31e e-flex e-con-boxed e-con e-parent\" data-id=\"3445f31e\" data-element_type=\"container\" data-e-type=\"container\" data-settings=\"{&quot;background_background&quot;:&quot;classic&quot;}\">\n\t\t\t\t\t<div class=\"e-con-inner\">\n\t\t\t\t<div class=\"elementor-element elementor-element-6a93c53 elementor-widget elementor-widget-wd_text_block\" data-id=\"6a93c53\" data-element_type=\"widget\" data-e-type=\"widget\" data-widget_type=\"wd_text_block.default\">\n\t\t\t\t<div class=\"elementor-widget-container\">\n\t\t\t\t\t\t\t<div class=\"wd-text-block reset-last-child text-left color-scheme-light\">\n\t\t\t\n\t\t\t<div class=\"wp-block-columns\">\n<div class=\"wp-block-column has-white-color has-text-color has-background has-link-color\">\n<h2 class=\"wp-block-heading has-white-color has-text-color has-link-color\"><span style=\"color: #c1d43a;\">Benvenuti a Nembutal Mann<\/span><\/h2>\n<!-- \/wp:heading --><!-- wp:paragraph -->\n<p>I presenti Termini e condizioni regolano l'uso del nostro sito web, dei servizi e di qualsiasi contenuto fornito da Nembutal Mann. Accedendo o utilizzando questo sito web, l'utente accetta di rispettare tali termini. Si prega di leggerli attentamente.<\/p>\n<!-- \/wp:paragraph --><!-- wp:heading {\"level\":3,\"style\":{\"elements\":{\"link\":{\"color\":{\"text\":\"#c1d43a\"}}},\"color\":{\"text\":\"#c1d43a\"}}} -->\n<h3 class=\"wp-block-heading has-text-color has-link-color\"><span style=\"color: #c1d43a;\">I. Uso generale<\/span><\/h3>\n<!-- \/wp:heading --><!-- wp:paragraph -->\n<p><strong><span style=\"color: #c1d43a;\">I.1.<\/span> <span style=\"color: #c1d43a;\">Ammissibilit\u00e0:<\/span><\/strong>\u00a0Per accedere al nostro sito web \u00e8 necessario avere almeno 18 anni.<br \/><span style=\"color: #c1d43a;\"><strong>I.1. Scopo del contenuto:<\/strong><\/span> Tutte le informazioni contenute in questo sito web hanno uno scopo esclusivamente educativo e informativo e non costituiscono una consulenza medica.<\/p>\n<!-- \/wp:paragraph --><!-- wp:heading {\"level\":3,\"style\":{\"color\":{\"text\":\"#c1d43a\"},\"elements\":{\"link\":{\"color\":{\"text\":\"#c1d43a\"}}}}} -->\n<h3 class=\"wp-block-heading has-text-color has-link-color\"><span style=\"color: #c1d43a;\"><strong>II. La propriet\u00e0 intellettuale<\/strong><\/span><\/h3>\n<!-- \/wp:heading --><!-- wp:paragraph -->\n<p><span style=\"color: #c1d43a;\"><strong>II.1. Copyright<\/strong>:<\/span> Tutti i contenuti di questo sito web, compresi testi, immagini ed elementi di design, sono di propriet\u00e0 di Nembutal Mann e sono protetti dalle leggi sul copyright.<br \/><span style=\"color: #c1d43a;\"><strong>II.2. Restrizioni:<\/strong><\/span> Non \u00e8 consentito copiare, riprodurre o distribuire alcun materiale di questo sito web senza previo consenso scritto.<\/p>\n<h3><span style=\"color: #c1d43a;\"><strong>III. Responsabilit\u00e0 dell'utente<\/strong><\/span><\/h3>\n<p><span style=\"color: #c1d43a;\"><strong>III.1. Informazioni accurate:<\/strong><\/span> Quando si utilizzano i nostri servizi o si inviano richieste di informazioni, l'utente accetta di fornire informazioni accurate e complete.<br \/><span style=\"color: #c1d43a;\"><strong>III.2. Azioni vietate:<\/strong><\/span> L'utente accetta di non utilizzare il nostro sito web per attivit\u00e0 illegali o in violazione delle leggi vigenti.<\/p>\n<hr \/>\n<h3><span style=\"color: #c1d43a;\"><strong>IV. Esclusione di responsabilit\u00e0<\/strong><\/span><\/h3>\n<p><span style=\"color: #c1d43a;\"><strong>IV.1 Nessuna garanzia:<\/strong><\/span> <strong><a href=\"https:\/\/nembutalman.com\/it\/\">Al Nembutal Mann<\/a><\/strong> non garantisce l'accuratezza o la completezza delle informazioni fornite in questo sito web.<br \/><span style=\"color: #c1d43a;\"><strong>IV.2 Responsabilit\u00e0 limitata:<\/strong><\/span> Non siamo responsabili di eventuali danni diretti o indiretti derivanti dall'uso del sito web.<\/p>\n<hr \/>\n<h3><span style=\"color: #c1d43a;\"><strong>V. Link a siti web di terzi<\/strong><\/span><\/h3>\n<p>Il nostro sito web pu\u00f2 contenere link a siti web di terzi a scopo informativo. Non approviamo n\u00e9 ci assumiamo la responsabilit\u00e0 per il contenuto di questi siti web.<\/p>\n<hr \/>\n<h3><span style=\"color: #c1d43a;\"><strong>VI. Politica sulla privacy<\/strong><\/span><\/h3>\n<p>L'utilizzo di questo sito web da parte dell'utente \u00e8 regolato anche dalla nostra <a href=\"https:\/\/nembutalman.com\/it\/politica-di-privacy\/\" rel=\"noopener\">Informativa sulla privacy<\/a>che spiega come raccogliamo, utilizziamo e proteggiamo i vostri dati.<\/p>\n<hr \/>\n<h3><span style=\"color: #c1d43a;\"><strong>VII. Modifiche ai termini<\/strong><\/span><\/h3>\n<p>Ci riserviamo il diritto di aggiornare o modificare i presenti Termini e condizioni in qualsiasi momento senza preavviso. Si prega di rivedere periodicamente questa pagina per eventuali modifiche.<\/p>\n<h3><span style=\"color: #c1d43a;\"><strong>VIII. Legge applicabile<\/strong><\/span><\/h3>\n<p>I presenti Termini e condizioni sono disciplinati e interpretati in conformit\u00e0 alle leggi della giurisdizione di appartenenza.<\/p>\n<!-- \/wp:paragraph --><\/div>\n<!-- \/wp:column --><\/div>\n<p><!-- \/wp:columns --><!-- wp:paragraph --><\/p>\n<p>\u00a0<\/p>\n\t\t\t\t\t<\/div>\n\t\t\t\t\t\t<\/div>\n\t\t\t\t<\/div>\n\t\t\t\t\t<\/div>\n\t\t\t\t<\/div>\n\t\t\t\t<\/div>","protected":false},"excerpt":{"rendered":"<p>Welcome to Nembutal Mann These Terms and Conditions govern your use of our website, services, and any content provided by<\/p>","protected":false},"author":13,"featured_media":0,"parent":0,"menu_order":0,"comment_status":"closed","ping_status":"closed","template":"","meta":{"footnotes":""},"class_list":["post-20852","page","type-page","status-publish","hentry"],"yoast_head":"<!-- This site is optimized with the Yoast SEO Premium plugin v24.2 (Yoast SEO v27.4) - https:\/\/yoast.com\/product\/yoast-seo-premium-wordpress\/ -->\n<title>Terms and Conditions | Nembutal Mann \u2013 Policies, User Agreement<\/title>\n<meta name=\"description\" content=\"Nembutal Mann\u2019s Terms and Conditions. Learn user responsibilities, intellectual property rights, disclaimers, commitment to ethical practices.\" \/>\n<meta name=\"robots\" content=\"index, follow, max-snippet:-1, max-image-preview:large, max-video-preview:-1\" \/>\n<link rel=\"canonical\" href=\"https:\/\/nembutalman.com\/it\/termini-e-condizioni\/\" \/>\n<meta property=\"og:locale\" content=\"it_IT\" \/>\n<meta property=\"og:type\" content=\"article\" \/>\n<meta property=\"og:title\" content=\"Terms and Conditions | Nembutal Mann \u2013 Policies, User Agreement\" \/>\n<meta property=\"og:description\" content=\"Nembutal Mann\u2019s Terms and Conditions. Learn user responsibilities, intellectual property rights, disclaimers, commitment to ethical practices.\" \/>\n<meta property=\"og:url\" content=\"https:\/\/nembutalman.com\/it\/termini-e-condizioni\/\" \/>\n<meta property=\"og:site_name\" content=\"Nembutal Mann\" \/>\n<meta property=\"article:modified_time\" content=\"2024-12-09T16:01:15+00:00\" \/>\n<meta property=\"og:image\" content=\"https:\/\/nembutalman.com\/wp-content\/uploads\/2024\/11\/home4.jpg\" \/>\n\t<meta property=\"og:image:width\" content=\"360\" \/>\n\t<meta property=\"og:image:height\" content=\"360\" \/>\n\t<meta property=\"og:image:type\" content=\"image\/jpeg\" \/>\n<meta name=\"twitter:card\" content=\"summary_large_image\" \/>\n<meta name=\"twitter:title\" content=\"Terms and Conditions | Nembutal Mann \u2013 Policies, User Agreement\" \/>\n<meta name=\"twitter:description\" content=\"Nembutal Mann\u2019s Terms and Conditions. Learn user responsibilities, intellectual property rights, disclaimers, commitment to ethical practices.\" \/>\n<meta name=\"twitter:label1\" content=\"Tempo di lettura stimato\" \/>\n\t<meta name=\"twitter:data1\" content=\"2 minuti\" \/>\n<script type=\"application\/ld+json\" class=\"yoast-schema-graph\">{\"@context\":\"https:\\\/\\\/schema.org\",\"@graph\":[{\"@type\":\"WebPage\",\"@id\":\"https:\\\/\\\/nembutalman.com\\\/terms-and-conditions\\\/\",\"url\":\"https:\\\/\\\/nembutalman.com\\\/terms-and-conditions\\\/\",\"name\":\"Terms and Conditions | Nembutal Mann \u2013 Policies, User Agreement\",\"isPartOf\":{\"@id\":\"https:\\\/\\\/nembutalman.com\\\/#website\"},\"datePublished\":\"2024-12-09T15:33:43+00:00\",\"dateModified\":\"2024-12-09T16:01:15+00:00\",\"description\":\"Nembutal Mann\u2019s Terms and Conditions. Learn user responsibilities, intellectual property rights, disclaimers, commitment to ethical practices.\",\"breadcrumb\":{\"@id\":\"https:\\\/\\\/nembutalman.com\\\/terms-and-conditions\\\/#breadcrumb\"},\"inLanguage\":\"it-IT\",\"potentialAction\":[{\"@type\":\"ReadAction\",\"target\":[\"https:\\\/\\\/nembutalman.com\\\/terms-and-conditions\\\/\"]}]},{\"@type\":\"BreadcrumbList\",\"@id\":\"https:\\\/\\\/nembutalman.com\\\/terms-and-conditions\\\/#breadcrumb\",\"itemListElement\":[{\"@type\":\"ListItem\",\"position\":1,\"name\":\"Home\",\"item\":\"https:\\\/\\\/nembutalman.com\\\/\"},{\"@type\":\"ListItem\",\"position\":2,\"name\":\"Terms &amp; Conditions\"}]},{\"@type\":\"WebSite\",\"@id\":\"https:\\\/\\\/nembutalman.com\\\/#website\",\"url\":\"https:\\\/\\\/nembutalman.com\\\/\",\"name\":\"Nembutal Mann\",\"description\":\"Nembutal Kaufen Deutschland\",\"publisher\":{\"@id\":\"https:\\\/\\\/nembutalman.com\\\/#organization\"},\"potentialAction\":[{\"@type\":\"SearchAction\",\"target\":{\"@type\":\"EntryPoint\",\"urlTemplate\":\"https:\\\/\\\/nembutalman.com\\\/?s={search_term_string}\"},\"query-input\":{\"@type\":\"PropertyValueSpecification\",\"valueRequired\":true,\"valueName\":\"search_term_string\"}}],\"inLanguage\":\"it-IT\"},{\"@type\":\"Organization\",\"@id\":\"https:\\\/\\\/nembutalman.com\\\/#organization\",\"name\":\"Nembutal Mann\",\"url\":\"https:\\\/\\\/nembutalman.com\\\/\",\"logo\":{\"@type\":\"ImageObject\",\"inLanguage\":\"it-IT\",\"@id\":\"https:\\\/\\\/nembutalman.com\\\/#\\\/schema\\\/logo\\\/image\\\/\",\"url\":\"https:\\\/\\\/nembutalman.com\\\/wp-content\\\/uploads\\\/2024\\\/11\\\/Untitled-design.png\",\"contentUrl\":\"https:\\\/\\\/nembutalman.com\\\/wp-content\\\/uploads\\\/2024\\\/11\\\/Untitled-design.png\",\"width\":650,\"height\":250,\"caption\":\"Nembutal Mann\"},\"image\":{\"@id\":\"https:\\\/\\\/nembutalman.com\\\/#\\\/schema\\\/logo\\\/image\\\/\"}}]}<\/script>\n<!-- \/ Yoast SEO Premium plugin. -->","yoast_head_json":{"title":"Termini e condizioni | Nembutal Mann - Politiche, Accordo per gli utenti","description":"Termini e condizioni di Nembutal Mann. Imparate le responsabilit\u00e0 degli utenti, i diritti di propriet\u00e0 intellettuale, le esclusioni di responsabilit\u00e0, l'impegno per le pratiche etiche.","robots":{"index":"index","follow":"follow","max-snippet":"max-snippet:-1","max-image-preview":"max-image-preview:large","max-video-preview":"max-video-preview:-1"},"canonical":"https:\/\/nembutalman.com\/it\/termini-e-condizioni\/","og_locale":"it_IT","og_type":"article","og_title":"Terms and Conditions | Nembutal Mann \u2013 Policies, User Agreement","og_description":"Nembutal Mann\u2019s Terms and Conditions. Learn user responsibilities, intellectual property rights, disclaimers, commitment to ethical practices.","og_url":"https:\/\/nembutalman.com\/it\/termini-e-condizioni\/","og_site_name":"Nembutal Mann","article_modified_time":"2024-12-09T16:01:15+00:00","og_image":[{"width":360,"height":360,"url":"https:\/\/nembutalman.com\/wp-content\/uploads\/2024\/11\/home4.jpg","type":"image\/jpeg"}],"twitter_card":"summary_large_image","twitter_title":"Terms and Conditions | Nembutal Mann \u2013 Policies, User Agreement","twitter_description":"Nembutal Mann\u2019s Terms and Conditions. Learn user responsibilities, intellectual property rights, disclaimers, commitment to ethical practices.","twitter_misc":{"Tempo di lettura stimato":"2 minuti"},"schema":{"@context":"https:\/\/schema.org","@graph":[{"@type":"WebPage","@id":"https:\/\/nembutalman.com\/terms-and-conditions\/","url":"https:\/\/nembutalman.com\/terms-and-conditions\/","name":"Termini e condizioni | Nembutal Mann - Politiche, Accordo per gli utenti","isPartOf":{"@id":"https:\/\/nembutalman.com\/#website"},"datePublished":"2024-12-09T15:33:43+00:00","dateModified":"2024-12-09T16:01:15+00:00","description":"Termini e condizioni di Nembutal Mann. Imparate le responsabilit\u00e0 degli utenti, i diritti di propriet\u00e0 intellettuale, le esclusioni di responsabilit\u00e0, l'impegno per le pratiche etiche.","breadcrumb":{"@id":"https:\/\/nembutalman.com\/terms-and-conditions\/#breadcrumb"},"inLanguage":"it-IT","potentialAction":[{"@type":"ReadAction","target":["https:\/\/nembutalman.com\/terms-and-conditions\/"]}]},{"@type":"BreadcrumbList","@id":"https:\/\/nembutalman.com\/terms-and-conditions\/#breadcrumb","itemListElement":[{"@type":"ListItem","position":1,"name":"Home","item":"https:\/\/nembutalman.com\/"},{"@type":"ListItem","position":2,"name":"Terms &amp; Conditions"}]},{"@type":"WebSite","@id":"https:\/\/nembutalman.com\/#website","url":"https:\/\/nembutalman.com\/","name":"Al Nembutal Mann","description":"Nembutal Acquistare Deutschland","publisher":{"@id":"https:\/\/nembutalman.com\/#organization"},"potentialAction":[{"@type":"SearchAction","target":{"@type":"EntryPoint","urlTemplate":"https:\/\/nembutalman.com\/?s={search_term_string}"},"query-input":{"@type":"PropertyValueSpecification","valueRequired":true,"valueName":"search_term_string"}}],"inLanguage":"it-IT"},{"@type":"Organization","@id":"https:\/\/nembutalman.com\/#organization","name":"Al Nembutal Mann","url":"https:\/\/nembutalman.com\/","logo":{"@type":"ImageObject","inLanguage":"it-IT","@id":"https:\/\/nembutalman.com\/#\/schema\/logo\/image\/","url":"https:\/\/nembutalman.com\/wp-content\/uploads\/2024\/11\/Untitled-design.png","contentUrl":"https:\/\/nembutalman.com\/wp-content\/uploads\/2024\/11\/Untitled-design.png","width":650,"height":250,"caption":"Nembutal Mann"},"image":{"@id":"https:\/\/nembutalman.com\/#\/schema\/logo\/image\/"}}]}},"_links":{"self":[{"href":"https:\/\/nembutalman.com\/it\/wp-json\/wp\/v2\/pages\/20852","targetHints":{"allow":["GET"]}}],"collection":[{"href":"https:\/\/nembutalman.com\/it\/wp-json\/wp\/v2\/pages"}],"about":[{"href":"https:\/\/nembutalman.com\/it\/wp-json\/wp\/v2\/types\/page"}],"author":[{"embeddable":true,"href":"https:\/\/nembutalman.com\/it\/wp-json\/wp\/v2\/users\/13"}],"replies":[{"embeddable":true,"href":"https:\/\/nembutalman.com\/it\/wp-json\/wp\/v2\/comments?post=20852"}],"version-history":[{"count":0,"href":"https:\/\/nembutalman.com\/it\/wp-json\/wp\/v2\/pages\/20852\/revisions"}],"wp:attachment":[{"href":"https:\/\/nembutalman.com\/it\/wp-json\/wp\/v2\/media?parent=20852"}],"curies":[{"name":"wp","href":"https:\/\/api.w.org\/{rel}","templated":true}]}}