{"id":20710,"date":"2024-12-05T14:49:37","date_gmt":"2024-12-05T14:49:37","guid":{"rendered":"https:\/\/nembutalman.com\/?page_id=20710"},"modified":"2025-01-22T12:56:50","modified_gmt":"2025-01-22T12:56:50","slug":"om-oss","status":"publish","type":"page","link":"https:\/\/nembutalman.com\/nb\/om-oss\/","title":{"rendered":"Om oss"},"content":{"rendered":"<div data-elementor-type=\"wp-page\" data-elementor-id=\"20710\" class=\"elementor elementor-20710\" data-elementor-post-type=\"page\">\n\t\t\t\t<div class=\"wd-negative-gap elementor-element elementor-element-c627e70 e-flex e-con-boxed e-con e-parent\" data-id=\"c627e70\" data-element_type=\"container\" data-e-type=\"container\">\n\t\t\t\t\t<div class=\"e-con-inner\">\n\t\t\t\t<div class=\"elementor-element elementor-element-c4b82c3 elementor-widget elementor-widget-image\" data-id=\"c4b82c3\" data-element_type=\"widget\" data-e-type=\"widget\" data-widget_type=\"image.default\">\n\t\t\t\t<div class=\"elementor-widget-container\">\n\t\t\t\t\t\t\t\t\t\t\t\t\t\t\t<img fetchpriority=\"high\" decoding=\"async\" width=\"1000\" height=\"750\" src=\"https:\/\/nembutalman.com\/wp-content\/uploads\/2024\/12\/About_us.jpg\" class=\"attachment-large size-large wp-image-20712\" alt=\"Om oss | Nembutalman - P\u00e5litelig ressurs for informasjon om Nembutal\" srcset=\"https:\/\/nembutalman.com\/wp-content\/uploads\/2024\/12\/About_us.jpg 1000w, https:\/\/nembutalman.com\/wp-content\/uploads\/2024\/12\/About_us-400x300.jpg 400w, https:\/\/nembutalman.com\/wp-content\/uploads\/2024\/12\/About_us-768x576.jpg 768w, https:\/\/nembutalman.com\/wp-content\/uploads\/2024\/12\/About_us-430x323.jpg 430w, https:\/\/nembutalman.com\/wp-content\/uploads\/2024\/12\/About_us-700x525.jpg 700w, https:\/\/nembutalman.com\/wp-content\/uploads\/2024\/12\/About_us-150x113.jpg 150w\" sizes=\"(max-width: 1000px) 100vw, 1000px\" \/>\t\t\t\t\t\t\t\t\t\t\t\t\t\t\t<\/div>\n\t\t\t\t<\/div>\n\t\t\t\t\t<\/div>\n\t\t\t\t<\/div>\n\t\t<div class=\"wd-negative-gap elementor-element elementor-element-2b6a8ac e-flex e-con-boxed e-con e-parent\" data-id=\"2b6a8ac\" data-element_type=\"container\" data-e-type=\"container\">\n\t\t\t\t\t<div class=\"e-con-inner\">\n\t\t<div class=\"elementor-element elementor-element-5c5f7bd e-con-full e-flex e-con e-child\" data-id=\"5c5f7bd\" data-element_type=\"container\" data-e-type=\"container\" data-settings=\"{&quot;background_background&quot;:&quot;classic&quot;}\">\n\t\t\t\t<div class=\"elementor-element elementor-element-be66a3c wd-width-100 elementor-widget elementor-widget-wd_title\" data-id=\"be66a3c\" data-element_type=\"widget\" data-e-type=\"widget\" data-widget_type=\"wd_title.default\">\n\t\t\t\t<div class=\"elementor-widget-container\">\n\t\t\t\t\t\t\t<div class=\"title-wrapper wd-set-mb reset-last-child wd-title-color-white wd-title-style-default wd-title-size-default text-left\">\n\n\t\t\t\n\t\t\t<div class=\"liner-continer\">\n\t\t\t\t<h4 class=\"woodmart-title-container title wd-fontsize-l\"><b>Hvem<\/b> Vi er<\/h4> \n\t\t\t\t\t\t\t<\/div>\n\n\t\t\t\t\t\t\t<div class=\"title-after_title reset-last-child wd-fontsize-xs\">\n\t\t\t\t\t<p>Velkommen til <span style=\"color: #c1d43a\"><a href=\"https:\/\/nembutalman.com\/nb\/\"><strong>Hos Nembutal Mann<\/strong><\/a><\/span>Vi er en p\u00e5litelig leverand\u00f8r av n\u00f8yaktig og omfattende informasjon om Nembutal (natriumpentobarbital). V\u00e5rt oppdrag er \u00e5 utdanne, informere og styrke enkeltpersoner som s\u00f8ker p\u00e5litelig innsikt om denne anerkjente substansen, dens bruksomr\u00e5der og dens konsekvenser.<\/p><p>Nembutal Mann er en lisensiert nettbasert plattform som er dedikert til \u00e5 tilby kompetente og medf\u00f8lende d\u00f8dshjelpstjenester i hele Europa. Med Huib Drions visjon som drivkraft, kjemper v\u00e5rt team av prester og helsepersonell for retten til en verdig d\u00f8d. Vi hjelper personer som lider av demens og andre d\u00f8delige sykdommer med \u00e5 ta velinformerte beslutninger om den siste tiden. Vi tilbyr v\u00e5re tjenester med den st\u00f8rste omsorg og respekt fordi vi verdsetter diskresjon og tillit. Vi tilbyr ogs\u00e5 oppl\u00e6ringsmateriell for \u00e5 hjelpe deg med \u00e5 ta de beste beslutningene, og vi st\u00f8tter aktivt legaliseringen av eutanasi i Europa. <br \/>Vi setter pris p\u00e5 din tillit til Nembutal Mann gjennom denne viktige livsovergangen.<\/p>\t\t\t\t<\/div>\n\t\t\t\t\t<\/div>\n\t\t\t\t\t\t<\/div>\n\t\t\t\t<\/div>\n\t\t\t\t<\/div>\n\t\t<div class=\"elementor-element elementor-element-b6402df e-con-full e-flex e-con e-child\" data-id=\"b6402df\" data-element_type=\"container\" data-e-type=\"container\">\n\t\t\t\t<div class=\"elementor-element elementor-element-9ee9c10 elementor-widget elementor-widget-n-accordion\" data-id=\"9ee9c10\" data-element_type=\"widget\" data-e-type=\"widget\" data-settings=\"{&quot;max_items_expended&quot;:&quot;multiple&quot;,&quot;default_state&quot;:&quot;expanded&quot;,&quot;n_accordion_animation_duration&quot;:{&quot;unit&quot;:&quot;ms&quot;,&quot;size&quot;:400,&quot;sizes&quot;:[]}}\" data-widget_type=\"nested-accordion.default\">\n\t\t\t\t<div class=\"elementor-widget-container\">\n\t\t\t\t\t\t\t<div class=\"e-n-accordion\" aria-label=\"Trekkspill. \u00c5pne lenker med Enter eller Space, lukk med Escape, og naviger med piltastene\">\n\t\t\t\t\t\t<details id=\"e-n-accordion-item-1660\" class=\"e-n-accordion-item\" open>\n\t\t\t\t<summary class=\"e-n-accordion-item-title\" data-accordion-index=\"1\" tabindex=\"0\" aria-expanded=\"true\" aria-controls=\"e-n-accordion-item-1660\" >\n\t\t\t\t\t<span class='e-n-accordion-item-title-header'><div class=\"e-n-accordion-item-title-text\"> V\u00e5r forpliktelse <\/div><\/span>\n\t\t\t\t\t\t\t<span class='e-n-accordion-item-title-icon'>\n\t\t\t<span class='e-opened' ><i aria-hidden=\"true\" class=\"fas fa-stop-circle\"><\/i><\/span>\n\t\t\t<span class='e-closed'><i aria-hidden=\"true\" class=\"fas fa-play-circle\"><\/i><\/span>\n\t\t<\/span>\n\n\t\t\t\t\t\t<\/summary>\n\t\t\t\t<div role=\"region\" aria-labelledby=\"e-n-accordion-item-1660\" class=\"elementor-element elementor-element-d109327 e-con-full e-flex e-con e-child\" data-id=\"d109327\" data-element_type=\"container\" data-e-type=\"container\">\n\t\t\t\t<div class=\"elementor-element elementor-element-b84c7bf elementor-widget elementor-widget-wd_text_block\" data-id=\"b84c7bf\" data-element_type=\"widget\" data-e-type=\"widget\" data-widget_type=\"wd_text_block.default\">\n\t\t\t\t<div class=\"elementor-widget-container\">\n\t\t\t\t\t\t\t<div class=\"wd-text-block reset-last-child text-left color-title\">\n\t\t\t\n\t\t\t<p>Vi prioriterer \u00e5penhet, profesjonalitet og n\u00f8yaktighet i alt innholdet v\u00e5rt. Enten du er helsepersonell, forsker eller en privatperson som utforsker alternativer, fungerer plattformen v\u00e5r som en p\u00e5litelig ressurs for \u00e5 l\u00e6re mer om:<\/p><ul><li>Nembutals medisinske og veterin\u00e6re bruksomr\u00e5der.<\/li><li>Riktig dosering og retningslinjer for administrering.<\/li><li>Juridiske bestemmelser og etiske betraktninger.<\/li><\/ul><p>Innholdet v\u00e5rt er n\u00f8ye gjennomarbeidet og f\u00f8lger strenge standarder for \u00e5 sikre at du bare f\u00e5r den mest n\u00f8yaktige og relevante informasjonen.<\/p>\n\t\t\t\t\t<\/div>\n\t\t\t\t\t\t<\/div>\n\t\t\t\t<\/div>\n\t\t\t\t<\/div>\n\t\t\t\t\t<\/details>\n\t\t\t\t\t\t<details id=\"e-n-accordion-item-1661\" class=\"e-n-accordion-item\" >\n\t\t\t\t<summary class=\"e-n-accordion-item-title\" data-accordion-index=\"2\" tabindex=\"-1\" aria-expanded=\"false\" aria-controls=\"e-n-accordion-item-1661\" >\n\t\t\t\t\t<span class='e-n-accordion-item-title-header'><div class=\"e-n-accordion-item-title-text\"> Hvorfor velge oss? <\/div><\/span>\n\t\t\t\t\t\t\t<span class='e-n-accordion-item-title-icon'>\n\t\t\t<span class='e-opened' ><i aria-hidden=\"true\" class=\"fas fa-stop-circle\"><\/i><\/span>\n\t\t\t<span class='e-closed'><i aria-hidden=\"true\" class=\"fas fa-play-circle\"><\/i><\/span>\n\t\t<\/span>\n\n\t\t\t\t\t\t<\/summary>\n\t\t\t\t<div role=\"region\" aria-labelledby=\"e-n-accordion-item-1661\" class=\"elementor-element elementor-element-262d7cd e-con-full e-flex e-con e-child\" data-id=\"262d7cd\" data-element_type=\"container\" data-e-type=\"container\">\n\t\t\t\t<div class=\"elementor-element elementor-element-5ec5ffa elementor-widget elementor-widget-wd_text_block\" data-id=\"5ec5ffa\" data-element_type=\"widget\" data-e-type=\"widget\" data-widget_type=\"wd_text_block.default\">\n\t\t\t\t<div class=\"elementor-widget-container\">\n\t\t\t\t\t\t\t<div class=\"wd-text-block reset-last-child text-left color-title\">\n\t\t\t\n\t\t\t<p>Om oss, Hos Nembutal Mann er vi dedikert til:<\/p><ul><li><span style=\"color: #225238;\"><strong>Tilbyr ekspertise:<\/strong><\/span> Teamet v\u00e5rt jobber utrettelig for \u00e5 levere godt unders\u00f8kt og oppdatert innhold.<\/li><li><span style=\"color: #225238;\"><strong>Fremme ansvarlighet:<\/strong><\/span> Vi fremmer trygg og informert bruk gjennom oppl\u00e6ring og p\u00e5virkningsarbeid.<\/li><li><span style=\"color: #225238;\"><strong>Sikre samsvar:<\/strong><\/span> Vi hjelper brukerne med \u00e5 forst\u00e5 <a href=\"https:\/\/www.admin.ch\/gov\/en\/start\/documentation\/media-releases.msg-id-14200.html\">juridisk og etisk rammeverk<\/a> rundt Nembutal i Europa.<\/li><\/ul>\n\t\t\t\t\t<\/div>\n\t\t\t\t\t\t<\/div>\n\t\t\t\t<\/div>\n\t\t\t\t<\/div>\n\t\t\t\t\t<\/details>\n\t\t\t\t\t\t<details id=\"e-n-accordion-item-1662\" class=\"e-n-accordion-item\" >\n\t\t\t\t<summary class=\"e-n-accordion-item-title\" data-accordion-index=\"3\" tabindex=\"-1\" aria-expanded=\"false\" aria-controls=\"e-n-accordion-item-1662\" >\n\t\t\t\t\t<span class='e-n-accordion-item-title-header'><div class=\"e-n-accordion-item-title-text\"> V\u00e5re verdier <\/div><\/span>\n\t\t\t\t\t\t\t<span class='e-n-accordion-item-title-icon'>\n\t\t\t<span class='e-opened' ><i aria-hidden=\"true\" class=\"fas fa-stop-circle\"><\/i><\/span>\n\t\t\t<span class='e-closed'><i aria-hidden=\"true\" class=\"fas fa-play-circle\"><\/i><\/span>\n\t\t<\/span>\n\n\t\t\t\t\t\t<\/summary>\n\t\t\t\t<div role=\"region\" aria-labelledby=\"e-n-accordion-item-1662\" class=\"elementor-element elementor-element-ccfe0cf e-con-full e-flex e-con e-child\" data-id=\"ccfe0cf\" data-element_type=\"container\" data-e-type=\"container\">\n\t\t\t\t<div class=\"elementor-element elementor-element-1646fe2 elementor-widget elementor-widget-wd_text_block\" data-id=\"1646fe2\" data-element_type=\"widget\" data-e-type=\"widget\" data-widget_type=\"wd_text_block.default\">\n\t\t\t\t<div class=\"elementor-widget-container\">\n\t\t\t\t\t\t\t<div class=\"wd-text-block reset-last-child text-left color-title\">\n\t\t\t\n\t\t\t<ul><li><span style=\"color: #225238;\"><strong>Integritet:<\/strong><\/span> Vi legger vekt p\u00e5 \u00e6rlighet og n\u00f8yaktighet i alle aspekter av arbeidet v\u00e5rt.<\/li><li><span style=\"color: #225238;\"><strong>Medf\u00f8lelse:<\/strong><\/span> Erkjenner at Nembutals bruksomr\u00e5der er sensitive, og behandler dem med forsiktighet.<\/li><li><span style=\"color: #225238;\"><strong>Utdanning:<\/strong><\/span> Styrke enkeltpersoner gjennom tilgjengelig og p\u00e5litelig informasjon.<\/li><\/ul>\n\t\t\t\t\t<\/div>\n\t\t\t\t\t\t<\/div>\n\t\t\t\t<\/div>\n\t\t\t\t<\/div>\n\t\t\t\t\t<\/details>\n\t\t\t\t\t\t<details id=\"e-n-accordion-item-1663\" class=\"e-n-accordion-item\" >\n\t\t\t\t<summary class=\"e-n-accordion-item-title\" data-accordion-index=\"4\" tabindex=\"-1\" aria-expanded=\"false\" aria-controls=\"e-n-accordion-item-1663\" >\n\t\t\t\t\t<span class='e-n-accordion-item-title-header'><div class=\"e-n-accordion-item-title-text\"> V\u00e5r visjon <\/div><\/span>\n\t\t\t\t\t\t\t<span class='e-n-accordion-item-title-icon'>\n\t\t\t<span class='e-opened' ><i aria-hidden=\"true\" class=\"fas fa-stop-circle\"><\/i><\/span>\n\t\t\t<span class='e-closed'><i aria-hidden=\"true\" class=\"fas fa-play-circle\"><\/i><\/span>\n\t\t<\/span>\n\n\t\t\t\t\t\t<\/summary>\n\t\t\t\t<div role=\"region\" aria-labelledby=\"e-n-accordion-item-1663\" class=\"elementor-element elementor-element-bbc973d e-con-full e-flex e-con e-child\" data-id=\"bbc973d\" data-element_type=\"container\" data-e-type=\"container\">\n\t\t\t\t<div class=\"elementor-element elementor-element-197c6d8 elementor-widget elementor-widget-wd_text_block\" data-id=\"197c6d8\" data-element_type=\"widget\" data-e-type=\"widget\" data-widget_type=\"wd_text_block.default\">\n\t\t\t\t<div class=\"elementor-widget-container\">\n\t\t\t\t\t\t\t<div class=\"wd-text-block reset-last-child text-left color-title\">\n\t\t\t\n\t\t\t<p>Vi \u00f8nsker \u00e5 v\u00e6re den ledende ressursen for Nembutal-relatert utdanning, bygge bro over kunnskapshull og st\u00f8tte informert beslutningstaking for alle.<\/p>\n\t\t\t\t\t<\/div>\n\t\t\t\t\t\t<\/div>\n\t\t\t\t<\/div>\n\t\t\t\t<\/div>\n\t\t\t\t\t<\/details>\n\t\t\t\t\t<\/div>\n\t\t\t\t\t\t<\/div>\n\t\t\t\t<\/div>\n\t\t\t\t<\/div>\n\t\t\t\t\t<\/div>\n\t\t\t\t<\/div>\n\t\t\t\t<\/div>","protected":false},"excerpt":{"rendered":"<p>Who We Are Welcome to Nembutal Mann, to know about us, we are a trusted provider of accurate and comprehensive<\/p>","protected":false},"author":13,"featured_media":0,"parent":0,"menu_order":0,"comment_status":"closed","ping_status":"closed","template":"","meta":{"footnotes":""},"class_list":["post-20710","page","type-page","status-publish","hentry"],"yoast_head":"<!-- This site is optimized with the Yoast SEO Premium plugin v24.2 (Yoast SEO v27.3) - https:\/\/yoast.com\/product\/yoast-seo-premium-wordpress\/ -->\n<title>About Us, Nembutal Mann | Trusted supplier of Nembutal Sodium<\/title>\n<meta name=\"description\" content=\"About us, at Nembutal Mann, our mission is to educate, inform, and empower individuals about Nembutal, its applications, and its implications.\" \/>\n<meta name=\"robots\" content=\"index, follow, max-snippet:-1, max-image-preview:large, max-video-preview:-1\" \/>\n<link rel=\"canonical\" href=\"https:\/\/nembutalman.com\/nb\/om-oss\/\" \/>\n<meta property=\"og:locale\" content=\"nb_NO\" \/>\n<meta property=\"og:type\" content=\"article\" \/>\n<meta property=\"og:title\" content=\"About Us\" \/>\n<meta property=\"og:description\" content=\"About us, at Nembutal Mann, our mission is to educate, inform, and empower individuals about Nembutal, its applications, and its implications.\" \/>\n<meta property=\"og:url\" content=\"https:\/\/nembutalman.com\/nb\/om-oss\/\" \/>\n<meta property=\"og:site_name\" content=\"Nembutal Mann\" \/>\n<meta property=\"article:modified_time\" content=\"2025-01-22T12:56:50+00:00\" \/>\n<meta property=\"og:image\" content=\"https:\/\/nembutalman.com\/wp-content\/uploads\/2024\/12\/About_us.jpg\" \/>\n\t<meta property=\"og:image:width\" content=\"1000\" \/>\n\t<meta property=\"og:image:height\" content=\"750\" \/>\n\t<meta property=\"og:image:type\" content=\"image\/jpeg\" \/>\n<meta name=\"twitter:card\" content=\"summary_large_image\" \/>\n<meta name=\"twitter:label1\" content=\"Ansl. lesetid\" \/>\n\t<meta name=\"twitter:data1\" content=\"3 minutter\" \/>\n<script type=\"application\/ld+json\" class=\"yoast-schema-graph\">{\"@context\":\"https:\\\/\\\/schema.org\",\"@graph\":[{\"@type\":\"WebPage\",\"@id\":\"https:\\\/\\\/nembutalman.com\\\/about-us\\\/\",\"url\":\"https:\\\/\\\/nembutalman.com\\\/about-us\\\/\",\"name\":\"About Us, Nembutal Mann | Trusted supplier of Nembutal Sodium\",\"isPartOf\":{\"@id\":\"https:\\\/\\\/nembutalman.com\\\/#website\"},\"primaryImageOfPage\":{\"@id\":\"https:\\\/\\\/nembutalman.com\\\/about-us\\\/#primaryimage\"},\"image\":{\"@id\":\"https:\\\/\\\/nembutalman.com\\\/about-us\\\/#primaryimage\"},\"thumbnailUrl\":\"https:\\\/\\\/nembutalman.com\\\/wp-content\\\/uploads\\\/2024\\\/12\\\/About_us.jpg\",\"datePublished\":\"2024-12-05T14:49:37+00:00\",\"dateModified\":\"2025-01-22T12:56:50+00:00\",\"description\":\"About us, at Nembutal Mann, our mission is to educate, inform, and empower individuals about Nembutal, its applications, and its implications.\",\"breadcrumb\":{\"@id\":\"https:\\\/\\\/nembutalman.com\\\/about-us\\\/#breadcrumb\"},\"inLanguage\":\"nb-NO\",\"potentialAction\":[{\"@type\":\"ReadAction\",\"target\":[\"https:\\\/\\\/nembutalman.com\\\/about-us\\\/\"]}]},{\"@type\":\"ImageObject\",\"inLanguage\":\"nb-NO\",\"@id\":\"https:\\\/\\\/nembutalman.com\\\/about-us\\\/#primaryimage\",\"url\":\"https:\\\/\\\/nembutalman.com\\\/wp-content\\\/uploads\\\/2024\\\/12\\\/About_us.jpg\",\"contentUrl\":\"https:\\\/\\\/nembutalman.com\\\/wp-content\\\/uploads\\\/2024\\\/12\\\/About_us.jpg\"},{\"@type\":\"BreadcrumbList\",\"@id\":\"https:\\\/\\\/nembutalman.com\\\/about-us\\\/#breadcrumb\",\"itemListElement\":[{\"@type\":\"ListItem\",\"position\":1,\"name\":\"Home\",\"item\":\"https:\\\/\\\/nembutalman.com\\\/\"},{\"@type\":\"ListItem\",\"position\":2,\"name\":\"About Us\"}]},{\"@type\":\"WebSite\",\"@id\":\"https:\\\/\\\/nembutalman.com\\\/#website\",\"url\":\"https:\\\/\\\/nembutalman.com\\\/\",\"name\":\"Nembutal Mann\",\"description\":\"Nembutal Kaufen Deutschland\",\"publisher\":{\"@id\":\"https:\\\/\\\/nembutalman.com\\\/#organization\"},\"potentialAction\":[{\"@type\":\"SearchAction\",\"target\":{\"@type\":\"EntryPoint\",\"urlTemplate\":\"https:\\\/\\\/nembutalman.com\\\/?s={search_term_string}\"},\"query-input\":{\"@type\":\"PropertyValueSpecification\",\"valueRequired\":true,\"valueName\":\"search_term_string\"}}],\"inLanguage\":\"nb-NO\"},{\"@type\":\"Organization\",\"@id\":\"https:\\\/\\\/nembutalman.com\\\/#organization\",\"name\":\"Nembutal Mann\",\"url\":\"https:\\\/\\\/nembutalman.com\\\/\",\"logo\":{\"@type\":\"ImageObject\",\"inLanguage\":\"nb-NO\",\"@id\":\"https:\\\/\\\/nembutalman.com\\\/#\\\/schema\\\/logo\\\/image\\\/\",\"url\":\"https:\\\/\\\/nembutalman.com\\\/wp-content\\\/uploads\\\/2024\\\/11\\\/Untitled-design.png\",\"contentUrl\":\"https:\\\/\\\/nembutalman.com\\\/wp-content\\\/uploads\\\/2024\\\/11\\\/Untitled-design.png\",\"width\":650,\"height\":250,\"caption\":\"Nembutal Mann\"},\"image\":{\"@id\":\"https:\\\/\\\/nembutalman.com\\\/#\\\/schema\\\/logo\\\/image\\\/\"}}]}<\/script>\n<!-- \/ Yoast SEO Premium plugin. -->","yoast_head_json":{"title":"Om oss, Nembutal Mann | P\u00e5litelig leverand\u00f8r av Nembutal Sodium","description":"Om oss, hos Nembutal Mann, er v\u00e5rt oppdrag \u00e5 utdanne, informere og styrke enkeltpersoner om Nembutal, dets bruksomr\u00e5der og dets konsekvenser.","robots":{"index":"index","follow":"follow","max-snippet":"max-snippet:-1","max-image-preview":"max-image-preview:large","max-video-preview":"max-video-preview:-1"},"canonical":"https:\/\/nembutalman.com\/nb\/om-oss\/","og_locale":"nb_NO","og_type":"article","og_title":"About Us","og_description":"About us, at Nembutal Mann, our mission is to educate, inform, and empower individuals about Nembutal, its applications, and its implications.","og_url":"https:\/\/nembutalman.com\/nb\/om-oss\/","og_site_name":"Nembutal Mann","article_modified_time":"2025-01-22T12:56:50+00:00","og_image":[{"width":1000,"height":750,"url":"https:\/\/nembutalman.com\/wp-content\/uploads\/2024\/12\/About_us.jpg","type":"image\/jpeg"}],"twitter_card":"summary_large_image","twitter_misc":{"Ansl. lesetid":"3 minutter"},"schema":{"@context":"https:\/\/schema.org","@graph":[{"@type":"WebPage","@id":"https:\/\/nembutalman.com\/about-us\/","url":"https:\/\/nembutalman.com\/about-us\/","name":"Om oss, Nembutal Mann | P\u00e5litelig leverand\u00f8r av Nembutal Sodium","isPartOf":{"@id":"https:\/\/nembutalman.com\/#website"},"primaryImageOfPage":{"@id":"https:\/\/nembutalman.com\/about-us\/#primaryimage"},"image":{"@id":"https:\/\/nembutalman.com\/about-us\/#primaryimage"},"thumbnailUrl":"https:\/\/nembutalman.com\/wp-content\/uploads\/2024\/12\/About_us.jpg","datePublished":"2024-12-05T14:49:37+00:00","dateModified":"2025-01-22T12:56:50+00:00","description":"Om oss, hos Nembutal Mann, er v\u00e5rt oppdrag \u00e5 utdanne, informere og styrke enkeltpersoner om Nembutal, dets bruksomr\u00e5der og dets konsekvenser.","breadcrumb":{"@id":"https:\/\/nembutalman.com\/about-us\/#breadcrumb"},"inLanguage":"nb-NO","potentialAction":[{"@type":"ReadAction","target":["https:\/\/nembutalman.com\/about-us\/"]}]},{"@type":"ImageObject","inLanguage":"nb-NO","@id":"https:\/\/nembutalman.com\/about-us\/#primaryimage","url":"https:\/\/nembutalman.com\/wp-content\/uploads\/2024\/12\/About_us.jpg","contentUrl":"https:\/\/nembutalman.com\/wp-content\/uploads\/2024\/12\/About_us.jpg"},{"@type":"BreadcrumbList","@id":"https:\/\/nembutalman.com\/about-us\/#breadcrumb","itemListElement":[{"@type":"ListItem","position":1,"name":"Home","item":"https:\/\/nembutalman.com\/"},{"@type":"ListItem","position":2,"name":"About Us"}]},{"@type":"WebSite","@id":"https:\/\/nembutalman.com\/#website","url":"https:\/\/nembutalman.com\/","name":"Hos Nembutal Mann","description":"Nembutal Kaufen Deutschland","publisher":{"@id":"https:\/\/nembutalman.com\/#organization"},"potentialAction":[{"@type":"SearchAction","target":{"@type":"EntryPoint","urlTemplate":"https:\/\/nembutalman.com\/?s={search_term_string}"},"query-input":{"@type":"PropertyValueSpecification","valueRequired":true,"valueName":"search_term_string"}}],"inLanguage":"nb-NO"},{"@type":"Organization","@id":"https:\/\/nembutalman.com\/#organization","name":"Hos Nembutal Mann","url":"https:\/\/nembutalman.com\/","logo":{"@type":"ImageObject","inLanguage":"nb-NO","@id":"https:\/\/nembutalman.com\/#\/schema\/logo\/image\/","url":"https:\/\/nembutalman.com\/wp-content\/uploads\/2024\/11\/Untitled-design.png","contentUrl":"https:\/\/nembutalman.com\/wp-content\/uploads\/2024\/11\/Untitled-design.png","width":650,"height":250,"caption":"Nembutal Mann"},"image":{"@id":"https:\/\/nembutalman.com\/#\/schema\/logo\/image\/"}}]}},"_links":{"self":[{"href":"https:\/\/nembutalman.com\/nb\/wp-json\/wp\/v2\/pages\/20710","targetHints":{"allow":["GET"]}}],"collection":[{"href":"https:\/\/nembutalman.com\/nb\/wp-json\/wp\/v2\/pages"}],"about":[{"href":"https:\/\/nembutalman.com\/nb\/wp-json\/wp\/v2\/types\/page"}],"author":[{"embeddable":true,"href":"https:\/\/nembutalman.com\/nb\/wp-json\/wp\/v2\/users\/13"}],"replies":[{"embeddable":true,"href":"https:\/\/nembutalman.com\/nb\/wp-json\/wp\/v2\/comments?post=20710"}],"version-history":[{"count":0,"href":"https:\/\/nembutalman.com\/nb\/wp-json\/wp\/v2\/pages\/20710\/revisions"}],"wp:attachment":[{"href":"https:\/\/nembutalman.com\/nb\/wp-json\/wp\/v2\/media?parent=20710"}],"curies":[{"name":"wp","href":"https:\/\/api.w.org\/{rel}","templated":true}]}}