{"id":20841,"date":"2024-12-09T14:40:50","date_gmt":"2024-12-09T14:40:50","guid":{"rendered":"https:\/\/nembutalman.com\/?page_id=20841"},"modified":"2025-01-01T14:31:53","modified_gmt":"2025-01-01T14:31:53","slug":"fraktpolicy","status":"publish","type":"page","link":"https:\/\/nembutalman.com\/nb\/fraktpolicy\/","title":{"rendered":"Retningslinjer for frakt"},"content":{"rendered":"<div data-elementor-type=\"wp-page\" data-elementor-id=\"20841\" class=\"elementor elementor-20841\" data-elementor-post-type=\"page\">\n\t\t\t\t<div class=\"wd-negative-gap elementor-element elementor-element-492f338 e-flex e-con-boxed e-con e-parent\" data-id=\"492f338\" data-element_type=\"container\" data-e-type=\"container\">\n\t\t\t\t\t<div class=\"e-con-inner\">\n\t\t\t\t<div class=\"elementor-element elementor-element-d8fb483 elementor-widget elementor-widget-image\" data-id=\"d8fb483\" data-element_type=\"widget\" data-e-type=\"widget\" data-widget_type=\"image.default\">\n\t\t\t\t<div class=\"elementor-widget-container\">\n\t\t\t\t\t\t\t\t\t\t\t\t\t\t\t<img fetchpriority=\"high\" decoding=\"async\" width=\"680\" height=\"409\" src=\"https:\/\/nembutalman.com\/wp-content\/uploads\/2024\/12\/shipping-policy.jpg\" class=\"attachment-large size-large wp-image-20843\" alt=\"\" srcset=\"https:\/\/nembutalman.com\/wp-content\/uploads\/2024\/12\/shipping-policy.jpg 680w, https:\/\/nembutalman.com\/wp-content\/uploads\/2024\/12\/shipping-policy-400x241.jpg 400w, https:\/\/nembutalman.com\/wp-content\/uploads\/2024\/12\/shipping-policy-430x259.jpg 430w, https:\/\/nembutalman.com\/wp-content\/uploads\/2024\/12\/shipping-policy-150x90.jpg 150w\" sizes=\"(max-width: 680px) 100vw, 680px\" \/>\t\t\t\t\t\t\t\t\t\t\t\t\t\t\t<\/div>\n\t\t\t\t<\/div>\n\t\t\t\t\t<\/div>\n\t\t\t\t<\/div>\n\t\t<div class=\"wd-negative-gap elementor-element elementor-element-cc2e0f1 e-flex e-con-boxed e-con e-parent\" data-id=\"cc2e0f1\" data-element_type=\"container\" data-e-type=\"container\" data-settings=\"{&quot;background_background&quot;:&quot;classic&quot;}\">\n\t\t\t\t\t<div class=\"e-con-inner\">\n\t\t<div class=\"elementor-element elementor-element-8f14267 e-con-full e-flex e-con e-child\" data-id=\"8f14267\" data-element_type=\"container\" data-e-type=\"container\">\n\t\t\t\t<div class=\"elementor-element elementor-element-a1c6e89 wd-width-100 elementor-widget elementor-widget-wd_title\" data-id=\"a1c6e89\" data-element_type=\"widget\" data-e-type=\"widget\" data-widget_type=\"wd_title.default\">\n\t\t\t\t<div class=\"elementor-widget-container\">\n\t\t\t\t\t\t\t<div class=\"title-wrapper wd-set-mb reset-last-child wd-title-color-default wd-title-style-default wd-title-size-default text-left\">\n\n\t\t\t\t\t\t\t\t\t\t\t<div class=\"title-subtitle subtitle-color-default subtitle-style-background wd-fontsize-xs\">\n\t\t\t\t\tP\u00e5litelig og diskret frakt du kan stole p\u00e5\t\t\t\t<\/div>\n\t\t\t\n\t\t\t<div class=\"liner-continer\">\n\t\t\t\t<h4 class=\"woodmart-title-container title wd-fontsize-l\"><\/h4> \n\t\t\t\t\t\t\t<\/div>\n\n\t\t\t\t\t\t\t<div class=\"title-after_title reset-last-child wd-fontsize-xs\">\n\t\t\t\t\t<ul><li>P\u00e5 <a href=\"https:\/\/nembutalman.com\/nb\/\"><strong>Hos Nembutal Mann<\/strong><\/a>forst\u00e5r vi viktigheten av p\u00e5litelig, sikker og diskret frakt. V\u00e5re retningslinjer for frakt er utformet for \u00e5 sikre at bestillingen din n\u00e5r deg trygt, raskt og i samsvar med gjeldende regelverk.<\/li><\/ul>\t\t\t\t<\/div>\n\t\t\t\t\t<\/div>\n\t\t\t\t\t\t<\/div>\n\t\t\t\t<\/div>\n\t\t\t\t<\/div>\n\t\t<div class=\"elementor-element elementor-element-aced89a e-con-full e-flex e-con e-child\" data-id=\"aced89a\" data-element_type=\"container\" data-e-type=\"container\">\n\t\t\t\t<div class=\"elementor-element elementor-element-c7fea6c wd-width-100 elementor-widget elementor-widget-wd_title\" data-id=\"c7fea6c\" data-element_type=\"widget\" data-e-type=\"widget\" data-widget_type=\"wd_title.default\">\n\t\t\t\t<div class=\"elementor-widget-container\">\n\t\t\t\t\t\t\t<div class=\"title-wrapper wd-set-mb reset-last-child wd-title-color-default wd-title-style-default wd-title-size-default text-left\">\n\n\t\t\t\t\t\t\t\t\t\t\t<div class=\"title-subtitle subtitle-color-default subtitle-style-background wd-fontsize-xs\">\n\t\t\t\t\tDestinasjoner for frakt\t\t\t\t<\/div>\n\t\t\t\n\t\t\t<div class=\"liner-continer\">\n\t\t\t\t<h4 class=\"woodmart-title-container title wd-fontsize-l\"><\/h4> \n\t\t\t\t\t\t\t<\/div>\n\n\t\t\t\t\t\t\t<div class=\"title-after_title reset-last-child wd-fontsize-xs\">\n\t\t\t\t\t<ul><li>Vi sender til utvalgte land i Europa og andre regioner der Nembutal er lovlig. Til land der Nembutal er ulovlig, sender vi pakkene som en diskret pakke.<\/li><li>Vennligst sjekk reglene i ditt land f\u00f8r du legger inn en bestilling.<\/li><li>Du kan finne fraktkostnadene for ditt sted p\u00e5 b\u00e5de <a href=\"https:\/\/nembutalman.com\/nb\/vogn\/\">Handlekurv-siden<\/a> og <a href=\"https:\/\/nembutalman.com\/nb\/checkout\/\">Kassesiden<\/a>.<\/li><\/ul>\t\t\t\t<\/div>\n\t\t\t\t\t<\/div>\n\t\t\t\t\t\t<\/div>\n\t\t\t\t<\/div>\n\t\t\t\t<\/div>\n\t\t\t\t\t<\/div>\n\t\t\t\t<\/div>\n\t\t<div class=\"wd-negative-gap elementor-element elementor-element-833fdac e-flex e-con-boxed e-con e-parent\" data-id=\"833fdac\" data-element_type=\"container\" data-e-type=\"container\" data-settings=\"{&quot;background_background&quot;:&quot;classic&quot;}\">\n\t\t\t\t\t<div class=\"e-con-inner\">\n\t\t<div class=\"elementor-element elementor-element-a5e9394 e-con-full e-flex e-con e-child\" data-id=\"a5e9394\" data-element_type=\"container\" data-e-type=\"container\">\n\t\t\t\t<div class=\"elementor-element elementor-element-83b8d11 wd-width-100 elementor-widget elementor-widget-wd_title\" data-id=\"83b8d11\" data-element_type=\"widget\" data-e-type=\"widget\" data-widget_type=\"wd_title.default\">\n\t\t\t\t<div class=\"elementor-widget-container\">\n\t\t\t\t\t\t\t<div class=\"title-wrapper wd-set-mb reset-last-child wd-title-color-default wd-title-style-default wd-title-size-default text-left\">\n\n\t\t\t\t\t\t\t\t\t\t\t<div class=\"title-subtitle subtitle-color-default subtitle-style-background wd-fontsize-xs\">\n\t\t\t\t\tFraktmetoder\t\t\t\t<\/div>\n\t\t\t\n\t\t\t<div class=\"liner-continer\">\n\t\t\t\t<h4 class=\"woodmart-title-container title wd-fontsize-l\"><\/h4> \n\t\t\t\t\t\t\t<\/div>\n\n\t\t\t\t\t\t\t<div class=\"title-after_title reset-last-child wd-fontsize-xs\">\n\t\t\t\t\t<p>Vi bruker p\u00e5litelige og anerkjente budtjenester for \u00e5 sikre trygg levering av pakken din. Alle forsendelser pakkes sikkert for diskresjon og beskyttelse.<\/p><ul><li><span style=\"color: #c1d43a\"><strong>Standard frakt:<\/strong><\/span> Levering innen 3-4 virkedager.<\/li><li><span style=\"color: #c1d43a\"><strong>Ekspressfrakt:<\/strong><\/span> Levering innen 1-2 virkedager mot en ekstra avgift.<\/li><li><span style=\"color: #c1d43a\"><strong>Informasjon om sporing:<\/strong><\/span> Alle bestillinger inkluderer sporingsinformasjon, slik at du kan f\u00f8lge med p\u00e5 forsendelsen.<\/li><\/ul>\t\t\t\t<\/div>\n\t\t\t\t\t<\/div>\n\t\t\t\t\t\t<\/div>\n\t\t\t\t<\/div>\n\t\t\t\t<\/div>\n\t\t<div class=\"elementor-element elementor-element-3ee470d e-con-full e-flex e-con e-child\" data-id=\"3ee470d\" data-element_type=\"container\" data-e-type=\"container\">\n\t\t\t\t<div class=\"elementor-element elementor-element-42a7f2e wd-width-100 elementor-widget elementor-widget-wd_title\" data-id=\"42a7f2e\" data-element_type=\"widget\" data-e-type=\"widget\" data-widget_type=\"wd_title.default\">\n\t\t\t\t<div class=\"elementor-widget-container\">\n\t\t\t\t\t\t\t<div class=\"title-wrapper wd-set-mb reset-last-child wd-title-color-default wd-title-style-default wd-title-size-default text-left\">\n\n\t\t\t\t\t\t\t\t\t\t\t<div class=\"title-subtitle subtitle-color-default subtitle-style-background wd-fontsize-xs\">\n\t\t\t\t\tFraktkostnader\t\t\t\t<\/div>\n\t\t\t\n\t\t\t<div class=\"liner-continer\">\n\t\t\t\t<h4 class=\"woodmart-title-container title wd-fontsize-l\"><\/h4> \n\t\t\t\t\t\t\t<\/div>\n\n\t\t\t\t\t\t\t<div class=\"title-after_title reset-last-child wd-fontsize-xs\">\n\t\t\t\t\t<ul><li>Fraktkostnadene avhenger av hvor du befinner deg og hvilken fraktmetode du velger. Den totale kostnaden beregnes og vises i kassen.<\/li><\/ul>\t\t\t\t<\/div>\n\t\t\t\t\t<\/div>\n\t\t\t\t\t\t<\/div>\n\t\t\t\t<\/div>\n\t\t\t\t<\/div>\n\t\t\t\t\t<\/div>\n\t\t\t\t<\/div>\n\t\t<div class=\"wd-negative-gap elementor-element elementor-element-0407097 e-flex e-con-boxed e-con e-parent\" data-id=\"0407097\" data-element_type=\"container\" data-e-type=\"container\" data-settings=\"{&quot;background_background&quot;:&quot;classic&quot;}\">\n\t\t\t\t\t<div class=\"e-con-inner\">\n\t\t<div class=\"elementor-element elementor-element-2baa92f e-con-full e-flex e-con e-child\" data-id=\"2baa92f\" data-element_type=\"container\" data-e-type=\"container\">\n\t\t\t\t<div class=\"elementor-element elementor-element-e2dd5be wd-width-100 elementor-widget elementor-widget-wd_title\" data-id=\"e2dd5be\" data-element_type=\"widget\" data-e-type=\"widget\" data-widget_type=\"wd_title.default\">\n\t\t\t\t<div class=\"elementor-widget-container\">\n\t\t\t\t\t\t\t<div class=\"title-wrapper wd-set-mb reset-last-child wd-title-color-default wd-title-style-default wd-title-size-default text-left\">\n\n\t\t\t\t\t\t\t\t\t\t\t<div class=\"title-subtitle subtitle-color-default subtitle-style-background wd-fontsize-xs\">\n\t\t\t\t\tSkadede eller bortkomne forsendelser\t\t\t\t<\/div>\n\t\t\t\n\t\t\t<div class=\"liner-continer\">\n\t\t\t\t<h4 class=\"woodmart-title-container title wd-fontsize-l\"><\/h4> \n\t\t\t\t\t\t\t<\/div>\n\n\t\t\t\t\t\t\t<div class=\"title-after_title reset-last-child wd-fontsize-xs\">\n\t\t\t\t\t<ul><li>Hvis pakken din en sjelden gang skulle bli skadet eller g\u00e5 tapt under transport, ber vi deg kontakte oss umiddelbart. Vi vil samarbeide med budfirmaet for \u00e5 l\u00f8se problemet og kan tilby en erstatning eller refusjon etter behov.<\/li><\/ul>\t\t\t\t<\/div>\n\t\t\t\t\t<\/div>\n\t\t\t\t\t\t<\/div>\n\t\t\t\t<\/div>\n\t\t\t\t<\/div>\n\t\t<div class=\"elementor-element elementor-element-2f881ac e-con-full e-flex e-con e-child\" data-id=\"2f881ac\" data-element_type=\"container\" data-e-type=\"container\">\n\t\t\t\t<div class=\"elementor-element elementor-element-3a36926 wd-width-100 elementor-widget elementor-widget-wd_title\" data-id=\"3a36926\" data-element_type=\"widget\" data-e-type=\"widget\" data-widget_type=\"wd_title.default\">\n\t\t\t\t<div class=\"elementor-widget-container\">\n\t\t\t\t\t\t\t<div class=\"title-wrapper wd-set-mb reset-last-child wd-title-color-default wd-title-style-default wd-title-size-default text-left\">\n\n\t\t\t\t\t\t\t\t\t\t\t<div class=\"title-subtitle subtitle-color-default subtitle-style-background wd-fontsize-xs\">\n\t\t\t\t\tDitt personvern er viktig\t\t\t\t<\/div>\n\t\t\t\n\t\t\t<div class=\"liner-continer\">\n\t\t\t\t<h4 class=\"woodmart-title-container title wd-fontsize-l\"><\/h4> \n\t\t\t\t\t\t\t<\/div>\n\n\t\t\t\t\t\t\t<div class=\"title-after_title reset-last-child wd-fontsize-xs\">\n\t\t\t\t\t<ul><li>Alle forsendelser pakkes diskret, uten henvisning til innholdet eller v\u00e5rt varemerke, noe som sikrer personvernet ditt i alle ledd.<\/li><\/ul>\t\t\t\t<\/div>\n\t\t\t\t\t<\/div>\n\t\t\t\t\t\t<\/div>\n\t\t\t\t<\/div>\n\t\t\t\t<\/div>\n\t\t\t\t\t<\/div>\n\t\t\t\t<\/div>\n\t\t<div class=\"wd-negative-gap elementor-element elementor-element-09cfb19 e-flex e-con-boxed e-con e-parent\" data-id=\"09cfb19\" data-element_type=\"container\" data-e-type=\"container\" data-settings=\"{&quot;background_background&quot;:&quot;classic&quot;}\">\n\t\t\t\t\t<div class=\"e-con-inner\">\n\t\t<div class=\"elementor-element elementor-element-98e650d e-con-full e-flex e-con e-child\" data-id=\"98e650d\" data-element_type=\"container\" data-e-type=\"container\">\n\t\t\t\t<div class=\"elementor-element elementor-element-d6c46f1 wd-width-100 elementor-widget elementor-widget-wd_title\" data-id=\"d6c46f1\" data-element_type=\"widget\" data-e-type=\"widget\" data-widget_type=\"wd_title.default\">\n\t\t\t\t<div class=\"elementor-widget-container\">\n\t\t\t\t\t\t\t<div class=\"title-wrapper wd-set-mb reset-last-child wd-title-color-default wd-title-style-default wd-title-size-default text-left\">\n\n\t\t\t\t\t\t\t\t\t\t\t<div class=\"title-subtitle subtitle-color-default subtitle-style-background wd-fontsize-xs\">\n\t\t\t\t\tBehandlingstid\t\t\t\t<\/div>\n\t\t\t\n\t\t\t<div class=\"liner-continer\">\n\t\t\t\t<h4 class=\"woodmart-title-container title wd-fontsize-l\"><\/h4> \n\t\t\t\t\t\t\t<\/div>\n\n\t\t\t\t\t\t\t<div class=\"title-after_title reset-last-child wd-fontsize-xs\">\n\t\t\t\t\t<ul><li>Bestillinger behandles umiddelbart etter at betalingen er bekreftet.<\/li><li>Du vil motta en e-postbekreftelse med sporingsinformasjon n\u00e5r bestillingen din er sendt.<\/li><\/ul>\t\t\t\t<\/div>\n\t\t\t\t\t<\/div>\n\t\t\t\t\t\t<\/div>\n\t\t\t\t<\/div>\n\t\t\t\t<\/div>\n\t\t<div class=\"elementor-element elementor-element-ed56b21 e-con-full e-flex e-con e-child\" data-id=\"ed56b21\" data-element_type=\"container\" data-e-type=\"container\">\n\t\t\t\t<div class=\"elementor-element elementor-element-a836510 wd-width-100 elementor-widget elementor-widget-wd_title\" data-id=\"a836510\" data-element_type=\"widget\" data-e-type=\"widget\" data-widget_type=\"wd_title.default\">\n\t\t\t\t<div class=\"elementor-widget-container\">\n\t\t\t\t\t\t\t<div class=\"title-wrapper wd-set-mb reset-last-child wd-title-color-default wd-title-style-default wd-title-size-default text-left\">\n\n\t\t\t\t\t\t\t\t\t\t\t<div class=\"title-subtitle subtitle-color-default subtitle-style-background wd-fontsize-xs\">\n\t\t\t\t\tToll- og importbestemmelser\t\t\t\t<\/div>\n\t\t\t\n\t\t\t<div class=\"liner-continer\">\n\t\t\t\t<h4 class=\"woodmart-title-container title wd-fontsize-l\"><\/h4> \n\t\t\t\t\t\t\t<\/div>\n\n\t\t\t\t\t\t\t<div class=\"title-after_title reset-last-child wd-fontsize-xs\">\n\t\t\t\t\t<ul><li>Det er kundens ansvar \u00e5 forst\u00e5 og overholde toll- og importbestemmelsene i sitt eget land. Selv om vi tar alle forholdsregler for \u00e5 sikre en problemfri levering, er Nembutal Mann ikke ansvarlig for forsinkelser eller konfiskering p\u00e5 grunn av lokale lover.<\/li><\/ul>\t\t\t\t<\/div>\n\t\t\t\t\t<\/div>\n\t\t\t\t\t\t<\/div>\n\t\t\t\t<\/div>\n\t\t\t\t<\/div>\n\t\t\t\t\t<\/div>\n\t\t\t\t<\/div>\n\t\t<div class=\"wd-negative-gap elementor-element elementor-element-fad4b21 e-flex e-con-boxed e-con e-parent\" data-id=\"fad4b21\" data-element_type=\"container\" data-e-type=\"container\">\n\t\t\t\t\t<div class=\"e-con-inner\">\n\t\t\t\t\t<\/div>\n\t\t\t\t<\/div>\n\t\t\t\t<\/div>","protected":false},"excerpt":{"rendered":"<p>Reliable and Discreet Shipping You Can Trust At Nembutal Mann, we understand the importance of reliable, secure, and discreet shipping.<\/p>","protected":false},"author":13,"featured_media":0,"parent":0,"menu_order":0,"comment_status":"closed","ping_status":"closed","template":"","meta":{"footnotes":""},"class_list":["post-20841","page","type-page","status-publish","hentry"],"yoast_head":"<!-- This site is optimized with the Yoast SEO Premium plugin v24.2 (Yoast SEO v27.4) - https:\/\/yoast.com\/product\/yoast-seo-premium-wordpress\/ -->\n<title>Shipping Policy | Nembutal Mann \u2013 Discreet and Reliable Shipping<\/title>\n<meta name=\"description\" content=\"Learn about Nembutal Mann\u2019s shipping policy. Secure, discreet, and reliable delivery, with tracking and privacy guaranteed. Read more now.\" \/>\n<meta name=\"robots\" content=\"index, follow, max-snippet:-1, max-image-preview:large, max-video-preview:-1\" \/>\n<link rel=\"canonical\" href=\"https:\/\/nembutalman.com\/nb\/fraktpolicy\/\" \/>\n<meta property=\"og:locale\" content=\"nb_NO\" \/>\n<meta property=\"og:type\" content=\"article\" \/>\n<meta property=\"og:title\" content=\"Shipping Policy | Nembutal Mann \u2013 Discreet and Reliable Shipping\" \/>\n<meta property=\"og:description\" content=\"Learn about Nembutal Mann\u2019s shipping policy. Secure, discreet, and reliable delivery, with tracking and privacy guaranteed. Read more now.\" \/>\n<meta property=\"og:url\" content=\"https:\/\/nembutalman.com\/nb\/fraktpolicy\/\" \/>\n<meta property=\"og:site_name\" content=\"Nembutal Mann\" \/>\n<meta property=\"article:modified_time\" content=\"2025-01-01T14:31:53+00:00\" \/>\n<meta property=\"og:image\" content=\"https:\/\/nembutalman.com\/wp-content\/uploads\/2024\/12\/shipping-policy.jpg\" \/>\n\t<meta property=\"og:image:width\" content=\"680\" \/>\n\t<meta property=\"og:image:height\" content=\"409\" \/>\n\t<meta property=\"og:image:type\" content=\"image\/jpeg\" \/>\n<meta name=\"twitter:card\" content=\"summary_large_image\" \/>\n<meta name=\"twitter:title\" content=\"Shipping Policy | Nembutal Mann \u2013 Discreet and Reliable Shipping\" \/>\n<meta name=\"twitter:description\" content=\"Learn about Nembutal Mann\u2019s shipping policy. Secure, discreet, and reliable delivery, with tracking and privacy guaranteed. Read more now.\" \/>\n<meta name=\"twitter:image\" content=\"https:\/\/nembutalman.com\/wp-content\/uploads\/2024\/12\/shipping-policy.jpg\" \/>\n<meta name=\"twitter:label1\" content=\"Ansl. lesetid\" \/>\n\t<meta name=\"twitter:data1\" content=\"2 minutter\" \/>\n<script type=\"application\/ld+json\" class=\"yoast-schema-graph\">{\"@context\":\"https:\\\/\\\/schema.org\",\"@graph\":[{\"@type\":\"WebPage\",\"@id\":\"https:\\\/\\\/nembutalman.com\\\/shipping-policy\\\/\",\"url\":\"https:\\\/\\\/nembutalman.com\\\/shipping-policy\\\/\",\"name\":\"Shipping Policy | Nembutal Mann \u2013 Discreet and Reliable Shipping\",\"isPartOf\":{\"@id\":\"https:\\\/\\\/nembutalman.com\\\/#website\"},\"primaryImageOfPage\":{\"@id\":\"https:\\\/\\\/nembutalman.com\\\/shipping-policy\\\/#primaryimage\"},\"image\":{\"@id\":\"https:\\\/\\\/nembutalman.com\\\/shipping-policy\\\/#primaryimage\"},\"thumbnailUrl\":\"https:\\\/\\\/nembutalman.com\\\/wp-content\\\/uploads\\\/2024\\\/12\\\/shipping-policy.jpg\",\"datePublished\":\"2024-12-09T14:40:50+00:00\",\"dateModified\":\"2025-01-01T14:31:53+00:00\",\"description\":\"Learn about Nembutal Mann\u2019s shipping policy. Secure, discreet, and reliable delivery, with tracking and privacy guaranteed. Read more now.\",\"breadcrumb\":{\"@id\":\"https:\\\/\\\/nembutalman.com\\\/shipping-policy\\\/#breadcrumb\"},\"inLanguage\":\"nb-NO\",\"potentialAction\":[{\"@type\":\"ReadAction\",\"target\":[\"https:\\\/\\\/nembutalman.com\\\/shipping-policy\\\/\"]}]},{\"@type\":\"ImageObject\",\"inLanguage\":\"nb-NO\",\"@id\":\"https:\\\/\\\/nembutalman.com\\\/shipping-policy\\\/#primaryimage\",\"url\":\"https:\\\/\\\/nembutalman.com\\\/wp-content\\\/uploads\\\/2024\\\/12\\\/shipping-policy.jpg\",\"contentUrl\":\"https:\\\/\\\/nembutalman.com\\\/wp-content\\\/uploads\\\/2024\\\/12\\\/shipping-policy.jpg\"},{\"@type\":\"BreadcrumbList\",\"@id\":\"https:\\\/\\\/nembutalman.com\\\/shipping-policy\\\/#breadcrumb\",\"itemListElement\":[{\"@type\":\"ListItem\",\"position\":1,\"name\":\"Home\",\"item\":\"https:\\\/\\\/nembutalman.com\\\/\"},{\"@type\":\"ListItem\",\"position\":2,\"name\":\"Shipping Policy\"}]},{\"@type\":\"WebSite\",\"@id\":\"https:\\\/\\\/nembutalman.com\\\/#website\",\"url\":\"https:\\\/\\\/nembutalman.com\\\/\",\"name\":\"Nembutal Mann\",\"description\":\"Nembutal Kaufen Deutschland\",\"publisher\":{\"@id\":\"https:\\\/\\\/nembutalman.com\\\/#organization\"},\"potentialAction\":[{\"@type\":\"SearchAction\",\"target\":{\"@type\":\"EntryPoint\",\"urlTemplate\":\"https:\\\/\\\/nembutalman.com\\\/?s={search_term_string}\"},\"query-input\":{\"@type\":\"PropertyValueSpecification\",\"valueRequired\":true,\"valueName\":\"search_term_string\"}}],\"inLanguage\":\"nb-NO\"},{\"@type\":\"Organization\",\"@id\":\"https:\\\/\\\/nembutalman.com\\\/#organization\",\"name\":\"Nembutal Mann\",\"url\":\"https:\\\/\\\/nembutalman.com\\\/\",\"logo\":{\"@type\":\"ImageObject\",\"inLanguage\":\"nb-NO\",\"@id\":\"https:\\\/\\\/nembutalman.com\\\/#\\\/schema\\\/logo\\\/image\\\/\",\"url\":\"https:\\\/\\\/nembutalman.com\\\/wp-content\\\/uploads\\\/2024\\\/11\\\/Untitled-design.png\",\"contentUrl\":\"https:\\\/\\\/nembutalman.com\\\/wp-content\\\/uploads\\\/2024\\\/11\\\/Untitled-design.png\",\"width\":650,\"height\":250,\"caption\":\"Nembutal Mann\"},\"image\":{\"@id\":\"https:\\\/\\\/nembutalman.com\\\/#\\\/schema\\\/logo\\\/image\\\/\"}}]}<\/script>\n<!-- \/ Yoast SEO Premium plugin. -->","yoast_head_json":{"title":"Fraktpolicy | Nembutal Mann - Diskret og p\u00e5litelig frakt","description":"L\u00e6r om Nembutal Manns retningslinjer for frakt. Sikker, diskret og p\u00e5litelig levering, med garantert sporing og personvern. Les mer n\u00e5.","robots":{"index":"index","follow":"follow","max-snippet":"max-snippet:-1","max-image-preview":"max-image-preview:large","max-video-preview":"max-video-preview:-1"},"canonical":"https:\/\/nembutalman.com\/nb\/fraktpolicy\/","og_locale":"nb_NO","og_type":"article","og_title":"Shipping Policy | Nembutal Mann \u2013 Discreet and Reliable Shipping","og_description":"Learn about Nembutal Mann\u2019s shipping policy. Secure, discreet, and reliable delivery, with tracking and privacy guaranteed. Read more now.","og_url":"https:\/\/nembutalman.com\/nb\/fraktpolicy\/","og_site_name":"Nembutal Mann","article_modified_time":"2025-01-01T14:31:53+00:00","og_image":[{"width":680,"height":409,"url":"https:\/\/nembutalman.com\/wp-content\/uploads\/2024\/12\/shipping-policy.jpg","type":"image\/jpeg"}],"twitter_card":"summary_large_image","twitter_title":"Shipping Policy | Nembutal Mann \u2013 Discreet and Reliable Shipping","twitter_description":"Learn about Nembutal Mann\u2019s shipping policy. Secure, discreet, and reliable delivery, with tracking and privacy guaranteed. Read more now.","twitter_image":"https:\/\/nembutalman.com\/wp-content\/uploads\/2024\/12\/shipping-policy.jpg","twitter_misc":{"Ansl. lesetid":"2 minutter"},"schema":{"@context":"https:\/\/schema.org","@graph":[{"@type":"WebPage","@id":"https:\/\/nembutalman.com\/shipping-policy\/","url":"https:\/\/nembutalman.com\/shipping-policy\/","name":"Fraktpolicy | Nembutal Mann - Diskret og p\u00e5litelig frakt","isPartOf":{"@id":"https:\/\/nembutalman.com\/#website"},"primaryImageOfPage":{"@id":"https:\/\/nembutalman.com\/shipping-policy\/#primaryimage"},"image":{"@id":"https:\/\/nembutalman.com\/shipping-policy\/#primaryimage"},"thumbnailUrl":"https:\/\/nembutalman.com\/wp-content\/uploads\/2024\/12\/shipping-policy.jpg","datePublished":"2024-12-09T14:40:50+00:00","dateModified":"2025-01-01T14:31:53+00:00","description":"L\u00e6r om Nembutal Manns retningslinjer for frakt. Sikker, diskret og p\u00e5litelig levering, med garantert sporing og personvern. Les mer n\u00e5.","breadcrumb":{"@id":"https:\/\/nembutalman.com\/shipping-policy\/#breadcrumb"},"inLanguage":"nb-NO","potentialAction":[{"@type":"ReadAction","target":["https:\/\/nembutalman.com\/shipping-policy\/"]}]},{"@type":"ImageObject","inLanguage":"nb-NO","@id":"https:\/\/nembutalman.com\/shipping-policy\/#primaryimage","url":"https:\/\/nembutalman.com\/wp-content\/uploads\/2024\/12\/shipping-policy.jpg","contentUrl":"https:\/\/nembutalman.com\/wp-content\/uploads\/2024\/12\/shipping-policy.jpg"},{"@type":"BreadcrumbList","@id":"https:\/\/nembutalman.com\/shipping-policy\/#breadcrumb","itemListElement":[{"@type":"ListItem","position":1,"name":"Home","item":"https:\/\/nembutalman.com\/"},{"@type":"ListItem","position":2,"name":"Shipping Policy"}]},{"@type":"WebSite","@id":"https:\/\/nembutalman.com\/#website","url":"https:\/\/nembutalman.com\/","name":"Hos Nembutal Mann","description":"Nembutal Kaufen Deutschland","publisher":{"@id":"https:\/\/nembutalman.com\/#organization"},"potentialAction":[{"@type":"SearchAction","target":{"@type":"EntryPoint","urlTemplate":"https:\/\/nembutalman.com\/?s={search_term_string}"},"query-input":{"@type":"PropertyValueSpecification","valueRequired":true,"valueName":"search_term_string"}}],"inLanguage":"nb-NO"},{"@type":"Organization","@id":"https:\/\/nembutalman.com\/#organization","name":"Hos Nembutal Mann","url":"https:\/\/nembutalman.com\/","logo":{"@type":"ImageObject","inLanguage":"nb-NO","@id":"https:\/\/nembutalman.com\/#\/schema\/logo\/image\/","url":"https:\/\/nembutalman.com\/wp-content\/uploads\/2024\/11\/Untitled-design.png","contentUrl":"https:\/\/nembutalman.com\/wp-content\/uploads\/2024\/11\/Untitled-design.png","width":650,"height":250,"caption":"Nembutal Mann"},"image":{"@id":"https:\/\/nembutalman.com\/#\/schema\/logo\/image\/"}}]}},"_links":{"self":[{"href":"https:\/\/nembutalman.com\/nb\/wp-json\/wp\/v2\/pages\/20841","targetHints":{"allow":["GET"]}}],"collection":[{"href":"https:\/\/nembutalman.com\/nb\/wp-json\/wp\/v2\/pages"}],"about":[{"href":"https:\/\/nembutalman.com\/nb\/wp-json\/wp\/v2\/types\/page"}],"author":[{"embeddable":true,"href":"https:\/\/nembutalman.com\/nb\/wp-json\/wp\/v2\/users\/13"}],"replies":[{"embeddable":true,"href":"https:\/\/nembutalman.com\/nb\/wp-json\/wp\/v2\/comments?post=20841"}],"version-history":[{"count":0,"href":"https:\/\/nembutalman.com\/nb\/wp-json\/wp\/v2\/pages\/20841\/revisions"}],"wp:attachment":[{"href":"https:\/\/nembutalman.com\/nb\/wp-json\/wp\/v2\/media?parent=20841"}],"curies":[{"name":"wp","href":"https:\/\/api.w.org\/{rel}","templated":true}]}}