{"id":20850,"date":"2024-12-09T15:22:44","date_gmt":"2024-12-09T15:22:44","guid":{"rendered":"https:\/\/nembutalman.com\/?page_id=20850"},"modified":"2025-01-01T14:19:14","modified_gmt":"2025-01-01T14:19:14","slug":"personvernerklaering","status":"publish","type":"page","link":"https:\/\/nembutalman.com\/nb\/personvernerklaering\/","title":{"rendered":"Retningslinjer for personvern"},"content":{"rendered":"<p class=\"has-black-color has-text-color has-link-color wp-elements-355be174b2fb0d157b025fcc47f1d867\">Personvernerkl\u00e6ring for <a href=\"https:\/\/nembutalman.com\/nb\/\">nembutalman.com<\/a><\/p>\n\n\n\n<p class=\"has-black-color has-text-color has-link-color wp-elements-761ad3752a5bb90e7fbcc3f50b1c20b6\"><br>Sist oppdatert 25\/11\/2023<\/p>\n\n\n\n<p class=\"has-black-color has-text-color has-link-color wp-elements-3e94e2b2c9d2176429af1c301ae99651\"><br>Velkommen til <a href=\"https:\/\/nembutalman.com\/nb\/\">nembutalman.com<\/a>. Denne personvernerkl\u00e6ringen beskriver hvordan vi samler inn, bruker og deler personopplysninger n\u00e5r du bes\u00f8ker nettstedet v\u00e5rt eller foretar et kj\u00f8p.<\/p>\n\n\n\n<h3 class=\"wp-block-heading has-text-color has-background has-link-color wp-elements-8a16c0b96044cebbff6804ddad17f2ed\" id=\"h-i-information-gathered\" style=\"color:#225238;background-color:#c1d43a\">I. Innhentet informasjon<\/h3>\n\n\n\n<p class=\"has-black-color has-text-color has-link-color wp-elements-a6badfaa0041f2d9590e59bf90ac8bc6\">N\u00e5r du bes\u00f8ker nettstedet, samler vi automatisk inn visse opplysninger om enheten din, inkludert informasjon om nettleseren din, IP-adresse, tidssone og noen av informasjonskapslene som er installert p\u00e5 enheten din. I tillegg samler vi inn informasjon om de enkelte nettsidene eller produktene du ser p\u00e5, hvilke nettsteder eller s\u00f8keord som henviste deg til nettstedet v\u00e5rt, og hvordan du samhandler med nettstedet. <\/p>\n\n\n\n<p class=\"has-black-color has-text-color has-link-color wp-elements-c6566f9f405ddf7459fc7c641c272c78\">N\u00e5r du foretar eller fors\u00f8ker \u00e5 foreta et kj\u00f8p via nettstedet, samler vi inn visse opplysninger fra deg, blant annet navn, faktureringsadresse, leveringsadresse, betalingsinformasjon (inkludert kredittkortnummer), e-postadresse og telefonnummer. Vi kaller denne informasjonen for \"bestillingsinformasjon\".<\/p>\n\n\n\n<h3 class=\"wp-block-heading has-text-color has-background has-link-color wp-elements-32d74790f44ff2ad9af97a6a63fe7a29\" id=\"h-ii-use-of-information\" style=\"color:#225238;background-color:#c1d43a\">II. Bruk av informasjon<\/h3>\n\n\n\n<p class=\"has-black-color has-text-color has-link-color wp-elements-fb223591b0ed4918e3b7a6dd70848b61\">Vi bruker vanligvis informasjonen som samles inn til \u00e5 oppfylle bestillinger som legges inn via nettstedet (inkludert behandling av betalingsinformasjonen din, organisering av frakt og levering av fakturaer og\/eller ordrebekreftelser). I tillegg bruker vi denne informasjonen til \u00e5<\/p>\n\n\n\n<ul class=\"wp-block-list\">\n<li class=\"has-black-color has-text-color has-link-color wp-elements-c35da8e453ecadee6ed58fb481402e8b\">Kommunikasjon med deg;<\/li>\n\n\n\n<li class=\"has-black-color has-text-color has-link-color wp-elements-659b15464d3b49d5a9c284bdea83ccc0\">Kontroller bestillingen din for potensielle risikoer eller svindel; <\/li>\n\n\n\n<li class=\"has-black-color has-text-color has-link-color wp-elements-3ce7039dbd7333ebff4f5317f2da7572\">Optimalisering av nettstedet v\u00e5rt;<\/li>\n\n\n\n<li class=\"has-black-color has-text-color has-link-color wp-elements-63a2f7258bb251938f7c3188ffc5c879\">Kj\u00f8r annonsering eller m\u00e5lrettede kampanjer basert p\u00e5 interessene dine.<\/li>\n<\/ul>\n\n\n\n<h3 class=\"wp-block-heading has-text-color has-background has-link-color wp-elements-71dd2bade47d8a19cad678a52077fdf8\" id=\"h-iii-information-exchange\" style=\"color:#225238;background-color:#c1d43a\">III. Utveksling av informasjon<\/h3>\n\n\n\n<p class=\"has-black-color has-text-color has-link-color wp-elements-0526f4d4e684efc2cb4cd7f6c014fc4c\">For \u00e5 hjelpe oss med \u00e5 n\u00e5 de ovennevnte m\u00e5lene, utleverer vi personopplysningene dine til eksterne parter. Vi sender for eksempel bestillinger med PostNL, FedEx og noen ganger DHL. For \u00e5 behandle betalinger utveksler vi ogs\u00e5 informasjon med PayPal og noen ganger til bankene v\u00e5re.<br>Til slutt kan vi ogs\u00e5 utlevere personopplysningene dine for \u00e5 svare p\u00e5 en stevning, ransakingsordre eller andre legitime foresp\u00f8rsler om informasjon vi mottar, for \u00e5 overholde gjeldende lover og forskrifter eller for \u00e5 forsvare v\u00e5re rettigheter p\u00e5 annen m\u00e5te. Du kan lese mer om <a href=\"https:\/\/nembutalman.com\/nb\/fraktpolicy\/\">Retningslinjer for frakt<\/a>.<\/p>\n\n\n\n<h3 class=\"wp-block-heading has-text-color has-background has-link-color wp-elements-8be1627c424b10a6d403c8606c0605de\" id=\"h-iv-your-rights\" style=\"color:#225238;background-color:#c1d43a\">IV. Dine rettigheter<\/h3>\n\n\n\n<p class=\"has-black-color has-text-color has-link-color wp-elements-077416695de980c8342b74ae1b70db75\">Du har rett til \u00e5 se hvilke personopplysninger vi har registrert om deg, og til \u00e5 be om at de oppdateres, endres eller fjernes hvis du bor i Det europeiske \u00f8konomiske samarbeidsomr\u00e5det. Bruk informasjonen nedenfor for \u00e5 komme i kontakt med oss hvis du \u00f8nsker \u00e5 ut\u00f8ve denne rettigheten.<\/p>\n\n\n\n<h3 class=\"wp-block-heading has-text-color has-background has-link-color wp-elements-c25262c15a4b50cb1236e206e03eb430\" id=\"h-v-modifications-to-this-privacy-statement\" style=\"color:#225238;background-color:#c1d43a\">V. Endringer i denne personvernerkl\u00e6ringen<\/h3>\n\n\n\n<p class=\"has-black-color has-text-color has-link-color wp-elements-db26f0e0324ff3548c91aad6ddf0b4b2\">Vennligst les personvernerkl\u00e6ringen v\u00e5r ofte, da vi forbeholder oss retten til \u00e5 gj\u00f8re endringer n\u00e5r som helst. Presiseringer og endringer trer i kraft s\u00e5 snart de er publisert p\u00e5 nettstedet. Vi vil oppdatere denne siden for \u00e5 gjenspeile eventuelle vesentlige endringer vi gj\u00f8r i disse retningslinjene.<\/p>\n\n\n\n<h3 class=\"wp-block-heading has-text-color has-background has-link-color wp-elements-01aa1198e6bc79b9703c1e31d3efce46\" id=\"h-vi-contact-information\" style=\"color:#225238;background-color:#c1d43a\">VI. Kontaktinformasjon<\/h3>\n\n\n\n<p class=\"has-black-color has-text-color has-link-color wp-elements-29de9d3369388b1bebce2e470a8ab236\">Hvis du har sp\u00f8rsm\u00e5l eller \u00f8nsker mer informasjon om personvernreglene v\u00e5re, kan du sende oss en e-post til service@nembutalman.com eller sende en skriftlig henvendelse til Eisenhowerstraat 141, Sittard, Nederland.<\/p>\n\n\n\n<p class=\"has-black-color has-text-color has-link-color wp-elements-fc74c8adaf95e6aa5766202a95c8ef3e\">Bes\u00f8k v\u00e5r <a href=\"https:\/\/nembutalman.com\/nb\/vilkar-og-betingelser\/\"><strong>Vilk\u00e5r og betingelser<\/strong><\/a> for \u00e5 v\u00e6re mer informert<\/p>\n\n\n\n<p><\/p>","protected":false},"excerpt":{"rendered":"<p>Privacy policy for nembutalman.com Last updated 11\/25\/2023 Welcome to nembutalman.com. This privacy policy describes how we collect, use and share<\/p>","protected":false},"author":13,"featured_media":0,"parent":0,"menu_order":0,"comment_status":"closed","ping_status":"closed","template":"","meta":{"footnotes":""},"class_list":["post-20850","page","type-page","status-publish","hentry"],"yoast_head":"<!-- This site is optimized with the Yoast SEO Premium plugin v24.2 (Yoast SEO v27.3) - https:\/\/yoast.com\/product\/yoast-seo-premium-wordpress\/ -->\n<title>Privacy Policy | Nembutal Mann \u2013 Your privacy is our priority.<\/title>\n<meta name=\"description\" content=\"Nembutal Mann safeguards your data with our privacy policy. Learn about data collection and security measures to ensure your confidentiality.\" \/>\n<meta name=\"robots\" content=\"index, follow, max-snippet:-1, max-image-preview:large, max-video-preview:-1\" \/>\n<link rel=\"canonical\" href=\"https:\/\/nembutalman.com\/nb\/personvernerklaering\/\" \/>\n<meta property=\"og:locale\" content=\"nb_NO\" \/>\n<meta property=\"og:type\" content=\"article\" \/>\n<meta property=\"og:title\" content=\"Privacy Policy\" \/>\n<meta property=\"og:description\" content=\"Nembutal Mann safeguards your data with our privacy policy. Learn about data collection and security measures to ensure your confidentiality.\" \/>\n<meta property=\"og:url\" content=\"https:\/\/nembutalman.com\/nb\/personvernerklaering\/\" \/>\n<meta property=\"og:site_name\" content=\"Nembutal Mann\" \/>\n<meta property=\"article:modified_time\" content=\"2025-01-01T14:19:14+00:00\" \/>\n<meta name=\"twitter:card\" content=\"summary_large_image\" \/>\n<meta name=\"twitter:label1\" content=\"Ansl. lesetid\" \/>\n\t<meta name=\"twitter:data1\" content=\"2 minutter\" \/>\n<script type=\"application\/ld+json\" class=\"yoast-schema-graph\">{\"@context\":\"https:\\\/\\\/schema.org\",\"@graph\":[{\"@type\":\"WebPage\",\"@id\":\"https:\\\/\\\/nembutalman.com\\\/privacy-policy\\\/\",\"url\":\"https:\\\/\\\/nembutalman.com\\\/privacy-policy\\\/\",\"name\":\"Privacy Policy | Nembutal Mann \u2013 Your privacy is our priority.\",\"isPartOf\":{\"@id\":\"https:\\\/\\\/nembutalman.com\\\/#website\"},\"datePublished\":\"2024-12-09T15:22:44+00:00\",\"dateModified\":\"2025-01-01T14:19:14+00:00\",\"description\":\"Nembutal Mann safeguards your data with our privacy policy. Learn about data collection and security measures to ensure your confidentiality.\",\"breadcrumb\":{\"@id\":\"https:\\\/\\\/nembutalman.com\\\/privacy-policy\\\/#breadcrumb\"},\"inLanguage\":\"nb-NO\",\"potentialAction\":[{\"@type\":\"ReadAction\",\"target\":[\"https:\\\/\\\/nembutalman.com\\\/privacy-policy\\\/\"]}]},{\"@type\":\"BreadcrumbList\",\"@id\":\"https:\\\/\\\/nembutalman.com\\\/privacy-policy\\\/#breadcrumb\",\"itemListElement\":[{\"@type\":\"ListItem\",\"position\":1,\"name\":\"Home\",\"item\":\"https:\\\/\\\/nembutalman.com\\\/\"},{\"@type\":\"ListItem\",\"position\":2,\"name\":\"Privacy Policy\"}]},{\"@type\":\"WebSite\",\"@id\":\"https:\\\/\\\/nembutalman.com\\\/#website\",\"url\":\"https:\\\/\\\/nembutalman.com\\\/\",\"name\":\"Nembutal Mann\",\"description\":\"Nembutal Kaufen Deutschland\",\"publisher\":{\"@id\":\"https:\\\/\\\/nembutalman.com\\\/#organization\"},\"potentialAction\":[{\"@type\":\"SearchAction\",\"target\":{\"@type\":\"EntryPoint\",\"urlTemplate\":\"https:\\\/\\\/nembutalman.com\\\/?s={search_term_string}\"},\"query-input\":{\"@type\":\"PropertyValueSpecification\",\"valueRequired\":true,\"valueName\":\"search_term_string\"}}],\"inLanguage\":\"nb-NO\"},{\"@type\":\"Organization\",\"@id\":\"https:\\\/\\\/nembutalman.com\\\/#organization\",\"name\":\"Nembutal Mann\",\"url\":\"https:\\\/\\\/nembutalman.com\\\/\",\"logo\":{\"@type\":\"ImageObject\",\"inLanguage\":\"nb-NO\",\"@id\":\"https:\\\/\\\/nembutalman.com\\\/#\\\/schema\\\/logo\\\/image\\\/\",\"url\":\"https:\\\/\\\/nembutalman.com\\\/wp-content\\\/uploads\\\/2024\\\/11\\\/Untitled-design.png\",\"contentUrl\":\"https:\\\/\\\/nembutalman.com\\\/wp-content\\\/uploads\\\/2024\\\/11\\\/Untitled-design.png\",\"width\":650,\"height\":250,\"caption\":\"Nembutal Mann\"},\"image\":{\"@id\":\"https:\\\/\\\/nembutalman.com\\\/#\\\/schema\\\/logo\\\/image\\\/\"}}]}<\/script>\n<!-- \/ Yoast SEO Premium plugin. -->","yoast_head_json":{"title":"Personvern | Nembutal Mann - Ditt personvern er v\u00e5r prioritet.","description":"Nembutal Mann beskytter opplysningene dine med v\u00e5r personvernerkl\u00e6ring. L\u00e6r mer om datainnsamling og sikkerhetstiltak for \u00e5 sikre konfidensialiteten din.","robots":{"index":"index","follow":"follow","max-snippet":"max-snippet:-1","max-image-preview":"max-image-preview:large","max-video-preview":"max-video-preview:-1"},"canonical":"https:\/\/nembutalman.com\/nb\/personvernerklaering\/","og_locale":"nb_NO","og_type":"article","og_title":"Privacy Policy","og_description":"Nembutal Mann safeguards your data with our privacy policy. Learn about data collection and security measures to ensure your confidentiality.","og_url":"https:\/\/nembutalman.com\/nb\/personvernerklaering\/","og_site_name":"Nembutal Mann","article_modified_time":"2025-01-01T14:19:14+00:00","twitter_card":"summary_large_image","twitter_misc":{"Ansl. lesetid":"2 minutter"},"schema":{"@context":"https:\/\/schema.org","@graph":[{"@type":"WebPage","@id":"https:\/\/nembutalman.com\/privacy-policy\/","url":"https:\/\/nembutalman.com\/privacy-policy\/","name":"Personvern | Nembutal Mann - Ditt personvern er v\u00e5r prioritet.","isPartOf":{"@id":"https:\/\/nembutalman.com\/#website"},"datePublished":"2024-12-09T15:22:44+00:00","dateModified":"2025-01-01T14:19:14+00:00","description":"Nembutal Mann beskytter opplysningene dine med v\u00e5r personvernerkl\u00e6ring. L\u00e6r mer om datainnsamling og sikkerhetstiltak for \u00e5 sikre konfidensialiteten din.","breadcrumb":{"@id":"https:\/\/nembutalman.com\/privacy-policy\/#breadcrumb"},"inLanguage":"nb-NO","potentialAction":[{"@type":"ReadAction","target":["https:\/\/nembutalman.com\/privacy-policy\/"]}]},{"@type":"BreadcrumbList","@id":"https:\/\/nembutalman.com\/privacy-policy\/#breadcrumb","itemListElement":[{"@type":"ListItem","position":1,"name":"Home","item":"https:\/\/nembutalman.com\/"},{"@type":"ListItem","position":2,"name":"Privacy Policy"}]},{"@type":"WebSite","@id":"https:\/\/nembutalman.com\/#website","url":"https:\/\/nembutalman.com\/","name":"Hos Nembutal Mann","description":"Nembutal Kaufen Deutschland","publisher":{"@id":"https:\/\/nembutalman.com\/#organization"},"potentialAction":[{"@type":"SearchAction","target":{"@type":"EntryPoint","urlTemplate":"https:\/\/nembutalman.com\/?s={search_term_string}"},"query-input":{"@type":"PropertyValueSpecification","valueRequired":true,"valueName":"search_term_string"}}],"inLanguage":"nb-NO"},{"@type":"Organization","@id":"https:\/\/nembutalman.com\/#organization","name":"Hos Nembutal Mann","url":"https:\/\/nembutalman.com\/","logo":{"@type":"ImageObject","inLanguage":"nb-NO","@id":"https:\/\/nembutalman.com\/#\/schema\/logo\/image\/","url":"https:\/\/nembutalman.com\/wp-content\/uploads\/2024\/11\/Untitled-design.png","contentUrl":"https:\/\/nembutalman.com\/wp-content\/uploads\/2024\/11\/Untitled-design.png","width":650,"height":250,"caption":"Nembutal Mann"},"image":{"@id":"https:\/\/nembutalman.com\/#\/schema\/logo\/image\/"}}]}},"_links":{"self":[{"href":"https:\/\/nembutalman.com\/nb\/wp-json\/wp\/v2\/pages\/20850","targetHints":{"allow":["GET"]}}],"collection":[{"href":"https:\/\/nembutalman.com\/nb\/wp-json\/wp\/v2\/pages"}],"about":[{"href":"https:\/\/nembutalman.com\/nb\/wp-json\/wp\/v2\/types\/page"}],"author":[{"embeddable":true,"href":"https:\/\/nembutalman.com\/nb\/wp-json\/wp\/v2\/users\/13"}],"replies":[{"embeddable":true,"href":"https:\/\/nembutalman.com\/nb\/wp-json\/wp\/v2\/comments?post=20850"}],"version-history":[{"count":0,"href":"https:\/\/nembutalman.com\/nb\/wp-json\/wp\/v2\/pages\/20850\/revisions"}],"wp:attachment":[{"href":"https:\/\/nembutalman.com\/nb\/wp-json\/wp\/v2\/media?parent=20850"}],"curies":[{"name":"wp","href":"https:\/\/api.w.org\/{rel}","templated":true}]}}