{"id":7386,"date":"2022-05-31T01:25:33","date_gmt":"2022-05-31T01:25:33","guid":{"rendered":"https:\/\/nembutalman.com\/?post_type=product&#038;p=7386"},"modified":"2026-02-17T18:28:18","modified_gmt":"2026-02-17T18:28:18","slug":"kjope-flytende-nembutal-online","status":"publish","type":"product","link":"https:\/\/nembutalman.com\/nb\/produkt\/kjope-flytende-nembutal-online\/","title":{"rendered":"Nembutal Injiserbar v\u00e6ske"},"content":{"rendered":"<div data-elementor-type=\"product-post\" data-elementor-id=\"7386\" class=\"elementor elementor-7386\" data-elementor-post-type=\"product\">\n\t\t\t\t<div class=\"wd-negative-gap elementor-element elementor-element-f1203e2 e-flex e-con-boxed e-con e-parent\" data-id=\"f1203e2\" data-element_type=\"container\" data-e-type=\"container\">\n\t\t\t\t\t<div class=\"e-con-inner\">\n\t\t\t\t<div class=\"elementor-element elementor-element-4ef0951 wd-width-100 elementor-widget elementor-widget-wd_title\" data-id=\"4ef0951\" data-element_type=\"widget\" data-e-type=\"widget\" data-widget_type=\"wd_title.default\">\n\t\t\t\t<div class=\"elementor-widget-container\">\n\t\t\t\t\t\t\t<div class=\"title-wrapper wd-set-mb reset-last-child wd-title-color-primary wd-title-style-default wd-title-size-default text-left\">\n\n\t\t\t\t\t\t\t\t\t\t\t<div class=\"title-subtitle subtitle-color-primary subtitle-style-background wd-fontsize-xs\">\n\t\t\t\t\tKj\u00f8pe flytende Nembutal online: P\u00e5litelig kvalitet og sikker levering\t\t\t\t<\/div>\n\t\t\t\n\t\t\t<div class=\"liner-continer\">\n\t\t\t\t<h4 class=\"woodmart-title-container title wd-fontsize-l\">Leter du etter en p\u00e5litelig kilde for \u00e5 kj\u00f8pe flytende Nembutal eller Nembutal-l\u00f8sning p\u00e5 nettet?<\/h4> \n\t\t\t\t\t\t\t<\/div>\n\n\t\t\t\t\t\t\t<div class=\"title-after_title reset-last-child wd-fontsize-xs\">\n\t\t\t\t\t<p>Hvis du vurderer \u00e5 kj\u00f8pe flytende Nembutal p\u00e5 nettet, er det viktig \u00e5 finne en p\u00e5litelig leverand\u00f8r. Flytende Nembutal, ogs\u00e5 referert til som <strong>Nembutal oppl\u00f8sning<\/strong>er mye brukt innen medisin, veterin\u00e6rmedisin og forskning. P\u00e5 <strong>Hos Nembutal Mann<\/strong>Vi s\u00f8rger for produkter av h\u00f8y kvalitet, sikre transaksjoner og diskret frakt over hele Europa.<\/p>\t\t\t\t<\/div>\n\t\t\t\t\t<\/div>\n\t\t\t\t\t\t<\/div>\n\t\t\t\t<\/div>\n\t\t\t\t<div class=\"elementor-element elementor-element-6bf0bfe wd-width-100 elementor-widget elementor-widget-wd_title\" data-id=\"6bf0bfe\" data-element_type=\"widget\" data-e-type=\"widget\" data-widget_type=\"wd_title.default\">\n\t\t\t\t<div class=\"elementor-widget-container\">\n\t\t\t\t\t\t\t<div class=\"title-wrapper wd-set-mb reset-last-child wd-title-color-primary wd-title-style-underlined wd-title-size-default text-left\">\n\n\t\t\t\n\t\t\t<div class=\"liner-continer\">\n\t\t\t\t<h5 class=\"woodmart-title-container title wd-fontsize-l\">Hva er flytende Nembutal?<\/h5> \n\t\t\t\t\t\t\t<\/div>\n\n\t\t\t\t\t\t\t<div class=\"title-after_title reset-last-child wd-fontsize-xs\">\n\t\t\t\t\t<p>Flytende Nembutal, ogs\u00e5 kjent som <strong>natriumpentobarbitaloppl\u00f8sning<\/strong>er et barbiturat som brukes til:<\/p><ul><li><strong>Medisinsk bruk:<\/strong> Behandling av alvorlig s\u00f8vnl\u00f8shet, kramper eller sedasjon f\u00f8r kirurgi.<\/li><li><strong>Veterin\u00e6rmedisinsk bruk:<\/strong> Generell anestesi og human avliving av dyr.<\/li><li><strong>Forskningsapplikasjoner:<\/strong> Ideell for farmakologiske laboratoriestudier.<\/li><\/ul><p>V\u00e5r flytende Nembutal fremstilles under farmas\u00f8ytiske forhold, noe som sikrer renhet og p\u00e5litelighet.<\/p>\t\t\t\t<\/div>\n\t\t\t\t\t<\/div>\n\t\t\t\t\t\t<\/div>\n\t\t\t\t<\/div>\n\t\t\t\t<div class=\"elementor-element elementor-element-948a57d wd-width-100 elementor-widget elementor-widget-wd_title\" data-id=\"948a57d\" data-element_type=\"widget\" data-e-type=\"widget\" data-widget_type=\"wd_title.default\">\n\t\t\t\t<div class=\"elementor-widget-container\">\n\t\t\t\t\t\t\t<div class=\"title-wrapper wd-set-mb reset-last-child wd-title-color-primary wd-title-style-underlined wd-title-size-default text-left\">\n\n\t\t\t\n\t\t\t<div class=\"liner-continer\">\n\t\t\t\t<h5 class=\"woodmart-title-container title wd-fontsize-l\">Hvorfor kj\u00f8pe Nembutal Solution online fra oss?<\/h5> \n\t\t\t\t\t\t\t<\/div>\n\n\t\t\t\t\t\t\t<div class=\"title-after_title reset-last-child wd-fontsize-xs\">\n\t\t\t\t\t<p><strong>1. Standarder av h\u00f8y kvalitet<\/strong><\/p><p>Vi tilbyr flytende Nembutal-l\u00f8sning av farmas\u00f8ytisk kvalitet, verifisert gjennom strenge laboratorietester for \u00e5 oppfylle de h\u00f8yeste standarder for renhet og effektivitet.<\/p><p><strong>2. Sikre og diskrete transaksjoner<\/strong><\/p><ul><li><strong>Konfidensiell frakt:<\/strong> Hver bestilling pakkes diskret for \u00e5 beskytte personvernet ditt.<\/li><li><strong>Avansert sikkerhet:<\/strong> Plattformen v\u00e5r bruker robust kryptering for trygge nettkj\u00f8p.<\/li><\/ul><p><strong>3. Overholdelse av lover og regler<\/strong><\/p><p>Vi overholder alle EU-forskrifter om trygt salg og levering av flytende Nembutal, noe som sikrer at du f\u00e5r et produkt som er i samsvar med juridiske og sikkerhetsmessige standarder. <a href=\"https:\/\/www.touteleurope.eu\/societe\/l-euthanasie-en-europe\/\">Klikk her<\/a> for \u00e5 verifisere EU-forordningene om Nembutal for ditt land.<\/p><p><strong>4. P\u00e5litelig levering<\/strong><\/p><p>Vi spesialiserer oss p\u00e5 sikre og rettidige leveranser til EU-land, med sporing og kundest\u00f8tte for hver bestilling.<\/p>\t\t\t\t<\/div>\n\t\t\t\t\t<\/div>\n\t\t\t\t\t\t<\/div>\n\t\t\t\t<\/div>\n\t\t\t\t<div class=\"elementor-element elementor-element-fcec8ef wd-width-100 elementor-widget elementor-widget-wd_title\" data-id=\"fcec8ef\" data-element_type=\"widget\" data-e-type=\"widget\" data-widget_type=\"wd_title.default\">\n\t\t\t\t<div class=\"elementor-widget-container\">\n\t\t\t\t\t\t\t<div class=\"title-wrapper wd-set-mb reset-last-child wd-title-color-primary wd-title-style-underlined wd-title-size-default text-left\">\n\n\t\t\t\n\t\t\t<div class=\"liner-continer\">\n\t\t\t\t<h5 class=\"woodmart-title-container title wd-fontsize-l\">Hvordan bruke flytende Nembutal-l\u00f8sning p\u00e5 en trygg m\u00e5te<\/h5> \n\t\t\t\t\t\t\t<\/div>\n\n\t\t\t\t\t\t\t<div class=\"title-after_title reset-last-child wd-fontsize-xs\">\n\t\t\t\t\t<p>Riktig h\u00e5ndtering og administrering er avgj\u00f8rende for sikker bruk:<\/p><ul><li><strong>Doseringsveiledning:<\/strong> R\u00e5df\u00f8r deg alltid med en autorisert fagperson for \u00e5 finne riktig dosering.<\/li><li><strong>Instruksjoner for oppbevaring:<\/strong> Oppbevar l\u00f8sningen p\u00e5 et kj\u00f8lig, t\u00f8rt sted, utilgjengelig for uvedkommende.<\/li><li><strong>Legitime bruksomr\u00e5der:<\/strong> S\u00f8rg for at bruken er begrenset til gyldige medisinske, veterin\u00e6re eller forskningsmessige form\u00e5l.<\/li><\/ul>\t\t\t\t<\/div>\n\t\t\t\t\t<\/div>\n\t\t\t\t\t\t<\/div>\n\t\t\t\t<\/div>\n\t\t\t\t<div class=\"elementor-element elementor-element-ae6138f wd-width-100 elementor-widget elementor-widget-wd_title\" data-id=\"ae6138f\" data-element_type=\"widget\" data-e-type=\"widget\" data-widget_type=\"wd_title.default\">\n\t\t\t\t<div class=\"elementor-widget-container\">\n\t\t\t\t\t\t\t<div class=\"title-wrapper wd-set-mb reset-last-child wd-title-color-primary wd-title-style-underlined wd-title-size-default text-left\">\n\n\t\t\t\n\t\t\t<div class=\"liner-continer\">\n\t\t\t\t<h5 class=\"woodmart-title-container title wd-fontsize-l\">Vanlige sp\u00f8rsm\u00e5l om kj\u00f8p av Nembutal-l\u00f8sning p\u00e5 nettet<\/h5> \n\t\t\t\t\t\t\t<\/div>\n\n\t\t\t\t\t<\/div>\n\t\t\t\t\t\t<\/div>\n\t\t\t\t<\/div>\n\t\t\t\t<div class=\"elementor-element elementor-element-b5f9363 elementor-widget elementor-widget-n-accordion\" data-id=\"b5f9363\" data-element_type=\"widget\" data-e-type=\"widget\" data-settings=\"{&quot;default_state&quot;:&quot;all_collapsed&quot;,&quot;max_items_expended&quot;:&quot;one&quot;,&quot;n_accordion_animation_duration&quot;:{&quot;unit&quot;:&quot;ms&quot;,&quot;size&quot;:400,&quot;sizes&quot;:[]}}\" data-widget_type=\"nested-accordion.default\">\n\t\t\t\t<div class=\"elementor-widget-container\">\n\t\t\t\t\t\t\t<div class=\"e-n-accordion\" aria-label=\"Trekkspill. \u00c5pne lenker med Enter eller Space, lukk med Escape, og naviger med piltastene\">\n\t\t\t\t\t\t<details id=\"e-n-accordion-item-1900\" class=\"e-n-accordion-item\" >\n\t\t\t\t<summary class=\"e-n-accordion-item-title\" data-accordion-index=\"1\" tabindex=\"0\" aria-expanded=\"false\" aria-controls=\"e-n-accordion-item-1900\" >\n\t\t\t\t\t<span class='e-n-accordion-item-title-header'><div class=\"e-n-accordion-item-title-text\"> Hvordan pakkes flytende Nembutal for forsendelse? <\/div><\/span>\n\t\t\t\t\t\t\t<span class='e-n-accordion-item-title-icon'>\n\t\t\t<span class='e-opened' ><i aria-hidden=\"true\" class=\"fas fa-stop-circle\"><\/i><\/span>\n\t\t\t<span class='e-closed'><i aria-hidden=\"true\" class=\"fas fa-play-circle\"><\/i><\/span>\n\t\t<\/span>\n\n\t\t\t\t\t\t<\/summary>\n\t\t\t\t<div role=\"region\" aria-labelledby=\"e-n-accordion-item-1900\" class=\"elementor-element elementor-element-6bb191d e-con-full e-flex e-con e-child\" data-id=\"6bb191d\" data-element_type=\"container\" data-e-type=\"container\">\n\t\t\t\t<div class=\"elementor-element elementor-element-c0ed5d8 elementor-widget elementor-widget-wd_text_block\" data-id=\"c0ed5d8\" data-element_type=\"widget\" data-e-type=\"widget\" data-widget_type=\"wd_text_block.default\">\n\t\t\t\t<div class=\"elementor-widget-container\">\n\t\t\t\t\t\t\t<div class=\"wd-text-block reset-last-child text-left color-title\">\n\t\t\t\n\t\t\t<p>Vi bruker manipuleringssikre hetteglass og diskret, umerket emballasje for \u00e5 sikre personvern og produktkvalitet under transport.<\/p>\n\t\t\t\t\t<\/div>\n\t\t\t\t\t\t<\/div>\n\t\t\t\t<\/div>\n\t\t\t\t<\/div>\n\t\t\t\t\t<\/details>\n\t\t\t\t\t\t<details id=\"e-n-accordion-item-1901\" class=\"e-n-accordion-item\" >\n\t\t\t\t<summary class=\"e-n-accordion-item-title\" data-accordion-index=\"2\" tabindex=\"-1\" aria-expanded=\"false\" aria-controls=\"e-n-accordion-item-1901\" >\n\t\t\t\t\t<span class='e-n-accordion-item-title-header'><div class=\"e-n-accordion-item-title-text\"> Hva er de potensielle bivirkningene? <\/div><\/span>\n\t\t\t\t\t\t\t<span class='e-n-accordion-item-title-icon'>\n\t\t\t<span class='e-opened' ><i aria-hidden=\"true\" class=\"fas fa-stop-circle\"><\/i><\/span>\n\t\t\t<span class='e-closed'><i aria-hidden=\"true\" class=\"fas fa-play-circle\"><\/i><\/span>\n\t\t<\/span>\n\n\t\t\t\t\t\t<\/summary>\n\t\t\t\t<div role=\"region\" aria-labelledby=\"e-n-accordion-item-1901\" class=\"elementor-element elementor-element-6ace40c e-con-full e-flex e-con e-child\" data-id=\"6ace40c\" data-element_type=\"container\" data-e-type=\"container\">\n\t\t\t\t<div class=\"elementor-element elementor-element-f2c8e8b elementor-widget elementor-widget-wd_text_block\" data-id=\"f2c8e8b\" data-element_type=\"widget\" data-e-type=\"widget\" data-widget_type=\"wd_text_block.default\">\n\t\t\t\t<div class=\"elementor-widget-container\">\n\t\t\t\t\t\t\t<div class=\"wd-text-block reset-last-child text-left color-title\">\n\t\t\t\n\t\t\t<p>Selv om det generelt er trygt n\u00e5r det brukes riktig, kan flytende Nembutal for\u00e5rsake svimmelhet, kvalme eller d\u00f8sighet. Alvorlige bivirkninger, som luftveisproblemer, krever \u00f8yeblikkelig legehjelp.<\/p>\n\t\t\t\t\t<\/div>\n\t\t\t\t\t\t<\/div>\n\t\t\t\t<\/div>\n\t\t\t\t<\/div>\n\t\t\t\t\t<\/details>\n\t\t\t\t\t\t<details id=\"e-n-accordion-item-1902\" class=\"e-n-accordion-item\" >\n\t\t\t\t<summary class=\"e-n-accordion-item-title\" data-accordion-index=\"3\" tabindex=\"-1\" aria-expanded=\"false\" aria-controls=\"e-n-accordion-item-1902\" >\n\t\t\t\t\t<span class='e-n-accordion-item-title-header'><div class=\"e-n-accordion-item-title-text\"> Er det trygt \u00e5 kj\u00f8pe Nembutal tabletter p\u00e5 nett? <\/div><\/span>\n\t\t\t\t\t\t\t<span class='e-n-accordion-item-title-icon'>\n\t\t\t<span class='e-opened' ><i aria-hidden=\"true\" class=\"fas fa-stop-circle\"><\/i><\/span>\n\t\t\t<span class='e-closed'><i aria-hidden=\"true\" class=\"fas fa-play-circle\"><\/i><\/span>\n\t\t<\/span>\n\n\t\t\t\t\t\t<\/summary>\n\t\t\t\t<div role=\"region\" aria-labelledby=\"e-n-accordion-item-1902\" class=\"elementor-element elementor-element-eb2448d e-con-full e-flex e-con e-child\" data-id=\"eb2448d\" data-element_type=\"container\" data-e-type=\"container\">\n\t\t\t\t<div class=\"elementor-element elementor-element-5cd6d1f elementor-widget elementor-widget-wd_text_block\" data-id=\"5cd6d1f\" data-element_type=\"widget\" data-e-type=\"widget\" data-widget_type=\"wd_text_block.default\">\n\t\t\t\t<div class=\"elementor-widget-container\">\n\t\t\t\t\t\t\t<div class=\"wd-text-block reset-last-child text-left color-title\">\n\t\t\t\n\t\t\t<p><strong>JA<\/strong>er det trygt \u00e5 kj\u00f8pe Nembutal-l\u00f8sning p\u00e5 nettet hvis du velger en p\u00e5litelig leverand\u00f8r som <strong>Hos Nembutal Mann<\/strong>. Vi garanterer sikre transaksjoner og autentiske produkter.<\/p>\n\t\t\t\t\t<\/div>\n\t\t\t\t\t\t<\/div>\n\t\t\t\t<\/div>\n\t\t\t\t<\/div>\n\t\t\t\t\t<\/details>\n\t\t\t\t\t<\/div>\n\t\t\t\t\t\t<\/div>\n\t\t\t\t<\/div>\n\t\t\t\t<div class=\"elementor-element elementor-element-dd6417e wd-width-100 elementor-widget elementor-widget-wd_title\" data-id=\"dd6417e\" data-element_type=\"widget\" data-e-type=\"widget\" data-widget_type=\"wd_title.default\">\n\t\t\t\t<div class=\"elementor-widget-container\">\n\t\t\t\t\t\t\t<div class=\"title-wrapper wd-set-mb reset-last-child wd-title-color-primary wd-title-style-underlined wd-title-size-default text-left\">\n\n\t\t\t\n\t\t\t<div class=\"liner-continer\">\n\t\t\t\t<h5 class=\"woodmart-title-container title wd-fontsize-l\">Bestill Nembutal Solution p\u00e5 nett i dag<\/h5> \n\t\t\t\t\t\t\t<\/div>\n\n\t\t\t\t\t\t\t<div class=\"title-after_title reset-last-child wd-fontsize-xs\">\n\t\t\t\t\t<p>Ta bryet med \u00e5 kj\u00f8pe flytende Nembutal. P\u00e5 <strong>Hos Nembutal Mann<\/strong>Vi kombinerer f\u00f8rsteklasses kvalitet, sikker shopping og p\u00e5litelig levering for \u00e5 sikre at du blir forn\u00f8yd.<\/p><p><strong>Legg inn bestillingen n\u00e5 og opplev s\u00f8ml\u00f8s service fra start til slutt.<br \/><br \/><br \/><\/strong>Leter du etter noe annet? Du kan <a href=\"https:\/\/nembutalman.com\/nb\/produkt\/kjope-nembutal-tabletter-pa-nett\/\">kj\u00f8pe Nembutal tabletter online<\/a> eller <a href=\"https:\/\/nembutalman.com\/nb\/produkt\/kjop-nembutal-pulver-online\/\">kj\u00f8p Nembutal pulver online<\/a><\/p>\t\t\t\t<\/div>\n\t\t\t\t\t<\/div>\n\t\t\t\t\t\t<\/div>\n\t\t\t\t<\/div>\n\t\t\t\t\t<\/div>\n\t\t\t\t<\/div>\n\t\t\t\t<\/div>","protected":false},"excerpt":{"rendered":"<p>\u00d8nsker du \u00e5 kj\u00f8pe flytende Nembutal p\u00e5 nett? V\u00e5r Nembutal-l\u00f8sning av farmas\u00f8ytisk kvalitet tilbyr uovertruffen kvalitet, p\u00e5litelighet og sikker levering over hele Europa. Dette produktet er ideelt for medisinsk, veterin\u00e6rmedisinsk og forskningsmessig bruk, og overholder strenge EU-forskrifter for din sjelefred. Bestill n\u00e5 for en s\u00f8ml\u00f8s og diskret handleopplevelse!<\/p>","protected":false},"featured_media":20987,"comment_status":"open","ping_status":"closed","template":"","meta":[],"product_brand":[],"product_cat":[474],"product_tag":[],"class_list":{"0":"post-7386","1":"product","2":"type-product","3":"status-publish","4":"has-post-thumbnail","6":"product_cat-buy-nembutal","8":"first","9":"instock","10":"featured","11":"shipping-taxable","12":"purchasable","13":"product-type-variable"},"yoast_head":"<!-- This site is optimized with the Yoast SEO Premium plugin v24.2 (Yoast SEO v27.4) - https:\/\/yoast.com\/product\/yoast-seo-premium-wordpress\/ -->\n<title>Buy Liquid Nembutal Online | Nembutal Mann - Safe EU Delivery<\/title>\n<meta name=\"description\" content=\"Looking to buy liquid Nembutal or Nembutal solution online? Discover pharmaceutical-grade sodium pentobarbital solution with secure EU shipping. Order today\" \/>\n<meta name=\"robots\" content=\"index, follow, max-snippet:-1, max-image-preview:large, max-video-preview:-1\" \/>\n<link rel=\"canonical\" href=\"https:\/\/nembutalman.com\/nb\/produkt\/kjope-flytende-nembutal-online\/\" \/>\n<meta property=\"og:locale\" content=\"nb_NO\" \/>\n<meta property=\"og:type\" content=\"article\" \/>\n<meta property=\"og:title\" content=\"Buy Liquid Nembutal Online | Nembutal Mann - Safe EU Delivery\" \/>\n<meta property=\"og:description\" content=\"Looking to buy liquid Nembutal or Nembutal solution online? Discover pharmaceutical-grade sodium pentobarbital solution with secure EU shipping. Order today\" \/>\n<meta property=\"og:url\" content=\"https:\/\/nembutalman.com\/nb\/produkt\/kjope-flytende-nembutal-online\/\" \/>\n<meta property=\"og:site_name\" content=\"Nembutal Mann\" \/>\n<meta property=\"article:modified_time\" content=\"2026-02-17T18:28:18+00:00\" \/>\n<meta property=\"og:image\" content=\"https:\/\/nembutalman.com\/wp-content\/uploads\/2022\/05\/nembutal-injectable-liquid.jpg\" \/>\n\t<meta property=\"og:image:width\" content=\"933\" \/>\n\t<meta property=\"og:image:height\" content=\"933\" \/>\n\t<meta property=\"og:image:type\" content=\"image\/jpeg\" \/>\n<meta name=\"twitter:card\" content=\"summary_large_image\" \/>\n<meta name=\"twitter:title\" content=\"Buy Liquid Nembutal Online | Nembutal Mann - Safe EU Delivery\" \/>\n<meta name=\"twitter:description\" content=\"Looking to buy liquid Nembutal or Nembutal solution online? Discover pharmaceutical-grade sodium pentobarbital solution with secure EU shipping. Order today\" \/>\n<meta name=\"twitter:label1\" content=\"Ansl. lesetid\" \/>\n\t<meta name=\"twitter:data1\" content=\"3 minutter\" \/>\n<script type=\"application\/ld+json\" class=\"yoast-schema-graph\">{\"@context\":\"https:\\\/\\\/schema.org\",\"@graph\":[{\"@type\":\"WebPage\",\"@id\":\"https:\\\/\\\/nembutalman.com\\\/product\\\/buy-liquid-nembutal-online\\\/\",\"url\":\"https:\\\/\\\/nembutalman.com\\\/product\\\/buy-liquid-nembutal-online\\\/\",\"name\":\"Buy Liquid Nembutal Online | Nembutal Mann - Safe EU Delivery\",\"isPartOf\":{\"@id\":\"https:\\\/\\\/nembutalman.com\\\/#website\"},\"primaryImageOfPage\":{\"@id\":\"https:\\\/\\\/nembutalman.com\\\/product\\\/buy-liquid-nembutal-online\\\/#primaryimage\"},\"image\":{\"@id\":\"https:\\\/\\\/nembutalman.com\\\/product\\\/buy-liquid-nembutal-online\\\/#primaryimage\"},\"thumbnailUrl\":\"https:\\\/\\\/nembutalman.com\\\/wp-content\\\/uploads\\\/2022\\\/05\\\/nembutal-injectable-liquid.jpg\",\"datePublished\":\"2022-05-31T01:25:33+00:00\",\"dateModified\":\"2026-02-17T18:28:18+00:00\",\"description\":\"Looking to buy liquid Nembutal or Nembutal solution online? Discover pharmaceutical-grade sodium pentobarbital solution with secure EU shipping. Order today\",\"breadcrumb\":{\"@id\":\"https:\\\/\\\/nembutalman.com\\\/product\\\/buy-liquid-nembutal-online\\\/#breadcrumb\"},\"inLanguage\":\"nb-NO\",\"potentialAction\":[{\"@type\":\"ReadAction\",\"target\":[\"https:\\\/\\\/nembutalman.com\\\/product\\\/buy-liquid-nembutal-online\\\/\"]}]},{\"@type\":\"ImageObject\",\"inLanguage\":\"nb-NO\",\"@id\":\"https:\\\/\\\/nembutalman.com\\\/product\\\/buy-liquid-nembutal-online\\\/#primaryimage\",\"url\":\"https:\\\/\\\/nembutalman.com\\\/wp-content\\\/uploads\\\/2022\\\/05\\\/nembutal-injectable-liquid.jpg\",\"contentUrl\":\"https:\\\/\\\/nembutalman.com\\\/wp-content\\\/uploads\\\/2022\\\/05\\\/nembutal-injectable-liquid.jpg\",\"width\":933,\"height\":933,\"caption\":\"Vial With Pentobarbital Used For Euthanasia And Lethal Inyecion In A Hospital\"},{\"@type\":\"BreadcrumbList\",\"@id\":\"https:\\\/\\\/nembutalman.com\\\/product\\\/buy-liquid-nembutal-online\\\/#breadcrumb\",\"itemListElement\":[{\"@type\":\"ListItem\",\"position\":1,\"name\":\"Home\",\"item\":\"https:\\\/\\\/nembutalman.com\\\/\"},{\"@type\":\"ListItem\",\"position\":2,\"name\":\"Products\",\"item\":\"https:\\\/\\\/nembutalman.com\\\/products\\\/\"},{\"@type\":\"ListItem\",\"position\":3,\"name\":\"Nembutal Injectable liquid\"}]},{\"@type\":\"WebSite\",\"@id\":\"https:\\\/\\\/nembutalman.com\\\/#website\",\"url\":\"https:\\\/\\\/nembutalman.com\\\/\",\"name\":\"Nembutal Mann\",\"description\":\"Nembutal Kaufen Deutschland\",\"publisher\":{\"@id\":\"https:\\\/\\\/nembutalman.com\\\/#organization\"},\"potentialAction\":[{\"@type\":\"SearchAction\",\"target\":{\"@type\":\"EntryPoint\",\"urlTemplate\":\"https:\\\/\\\/nembutalman.com\\\/?s={search_term_string}\"},\"query-input\":{\"@type\":\"PropertyValueSpecification\",\"valueRequired\":true,\"valueName\":\"search_term_string\"}}],\"inLanguage\":\"nb-NO\"},{\"@type\":\"Organization\",\"@id\":\"https:\\\/\\\/nembutalman.com\\\/#organization\",\"name\":\"Nembutal Mann\",\"url\":\"https:\\\/\\\/nembutalman.com\\\/\",\"logo\":{\"@type\":\"ImageObject\",\"inLanguage\":\"nb-NO\",\"@id\":\"https:\\\/\\\/nembutalman.com\\\/#\\\/schema\\\/logo\\\/image\\\/\",\"url\":\"https:\\\/\\\/nembutalman.com\\\/wp-content\\\/uploads\\\/2024\\\/11\\\/Untitled-design.png\",\"contentUrl\":\"https:\\\/\\\/nembutalman.com\\\/wp-content\\\/uploads\\\/2024\\\/11\\\/Untitled-design.png\",\"width\":650,\"height\":250,\"caption\":\"Nembutal Mann\"},\"image\":{\"@id\":\"https:\\\/\\\/nembutalman.com\\\/#\\\/schema\\\/logo\\\/image\\\/\"}}]}<\/script>\n<!-- \/ Yoast SEO Premium plugin. -->","yoast_head_json":{"title":"Kj\u00f8pe flytende Nembutal Online | Nembutal Mann - Sikker EU-levering","description":"\u00d8nsker du \u00e5 kj\u00f8pe flytende Nembutal eller Nembutal oppl\u00f8sning p\u00e5 nett? Oppdag natriumpentobarbitaloppl\u00f8sning av farmas\u00f8ytisk kvalitet med sikker EU-frakt. Bestill i dag","robots":{"index":"index","follow":"follow","max-snippet":"max-snippet:-1","max-image-preview":"max-image-preview:large","max-video-preview":"max-video-preview:-1"},"canonical":"https:\/\/nembutalman.com\/nb\/produkt\/kjope-flytende-nembutal-online\/","og_locale":"nb_NO","og_type":"article","og_title":"Buy Liquid Nembutal Online | Nembutal Mann - Safe EU Delivery","og_description":"Looking to buy liquid Nembutal or Nembutal solution online? Discover pharmaceutical-grade sodium pentobarbital solution with secure EU shipping. Order today","og_url":"https:\/\/nembutalman.com\/nb\/produkt\/kjope-flytende-nembutal-online\/","og_site_name":"Nembutal Mann","article_modified_time":"2026-02-17T18:28:18+00:00","og_image":[{"width":933,"height":933,"url":"https:\/\/nembutalman.com\/wp-content\/uploads\/2022\/05\/nembutal-injectable-liquid.jpg","type":"image\/jpeg"}],"twitter_card":"summary_large_image","twitter_title":"Buy Liquid Nembutal Online | Nembutal Mann - Safe EU Delivery","twitter_description":"Looking to buy liquid Nembutal or Nembutal solution online? Discover pharmaceutical-grade sodium pentobarbital solution with secure EU shipping. Order today","twitter_misc":{"Ansl. lesetid":"3 minutter"},"schema":{"@context":"https:\/\/schema.org","@graph":[{"@type":"WebPage","@id":"https:\/\/nembutalman.com\/product\/buy-liquid-nembutal-online\/","url":"https:\/\/nembutalman.com\/product\/buy-liquid-nembutal-online\/","name":"Kj\u00f8pe flytende Nembutal Online | Nembutal Mann - Sikker EU-levering","isPartOf":{"@id":"https:\/\/nembutalman.com\/#website"},"primaryImageOfPage":{"@id":"https:\/\/nembutalman.com\/product\/buy-liquid-nembutal-online\/#primaryimage"},"image":{"@id":"https:\/\/nembutalman.com\/product\/buy-liquid-nembutal-online\/#primaryimage"},"thumbnailUrl":"https:\/\/nembutalman.com\/wp-content\/uploads\/2022\/05\/nembutal-injectable-liquid.jpg","datePublished":"2022-05-31T01:25:33+00:00","dateModified":"2026-02-17T18:28:18+00:00","description":"\u00d8nsker du \u00e5 kj\u00f8pe flytende Nembutal eller Nembutal oppl\u00f8sning p\u00e5 nett? Oppdag natriumpentobarbitaloppl\u00f8sning av farmas\u00f8ytisk kvalitet med sikker EU-frakt. Bestill i dag","breadcrumb":{"@id":"https:\/\/nembutalman.com\/product\/buy-liquid-nembutal-online\/#breadcrumb"},"inLanguage":"nb-NO","potentialAction":[{"@type":"ReadAction","target":["https:\/\/nembutalman.com\/product\/buy-liquid-nembutal-online\/"]}]},{"@type":"ImageObject","inLanguage":"nb-NO","@id":"https:\/\/nembutalman.com\/product\/buy-liquid-nembutal-online\/#primaryimage","url":"https:\/\/nembutalman.com\/wp-content\/uploads\/2022\/05\/nembutal-injectable-liquid.jpg","contentUrl":"https:\/\/nembutalman.com\/wp-content\/uploads\/2022\/05\/nembutal-injectable-liquid.jpg","width":933,"height":933,"caption":"Vial With Pentobarbital Used For Euthanasia And Lethal Inyecion In A Hospital"},{"@type":"BreadcrumbList","@id":"https:\/\/nembutalman.com\/product\/buy-liquid-nembutal-online\/#breadcrumb","itemListElement":[{"@type":"ListItem","position":1,"name":"Home","item":"https:\/\/nembutalman.com\/"},{"@type":"ListItem","position":2,"name":"Products","item":"https:\/\/nembutalman.com\/products\/"},{"@type":"ListItem","position":3,"name":"Nembutal Injectable liquid"}]},{"@type":"WebSite","@id":"https:\/\/nembutalman.com\/#website","url":"https:\/\/nembutalman.com\/","name":"Hos Nembutal Mann","description":"Nembutal Kaufen Deutschland","publisher":{"@id":"https:\/\/nembutalman.com\/#organization"},"potentialAction":[{"@type":"SearchAction","target":{"@type":"EntryPoint","urlTemplate":"https:\/\/nembutalman.com\/?s={search_term_string}"},"query-input":{"@type":"PropertyValueSpecification","valueRequired":true,"valueName":"search_term_string"}}],"inLanguage":"nb-NO"},{"@type":"Organization","@id":"https:\/\/nembutalman.com\/#organization","name":"Hos Nembutal Mann","url":"https:\/\/nembutalman.com\/","logo":{"@type":"ImageObject","inLanguage":"nb-NO","@id":"https:\/\/nembutalman.com\/#\/schema\/logo\/image\/","url":"https:\/\/nembutalman.com\/wp-content\/uploads\/2024\/11\/Untitled-design.png","contentUrl":"https:\/\/nembutalman.com\/wp-content\/uploads\/2024\/11\/Untitled-design.png","width":650,"height":250,"caption":"Nembutal Mann"},"image":{"@id":"https:\/\/nembutalman.com\/#\/schema\/logo\/image\/"}}]}},"_links":{"self":[{"href":"https:\/\/nembutalman.com\/nb\/wp-json\/wp\/v2\/product\/7386","targetHints":{"allow":["GET"]}}],"collection":[{"href":"https:\/\/nembutalman.com\/nb\/wp-json\/wp\/v2\/product"}],"about":[{"href":"https:\/\/nembutalman.com\/nb\/wp-json\/wp\/v2\/types\/product"}],"replies":[{"embeddable":true,"href":"https:\/\/nembutalman.com\/nb\/wp-json\/wp\/v2\/comments?post=7386"}],"version-history":[{"count":0,"href":"https:\/\/nembutalman.com\/nb\/wp-json\/wp\/v2\/product\/7386\/revisions"}],"wp:featuredmedia":[{"embeddable":true,"href":"https:\/\/nembutalman.com\/nb\/wp-json\/wp\/v2\/media\/20987"}],"wp:attachment":[{"href":"https:\/\/nembutalman.com\/nb\/wp-json\/wp\/v2\/media?parent=7386"}],"wp:term":[{"taxonomy":"product_brand","embeddable":true,"href":"https:\/\/nembutalman.com\/nb\/wp-json\/wp\/v2\/product_brand?post=7386"},{"taxonomy":"product_cat","embeddable":true,"href":"https:\/\/nembutalman.com\/nb\/wp-json\/wp\/v2\/product_cat?post=7386"},{"taxonomy":"product_tag","embeddable":true,"href":"https:\/\/nembutalman.com\/nb\/wp-json\/wp\/v2\/product_tag?post=7386"}],"curies":[{"name":"wp","href":"https:\/\/api.w.org\/{rel}","templated":true}]}}