{"id":20841,"date":"2024-12-09T14:40:50","date_gmt":"2024-12-09T14:40:50","guid":{"rendered":"https:\/\/nembutalman.com\/?page_id=20841"},"modified":"2025-01-01T14:31:53","modified_gmt":"2025-01-01T14:31:53","slug":"zasady-wysylki","status":"publish","type":"page","link":"https:\/\/nembutalman.com\/pl\/zasady-wysylki\/","title":{"rendered":"Zasady wysy\u0142ki"},"content":{"rendered":"<div data-elementor-type=\"wp-page\" data-elementor-id=\"20841\" class=\"elementor elementor-20841\" data-elementor-post-type=\"page\">\n\t\t\t\t<div class=\"wd-negative-gap elementor-element elementor-element-492f338 e-flex e-con-boxed e-con e-parent\" data-id=\"492f338\" data-element_type=\"container\" data-e-type=\"container\">\n\t\t\t\t\t<div class=\"e-con-inner\">\n\t\t\t\t<div class=\"elementor-element elementor-element-d8fb483 elementor-widget elementor-widget-image\" data-id=\"d8fb483\" data-element_type=\"widget\" data-e-type=\"widget\" data-widget_type=\"image.default\">\n\t\t\t\t<div class=\"elementor-widget-container\">\n\t\t\t\t\t\t\t\t\t\t\t\t\t\t\t<img fetchpriority=\"high\" decoding=\"async\" width=\"680\" height=\"409\" src=\"https:\/\/nembutalman.com\/wp-content\/uploads\/2024\/12\/shipping-policy.jpg\" class=\"attachment-large size-large wp-image-20843\" alt=\"\" srcset=\"https:\/\/nembutalman.com\/wp-content\/uploads\/2024\/12\/shipping-policy.jpg 680w, https:\/\/nembutalman.com\/wp-content\/uploads\/2024\/12\/shipping-policy-400x241.jpg 400w, https:\/\/nembutalman.com\/wp-content\/uploads\/2024\/12\/shipping-policy-430x259.jpg 430w, https:\/\/nembutalman.com\/wp-content\/uploads\/2024\/12\/shipping-policy-150x90.jpg 150w\" sizes=\"(max-width: 680px) 100vw, 680px\" \/>\t\t\t\t\t\t\t\t\t\t\t\t\t\t\t<\/div>\n\t\t\t\t<\/div>\n\t\t\t\t\t<\/div>\n\t\t\t\t<\/div>\n\t\t<div class=\"wd-negative-gap elementor-element elementor-element-cc2e0f1 e-flex e-con-boxed e-con e-parent\" data-id=\"cc2e0f1\" data-element_type=\"container\" data-e-type=\"container\" data-settings=\"{&quot;background_background&quot;:&quot;classic&quot;}\">\n\t\t\t\t\t<div class=\"e-con-inner\">\n\t\t<div class=\"elementor-element elementor-element-8f14267 e-con-full e-flex e-con e-child\" data-id=\"8f14267\" data-element_type=\"container\" data-e-type=\"container\">\n\t\t\t\t<div class=\"elementor-element elementor-element-a1c6e89 wd-width-100 elementor-widget elementor-widget-wd_title\" data-id=\"a1c6e89\" data-element_type=\"widget\" data-e-type=\"widget\" data-widget_type=\"wd_title.default\">\n\t\t\t\t<div class=\"elementor-widget-container\">\n\t\t\t\t\t\t\t<div class=\"title-wrapper wd-set-mb reset-last-child wd-title-color-default wd-title-style-default wd-title-size-default text-left\">\n\n\t\t\t\t\t\t\t\t\t\t\t<div class=\"title-subtitle subtitle-color-default subtitle-style-background wd-fontsize-xs\">\n\t\t\t\t\tNiezawodna i dyskretna wysy\u0142ka, kt\u00f3rej mo\u017cna zaufa\u0107\t\t\t\t<\/div>\n\t\t\t\n\t\t\t<div class=\"liner-continer\">\n\t\t\t\t<h4 class=\"woodmart-title-container title wd-fontsize-l\"><\/h4> \n\t\t\t\t\t\t\t<\/div>\n\n\t\t\t\t\t\t\t<div class=\"title-after_title reset-last-child wd-fontsize-xs\">\n\t\t\t\t\t<ul><li>Przy <a href=\"https:\/\/nembutalman.com\/pl\/\"><strong>W Nembutal Mann<\/strong><\/a>rozumiemy znaczenie niezawodnej, bezpiecznej i dyskretnej wysy\u0142ki. Nasza polityka wysy\u0142kowa ma na celu zapewnienie, \u017ce Twoje zam\u00f3wienie dotrze do Ciebie bezpiecznie, szybko i zgodnie z obowi\u0105zuj\u0105cymi przepisami.<\/li><\/ul>\t\t\t\t<\/div>\n\t\t\t\t\t<\/div>\n\t\t\t\t\t\t<\/div>\n\t\t\t\t<\/div>\n\t\t\t\t<\/div>\n\t\t<div class=\"elementor-element elementor-element-aced89a e-con-full e-flex e-con e-child\" data-id=\"aced89a\" data-element_type=\"container\" data-e-type=\"container\">\n\t\t\t\t<div class=\"elementor-element elementor-element-c7fea6c wd-width-100 elementor-widget elementor-widget-wd_title\" data-id=\"c7fea6c\" data-element_type=\"widget\" data-e-type=\"widget\" data-widget_type=\"wd_title.default\">\n\t\t\t\t<div class=\"elementor-widget-container\">\n\t\t\t\t\t\t\t<div class=\"title-wrapper wd-set-mb reset-last-child wd-title-color-default wd-title-style-default wd-title-size-default text-left\">\n\n\t\t\t\t\t\t\t\t\t\t\t<div class=\"title-subtitle subtitle-color-default subtitle-style-background wd-fontsize-xs\">\n\t\t\t\t\tMiejsca docelowe wysy\u0142ki\t\t\t\t<\/div>\n\t\t\t\n\t\t\t<div class=\"liner-continer\">\n\t\t\t\t<h4 class=\"woodmart-title-container title wd-fontsize-l\"><\/h4> \n\t\t\t\t\t\t\t<\/div>\n\n\t\t\t\t\t\t\t<div class=\"title-after_title reset-last-child wd-fontsize-xs\">\n\t\t\t\t\t<ul><li>Wysy\u0142amy do wybranych kraj\u00f3w w Europie i innych regionach, w kt\u00f3rych Nembutal jest prawnie dozwolony. W krajach, w kt\u00f3rych Nembutal jest nielegalny, wysy\u0142amy paczki jako dyskretne opakowanie.<\/li><li>Przed z\u0142o\u017ceniem zam\u00f3wienia nale\u017cy sprawdzi\u0107 przepisy obowi\u0105zuj\u0105ce w danym kraju.<\/li><li>Op\u0142aty za wysy\u0142k\u0119 dla danej lokalizacji mo\u017cna znale\u017a\u0107 na stronie <a href=\"https:\/\/nembutalman.com\/pl\/wozek\/\">Strona koszyka<\/a> i <a href=\"https:\/\/nembutalman.com\/pl\/kasa\/\">Strona kasy<\/a>.<\/li><\/ul>\t\t\t\t<\/div>\n\t\t\t\t\t<\/div>\n\t\t\t\t\t\t<\/div>\n\t\t\t\t<\/div>\n\t\t\t\t<\/div>\n\t\t\t\t\t<\/div>\n\t\t\t\t<\/div>\n\t\t<div class=\"wd-negative-gap elementor-element elementor-element-833fdac e-flex e-con-boxed e-con e-parent\" data-id=\"833fdac\" data-element_type=\"container\" data-e-type=\"container\" data-settings=\"{&quot;background_background&quot;:&quot;classic&quot;}\">\n\t\t\t\t\t<div class=\"e-con-inner\">\n\t\t<div class=\"elementor-element elementor-element-a5e9394 e-con-full e-flex e-con e-child\" data-id=\"a5e9394\" data-element_type=\"container\" data-e-type=\"container\">\n\t\t\t\t<div class=\"elementor-element elementor-element-83b8d11 wd-width-100 elementor-widget elementor-widget-wd_title\" data-id=\"83b8d11\" data-element_type=\"widget\" data-e-type=\"widget\" data-widget_type=\"wd_title.default\">\n\t\t\t\t<div class=\"elementor-widget-container\">\n\t\t\t\t\t\t\t<div class=\"title-wrapper wd-set-mb reset-last-child wd-title-color-default wd-title-style-default wd-title-size-default text-left\">\n\n\t\t\t\t\t\t\t\t\t\t\t<div class=\"title-subtitle subtitle-color-default subtitle-style-background wd-fontsize-xs\">\n\t\t\t\t\tMetody wysy\u0142ki\t\t\t\t<\/div>\n\t\t\t\n\t\t\t<div class=\"liner-continer\">\n\t\t\t\t<h4 class=\"woodmart-title-container title wd-fontsize-l\"><\/h4> \n\t\t\t\t\t\t\t<\/div>\n\n\t\t\t\t\t\t\t<div class=\"title-after_title reset-last-child wd-fontsize-xs\">\n\t\t\t\t\t<p>Korzystamy z zaufanych i renomowanych us\u0142ug kurierskich, aby zapewni\u0107 bezpieczn\u0105 dostaw\u0119 paczki. Wszystkie przesy\u0142ki s\u0105 bezpiecznie zapakowane w celu zapewnienia dyskrecji i ochrony.<\/p><ul><li><span style=\"color: #c1d43a\"><strong>Standardowa wysy\u0142ka:<\/strong><\/span> Dostawa w ci\u0105gu 3-4 dni roboczych.<\/li><li><span style=\"color: #c1d43a\"><strong>Wysy\u0142ka ekspresowa:<\/strong><\/span> Dostawa w ci\u0105gu 1-2 dni roboczych za dodatkow\u0105 op\u0142at\u0105.<\/li><li><span style=\"color: #c1d43a\"><strong>Informacje o \u015bledzeniu:<\/strong><\/span> Wszystkie zam\u00f3wienia zawieraj\u0105 szczeg\u00f3\u0142y \u015bledzenia, dzi\u0119ki czemu mo\u017cna monitorowa\u0107 przesy\u0142k\u0119.<\/li><\/ul>\t\t\t\t<\/div>\n\t\t\t\t\t<\/div>\n\t\t\t\t\t\t<\/div>\n\t\t\t\t<\/div>\n\t\t\t\t<\/div>\n\t\t<div class=\"elementor-element elementor-element-3ee470d e-con-full e-flex e-con e-child\" data-id=\"3ee470d\" data-element_type=\"container\" data-e-type=\"container\">\n\t\t\t\t<div class=\"elementor-element elementor-element-42a7f2e wd-width-100 elementor-widget elementor-widget-wd_title\" data-id=\"42a7f2e\" data-element_type=\"widget\" data-e-type=\"widget\" data-widget_type=\"wd_title.default\">\n\t\t\t\t<div class=\"elementor-widget-container\">\n\t\t\t\t\t\t\t<div class=\"title-wrapper wd-set-mb reset-last-child wd-title-color-default wd-title-style-default wd-title-size-default text-left\">\n\n\t\t\t\t\t\t\t\t\t\t\t<div class=\"title-subtitle subtitle-color-default subtitle-style-background wd-fontsize-xs\">\n\t\t\t\t\tOp\u0142aty za wysy\u0142k\u0119\t\t\t\t<\/div>\n\t\t\t\n\t\t\t<div class=\"liner-continer\">\n\t\t\t\t<h4 class=\"woodmart-title-container title wd-fontsize-l\"><\/h4> \n\t\t\t\t\t\t\t<\/div>\n\n\t\t\t\t\t\t\t<div class=\"title-after_title reset-last-child wd-fontsize-xs\">\n\t\t\t\t\t<ul><li>Op\u0142aty za wysy\u0142k\u0119 zale\u017c\u0105 od lokalizacji i wybranej metody wysy\u0142ki. Ca\u0142kowity koszt zostanie obliczony i wy\u015bwietlony podczas procesu p\u0142atno\u015bci.<\/li><\/ul>\t\t\t\t<\/div>\n\t\t\t\t\t<\/div>\n\t\t\t\t\t\t<\/div>\n\t\t\t\t<\/div>\n\t\t\t\t<\/div>\n\t\t\t\t\t<\/div>\n\t\t\t\t<\/div>\n\t\t<div class=\"wd-negative-gap elementor-element elementor-element-0407097 e-flex e-con-boxed e-con e-parent\" data-id=\"0407097\" data-element_type=\"container\" data-e-type=\"container\" data-settings=\"{&quot;background_background&quot;:&quot;classic&quot;}\">\n\t\t\t\t\t<div class=\"e-con-inner\">\n\t\t<div class=\"elementor-element elementor-element-2baa92f e-con-full e-flex e-con e-child\" data-id=\"2baa92f\" data-element_type=\"container\" data-e-type=\"container\">\n\t\t\t\t<div class=\"elementor-element elementor-element-e2dd5be wd-width-100 elementor-widget elementor-widget-wd_title\" data-id=\"e2dd5be\" data-element_type=\"widget\" data-e-type=\"widget\" data-widget_type=\"wd_title.default\">\n\t\t\t\t<div class=\"elementor-widget-container\">\n\t\t\t\t\t\t\t<div class=\"title-wrapper wd-set-mb reset-last-child wd-title-color-default wd-title-style-default wd-title-size-default text-left\">\n\n\t\t\t\t\t\t\t\t\t\t\t<div class=\"title-subtitle subtitle-color-default subtitle-style-background wd-fontsize-xs\">\n\t\t\t\t\tUszkodzone lub zagubione przesy\u0142ki\t\t\t\t<\/div>\n\t\t\t\n\t\t\t<div class=\"liner-continer\">\n\t\t\t\t<h4 class=\"woodmart-title-container title wd-fontsize-l\"><\/h4> \n\t\t\t\t\t\t\t<\/div>\n\n\t\t\t\t\t\t\t<div class=\"title-after_title reset-last-child wd-fontsize-xs\">\n\t\t\t\t\t<ul><li>W rzadkich przypadkach uszkodzenia lub zagubienia przesy\u0142ki w transporcie prosimy o niezw\u0142oczny kontakt. B\u0119dziemy wsp\u00f3\u0142pracowa\u0107 z kurierem w celu rozwi\u0105zania problemu i mo\u017cemy zaoferowa\u0107 wymian\u0119 lub zwrot pieni\u0119dzy.<\/li><\/ul>\t\t\t\t<\/div>\n\t\t\t\t\t<\/div>\n\t\t\t\t\t\t<\/div>\n\t\t\t\t<\/div>\n\t\t\t\t<\/div>\n\t\t<div class=\"elementor-element elementor-element-2f881ac e-con-full e-flex e-con e-child\" data-id=\"2f881ac\" data-element_type=\"container\" data-e-type=\"container\">\n\t\t\t\t<div class=\"elementor-element elementor-element-3a36926 wd-width-100 elementor-widget elementor-widget-wd_title\" data-id=\"3a36926\" data-element_type=\"widget\" data-e-type=\"widget\" data-widget_type=\"wd_title.default\">\n\t\t\t\t<div class=\"elementor-widget-container\">\n\t\t\t\t\t\t\t<div class=\"title-wrapper wd-set-mb reset-last-child wd-title-color-default wd-title-style-default wd-title-size-default text-left\">\n\n\t\t\t\t\t\t\t\t\t\t\t<div class=\"title-subtitle subtitle-color-default subtitle-style-background wd-fontsize-xs\">\n\t\t\t\t\tPrywatno\u015b\u0107 ma znaczenie\t\t\t\t<\/div>\n\t\t\t\n\t\t\t<div class=\"liner-continer\">\n\t\t\t\t<h4 class=\"woodmart-title-container title wd-fontsize-l\"><\/h4> \n\t\t\t\t\t\t\t<\/div>\n\n\t\t\t\t\t\t\t<div class=\"title-after_title reset-last-child wd-fontsize-xs\">\n\t\t\t\t\t<ul><li>Wszystkie przesy\u0142ki s\u0105 pakowane dyskretnie, bez odniesienia do zawarto\u015bci lub naszej marki, zapewniaj\u0105c prywatno\u015b\u0107 na ka\u017cdym kroku.<\/li><\/ul>\t\t\t\t<\/div>\n\t\t\t\t\t<\/div>\n\t\t\t\t\t\t<\/div>\n\t\t\t\t<\/div>\n\t\t\t\t<\/div>\n\t\t\t\t\t<\/div>\n\t\t\t\t<\/div>\n\t\t<div class=\"wd-negative-gap elementor-element elementor-element-09cfb19 e-flex e-con-boxed e-con e-parent\" data-id=\"09cfb19\" data-element_type=\"container\" data-e-type=\"container\" data-settings=\"{&quot;background_background&quot;:&quot;classic&quot;}\">\n\t\t\t\t\t<div class=\"e-con-inner\">\n\t\t<div class=\"elementor-element elementor-element-98e650d e-con-full e-flex e-con e-child\" data-id=\"98e650d\" data-element_type=\"container\" data-e-type=\"container\">\n\t\t\t\t<div class=\"elementor-element elementor-element-d6c46f1 wd-width-100 elementor-widget elementor-widget-wd_title\" data-id=\"d6c46f1\" data-element_type=\"widget\" data-e-type=\"widget\" data-widget_type=\"wd_title.default\">\n\t\t\t\t<div class=\"elementor-widget-container\">\n\t\t\t\t\t\t\t<div class=\"title-wrapper wd-set-mb reset-last-child wd-title-color-default wd-title-style-default wd-title-size-default text-left\">\n\n\t\t\t\t\t\t\t\t\t\t\t<div class=\"title-subtitle subtitle-color-default subtitle-style-background wd-fontsize-xs\">\n\t\t\t\t\tCzas przetwarzania\t\t\t\t<\/div>\n\t\t\t\n\t\t\t<div class=\"liner-continer\">\n\t\t\t\t<h4 class=\"woodmart-title-container title wd-fontsize-l\"><\/h4> \n\t\t\t\t\t\t\t<\/div>\n\n\t\t\t\t\t\t\t<div class=\"title-after_title reset-last-child wd-fontsize-xs\">\n\t\t\t\t\t<ul><li>Zam\u00f3wienia s\u0105 przetwarzane natychmiast po potwierdzeniu p\u0142atno\u015bci.<\/li><li>Po wys\u0142aniu zam\u00f3wienia otrzymasz wiadomo\u015b\u0107 e-mail z potwierdzeniem i szczeg\u00f3\u0142ami \u015bledzenia przesy\u0142ki.<\/li><\/ul>\t\t\t\t<\/div>\n\t\t\t\t\t<\/div>\n\t\t\t\t\t\t<\/div>\n\t\t\t\t<\/div>\n\t\t\t\t<\/div>\n\t\t<div class=\"elementor-element elementor-element-ed56b21 e-con-full e-flex e-con e-child\" data-id=\"ed56b21\" data-element_type=\"container\" data-e-type=\"container\">\n\t\t\t\t<div class=\"elementor-element elementor-element-a836510 wd-width-100 elementor-widget elementor-widget-wd_title\" data-id=\"a836510\" data-element_type=\"widget\" data-e-type=\"widget\" data-widget_type=\"wd_title.default\">\n\t\t\t\t<div class=\"elementor-widget-container\">\n\t\t\t\t\t\t\t<div class=\"title-wrapper wd-set-mb reset-last-child wd-title-color-default wd-title-style-default wd-title-size-default text-left\">\n\n\t\t\t\t\t\t\t\t\t\t\t<div class=\"title-subtitle subtitle-color-default subtitle-style-background wd-fontsize-xs\">\n\t\t\t\t\tPrzepisy celne i importowe\t\t\t\t<\/div>\n\t\t\t\n\t\t\t<div class=\"liner-continer\">\n\t\t\t\t<h4 class=\"woodmart-title-container title wd-fontsize-l\"><\/h4> \n\t\t\t\t\t\t\t<\/div>\n\n\t\t\t\t\t\t\t<div class=\"title-after_title reset-last-child wd-fontsize-xs\">\n\t\t\t\t\t<ul><li>Obowi\u0105zkiem klienta jest zrozumienie i przestrzeganie przepis\u00f3w celnych i importowych obowi\u0105zuj\u0105cych w jego kraju. Chocia\u017c podejmujemy wszelkie \u015brodki ostro\u017cno\u015bci, aby zapewni\u0107 sprawn\u0105 dostaw\u0119, Nembutal Mann nie ponosi odpowiedzialno\u015bci za op\u00f3\u017anienia lub konfiskaty wynikaj\u0105ce z lokalnych przepis\u00f3w.<\/li><\/ul>\t\t\t\t<\/div>\n\t\t\t\t\t<\/div>\n\t\t\t\t\t\t<\/div>\n\t\t\t\t<\/div>\n\t\t\t\t<\/div>\n\t\t\t\t\t<\/div>\n\t\t\t\t<\/div>\n\t\t<div class=\"wd-negative-gap elementor-element elementor-element-fad4b21 e-flex e-con-boxed e-con e-parent\" data-id=\"fad4b21\" data-element_type=\"container\" data-e-type=\"container\">\n\t\t\t\t\t<div class=\"e-con-inner\">\n\t\t\t\t\t<\/div>\n\t\t\t\t<\/div>\n\t\t\t\t<\/div>","protected":false},"excerpt":{"rendered":"<p>Niezawodna i dyskretna wysy\u0142ka, kt\u00f3rej mo\u017cesz zaufa\u0107 W Nembutal Mann rozumiemy znaczenie niezawodnej, bezpiecznej i dyskretnej wysy\u0142ki.<\/p>","protected":false},"author":13,"featured_media":0,"parent":0,"menu_order":0,"comment_status":"closed","ping_status":"closed","template":"","meta":{"footnotes":""},"class_list":["post-20841","page","type-page","status-publish","hentry"],"yoast_head":"<!-- This site is optimized with the Yoast SEO Premium plugin v24.2 (Yoast SEO v27.3) - https:\/\/yoast.com\/product\/yoast-seo-premium-wordpress\/ -->\n<title>Shipping Policy | Nembutal Mann \u2013 Discreet and Reliable Shipping<\/title>\n<meta name=\"description\" content=\"Learn about Nembutal Mann\u2019s shipping policy. Secure, discreet, and reliable delivery, with tracking and privacy guaranteed. Read more now.\" \/>\n<meta name=\"robots\" content=\"index, follow, max-snippet:-1, max-image-preview:large, max-video-preview:-1\" \/>\n<link rel=\"canonical\" href=\"https:\/\/nembutalman.com\/pl\/zasady-wysylki\/\" \/>\n<meta property=\"og:locale\" content=\"pl_PL\" \/>\n<meta property=\"og:type\" content=\"article\" \/>\n<meta property=\"og:title\" content=\"Shipping Policy | Nembutal Mann \u2013 Discreet and Reliable Shipping\" \/>\n<meta property=\"og:description\" content=\"Learn about Nembutal Mann\u2019s shipping policy. Secure, discreet, and reliable delivery, with tracking and privacy guaranteed. Read more now.\" \/>\n<meta property=\"og:url\" content=\"https:\/\/nembutalman.com\/pl\/zasady-wysylki\/\" \/>\n<meta property=\"og:site_name\" content=\"Nembutal Mann\" \/>\n<meta property=\"article:modified_time\" content=\"2025-01-01T14:31:53+00:00\" \/>\n<meta property=\"og:image\" content=\"https:\/\/nembutalman.com\/wp-content\/uploads\/2024\/12\/shipping-policy.jpg\" \/>\n\t<meta property=\"og:image:width\" content=\"680\" \/>\n\t<meta property=\"og:image:height\" content=\"409\" \/>\n\t<meta property=\"og:image:type\" content=\"image\/jpeg\" \/>\n<meta name=\"twitter:card\" content=\"summary_large_image\" \/>\n<meta name=\"twitter:title\" content=\"Shipping Policy | Nembutal Mann \u2013 Discreet and Reliable Shipping\" \/>\n<meta name=\"twitter:description\" content=\"Learn about Nembutal Mann\u2019s shipping policy. Secure, discreet, and reliable delivery, with tracking and privacy guaranteed. Read more now.\" \/>\n<meta name=\"twitter:image\" content=\"https:\/\/nembutalman.com\/wp-content\/uploads\/2024\/12\/shipping-policy.jpg\" \/>\n<meta name=\"twitter:label1\" content=\"Szacowany czas czytania\" \/>\n\t<meta name=\"twitter:data1\" content=\"2 minuty\" \/>\n<script type=\"application\/ld+json\" class=\"yoast-schema-graph\">{\"@context\":\"https:\\\/\\\/schema.org\",\"@graph\":[{\"@type\":\"WebPage\",\"@id\":\"https:\\\/\\\/nembutalman.com\\\/shipping-policy\\\/\",\"url\":\"https:\\\/\\\/nembutalman.com\\\/shipping-policy\\\/\",\"name\":\"Shipping Policy | Nembutal Mann \u2013 Discreet and Reliable Shipping\",\"isPartOf\":{\"@id\":\"https:\\\/\\\/nembutalman.com\\\/#website\"},\"primaryImageOfPage\":{\"@id\":\"https:\\\/\\\/nembutalman.com\\\/shipping-policy\\\/#primaryimage\"},\"image\":{\"@id\":\"https:\\\/\\\/nembutalman.com\\\/shipping-policy\\\/#primaryimage\"},\"thumbnailUrl\":\"https:\\\/\\\/nembutalman.com\\\/wp-content\\\/uploads\\\/2024\\\/12\\\/shipping-policy.jpg\",\"datePublished\":\"2024-12-09T14:40:50+00:00\",\"dateModified\":\"2025-01-01T14:31:53+00:00\",\"description\":\"Learn about Nembutal Mann\u2019s shipping policy. Secure, discreet, and reliable delivery, with tracking and privacy guaranteed. Read more now.\",\"breadcrumb\":{\"@id\":\"https:\\\/\\\/nembutalman.com\\\/shipping-policy\\\/#breadcrumb\"},\"inLanguage\":\"pl-PL\",\"potentialAction\":[{\"@type\":\"ReadAction\",\"target\":[\"https:\\\/\\\/nembutalman.com\\\/shipping-policy\\\/\"]}]},{\"@type\":\"ImageObject\",\"inLanguage\":\"pl-PL\",\"@id\":\"https:\\\/\\\/nembutalman.com\\\/shipping-policy\\\/#primaryimage\",\"url\":\"https:\\\/\\\/nembutalman.com\\\/wp-content\\\/uploads\\\/2024\\\/12\\\/shipping-policy.jpg\",\"contentUrl\":\"https:\\\/\\\/nembutalman.com\\\/wp-content\\\/uploads\\\/2024\\\/12\\\/shipping-policy.jpg\"},{\"@type\":\"BreadcrumbList\",\"@id\":\"https:\\\/\\\/nembutalman.com\\\/shipping-policy\\\/#breadcrumb\",\"itemListElement\":[{\"@type\":\"ListItem\",\"position\":1,\"name\":\"Home\",\"item\":\"https:\\\/\\\/nembutalman.com\\\/\"},{\"@type\":\"ListItem\",\"position\":2,\"name\":\"Shipping Policy\"}]},{\"@type\":\"WebSite\",\"@id\":\"https:\\\/\\\/nembutalman.com\\\/#website\",\"url\":\"https:\\\/\\\/nembutalman.com\\\/\",\"name\":\"Nembutal Mann\",\"description\":\"Nembutal Kaufen Deutschland\",\"publisher\":{\"@id\":\"https:\\\/\\\/nembutalman.com\\\/#organization\"},\"potentialAction\":[{\"@type\":\"SearchAction\",\"target\":{\"@type\":\"EntryPoint\",\"urlTemplate\":\"https:\\\/\\\/nembutalman.com\\\/?s={search_term_string}\"},\"query-input\":{\"@type\":\"PropertyValueSpecification\",\"valueRequired\":true,\"valueName\":\"search_term_string\"}}],\"inLanguage\":\"pl-PL\"},{\"@type\":\"Organization\",\"@id\":\"https:\\\/\\\/nembutalman.com\\\/#organization\",\"name\":\"Nembutal Mann\",\"url\":\"https:\\\/\\\/nembutalman.com\\\/\",\"logo\":{\"@type\":\"ImageObject\",\"inLanguage\":\"pl-PL\",\"@id\":\"https:\\\/\\\/nembutalman.com\\\/#\\\/schema\\\/logo\\\/image\\\/\",\"url\":\"https:\\\/\\\/nembutalman.com\\\/wp-content\\\/uploads\\\/2024\\\/11\\\/Untitled-design.png\",\"contentUrl\":\"https:\\\/\\\/nembutalman.com\\\/wp-content\\\/uploads\\\/2024\\\/11\\\/Untitled-design.png\",\"width\":650,\"height\":250,\"caption\":\"Nembutal Mann\"},\"image\":{\"@id\":\"https:\\\/\\\/nembutalman.com\\\/#\\\/schema\\\/logo\\\/image\\\/\"}}]}<\/script>\n<!-- \/ Yoast SEO Premium plugin. -->","yoast_head_json":{"title":"Zasady wysy\u0142ki | Nembutal Mann - Dyskretna i niezawodna wysy\u0142ka","description":"Dowiedz si\u0119 o zasadach wysy\u0142ki Nembutal Mann. Bezpieczna, dyskretna i niezawodna dostawa z gwarancj\u0105 \u015bledzenia i prywatno\u015bci. Przeczytaj wi\u0119cej teraz.","robots":{"index":"index","follow":"follow","max-snippet":"max-snippet:-1","max-image-preview":"max-image-preview:large","max-video-preview":"max-video-preview:-1"},"canonical":"https:\/\/nembutalman.com\/pl\/zasady-wysylki\/","og_locale":"pl_PL","og_type":"article","og_title":"Shipping Policy | Nembutal Mann \u2013 Discreet and Reliable Shipping","og_description":"Learn about Nembutal Mann\u2019s shipping policy. Secure, discreet, and reliable delivery, with tracking and privacy guaranteed. Read more now.","og_url":"https:\/\/nembutalman.com\/pl\/zasady-wysylki\/","og_site_name":"Nembutal Mann","article_modified_time":"2025-01-01T14:31:53+00:00","og_image":[{"width":680,"height":409,"url":"https:\/\/nembutalman.com\/wp-content\/uploads\/2024\/12\/shipping-policy.jpg","type":"image\/jpeg"}],"twitter_card":"summary_large_image","twitter_title":"Shipping Policy | Nembutal Mann \u2013 Discreet and Reliable Shipping","twitter_description":"Learn about Nembutal Mann\u2019s shipping policy. Secure, discreet, and reliable delivery, with tracking and privacy guaranteed. Read more now.","twitter_image":"https:\/\/nembutalman.com\/wp-content\/uploads\/2024\/12\/shipping-policy.jpg","twitter_misc":{"Szacowany czas czytania":"2 minuty"},"schema":{"@context":"https:\/\/schema.org","@graph":[{"@type":"WebPage","@id":"https:\/\/nembutalman.com\/shipping-policy\/","url":"https:\/\/nembutalman.com\/shipping-policy\/","name":"Zasady wysy\u0142ki | Nembutal Mann - Dyskretna i niezawodna wysy\u0142ka","isPartOf":{"@id":"https:\/\/nembutalman.com\/#website"},"primaryImageOfPage":{"@id":"https:\/\/nembutalman.com\/shipping-policy\/#primaryimage"},"image":{"@id":"https:\/\/nembutalman.com\/shipping-policy\/#primaryimage"},"thumbnailUrl":"https:\/\/nembutalman.com\/wp-content\/uploads\/2024\/12\/shipping-policy.jpg","datePublished":"2024-12-09T14:40:50+00:00","dateModified":"2025-01-01T14:31:53+00:00","description":"Dowiedz si\u0119 o zasadach wysy\u0142ki Nembutal Mann. Bezpieczna, dyskretna i niezawodna dostawa z gwarancj\u0105 \u015bledzenia i prywatno\u015bci. Przeczytaj wi\u0119cej teraz.","breadcrumb":{"@id":"https:\/\/nembutalman.com\/shipping-policy\/#breadcrumb"},"inLanguage":"pl-PL","potentialAction":[{"@type":"ReadAction","target":["https:\/\/nembutalman.com\/shipping-policy\/"]}]},{"@type":"ImageObject","inLanguage":"pl-PL","@id":"https:\/\/nembutalman.com\/shipping-policy\/#primaryimage","url":"https:\/\/nembutalman.com\/wp-content\/uploads\/2024\/12\/shipping-policy.jpg","contentUrl":"https:\/\/nembutalman.com\/wp-content\/uploads\/2024\/12\/shipping-policy.jpg"},{"@type":"BreadcrumbList","@id":"https:\/\/nembutalman.com\/shipping-policy\/#breadcrumb","itemListElement":[{"@type":"ListItem","position":1,"name":"Home","item":"https:\/\/nembutalman.com\/"},{"@type":"ListItem","position":2,"name":"Shipping Policy"}]},{"@type":"WebSite","@id":"https:\/\/nembutalman.com\/#website","url":"https:\/\/nembutalman.com\/","name":"W Nembutal Mann","description":"Nembutal Kaufen Deutschland","publisher":{"@id":"https:\/\/nembutalman.com\/#organization"},"potentialAction":[{"@type":"SearchAction","target":{"@type":"EntryPoint","urlTemplate":"https:\/\/nembutalman.com\/?s={search_term_string}"},"query-input":{"@type":"PropertyValueSpecification","valueRequired":true,"valueName":"search_term_string"}}],"inLanguage":"pl-PL"},{"@type":"Organization","@id":"https:\/\/nembutalman.com\/#organization","name":"W Nembutal Mann","url":"https:\/\/nembutalman.com\/","logo":{"@type":"ImageObject","inLanguage":"pl-PL","@id":"https:\/\/nembutalman.com\/#\/schema\/logo\/image\/","url":"https:\/\/nembutalman.com\/wp-content\/uploads\/2024\/11\/Untitled-design.png","contentUrl":"https:\/\/nembutalman.com\/wp-content\/uploads\/2024\/11\/Untitled-design.png","width":650,"height":250,"caption":"Nembutal Mann"},"image":{"@id":"https:\/\/nembutalman.com\/#\/schema\/logo\/image\/"}}]}},"_links":{"self":[{"href":"https:\/\/nembutalman.com\/pl\/wp-json\/wp\/v2\/pages\/20841","targetHints":{"allow":["GET"]}}],"collection":[{"href":"https:\/\/nembutalman.com\/pl\/wp-json\/wp\/v2\/pages"}],"about":[{"href":"https:\/\/nembutalman.com\/pl\/wp-json\/wp\/v2\/types\/page"}],"author":[{"embeddable":true,"href":"https:\/\/nembutalman.com\/pl\/wp-json\/wp\/v2\/users\/13"}],"replies":[{"embeddable":true,"href":"https:\/\/nembutalman.com\/pl\/wp-json\/wp\/v2\/comments?post=20841"}],"version-history":[{"count":0,"href":"https:\/\/nembutalman.com\/pl\/wp-json\/wp\/v2\/pages\/20841\/revisions"}],"wp:attachment":[{"href":"https:\/\/nembutalman.com\/pl\/wp-json\/wp\/v2\/media?parent=20841"}],"curies":[{"name":"wp","href":"https:\/\/api.w.org\/{rel}","templated":true}]}}