{"id":20850,"date":"2024-12-09T15:22:44","date_gmt":"2024-12-09T15:22:44","guid":{"rendered":"https:\/\/nembutalman.com\/?page_id=20850"},"modified":"2025-01-01T14:19:14","modified_gmt":"2025-01-01T14:19:14","slug":"polityka-prywatnosci","status":"publish","type":"page","link":"https:\/\/nembutalman.com\/pl\/polityka-prywatnosci\/","title":{"rendered":"Polityka prywatno\u015bci"},"content":{"rendered":"<p class=\"has-black-color has-text-color has-link-color wp-elements-355be174b2fb0d157b025fcc47f1d867\">Polityka prywatno\u015bci dla <a href=\"https:\/\/nembutalman.com\/pl\/\">nembutalman.com<\/a><\/p>\n\n\n\n<p class=\"has-black-color has-text-color has-link-color wp-elements-761ad3752a5bb90e7fbcc3f50b1c20b6\"><br>Ostatnia aktualizacja 11\/25\/2023<\/p>\n\n\n\n<p class=\"has-black-color has-text-color has-link-color wp-elements-3e94e2b2c9d2176429af1c301ae99651\"><br>Witamy w <a href=\"https:\/\/nembutalman.com\/pl\/\">nembutalman.com<\/a>. Niniejsza polityka prywatno\u015bci opisuje, w jaki spos\u00f3b gromadzimy, wykorzystujemy i udost\u0119pniamy dane osobowe, gdy u\u017cytkownik odwiedza nasz\u0105 witryn\u0119 internetow\u0105 lub dokonuje zakupu.<\/p>\n\n\n\n<h3 class=\"wp-block-heading has-text-color has-background has-link-color wp-elements-8a16c0b96044cebbff6804ddad17f2ed\" id=\"h-i-information-gathered\" style=\"color:#225238;background-color:#c1d43a\">I. Zebrane informacje<\/h3>\n\n\n\n<p class=\"has-black-color has-text-color has-link-color wp-elements-a6badfaa0041f2d9590e59bf90ac8bc6\">Gdy u\u017cytkownik odwiedza witryn\u0119 internetow\u0105, automatycznie gromadzimy pewne informacje o jego urz\u0105dzeniu, w tym informacje o przegl\u0105darce internetowej, adresie IP, strefie czasowej i niekt\u00f3rych plikach cookie zainstalowanych na urz\u0105dzeniu. Ponadto gromadzimy informacje na temat poszczeg\u00f3lnych stron internetowych lub produkt\u00f3w przegl\u0105danych przez u\u017cytkownika, stron internetowych lub wyszukiwanych hase\u0142, kt\u00f3re skierowa\u0142y u\u017cytkownika do naszej witryny oraz sposobu interakcji u\u017cytkownika z witryn\u0105. <\/p>\n\n\n\n<p class=\"has-black-color has-text-color has-link-color wp-elements-c6566f9f405ddf7459fc7c641c272c78\">Gdy u\u017cytkownik dokonuje lub pr\u00f3buje dokona\u0107 zakupu za po\u015brednictwem Witryny, zbieramy od niego okre\u015blone informacje, w tym imi\u0119 i nazwisko, adres rozliczeniowy, adres wysy\u0142ki, informacje dotycz\u0105ce p\u0142atno\u015bci (w tym numery kart kredytowych), adres e-mail i numer telefonu. Informacje te okre\u015blamy mianem \"Informacji o zam\u00f3wieniu\".<\/p>\n\n\n\n<h3 class=\"wp-block-heading has-text-color has-background has-link-color wp-elements-32d74790f44ff2ad9af97a6a63fe7a29\" id=\"h-ii-use-of-information\" style=\"color:#225238;background-color:#c1d43a\">II. Wykorzystanie informacji<\/h3>\n\n\n\n<p class=\"has-black-color has-text-color has-link-color wp-elements-fb223591b0ed4918e3b7a6dd70848b61\">Zasadniczo wykorzystujemy zebrane informacje do realizacji zam\u00f3wie\u0144 z\u0142o\u017conych za po\u015brednictwem witryny (w tym przetwarzania informacji o p\u0142atno\u015bciach, organizowania wysy\u0142ki i dostarczania faktur i\/lub potwierdze\u0144 zam\u00f3wie\u0144). Ponadto wykorzystujemy te informacje do<\/p>\n\n\n\n<ul class=\"wp-block-list\">\n<li class=\"has-black-color has-text-color has-link-color wp-elements-c35da8e453ecadee6ed58fb481402e8b\">Komunikacja z u\u017cytkownikiem;<\/li>\n\n\n\n<li class=\"has-black-color has-text-color has-link-color wp-elements-659b15464d3b49d5a9c284bdea83ccc0\">Sprawd\u017a swoje zam\u00f3wienie pod k\u0105tem potencjalnego ryzyka lub oszustwa; <\/li>\n\n\n\n<li class=\"has-black-color has-text-color has-link-color wp-elements-3ce7039dbd7333ebff4f5317f2da7572\">Optymalizacja naszej strony;<\/li>\n\n\n\n<li class=\"has-black-color has-text-color has-link-color wp-elements-63a2f7258bb251938f7c3188ffc5c879\">Uruchamiaj kampanie reklamowe lub przekierowuj\u0105ce na podstawie swoich zainteresowa\u0144.<\/li>\n<\/ul>\n\n\n\n<h3 class=\"wp-block-heading has-text-color has-background has-link-color wp-elements-71dd2bade47d8a19cad678a52077fdf8\" id=\"h-iii-information-exchange\" style=\"color:#225238;background-color:#c1d43a\">III. Wymiana informacji<\/h3>\n\n\n\n<p class=\"has-black-color has-text-color has-link-color wp-elements-0526f4d4e684efc2cb4cd7f6c014fc4c\">Aby pom\u00f3c nam w osi\u0105gni\u0119ciu wy\u017cej wymienionych cel\u00f3w, ujawniamy dane osobowe u\u017cytkownik\u00f3w podmiotom zewn\u0119trznym. Na przyk\u0142ad wysy\u0142amy zam\u00f3wienia za po\u015brednictwem PostNL, FedEx, a czasami DHL. W celu przetwarzania p\u0142atno\u015bci wymieniamy r\u00f3wnie\u017c informacje z PayPal, a czasami z naszymi bankami.<br>Wreszcie, w celu zareagowania na wezwanie do s\u0105du, nakaz przeszukania lub inne uzasadnione \u017c\u0105danie dotycz\u0105ce otrzymanych przez nas informacji, w celu zapewnienia zgodno\u015bci z obowi\u0105zuj\u0105cymi przepisami prawa i regulacjami lub w celu obrony naszych praw w inny spos\u00f3b, mo\u017cemy r\u00f3wnie\u017c ujawni\u0107 dane osobowe u\u017cytkownika. Wi\u0119cej informacji mo\u017cna znale\u017a\u0107 na stronie <a href=\"https:\/\/nembutalman.com\/pl\/zasady-wysylki\/\">polityka wysy\u0142kowa<\/a>.<\/p>\n\n\n\n<h3 class=\"wp-block-heading has-text-color has-background has-link-color wp-elements-8be1627c424b10a6d403c8606c0605de\" id=\"h-iv-your-rights\" style=\"color:#225238;background-color:#c1d43a\">IV. Prawa u\u017cytkownika<\/h3>\n\n\n\n<p class=\"has-black-color has-text-color has-link-color wp-elements-077416695de980c8342b74ae1b70db75\">U\u017cytkownik ma prawo sprawdzi\u0107, jakie dane osobowe na jego temat przechowujemy, oraz za\u017c\u0105da\u0107 ich aktualizacji, zmiany lub usuni\u0119cia, je\u015bli mieszka na terenie Europejskiego Obszaru Gospodarczego. Skorzystaj z poni\u017cszych informacji, aby skontaktowa\u0107 si\u0119 z nami, je\u015bli chcesz skorzysta\u0107 z tego prawa.<\/p>\n\n\n\n<h3 class=\"wp-block-heading has-text-color has-background has-link-color wp-elements-c25262c15a4b50cb1236e206e03eb430\" id=\"h-v-modifications-to-this-privacy-statement\" style=\"color:#225238;background-color:#c1d43a\">V. Modyfikacje niniejszego o\u015bwiadczenia o ochronie prywatno\u015bci<\/h3>\n\n\n\n<p class=\"has-black-color has-text-color has-link-color wp-elements-db26f0e0324ff3548c91aad6ddf0b4b2\">Prosimy o cz\u0119ste zapoznawanie si\u0119 z naszym o\u015bwiadczeniem o ochronie prywatno\u015bci, poniewa\u017c zastrzegamy sobie prawo do wprowadzania zmian w dowolnym momencie. Wyja\u015bnienia i modyfikacje b\u0119d\u0105 obowi\u0105zywa\u0107 od momentu ich opublikowania na stronie internetowej. Zaktualizujemy t\u0119 stron\u0119, aby odzwierciedli\u0107 wszelkie istotne zmiany, kt\u00f3re wprowadzimy do niniejszej polityki.<\/p>\n\n\n\n<h3 class=\"wp-block-heading has-text-color has-background has-link-color wp-elements-01aa1198e6bc79b9703c1e31d3efce46\" id=\"h-vi-contact-information\" style=\"color:#225238;background-color:#c1d43a\">VI. Informacje kontaktowe<\/h3>\n\n\n\n<p class=\"has-black-color has-text-color has-link-color wp-elements-29de9d3369388b1bebce2e470a8ab236\">Je\u015bli masz jakiekolwiek w\u0105tpliwo\u015bci lub chcesz uzyska\u0107 wi\u0119cej informacji na temat naszej polityki prywatno\u015bci, napisz do nas na adres service@nembutalman.com lub wy\u015blij pisemne zapytanie na adres Eisenhowerstraat 141, Sittard, Holandia.<\/p>\n\n\n\n<p class=\"has-black-color has-text-color has-link-color wp-elements-fc74c8adaf95e6aa5766202a95c8ef3e\">Odwied\u017a nasz\u0105 stron\u0119 <a href=\"https:\/\/nembutalman.com\/pl\/zasady-i-warunki\/\"><strong>Zasady i warunki<\/strong><\/a> by\u0107 bardziej poinformowanym<\/p>\n\n\n\n<p><\/p>","protected":false},"excerpt":{"rendered":"<p>Privacy policy for nembutalman.com Last updated 11\/25\/2023 Welcome to nembutalman.com. This privacy policy describes how we collect, use and share<\/p>","protected":false},"author":13,"featured_media":0,"parent":0,"menu_order":0,"comment_status":"closed","ping_status":"closed","template":"","meta":{"footnotes":""},"class_list":["post-20850","page","type-page","status-publish","hentry"],"yoast_head":"<!-- This site is optimized with the Yoast SEO Premium plugin v24.2 (Yoast SEO v27.4) - https:\/\/yoast.com\/product\/yoast-seo-premium-wordpress\/ -->\n<title>Privacy Policy | Nembutal Mann \u2013 Your privacy is our priority.<\/title>\n<meta name=\"description\" content=\"Nembutal Mann safeguards your data with our privacy policy. Learn about data collection and security measures to ensure your confidentiality.\" \/>\n<meta name=\"robots\" content=\"index, follow, max-snippet:-1, max-image-preview:large, max-video-preview:-1\" \/>\n<link rel=\"canonical\" href=\"https:\/\/nembutalman.com\/pl\/polityka-prywatnosci\/\" \/>\n<meta property=\"og:locale\" content=\"pl_PL\" \/>\n<meta property=\"og:type\" content=\"article\" \/>\n<meta property=\"og:title\" content=\"Privacy Policy\" \/>\n<meta property=\"og:description\" content=\"Nembutal Mann safeguards your data with our privacy policy. Learn about data collection and security measures to ensure your confidentiality.\" \/>\n<meta property=\"og:url\" content=\"https:\/\/nembutalman.com\/pl\/polityka-prywatnosci\/\" \/>\n<meta property=\"og:site_name\" content=\"Nembutal Mann\" \/>\n<meta property=\"article:modified_time\" content=\"2025-01-01T14:19:14+00:00\" \/>\n<meta name=\"twitter:card\" content=\"summary_large_image\" \/>\n<meta name=\"twitter:label1\" content=\"Szacowany czas czytania\" \/>\n\t<meta name=\"twitter:data1\" content=\"2 minuty\" \/>\n<script type=\"application\/ld+json\" class=\"yoast-schema-graph\">{\"@context\":\"https:\\\/\\\/schema.org\",\"@graph\":[{\"@type\":\"WebPage\",\"@id\":\"https:\\\/\\\/nembutalman.com\\\/privacy-policy\\\/\",\"url\":\"https:\\\/\\\/nembutalman.com\\\/privacy-policy\\\/\",\"name\":\"Privacy Policy | Nembutal Mann \u2013 Your privacy is our priority.\",\"isPartOf\":{\"@id\":\"https:\\\/\\\/nembutalman.com\\\/#website\"},\"datePublished\":\"2024-12-09T15:22:44+00:00\",\"dateModified\":\"2025-01-01T14:19:14+00:00\",\"description\":\"Nembutal Mann safeguards your data with our privacy policy. Learn about data collection and security measures to ensure your confidentiality.\",\"breadcrumb\":{\"@id\":\"https:\\\/\\\/nembutalman.com\\\/privacy-policy\\\/#breadcrumb\"},\"inLanguage\":\"pl-PL\",\"potentialAction\":[{\"@type\":\"ReadAction\",\"target\":[\"https:\\\/\\\/nembutalman.com\\\/privacy-policy\\\/\"]}]},{\"@type\":\"BreadcrumbList\",\"@id\":\"https:\\\/\\\/nembutalman.com\\\/privacy-policy\\\/#breadcrumb\",\"itemListElement\":[{\"@type\":\"ListItem\",\"position\":1,\"name\":\"Home\",\"item\":\"https:\\\/\\\/nembutalman.com\\\/\"},{\"@type\":\"ListItem\",\"position\":2,\"name\":\"Privacy Policy\"}]},{\"@type\":\"WebSite\",\"@id\":\"https:\\\/\\\/nembutalman.com\\\/#website\",\"url\":\"https:\\\/\\\/nembutalman.com\\\/\",\"name\":\"Nembutal Mann\",\"description\":\"Nembutal Kaufen Deutschland\",\"publisher\":{\"@id\":\"https:\\\/\\\/nembutalman.com\\\/#organization\"},\"potentialAction\":[{\"@type\":\"SearchAction\",\"target\":{\"@type\":\"EntryPoint\",\"urlTemplate\":\"https:\\\/\\\/nembutalman.com\\\/?s={search_term_string}\"},\"query-input\":{\"@type\":\"PropertyValueSpecification\",\"valueRequired\":true,\"valueName\":\"search_term_string\"}}],\"inLanguage\":\"pl-PL\"},{\"@type\":\"Organization\",\"@id\":\"https:\\\/\\\/nembutalman.com\\\/#organization\",\"name\":\"Nembutal Mann\",\"url\":\"https:\\\/\\\/nembutalman.com\\\/\",\"logo\":{\"@type\":\"ImageObject\",\"inLanguage\":\"pl-PL\",\"@id\":\"https:\\\/\\\/nembutalman.com\\\/#\\\/schema\\\/logo\\\/image\\\/\",\"url\":\"https:\\\/\\\/nembutalman.com\\\/wp-content\\\/uploads\\\/2024\\\/11\\\/Untitled-design.png\",\"contentUrl\":\"https:\\\/\\\/nembutalman.com\\\/wp-content\\\/uploads\\\/2024\\\/11\\\/Untitled-design.png\",\"width\":650,\"height\":250,\"caption\":\"Nembutal Mann\"},\"image\":{\"@id\":\"https:\\\/\\\/nembutalman.com\\\/#\\\/schema\\\/logo\\\/image\\\/\"}}]}<\/script>\n<!-- \/ Yoast SEO Premium plugin. -->","yoast_head_json":{"title":"Polityka prywatno\u015bci | Nembutal Mann - Twoja prywatno\u015b\u0107 jest dla nas priorytetem.","description":"Nembutal Mann chroni Twoje dane dzi\u0119ki naszej polityce prywatno\u015bci. Dowiedz si\u0119 wi\u0119cej o gromadzeniu danych i \u015brodkach bezpiecze\u0144stwa zapewniaj\u0105cych poufno\u015b\u0107.","robots":{"index":"index","follow":"follow","max-snippet":"max-snippet:-1","max-image-preview":"max-image-preview:large","max-video-preview":"max-video-preview:-1"},"canonical":"https:\/\/nembutalman.com\/pl\/polityka-prywatnosci\/","og_locale":"pl_PL","og_type":"article","og_title":"Privacy Policy","og_description":"Nembutal Mann safeguards your data with our privacy policy. Learn about data collection and security measures to ensure your confidentiality.","og_url":"https:\/\/nembutalman.com\/pl\/polityka-prywatnosci\/","og_site_name":"Nembutal Mann","article_modified_time":"2025-01-01T14:19:14+00:00","twitter_card":"summary_large_image","twitter_misc":{"Szacowany czas czytania":"2 minuty"},"schema":{"@context":"https:\/\/schema.org","@graph":[{"@type":"WebPage","@id":"https:\/\/nembutalman.com\/privacy-policy\/","url":"https:\/\/nembutalman.com\/privacy-policy\/","name":"Polityka prywatno\u015bci | Nembutal Mann - Twoja prywatno\u015b\u0107 jest dla nas priorytetem.","isPartOf":{"@id":"https:\/\/nembutalman.com\/#website"},"datePublished":"2024-12-09T15:22:44+00:00","dateModified":"2025-01-01T14:19:14+00:00","description":"Nembutal Mann chroni Twoje dane dzi\u0119ki naszej polityce prywatno\u015bci. Dowiedz si\u0119 wi\u0119cej o gromadzeniu danych i \u015brodkach bezpiecze\u0144stwa zapewniaj\u0105cych poufno\u015b\u0107.","breadcrumb":{"@id":"https:\/\/nembutalman.com\/privacy-policy\/#breadcrumb"},"inLanguage":"pl-PL","potentialAction":[{"@type":"ReadAction","target":["https:\/\/nembutalman.com\/privacy-policy\/"]}]},{"@type":"BreadcrumbList","@id":"https:\/\/nembutalman.com\/privacy-policy\/#breadcrumb","itemListElement":[{"@type":"ListItem","position":1,"name":"Home","item":"https:\/\/nembutalman.com\/"},{"@type":"ListItem","position":2,"name":"Privacy Policy"}]},{"@type":"WebSite","@id":"https:\/\/nembutalman.com\/#website","url":"https:\/\/nembutalman.com\/","name":"W Nembutal Mann","description":"Nembutal Kaufen Deutschland","publisher":{"@id":"https:\/\/nembutalman.com\/#organization"},"potentialAction":[{"@type":"SearchAction","target":{"@type":"EntryPoint","urlTemplate":"https:\/\/nembutalman.com\/?s={search_term_string}"},"query-input":{"@type":"PropertyValueSpecification","valueRequired":true,"valueName":"search_term_string"}}],"inLanguage":"pl-PL"},{"@type":"Organization","@id":"https:\/\/nembutalman.com\/#organization","name":"W Nembutal Mann","url":"https:\/\/nembutalman.com\/","logo":{"@type":"ImageObject","inLanguage":"pl-PL","@id":"https:\/\/nembutalman.com\/#\/schema\/logo\/image\/","url":"https:\/\/nembutalman.com\/wp-content\/uploads\/2024\/11\/Untitled-design.png","contentUrl":"https:\/\/nembutalman.com\/wp-content\/uploads\/2024\/11\/Untitled-design.png","width":650,"height":250,"caption":"Nembutal Mann"},"image":{"@id":"https:\/\/nembutalman.com\/#\/schema\/logo\/image\/"}}]}},"_links":{"self":[{"href":"https:\/\/nembutalman.com\/pl\/wp-json\/wp\/v2\/pages\/20850","targetHints":{"allow":["GET"]}}],"collection":[{"href":"https:\/\/nembutalman.com\/pl\/wp-json\/wp\/v2\/pages"}],"about":[{"href":"https:\/\/nembutalman.com\/pl\/wp-json\/wp\/v2\/types\/page"}],"author":[{"embeddable":true,"href":"https:\/\/nembutalman.com\/pl\/wp-json\/wp\/v2\/users\/13"}],"replies":[{"embeddable":true,"href":"https:\/\/nembutalman.com\/pl\/wp-json\/wp\/v2\/comments?post=20850"}],"version-history":[{"count":0,"href":"https:\/\/nembutalman.com\/pl\/wp-json\/wp\/v2\/pages\/20850\/revisions"}],"wp:attachment":[{"href":"https:\/\/nembutalman.com\/pl\/wp-json\/wp\/v2\/media?parent=20850"}],"curies":[{"name":"wp","href":"https:\/\/api.w.org\/{rel}","templated":true}]}}