{"id":20861,"date":"2024-12-09T16:29:24","date_gmt":"2024-12-09T16:29:24","guid":{"rendered":"https:\/\/nembutalman.com\/?page_id=20861"},"modified":"2025-01-23T10:10:59","modified_gmt":"2025-01-23T10:10:59","slug":"zwrot-pieniedzy","status":"publish","type":"page","link":"https:\/\/nembutalman.com\/pl\/zwrot-pieniedzy\/","title":{"rendered":"Polityka zwrot\u00f3w i refundacji"},"content":{"rendered":"<div data-elementor-type=\"wp-page\" data-elementor-id=\"20861\" class=\"elementor elementor-20861\" data-elementor-post-type=\"page\">\n\t\t\t\t<div class=\"elementor-element elementor-element-617b50e e-con-full e-flex e-con e-parent\" data-id=\"617b50e\" data-element_type=\"container\" data-e-type=\"container\" data-settings=\"{&quot;background_background&quot;:&quot;classic&quot;}\">\n\t\t\t\t<div class=\"elementor-element elementor-element-050d4fa wd-width-100 elementor-widget elementor-widget-wd_title\" data-id=\"050d4fa\" data-element_type=\"widget\" data-e-type=\"widget\" data-widget_type=\"wd_title.default\">\n\t\t\t\t<div class=\"elementor-widget-container\">\n\t\t\t\t\t\t\t<div class=\"title-wrapper wd-set-mb reset-last-child wd-title-color-default wd-title-style-default wd-title-size-default text-left\">\n\n\t\t\t\t\t\t\t\t\t\t\t<div class=\"title-subtitle subtitle-color-default subtitle-style-background wd-fontsize-xs\">\n\t\t\t\t\tKlient <strong>Satysfakcja gwarantowana<\/strong>\t\t\t\t<\/div>\n\t\t\t\n\t\t\t<div class=\"liner-continer\">\n\t\t\t\t<h4 class=\"woodmart-title-container title wd-fontsize-l\"><\/h4> \n\t\t\t\t\t\t\t<\/div>\n\n\t\t\t\t\t\t\t<div class=\"title-after_title reset-last-child wd-fontsize-xs\">\n\t\t\t\t\t<ul><li>Przy <a href=\"https:\/\/nembutalman.com\/pl\/\"><strong>W Nembutal Mann<\/strong><\/a>Staramy si\u0119 zapewni\u0107 naszym klientom bezproblemow\u0105 obs\u0142ug\u0119. Je\u015bli jeste\u015b niezadowolony z zakupu lub napotkasz problem, nasze Zasady zwrot\u00f3w okre\u015blaj\u0105 Twoje prawa i spos\u00f3b, w jaki mo\u017cemy Ci pom\u00f3c.<\/li><li>Mo\u017cesz po\u0142\u0105czy\u0107 si\u0119 ze swoim <a href=\"https:\/\/nembutalman.com\/pl\/konto\/\">Strona konta<\/a> aby zobaczy\u0107 zam\u00f3wienie, kt\u00f3re chcesz zwr\u00f3ci\u0107.<\/li><\/ul>\t\t\t\t<\/div>\n\t\t\t\t\t<\/div>\n\t\t\t\t\t\t<\/div>\n\t\t\t\t<\/div>\n\t\t\t\t<div class=\"elementor-element elementor-element-b42523b elementor-widget-divider--view-line elementor-widget elementor-widget-divider\" data-id=\"b42523b\" data-element_type=\"widget\" data-e-type=\"widget\" data-widget_type=\"divider.default\">\n\t\t\t\t<div class=\"elementor-widget-container\">\n\t\t\t\t\t\t\t<div class=\"elementor-divider\">\n\t\t\t<span class=\"elementor-divider-separator\">\n\t\t\t\t\t\t<\/span>\n\t\t<\/div>\n\t\t\t\t\t\t<\/div>\n\t\t\t\t<\/div>\n\t\t\t\t<div class=\"elementor-element elementor-element-8c295c6 wd-width-100 elementor-widget elementor-widget-wd_title\" data-id=\"8c295c6\" data-element_type=\"widget\" data-e-type=\"widget\" data-widget_type=\"wd_title.default\">\n\t\t\t\t<div class=\"elementor-widget-container\">\n\t\t\t\t\t\t\t<div class=\"title-wrapper wd-set-mb reset-last-child wd-title-color-default wd-title-style-default wd-title-size-default text-left\">\n\n\t\t\t\t\t\t\t\t\t\t\t<div class=\"title-subtitle subtitle-color-default subtitle-style-background wd-fontsize-xs\">\n\t\t\t\t\tKwalifikowalno\u015b\u0107 do zwrot\u00f3w\t\t\t\t<\/div>\n\t\t\t\n\t\t\t<div class=\"liner-continer\">\n\t\t\t\t<h4 class=\"woodmart-title-container title wd-fontsize-l\"><\/h4> \n\t\t\t\t\t\t\t<\/div>\n\n\t\t\t\t\t\t\t<div class=\"title-after_title reset-last-child wd-fontsize-xs\">\n\t\t\t\t\t<ul><li><p>Przyjmujemy zwroty pod nast\u0119puj\u0105cymi warunkami:<\/p><ul><li>Produkt jest nieu\u017cywany, nieotwarty i w oryginalnym opakowaniu.<\/li><li>\u017b\u0105danie zwrotu jest inicjowane w ci\u0105gu 14 dni od daty dostawy.<\/li><li>Dostarczany jest dow\u00f3d zakupu, taki jak potwierdzenie zam\u00f3wienia lub paragon.<\/li><\/ul><p><strong>Uwaga:<\/strong> Niekt\u00f3re produkty mog\u0105 nie kwalifikowa\u0107 si\u0119 do zwrotu ze wzgl\u0119d\u00f3w bezpiecze\u0144stwa lub prawnych. Prosimy o kontakt z naszym zespo\u0142em wsparcia w celu uzyskania wyja\u015bnie\u0144.<\/p><\/li><\/ul>\t\t\t\t<\/div>\n\t\t\t\t\t<\/div>\n\t\t\t\t\t\t<\/div>\n\t\t\t\t<\/div>\n\t\t\t\t<div class=\"elementor-element elementor-element-911a669 elementor-widget-divider--view-line elementor-widget elementor-widget-divider\" data-id=\"911a669\" data-element_type=\"widget\" data-e-type=\"widget\" data-widget_type=\"divider.default\">\n\t\t\t\t<div class=\"elementor-widget-container\">\n\t\t\t\t\t\t\t<div class=\"elementor-divider\">\n\t\t\t<span class=\"elementor-divider-separator\">\n\t\t\t\t\t\t<\/span>\n\t\t<\/div>\n\t\t\t\t\t\t<\/div>\n\t\t\t\t<\/div>\n\t\t\t\t<div class=\"elementor-element elementor-element-0e402dd wd-width-100 elementor-widget elementor-widget-wd_title\" data-id=\"0e402dd\" data-element_type=\"widget\" data-e-type=\"widget\" data-widget_type=\"wd_title.default\">\n\t\t\t\t<div class=\"elementor-widget-container\">\n\t\t\t\t\t\t\t<div class=\"title-wrapper wd-set-mb reset-last-child wd-title-color-default wd-title-style-default wd-title-size-default text-left\">\n\n\t\t\t\t\t\t\t\t\t\t\t<div class=\"title-subtitle subtitle-color-default subtitle-style-background wd-fontsize-xs\">\n\t\t\t\t\tPolityka zwrot\u00f3w\t\t\t\t<\/div>\n\t\t\t\n\t\t\t<div class=\"liner-continer\">\n\t\t\t\t<h4 class=\"woodmart-title-container title wd-fontsize-l\"><\/h4> \n\t\t\t\t\t\t\t<\/div>\n\n\t\t\t\t\t\t\t<div class=\"title-after_title reset-last-child wd-fontsize-xs\">\n\t\t\t\t\t<p>Zwroty s\u0105 wydawane za zatwierdzone zwroty zgodnie z tymi wytycznymi:<\/p><ul><li><strong>Pe\u0142ne zwroty koszt\u00f3w:<\/strong> Wydawane za przedmioty zwr\u00f3cone w oryginalnym stanie.<\/li><li><strong>Cz\u0119\u015bciowe zwroty koszt\u00f3w:<\/strong> Dotyczy przedmiot\u00f3w, kt\u00f3re zosta\u0142y uszkodzone podczas transportu lub maj\u0105 brakuj\u0105ce elementy.<\/li><\/ul><p>Zwroty zostan\u0105 przetworzone w ci\u0105gu 5-10 dni roboczych po otrzymaniu i sprawdzeniu zwr\u00f3conego przedmiotu.<\/p><p>\u00a0<\/p>\t\t\t\t<\/div>\n\t\t\t\t\t<\/div>\n\t\t\t\t\t\t<\/div>\n\t\t\t\t<\/div>\n\t\t\t\t<div class=\"elementor-element elementor-element-da64a50 wd-width-100 elementor-widget elementor-widget-wd_title\" data-id=\"da64a50\" data-element_type=\"widget\" data-e-type=\"widget\" data-widget_type=\"wd_title.default\">\n\t\t\t\t<div class=\"elementor-widget-container\">\n\t\t\t\t\t\t\t<div class=\"title-wrapper wd-set-mb reset-last-child wd-title-color-default wd-title-style-default wd-title-size-default text-left\">\n\n\t\t\t\n\t\t\t<div class=\"liner-continer\">\n\t\t\t\t<h4 class=\"woodmart-title-container title wd-fontsize-l\">Jak poprosi\u0107 o zwrot lub refundacj\u0119<\/h4> \n\t\t\t\t\t\t\t<\/div>\n\n\t\t\t\t\t\t\t<div class=\"title-after_title reset-last-child wd-fontsize-xs\">\n\t\t\t\t\t<ol><li><strong>Kontakt<\/strong>: Napisz do nas na adres <strong><a rel=\"noopener\">service@nembutalman.com<\/a><\/strong> lub skorzystaj z naszego formularza kontaktowego, aby rozpocz\u0105\u0107 proces.<\/li><li><strong>Podaj szczeg\u00f3\u0142y<\/strong>: Nale\u017cy poda\u0107 numer zam\u00f3wienia, pow\u00f3d zwrotu i ewentualne zdj\u0119cia.<\/li><li><strong>Autoryzacja zwrotu<\/strong>: Oczekiwanie na autoryzacj\u0119 zwrotu i instrukcje wysy\u0142ki od naszego zespo\u0142u pomocy technicznej.<\/li><li><strong>Wysy\u0142ka przedmiotu<\/strong>: Produkt nale\u017cy bezpiecznie zapakowa\u0107 i wys\u0142a\u0107 na podany adres.<\/li><\/ol>\t\t\t\t<\/div>\n\t\t\t\t\t<\/div>\n\t\t\t\t\t\t<\/div>\n\t\t\t\t<\/div>\n\t\t\t\t<div class=\"elementor-element elementor-element-8319d8c elementor-widget-divider--view-line elementor-widget elementor-widget-divider\" data-id=\"8319d8c\" data-element_type=\"widget\" data-e-type=\"widget\" data-widget_type=\"divider.default\">\n\t\t\t\t<div class=\"elementor-widget-container\">\n\t\t\t\t\t\t\t<div class=\"elementor-divider\">\n\t\t\t<span class=\"elementor-divider-separator\">\n\t\t\t\t\t\t<\/span>\n\t\t<\/div>\n\t\t\t\t\t\t<\/div>\n\t\t\t\t<\/div>\n\t\t\t\t<div class=\"elementor-element elementor-element-859d9d1 wd-width-100 elementor-widget elementor-widget-wd_title\" data-id=\"859d9d1\" data-element_type=\"widget\" data-e-type=\"widget\" data-widget_type=\"wd_title.default\">\n\t\t\t\t<div class=\"elementor-widget-container\">\n\t\t\t\t\t\t\t<div class=\"title-wrapper wd-set-mb reset-last-child wd-title-color-default wd-title-style-default wd-title-size-default text-left\">\n\n\t\t\t\t\t\t\t\t\t\t\t<div class=\"title-subtitle subtitle-color-default subtitle-style-background wd-fontsize-xs\">\n\t\t\t\t\tKoszty wysy\u0142ki w przypadku zwrot\u00f3w\t\t\t\t<\/div>\n\t\t\t\n\t\t\t<div class=\"liner-continer\">\n\t\t\t\t<h4 class=\"woodmart-title-container title wd-fontsize-l\"><\/h4> \n\t\t\t\t\t\t\t<\/div>\n\n\t\t\t\t\t\t\t<div class=\"title-after_title reset-last-child wd-fontsize-xs\">\n\t\t\t\t\t<ul><li>Klienci s\u0105 odpowiedzialni za op\u0142aty za przesy\u0142k\u0119 zwrotn\u0105, chyba \u017ce zwrot jest spowodowany b\u0142\u0119dem z naszej strony (np. wys\u0142ano niew\u0142a\u015bciwy przedmiot).<\/li><li>Zalecamy korzystanie z identyfikowalnej metody wysy\u0142ki, aby zapewni\u0107 bezpieczn\u0105 dostaw\u0119.<\/li><\/ul>\t\t\t\t<\/div>\n\t\t\t\t\t<\/div>\n\t\t\t\t\t\t<\/div>\n\t\t\t\t<\/div>\n\t\t\t\t<div class=\"elementor-element elementor-element-b2f8309 elementor-widget-divider--view-line elementor-widget elementor-widget-divider\" data-id=\"b2f8309\" data-element_type=\"widget\" data-e-type=\"widget\" data-widget_type=\"divider.default\">\n\t\t\t\t<div class=\"elementor-widget-container\">\n\t\t\t\t\t\t\t<div class=\"elementor-divider\">\n\t\t\t<span class=\"elementor-divider-separator\">\n\t\t\t\t\t\t<\/span>\n\t\t<\/div>\n\t\t\t\t\t\t<\/div>\n\t\t\t\t<\/div>\n\t\t\t\t<div class=\"elementor-element elementor-element-7687650 wd-width-100 elementor-widget elementor-widget-wd_title\" data-id=\"7687650\" data-element_type=\"widget\" data-e-type=\"widget\" data-widget_type=\"wd_title.default\">\n\t\t\t\t<div class=\"elementor-widget-container\">\n\t\t\t\t\t\t\t<div class=\"title-wrapper wd-set-mb reset-last-child wd-title-color-default wd-title-style-default wd-title-size-default text-left\">\n\n\t\t\t\t\t\t\t\t\t\t\t<div class=\"title-subtitle subtitle-color-default subtitle-style-background wd-fontsize-xs\">\n\t\t\t\t\tPrzedmioty niepodlegaj\u0105ce zwrotowi\t\t\t\t<\/div>\n\t\t\t\n\t\t\t<div class=\"liner-continer\">\n\t\t\t\t<h4 class=\"woodmart-title-container title wd-fontsize-l\"><\/h4> \n\t\t\t\t\t\t\t<\/div>\n\n\t\t\t\t\t\t\t<div class=\"title-after_title reset-last-child wd-fontsize-xs\">\n\t\t\t\t\t<p>Nie oferujemy zwrot\u00f3w za:<\/p><ul><li>Produkty zakupione bez wcze\u015bniejszej autoryzacji.<\/li><li>Przedmioty, kt\u00f3re by\u0142y u\u017cywane, otwarte lub naruszone.<\/li><li>Zam\u00f3wienia wstrzymane lub skonfiskowane przez organy celne z powodu kwestii regulacyjnych.<\/li><\/ul><p>\u00a0<\/p>\t\t\t\t<\/div>\n\t\t\t\t\t<\/div>\n\t\t\t\t\t\t<\/div>\n\t\t\t\t<\/div>\n\t\t\t\t<div class=\"elementor-element elementor-element-48d0e82 elementor-widget-divider--view-line elementor-widget elementor-widget-divider\" data-id=\"48d0e82\" data-element_type=\"widget\" data-e-type=\"widget\" data-widget_type=\"divider.default\">\n\t\t\t\t<div class=\"elementor-widget-container\">\n\t\t\t\t\t\t\t<div class=\"elementor-divider\">\n\t\t\t<span class=\"elementor-divider-separator\">\n\t\t\t\t\t\t<\/span>\n\t\t<\/div>\n\t\t\t\t\t\t<\/div>\n\t\t\t\t<\/div>\n\t\t\t\t<div class=\"elementor-element elementor-element-c9dff48 wd-width-100 elementor-widget elementor-widget-wd_title\" data-id=\"c9dff48\" data-element_type=\"widget\" data-e-type=\"widget\" data-widget_type=\"wd_title.default\">\n\t\t\t\t<div class=\"elementor-widget-container\">\n\t\t\t\t\t\t\t<div class=\"title-wrapper wd-set-mb reset-last-child wd-title-color-default wd-title-style-default wd-title-size-default text-left\">\n\n\t\t\t\t\t\t\t\t\t\t\t<div class=\"title-subtitle subtitle-color-default subtitle-style-background wd-fontsize-xs\">\n\t\t\t\t\tUszkodzone lub wadliwe produkty\t\t\t\t<\/div>\n\t\t\t\n\t\t\t<div class=\"liner-continer\">\n\t\t\t\t<h4 class=\"woodmart-title-container title wd-fontsize-l\"><\/h4> \n\t\t\t\t\t\t\t<\/div>\n\n\t\t\t\t\t\t\t<div class=\"title-after_title reset-last-child wd-fontsize-xs\">\n\t\t\t\t\t<ul><li>W przypadku otrzymania uszkodzonego lub wadliwego produktu prosimy o natychmiastowy kontakt. W zale\u017cno\u015bci od sytuacji mo\u017cemy zaoferowa\u0107 wymian\u0119 lub pe\u0142ny zwrot pieni\u0119dzy.<\/li><\/ul>\t\t\t\t<\/div>\n\t\t\t\t\t<\/div>\n\t\t\t\t\t\t<\/div>\n\t\t\t\t<\/div>\n\t\t\t\t<\/div>\n\t\t\t\t<\/div>","protected":false},"excerpt":{"rendered":"<p>Customer Satisfaction Guaranteed At Nembutal Mann, we strive to ensure a seamless experience for our customers. If you are unsatisfied<\/p>","protected":false},"author":13,"featured_media":0,"parent":0,"menu_order":0,"comment_status":"closed","ping_status":"closed","template":"","meta":{"footnotes":""},"class_list":["post-20861","page","type-page","status-publish","hentry"],"yoast_head":"<!-- This site is optimized with the Yoast SEO Premium plugin v24.2 (Yoast SEO v27.4) - https:\/\/yoast.com\/product\/yoast-seo-premium-wordpress\/ -->\n<title>Refund and Return Policy - Nembutal Mann<\/title>\n<meta name=\"description\" content=\"Learn about Nembutal Mann&#039;s refund and return policy. Hassle-free returns and customer-first solutions to ensure satisfaction.\" \/>\n<meta name=\"robots\" content=\"index, follow, max-snippet:-1, max-image-preview:large, max-video-preview:-1\" \/>\n<link rel=\"canonical\" href=\"https:\/\/nembutalman.com\/pl\/zwrot-pieniedzy\/\" \/>\n<meta property=\"og:locale\" content=\"pl_PL\" \/>\n<meta property=\"og:type\" content=\"article\" \/>\n<meta property=\"og:title\" content=\"Refund and Return Policy\" \/>\n<meta property=\"og:description\" content=\"Learn about Nembutal Mann&#039;s refund and return policy. Hassle-free returns and customer-first solutions to ensure satisfaction.\" \/>\n<meta property=\"og:url\" content=\"https:\/\/nembutalman.com\/pl\/zwrot-pieniedzy\/\" \/>\n<meta property=\"og:site_name\" content=\"Nembutal Mann\" \/>\n<meta property=\"article:modified_time\" content=\"2025-01-23T10:10:59+00:00\" \/>\n<meta name=\"twitter:card\" content=\"summary_large_image\" \/>\n<meta name=\"twitter:label1\" content=\"Szacowany czas czytania\" \/>\n\t<meta name=\"twitter:data1\" content=\"2 minuty\" \/>\n<script type=\"application\/ld+json\" class=\"yoast-schema-graph\">{\"@context\":\"https:\\\/\\\/schema.org\",\"@graph\":[{\"@type\":\"WebPage\",\"@id\":\"https:\\\/\\\/nembutalman.com\\\/refund-returns\\\/\",\"url\":\"https:\\\/\\\/nembutalman.com\\\/refund-returns\\\/\",\"name\":\"Refund and Return Policy - Nembutal Mann\",\"isPartOf\":{\"@id\":\"https:\\\/\\\/nembutalman.com\\\/#website\"},\"datePublished\":\"2024-12-09T16:29:24+00:00\",\"dateModified\":\"2025-01-23T10:10:59+00:00\",\"description\":\"Learn about Nembutal Mann's refund and return policy. Hassle-free returns and customer-first solutions to ensure satisfaction.\",\"breadcrumb\":{\"@id\":\"https:\\\/\\\/nembutalman.com\\\/refund-returns\\\/#breadcrumb\"},\"inLanguage\":\"pl-PL\",\"potentialAction\":[{\"@type\":\"ReadAction\",\"target\":[\"https:\\\/\\\/nembutalman.com\\\/refund-returns\\\/\"]}]},{\"@type\":\"BreadcrumbList\",\"@id\":\"https:\\\/\\\/nembutalman.com\\\/refund-returns\\\/#breadcrumb\",\"itemListElement\":[{\"@type\":\"ListItem\",\"position\":1,\"name\":\"Home\",\"item\":\"https:\\\/\\\/nembutalman.com\\\/\"},{\"@type\":\"ListItem\",\"position\":2,\"name\":\"Refund and Return Policy\"}]},{\"@type\":\"WebSite\",\"@id\":\"https:\\\/\\\/nembutalman.com\\\/#website\",\"url\":\"https:\\\/\\\/nembutalman.com\\\/\",\"name\":\"Nembutal Mann\",\"description\":\"Nembutal Kaufen Deutschland\",\"publisher\":{\"@id\":\"https:\\\/\\\/nembutalman.com\\\/#organization\"},\"potentialAction\":[{\"@type\":\"SearchAction\",\"target\":{\"@type\":\"EntryPoint\",\"urlTemplate\":\"https:\\\/\\\/nembutalman.com\\\/?s={search_term_string}\"},\"query-input\":{\"@type\":\"PropertyValueSpecification\",\"valueRequired\":true,\"valueName\":\"search_term_string\"}}],\"inLanguage\":\"pl-PL\"},{\"@type\":\"Organization\",\"@id\":\"https:\\\/\\\/nembutalman.com\\\/#organization\",\"name\":\"Nembutal Mann\",\"url\":\"https:\\\/\\\/nembutalman.com\\\/\",\"logo\":{\"@type\":\"ImageObject\",\"inLanguage\":\"pl-PL\",\"@id\":\"https:\\\/\\\/nembutalman.com\\\/#\\\/schema\\\/logo\\\/image\\\/\",\"url\":\"https:\\\/\\\/nembutalman.com\\\/wp-content\\\/uploads\\\/2024\\\/11\\\/Untitled-design.png\",\"contentUrl\":\"https:\\\/\\\/nembutalman.com\\\/wp-content\\\/uploads\\\/2024\\\/11\\\/Untitled-design.png\",\"width\":650,\"height\":250,\"caption\":\"Nembutal Mann\"},\"image\":{\"@id\":\"https:\\\/\\\/nembutalman.com\\\/#\\\/schema\\\/logo\\\/image\\\/\"}}]}<\/script>\n<!-- \/ Yoast SEO Premium plugin. -->","yoast_head_json":{"title":"Polityka zwrot\u00f3w i refundacji - Nembutal Mann","description":"Dowiedz si\u0119 wi\u0119cej o polityce zwrot\u00f3w i refundacji Nembutal Mann. Bezproblemowe zwroty i rozwi\u0105zania zorientowane na klienta w celu zapewnienia satysfakcji.","robots":{"index":"index","follow":"follow","max-snippet":"max-snippet:-1","max-image-preview":"max-image-preview:large","max-video-preview":"max-video-preview:-1"},"canonical":"https:\/\/nembutalman.com\/pl\/zwrot-pieniedzy\/","og_locale":"pl_PL","og_type":"article","og_title":"Refund and Return Policy","og_description":"Learn about Nembutal Mann's refund and return policy. Hassle-free returns and customer-first solutions to ensure satisfaction.","og_url":"https:\/\/nembutalman.com\/pl\/zwrot-pieniedzy\/","og_site_name":"Nembutal Mann","article_modified_time":"2025-01-23T10:10:59+00:00","twitter_card":"summary_large_image","twitter_misc":{"Szacowany czas czytania":"2 minuty"},"schema":{"@context":"https:\/\/schema.org","@graph":[{"@type":"WebPage","@id":"https:\/\/nembutalman.com\/refund-returns\/","url":"https:\/\/nembutalman.com\/refund-returns\/","name":"Polityka zwrot\u00f3w i refundacji - Nembutal Mann","isPartOf":{"@id":"https:\/\/nembutalman.com\/#website"},"datePublished":"2024-12-09T16:29:24+00:00","dateModified":"2025-01-23T10:10:59+00:00","description":"Dowiedz si\u0119 wi\u0119cej o polityce zwrot\u00f3w i refundacji Nembutal Mann. Bezproblemowe zwroty i rozwi\u0105zania zorientowane na klienta w celu zapewnienia satysfakcji.","breadcrumb":{"@id":"https:\/\/nembutalman.com\/refund-returns\/#breadcrumb"},"inLanguage":"pl-PL","potentialAction":[{"@type":"ReadAction","target":["https:\/\/nembutalman.com\/refund-returns\/"]}]},{"@type":"BreadcrumbList","@id":"https:\/\/nembutalman.com\/refund-returns\/#breadcrumb","itemListElement":[{"@type":"ListItem","position":1,"name":"Home","item":"https:\/\/nembutalman.com\/"},{"@type":"ListItem","position":2,"name":"Refund and Return Policy"}]},{"@type":"WebSite","@id":"https:\/\/nembutalman.com\/#website","url":"https:\/\/nembutalman.com\/","name":"W Nembutal Mann","description":"Nembutal Kaufen Deutschland","publisher":{"@id":"https:\/\/nembutalman.com\/#organization"},"potentialAction":[{"@type":"SearchAction","target":{"@type":"EntryPoint","urlTemplate":"https:\/\/nembutalman.com\/?s={search_term_string}"},"query-input":{"@type":"PropertyValueSpecification","valueRequired":true,"valueName":"search_term_string"}}],"inLanguage":"pl-PL"},{"@type":"Organization","@id":"https:\/\/nembutalman.com\/#organization","name":"W Nembutal Mann","url":"https:\/\/nembutalman.com\/","logo":{"@type":"ImageObject","inLanguage":"pl-PL","@id":"https:\/\/nembutalman.com\/#\/schema\/logo\/image\/","url":"https:\/\/nembutalman.com\/wp-content\/uploads\/2024\/11\/Untitled-design.png","contentUrl":"https:\/\/nembutalman.com\/wp-content\/uploads\/2024\/11\/Untitled-design.png","width":650,"height":250,"caption":"Nembutal Mann"},"image":{"@id":"https:\/\/nembutalman.com\/#\/schema\/logo\/image\/"}}]}},"_links":{"self":[{"href":"https:\/\/nembutalman.com\/pl\/wp-json\/wp\/v2\/pages\/20861","targetHints":{"allow":["GET"]}}],"collection":[{"href":"https:\/\/nembutalman.com\/pl\/wp-json\/wp\/v2\/pages"}],"about":[{"href":"https:\/\/nembutalman.com\/pl\/wp-json\/wp\/v2\/types\/page"}],"author":[{"embeddable":true,"href":"https:\/\/nembutalman.com\/pl\/wp-json\/wp\/v2\/users\/13"}],"replies":[{"embeddable":true,"href":"https:\/\/nembutalman.com\/pl\/wp-json\/wp\/v2\/comments?post=20861"}],"version-history":[{"count":0,"href":"https:\/\/nembutalman.com\/pl\/wp-json\/wp\/v2\/pages\/20861\/revisions"}],"wp:attachment":[{"href":"https:\/\/nembutalman.com\/pl\/wp-json\/wp\/v2\/media?parent=20861"}],"curies":[{"name":"wp","href":"https:\/\/api.w.org\/{rel}","templated":true}]}}