{"id":20710,"date":"2024-12-05T14:49:37","date_gmt":"2024-12-05T14:49:37","guid":{"rendered":"https:\/\/nembutalman.com\/?page_id=20710"},"modified":"2025-01-22T12:56:50","modified_gmt":"2025-01-22T12:56:50","slug":"sobre-nos","status":"publish","type":"page","link":"https:\/\/nembutalman.com\/pt\/sobre-nos\/","title":{"rendered":"Sobre n\u00f3s"},"content":{"rendered":"<div data-elementor-type=\"wp-page\" data-elementor-id=\"20710\" class=\"elementor elementor-20710\" data-elementor-post-type=\"page\">\n\t\t\t\t<div class=\"wd-negative-gap elementor-element elementor-element-c627e70 e-flex e-con-boxed e-con e-parent\" data-id=\"c627e70\" data-element_type=\"container\" data-e-type=\"container\">\n\t\t\t\t\t<div class=\"e-con-inner\">\n\t\t\t\t<div class=\"elementor-element elementor-element-c4b82c3 elementor-widget elementor-widget-image\" data-id=\"c4b82c3\" data-element_type=\"widget\" data-e-type=\"widget\" data-widget_type=\"image.default\">\n\t\t\t\t<div class=\"elementor-widget-container\">\n\t\t\t\t\t\t\t\t\t\t\t\t\t\t\t<img fetchpriority=\"high\" decoding=\"async\" width=\"1000\" height=\"750\" src=\"https:\/\/nembutalman.com\/wp-content\/uploads\/2024\/12\/About_us.jpg\" class=\"attachment-large size-large wp-image-20712\" alt=\"Sobre n\u00f3s | Nembutalman - Recurso fi\u00e1vel para obter informa\u00e7\u00f5es sobre o Nembutal\" srcset=\"https:\/\/nembutalman.com\/wp-content\/uploads\/2024\/12\/About_us.jpg 1000w, https:\/\/nembutalman.com\/wp-content\/uploads\/2024\/12\/About_us-400x300.jpg 400w, https:\/\/nembutalman.com\/wp-content\/uploads\/2024\/12\/About_us-768x576.jpg 768w, https:\/\/nembutalman.com\/wp-content\/uploads\/2024\/12\/About_us-430x323.jpg 430w, https:\/\/nembutalman.com\/wp-content\/uploads\/2024\/12\/About_us-700x525.jpg 700w, https:\/\/nembutalman.com\/wp-content\/uploads\/2024\/12\/About_us-150x113.jpg 150w\" sizes=\"(max-width: 1000px) 100vw, 1000px\" \/>\t\t\t\t\t\t\t\t\t\t\t\t\t\t\t<\/div>\n\t\t\t\t<\/div>\n\t\t\t\t\t<\/div>\n\t\t\t\t<\/div>\n\t\t<div class=\"wd-negative-gap elementor-element elementor-element-2b6a8ac e-flex e-con-boxed e-con e-parent\" data-id=\"2b6a8ac\" data-element_type=\"container\" data-e-type=\"container\">\n\t\t\t\t\t<div class=\"e-con-inner\">\n\t\t<div class=\"elementor-element elementor-element-5c5f7bd e-con-full e-flex e-con e-child\" data-id=\"5c5f7bd\" data-element_type=\"container\" data-e-type=\"container\" data-settings=\"{&quot;background_background&quot;:&quot;classic&quot;}\">\n\t\t\t\t<div class=\"elementor-element elementor-element-be66a3c wd-width-100 elementor-widget elementor-widget-wd_title\" data-id=\"be66a3c\" data-element_type=\"widget\" data-e-type=\"widget\" data-widget_type=\"wd_title.default\">\n\t\t\t\t<div class=\"elementor-widget-container\">\n\t\t\t\t\t\t\t<div class=\"title-wrapper wd-set-mb reset-last-child wd-title-color-white wd-title-style-default wd-title-size-default text-left\">\n\n\t\t\t\n\t\t\t<div class=\"liner-continer\">\n\t\t\t\t<h4 class=\"woodmart-title-container title wd-fontsize-l\"><b>Quem<\/b> N\u00f3s somos<\/h4> \n\t\t\t\t\t\t\t<\/div>\n\n\t\t\t\t\t\t\t<div class=\"title-after_title reset-last-child wd-fontsize-xs\">\n\t\t\t\t\t<p>Bem-vindo ao <span style=\"color: #c1d43a\"><a href=\"https:\/\/nembutalman.com\/pt\/\"><strong>Na Nembutal Mann<\/strong><\/a><\/span>A nossa miss\u00e3o \u00e9 educar e informar as pessoas que procuram informa\u00e7\u00f5es fi\u00e1veis sobre esta subst\u00e2ncia amplamente reconhecida, as suas aplica\u00e7\u00f5es e implica\u00e7\u00f5es. A nossa miss\u00e3o \u00e9 educar, informar e capacitar as pessoas que procuram informa\u00e7\u00f5es fi\u00e1veis sobre esta subst\u00e2ncia amplamente reconhecida, as suas aplica\u00e7\u00f5es e as suas implica\u00e7\u00f5es.<\/p><p>Dedicada a fornecer servi\u00e7os de eutan\u00e1sia competentes e compassivos em toda a Europa, a Nembutal Mann \u00e9 uma plataforma online licenciada. Motivados pela vis\u00e3o de Huib Drion, a nossa equipa de cl\u00e9rigos e profissionais m\u00e9dicos defende o direito a uma morte digna. Ajudamos as pessoas que sofrem de dem\u00eancia e outras doen\u00e7as terminais a tomar decis\u00f5es bem informadas sobre os seus \u00faltimos dias. Prestamos os nossos servi\u00e7os com o maior cuidado e respeito porque valorizamos a discri\u00e7\u00e3o e a confian\u00e7a. Tamb\u00e9m oferecemos materiais educativos para o ajudar a tomar as melhores decis\u00f5es e apoiamos ativamente a legaliza\u00e7\u00e3o da eutan\u00e1sia na Europa. <br \/>Agradecemos a sua confian\u00e7a no Nembutal Mann durante esta importante transi\u00e7\u00e3o de vida.<\/p>\t\t\t\t<\/div>\n\t\t\t\t\t<\/div>\n\t\t\t\t\t\t<\/div>\n\t\t\t\t<\/div>\n\t\t\t\t<\/div>\n\t\t<div class=\"elementor-element elementor-element-b6402df e-con-full e-flex e-con e-child\" data-id=\"b6402df\" data-element_type=\"container\" data-e-type=\"container\">\n\t\t\t\t<div class=\"elementor-element elementor-element-9ee9c10 elementor-widget elementor-widget-n-accordion\" data-id=\"9ee9c10\" data-element_type=\"widget\" data-e-type=\"widget\" data-settings=\"{&quot;max_items_expended&quot;:&quot;multiple&quot;,&quot;default_state&quot;:&quot;expanded&quot;,&quot;n_accordion_animation_duration&quot;:{&quot;unit&quot;:&quot;ms&quot;,&quot;size&quot;:400,&quot;sizes&quot;:[]}}\" data-widget_type=\"nested-accordion.default\">\n\t\t\t\t<div class=\"elementor-widget-container\">\n\t\t\t\t\t\t\t<div class=\"e-n-accordion\" aria-label=\"Acorde\u00e3o. Abrir liga\u00e7\u00f5es com Enter ou Espa\u00e7o, fechar com Escape e navegar com Setas\">\n\t\t\t\t\t\t<details id=\"e-n-accordion-item-1660\" class=\"e-n-accordion-item\" open>\n\t\t\t\t<summary class=\"e-n-accordion-item-title\" data-accordion-index=\"1\" tabindex=\"0\" aria-expanded=\"true\" aria-controls=\"e-n-accordion-item-1660\" >\n\t\t\t\t\t<span class='e-n-accordion-item-title-header'><div class=\"e-n-accordion-item-title-text\"> O nosso compromisso <\/div><\/span>\n\t\t\t\t\t\t\t<span class='e-n-accordion-item-title-icon'>\n\t\t\t<span class='e-opened' ><i aria-hidden=\"true\" class=\"fas fa-stop-circle\"><\/i><\/span>\n\t\t\t<span class='e-closed'><i aria-hidden=\"true\" class=\"fas fa-play-circle\"><\/i><\/span>\n\t\t<\/span>\n\n\t\t\t\t\t\t<\/summary>\n\t\t\t\t<div role=\"region\" aria-labelledby=\"e-n-accordion-item-1660\" class=\"elementor-element elementor-element-d109327 e-con-full e-flex e-con e-child\" data-id=\"d109327\" data-element_type=\"container\" data-e-type=\"container\">\n\t\t\t\t<div class=\"elementor-element elementor-element-b84c7bf elementor-widget elementor-widget-wd_text_block\" data-id=\"b84c7bf\" data-element_type=\"widget\" data-e-type=\"widget\" data-widget_type=\"wd_text_block.default\">\n\t\t\t\t<div class=\"elementor-widget-container\">\n\t\t\t\t\t\t\t<div class=\"wd-text-block reset-last-child text-left color-title\">\n\t\t\t\n\t\t\t<p>Damos prioridade \u00e0 transpar\u00eancia, ao profissionalismo e \u00e0 exatid\u00e3o em todos os nossos conte\u00fados. Quer seja um profissional de sa\u00fade, investigador ou um indiv\u00edduo a explorar op\u00e7\u00f5es, a nossa plataforma serve como um recurso fi\u00e1vel para aprender sobre:<\/p><ul><li>Utiliza\u00e7\u00f5es m\u00e9dicas e veterin\u00e1rias do Nembutal.<\/li><li>Orienta\u00e7\u00f5es para a dosagem e administra\u00e7\u00e3o corretas.<\/li><li>Regulamentos legais e considera\u00e7\u00f5es \u00e9ticas.<\/li><\/ul><p>O nosso conte\u00fado \u00e9 meticulosamente pesquisado e obedece a normas rigorosas para garantir que recebe apenas as informa\u00e7\u00f5es mais exactas e relevantes.<\/p>\n\t\t\t\t\t<\/div>\n\t\t\t\t\t\t<\/div>\n\t\t\t\t<\/div>\n\t\t\t\t<\/div>\n\t\t\t\t\t<\/details>\n\t\t\t\t\t\t<details id=\"e-n-accordion-item-1661\" class=\"e-n-accordion-item\" >\n\t\t\t\t<summary class=\"e-n-accordion-item-title\" data-accordion-index=\"2\" tabindex=\"-1\" aria-expanded=\"false\" aria-controls=\"e-n-accordion-item-1661\" >\n\t\t\t\t\t<span class='e-n-accordion-item-title-header'><div class=\"e-n-accordion-item-title-text\"> Porqu\u00ea escolher-nos? <\/div><\/span>\n\t\t\t\t\t\t\t<span class='e-n-accordion-item-title-icon'>\n\t\t\t<span class='e-opened' ><i aria-hidden=\"true\" class=\"fas fa-stop-circle\"><\/i><\/span>\n\t\t\t<span class='e-closed'><i aria-hidden=\"true\" class=\"fas fa-play-circle\"><\/i><\/span>\n\t\t<\/span>\n\n\t\t\t\t\t\t<\/summary>\n\t\t\t\t<div role=\"region\" aria-labelledby=\"e-n-accordion-item-1661\" class=\"elementor-element elementor-element-262d7cd e-con-full e-flex e-con e-child\" data-id=\"262d7cd\" data-element_type=\"container\" data-e-type=\"container\">\n\t\t\t\t<div class=\"elementor-element elementor-element-5ec5ffa elementor-widget elementor-widget-wd_text_block\" data-id=\"5ec5ffa\" data-element_type=\"widget\" data-e-type=\"widget\" data-widget_type=\"wd_text_block.default\">\n\t\t\t\t<div class=\"elementor-widget-container\">\n\t\t\t\t\t\t\t<div class=\"wd-text-block reset-last-child text-left color-title\">\n\t\t\t\n\t\t\t<p>Sobre n\u00f3s, Na Nembutal Mann, dedicamo-nos a:<\/p><ul><li><span style=\"color: #225238;\"><strong>Fornecimento de conhecimentos especializados:<\/strong><\/span> A nossa equipa trabalha incansavelmente para fornecer conte\u00fados bem estudados e actualizados.<\/li><li><span style=\"color: #225238;\"><strong>Promover a responsabilidade:<\/strong><\/span> Promovemos uma utiliza\u00e7\u00e3o segura e informada atrav\u00e9s da educa\u00e7\u00e3o e da sensibiliza\u00e7\u00e3o.<\/li><li><span style=\"color: #225238;\"><strong>Garantir a conformidade:<\/strong><\/span> Ajudamos os utilizadores a compreender o <a href=\"https:\/\/www.admin.ch\/gov\/en\/start\/documentation\/media-releases.msg-id-14200.html\">quadro jur\u00eddico e \u00e9tico<\/a> em torno do Nembutal na Europa.<\/li><\/ul>\n\t\t\t\t\t<\/div>\n\t\t\t\t\t\t<\/div>\n\t\t\t\t<\/div>\n\t\t\t\t<\/div>\n\t\t\t\t\t<\/details>\n\t\t\t\t\t\t<details id=\"e-n-accordion-item-1662\" class=\"e-n-accordion-item\" >\n\t\t\t\t<summary class=\"e-n-accordion-item-title\" data-accordion-index=\"3\" tabindex=\"-1\" aria-expanded=\"false\" aria-controls=\"e-n-accordion-item-1662\" >\n\t\t\t\t\t<span class='e-n-accordion-item-title-header'><div class=\"e-n-accordion-item-title-text\"> Os nossos valores <\/div><\/span>\n\t\t\t\t\t\t\t<span class='e-n-accordion-item-title-icon'>\n\t\t\t<span class='e-opened' ><i aria-hidden=\"true\" class=\"fas fa-stop-circle\"><\/i><\/span>\n\t\t\t<span class='e-closed'><i aria-hidden=\"true\" class=\"fas fa-play-circle\"><\/i><\/span>\n\t\t<\/span>\n\n\t\t\t\t\t\t<\/summary>\n\t\t\t\t<div role=\"region\" aria-labelledby=\"e-n-accordion-item-1662\" class=\"elementor-element elementor-element-ccfe0cf e-con-full e-flex e-con e-child\" data-id=\"ccfe0cf\" data-element_type=\"container\" data-e-type=\"container\">\n\t\t\t\t<div class=\"elementor-element elementor-element-1646fe2 elementor-widget elementor-widget-wd_text_block\" data-id=\"1646fe2\" data-element_type=\"widget\" data-e-type=\"widget\" data-widget_type=\"wd_text_block.default\">\n\t\t\t\t<div class=\"elementor-widget-container\">\n\t\t\t\t\t\t\t<div class=\"wd-text-block reset-last-child text-left color-title\">\n\t\t\t\n\t\t\t<ul><li><span style=\"color: #225238;\"><strong>Integridade:<\/strong><\/span> Manter a honestidade e a exatid\u00e3o em todos os aspectos do nosso trabalho.<\/li><li><span style=\"color: #225238;\"><strong>Compaix\u00e3o:<\/strong><\/span> Reconhecer a natureza sens\u00edvel das aplica\u00e7\u00f5es do Nembutal e abord\u00e1-las com cuidado.<\/li><li><span style=\"color: #225238;\"><strong>Forma\u00e7\u00e3o acad\u00e9mica:<\/strong><\/span> Capacitar as pessoas atrav\u00e9s de informa\u00e7\u00f5es acess\u00edveis e fi\u00e1veis.<\/li><\/ul>\n\t\t\t\t\t<\/div>\n\t\t\t\t\t\t<\/div>\n\t\t\t\t<\/div>\n\t\t\t\t<\/div>\n\t\t\t\t\t<\/details>\n\t\t\t\t\t\t<details id=\"e-n-accordion-item-1663\" class=\"e-n-accordion-item\" >\n\t\t\t\t<summary class=\"e-n-accordion-item-title\" data-accordion-index=\"4\" tabindex=\"-1\" aria-expanded=\"false\" aria-controls=\"e-n-accordion-item-1663\" >\n\t\t\t\t\t<span class='e-n-accordion-item-title-header'><div class=\"e-n-accordion-item-title-text\"> A nossa vis\u00e3o <\/div><\/span>\n\t\t\t\t\t\t\t<span class='e-n-accordion-item-title-icon'>\n\t\t\t<span class='e-opened' ><i aria-hidden=\"true\" class=\"fas fa-stop-circle\"><\/i><\/span>\n\t\t\t<span class='e-closed'><i aria-hidden=\"true\" class=\"fas fa-play-circle\"><\/i><\/span>\n\t\t<\/span>\n\n\t\t\t\t\t\t<\/summary>\n\t\t\t\t<div role=\"region\" aria-labelledby=\"e-n-accordion-item-1663\" class=\"elementor-element elementor-element-bbc973d e-con-full e-flex e-con e-child\" data-id=\"bbc973d\" data-element_type=\"container\" data-e-type=\"container\">\n\t\t\t\t<div class=\"elementor-element elementor-element-197c6d8 elementor-widget elementor-widget-wd_text_block\" data-id=\"197c6d8\" data-element_type=\"widget\" data-e-type=\"widget\" data-widget_type=\"wd_text_block.default\">\n\t\t\t\t<div class=\"elementor-widget-container\">\n\t\t\t\t\t\t\t<div class=\"wd-text-block reset-last-child text-left color-title\">\n\t\t\t\n\t\t\t<p>Pretendemos ser o principal recurso para a educa\u00e7\u00e3o relacionada com o Nembutal, colmatando as lacunas no conhecimento e apoiando a tomada de decis\u00f5es informadas para todos.<\/p>\n\t\t\t\t\t<\/div>\n\t\t\t\t\t\t<\/div>\n\t\t\t\t<\/div>\n\t\t\t\t<\/div>\n\t\t\t\t\t<\/details>\n\t\t\t\t\t<\/div>\n\t\t\t\t\t\t<\/div>\n\t\t\t\t<\/div>\n\t\t\t\t<\/div>\n\t\t\t\t\t<\/div>\n\t\t\t\t<\/div>\n\t\t\t\t<\/div>","protected":false},"excerpt":{"rendered":"<p>Who We Are Welcome to Nembutal Mann, to know about us, we are a trusted provider of accurate and comprehensive<\/p>","protected":false},"author":13,"featured_media":0,"parent":0,"menu_order":0,"comment_status":"closed","ping_status":"closed","template":"","meta":{"footnotes":""},"class_list":["post-20710","page","type-page","status-publish","hentry"],"yoast_head":"<!-- This site is optimized with the Yoast SEO Premium plugin v24.2 (Yoast SEO v27.4) - https:\/\/yoast.com\/product\/yoast-seo-premium-wordpress\/ -->\n<title>About Us, Nembutal Mann | Trusted supplier of Nembutal Sodium<\/title>\n<meta name=\"description\" content=\"About us, at Nembutal Mann, our mission is to educate, inform, and empower individuals about Nembutal, its applications, and its implications.\" \/>\n<meta name=\"robots\" content=\"index, follow, max-snippet:-1, max-image-preview:large, max-video-preview:-1\" \/>\n<link rel=\"canonical\" href=\"https:\/\/nembutalman.com\/pt\/sobre-nos\/\" \/>\n<meta property=\"og:locale\" content=\"pt_PT\" \/>\n<meta property=\"og:type\" content=\"article\" \/>\n<meta property=\"og:title\" content=\"About Us\" \/>\n<meta property=\"og:description\" content=\"About us, at Nembutal Mann, our mission is to educate, inform, and empower individuals about Nembutal, its applications, and its implications.\" \/>\n<meta property=\"og:url\" content=\"https:\/\/nembutalman.com\/pt\/sobre-nos\/\" \/>\n<meta property=\"og:site_name\" content=\"Nembutal Mann\" \/>\n<meta property=\"article:modified_time\" content=\"2025-01-22T12:56:50+00:00\" \/>\n<meta property=\"og:image\" content=\"https:\/\/nembutalman.com\/wp-content\/uploads\/2024\/12\/About_us.jpg\" \/>\n\t<meta property=\"og:image:width\" content=\"1000\" \/>\n\t<meta property=\"og:image:height\" content=\"750\" \/>\n\t<meta property=\"og:image:type\" content=\"image\/jpeg\" \/>\n<meta name=\"twitter:card\" content=\"summary_large_image\" \/>\n<meta name=\"twitter:label1\" content=\"Tempo estimado de leitura\" \/>\n\t<meta name=\"twitter:data1\" content=\"3 minutos\" \/>\n<script type=\"application\/ld+json\" class=\"yoast-schema-graph\">{\"@context\":\"https:\\\/\\\/schema.org\",\"@graph\":[{\"@type\":\"WebPage\",\"@id\":\"https:\\\/\\\/nembutalman.com\\\/about-us\\\/\",\"url\":\"https:\\\/\\\/nembutalman.com\\\/about-us\\\/\",\"name\":\"About Us, Nembutal Mann | Trusted supplier of Nembutal Sodium\",\"isPartOf\":{\"@id\":\"https:\\\/\\\/nembutalman.com\\\/#website\"},\"primaryImageOfPage\":{\"@id\":\"https:\\\/\\\/nembutalman.com\\\/about-us\\\/#primaryimage\"},\"image\":{\"@id\":\"https:\\\/\\\/nembutalman.com\\\/about-us\\\/#primaryimage\"},\"thumbnailUrl\":\"https:\\\/\\\/nembutalman.com\\\/wp-content\\\/uploads\\\/2024\\\/12\\\/About_us.jpg\",\"datePublished\":\"2024-12-05T14:49:37+00:00\",\"dateModified\":\"2025-01-22T12:56:50+00:00\",\"description\":\"About us, at Nembutal Mann, our mission is to educate, inform, and empower individuals about Nembutal, its applications, and its implications.\",\"breadcrumb\":{\"@id\":\"https:\\\/\\\/nembutalman.com\\\/about-us\\\/#breadcrumb\"},\"inLanguage\":\"pt-PT\",\"potentialAction\":[{\"@type\":\"ReadAction\",\"target\":[\"https:\\\/\\\/nembutalman.com\\\/about-us\\\/\"]}]},{\"@type\":\"ImageObject\",\"inLanguage\":\"pt-PT\",\"@id\":\"https:\\\/\\\/nembutalman.com\\\/about-us\\\/#primaryimage\",\"url\":\"https:\\\/\\\/nembutalman.com\\\/wp-content\\\/uploads\\\/2024\\\/12\\\/About_us.jpg\",\"contentUrl\":\"https:\\\/\\\/nembutalman.com\\\/wp-content\\\/uploads\\\/2024\\\/12\\\/About_us.jpg\"},{\"@type\":\"BreadcrumbList\",\"@id\":\"https:\\\/\\\/nembutalman.com\\\/about-us\\\/#breadcrumb\",\"itemListElement\":[{\"@type\":\"ListItem\",\"position\":1,\"name\":\"Home\",\"item\":\"https:\\\/\\\/nembutalman.com\\\/\"},{\"@type\":\"ListItem\",\"position\":2,\"name\":\"About Us\"}]},{\"@type\":\"WebSite\",\"@id\":\"https:\\\/\\\/nembutalman.com\\\/#website\",\"url\":\"https:\\\/\\\/nembutalman.com\\\/\",\"name\":\"Nembutal Mann\",\"description\":\"Nembutal Kaufen Deutschland\",\"publisher\":{\"@id\":\"https:\\\/\\\/nembutalman.com\\\/#organization\"},\"potentialAction\":[{\"@type\":\"SearchAction\",\"target\":{\"@type\":\"EntryPoint\",\"urlTemplate\":\"https:\\\/\\\/nembutalman.com\\\/?s={search_term_string}\"},\"query-input\":{\"@type\":\"PropertyValueSpecification\",\"valueRequired\":true,\"valueName\":\"search_term_string\"}}],\"inLanguage\":\"pt-PT\"},{\"@type\":\"Organization\",\"@id\":\"https:\\\/\\\/nembutalman.com\\\/#organization\",\"name\":\"Nembutal Mann\",\"url\":\"https:\\\/\\\/nembutalman.com\\\/\",\"logo\":{\"@type\":\"ImageObject\",\"inLanguage\":\"pt-PT\",\"@id\":\"https:\\\/\\\/nembutalman.com\\\/#\\\/schema\\\/logo\\\/image\\\/\",\"url\":\"https:\\\/\\\/nembutalman.com\\\/wp-content\\\/uploads\\\/2024\\\/11\\\/Untitled-design.png\",\"contentUrl\":\"https:\\\/\\\/nembutalman.com\\\/wp-content\\\/uploads\\\/2024\\\/11\\\/Untitled-design.png\",\"width\":650,\"height\":250,\"caption\":\"Nembutal Mann\"},\"image\":{\"@id\":\"https:\\\/\\\/nembutalman.com\\\/#\\\/schema\\\/logo\\\/image\\\/\"}}]}<\/script>\n<!-- \/ Yoast SEO Premium plugin. -->","yoast_head_json":{"title":"Sobre n\u00f3s, Nembutal Mann | Fornecedor de confian\u00e7a de Nembutal Sodium","description":"Sobre n\u00f3s, no Nembutal Mann, a nossa miss\u00e3o \u00e9 educar, informar e capacitar as pessoas sobre o Nembutal, as suas aplica\u00e7\u00f5es e as suas implica\u00e7\u00f5es.","robots":{"index":"index","follow":"follow","max-snippet":"max-snippet:-1","max-image-preview":"max-image-preview:large","max-video-preview":"max-video-preview:-1"},"canonical":"https:\/\/nembutalman.com\/pt\/sobre-nos\/","og_locale":"pt_PT","og_type":"article","og_title":"About Us","og_description":"About us, at Nembutal Mann, our mission is to educate, inform, and empower individuals about Nembutal, its applications, and its implications.","og_url":"https:\/\/nembutalman.com\/pt\/sobre-nos\/","og_site_name":"Nembutal Mann","article_modified_time":"2025-01-22T12:56:50+00:00","og_image":[{"width":1000,"height":750,"url":"https:\/\/nembutalman.com\/wp-content\/uploads\/2024\/12\/About_us.jpg","type":"image\/jpeg"}],"twitter_card":"summary_large_image","twitter_misc":{"Tempo estimado de leitura":"3 minutos"},"schema":{"@context":"https:\/\/schema.org","@graph":[{"@type":"WebPage","@id":"https:\/\/nembutalman.com\/about-us\/","url":"https:\/\/nembutalman.com\/about-us\/","name":"Sobre n\u00f3s, Nembutal Mann | Fornecedor de confian\u00e7a de Nembutal Sodium","isPartOf":{"@id":"https:\/\/nembutalman.com\/#website"},"primaryImageOfPage":{"@id":"https:\/\/nembutalman.com\/about-us\/#primaryimage"},"image":{"@id":"https:\/\/nembutalman.com\/about-us\/#primaryimage"},"thumbnailUrl":"https:\/\/nembutalman.com\/wp-content\/uploads\/2024\/12\/About_us.jpg","datePublished":"2024-12-05T14:49:37+00:00","dateModified":"2025-01-22T12:56:50+00:00","description":"Sobre n\u00f3s, no Nembutal Mann, a nossa miss\u00e3o \u00e9 educar, informar e capacitar as pessoas sobre o Nembutal, as suas aplica\u00e7\u00f5es e as suas implica\u00e7\u00f5es.","breadcrumb":{"@id":"https:\/\/nembutalman.com\/about-us\/#breadcrumb"},"inLanguage":"pt-PT","potentialAction":[{"@type":"ReadAction","target":["https:\/\/nembutalman.com\/about-us\/"]}]},{"@type":"ImageObject","inLanguage":"pt-PT","@id":"https:\/\/nembutalman.com\/about-us\/#primaryimage","url":"https:\/\/nembutalman.com\/wp-content\/uploads\/2024\/12\/About_us.jpg","contentUrl":"https:\/\/nembutalman.com\/wp-content\/uploads\/2024\/12\/About_us.jpg"},{"@type":"BreadcrumbList","@id":"https:\/\/nembutalman.com\/about-us\/#breadcrumb","itemListElement":[{"@type":"ListItem","position":1,"name":"Home","item":"https:\/\/nembutalman.com\/"},{"@type":"ListItem","position":2,"name":"About Us"}]},{"@type":"WebSite","@id":"https:\/\/nembutalman.com\/#website","url":"https:\/\/nembutalman.com\/","name":"Na Nembutal Mann","description":"Nembutal Kaufen Deutschland","publisher":{"@id":"https:\/\/nembutalman.com\/#organization"},"potentialAction":[{"@type":"SearchAction","target":{"@type":"EntryPoint","urlTemplate":"https:\/\/nembutalman.com\/?s={search_term_string}"},"query-input":{"@type":"PropertyValueSpecification","valueRequired":true,"valueName":"search_term_string"}}],"inLanguage":"pt-PT"},{"@type":"Organization","@id":"https:\/\/nembutalman.com\/#organization","name":"Na Nembutal Mann","url":"https:\/\/nembutalman.com\/","logo":{"@type":"ImageObject","inLanguage":"pt-PT","@id":"https:\/\/nembutalman.com\/#\/schema\/logo\/image\/","url":"https:\/\/nembutalman.com\/wp-content\/uploads\/2024\/11\/Untitled-design.png","contentUrl":"https:\/\/nembutalman.com\/wp-content\/uploads\/2024\/11\/Untitled-design.png","width":650,"height":250,"caption":"Nembutal Mann"},"image":{"@id":"https:\/\/nembutalman.com\/#\/schema\/logo\/image\/"}}]}},"_links":{"self":[{"href":"https:\/\/nembutalman.com\/pt\/wp-json\/wp\/v2\/pages\/20710","targetHints":{"allow":["GET"]}}],"collection":[{"href":"https:\/\/nembutalman.com\/pt\/wp-json\/wp\/v2\/pages"}],"about":[{"href":"https:\/\/nembutalman.com\/pt\/wp-json\/wp\/v2\/types\/page"}],"author":[{"embeddable":true,"href":"https:\/\/nembutalman.com\/pt\/wp-json\/wp\/v2\/users\/13"}],"replies":[{"embeddable":true,"href":"https:\/\/nembutalman.com\/pt\/wp-json\/wp\/v2\/comments?post=20710"}],"version-history":[{"count":0,"href":"https:\/\/nembutalman.com\/pt\/wp-json\/wp\/v2\/pages\/20710\/revisions"}],"wp:attachment":[{"href":"https:\/\/nembutalman.com\/pt\/wp-json\/wp\/v2\/media?parent=20710"}],"curies":[{"name":"wp","href":"https:\/\/api.w.org\/{rel}","templated":true}]}}