{"id":20710,"date":"2024-12-05T14:49:37","date_gmt":"2024-12-05T14:49:37","guid":{"rendered":"https:\/\/nembutalman.com\/?page_id=20710"},"modified":"2025-01-22T12:56:50","modified_gmt":"2025-01-22T12:56:50","slug":"despre-noi","status":"publish","type":"page","link":"https:\/\/nembutalman.com\/ro\/despre-noi\/","title":{"rendered":"Despre noi"},"content":{"rendered":"<div data-elementor-type=\"wp-page\" data-elementor-id=\"20710\" class=\"elementor elementor-20710\" data-elementor-post-type=\"page\">\n\t\t\t\t<div class=\"wd-negative-gap elementor-element elementor-element-c627e70 e-flex e-con-boxed e-con e-parent\" data-id=\"c627e70\" data-element_type=\"container\" data-e-type=\"container\">\n\t\t\t\t\t<div class=\"e-con-inner\">\n\t\t\t\t<div class=\"elementor-element elementor-element-c4b82c3 elementor-widget elementor-widget-image\" data-id=\"c4b82c3\" data-element_type=\"widget\" data-e-type=\"widget\" data-widget_type=\"image.default\">\n\t\t\t\t<div class=\"elementor-widget-container\">\n\t\t\t\t\t\t\t\t\t\t\t\t\t\t\t<img fetchpriority=\"high\" decoding=\"async\" width=\"1000\" height=\"750\" src=\"https:\/\/nembutalman.com\/wp-content\/uploads\/2024\/12\/About_us.jpg\" class=\"attachment-large size-large wp-image-20712\" alt=\"Despre noi | Nembutalman - Resurse de \u00eencredere pentru informa\u021bii despre Nembutal\" srcset=\"https:\/\/nembutalman.com\/wp-content\/uploads\/2024\/12\/About_us.jpg 1000w, https:\/\/nembutalman.com\/wp-content\/uploads\/2024\/12\/About_us-400x300.jpg 400w, https:\/\/nembutalman.com\/wp-content\/uploads\/2024\/12\/About_us-768x576.jpg 768w, https:\/\/nembutalman.com\/wp-content\/uploads\/2024\/12\/About_us-430x323.jpg 430w, https:\/\/nembutalman.com\/wp-content\/uploads\/2024\/12\/About_us-700x525.jpg 700w, https:\/\/nembutalman.com\/wp-content\/uploads\/2024\/12\/About_us-150x113.jpg 150w\" sizes=\"(max-width: 1000px) 100vw, 1000px\" \/>\t\t\t\t\t\t\t\t\t\t\t\t\t\t\t<\/div>\n\t\t\t\t<\/div>\n\t\t\t\t\t<\/div>\n\t\t\t\t<\/div>\n\t\t<div class=\"wd-negative-gap elementor-element elementor-element-2b6a8ac e-flex e-con-boxed e-con e-parent\" data-id=\"2b6a8ac\" data-element_type=\"container\" data-e-type=\"container\">\n\t\t\t\t\t<div class=\"e-con-inner\">\n\t\t<div class=\"elementor-element elementor-element-5c5f7bd e-con-full e-flex e-con e-child\" data-id=\"5c5f7bd\" data-element_type=\"container\" data-e-type=\"container\" data-settings=\"{&quot;background_background&quot;:&quot;classic&quot;}\">\n\t\t\t\t<div class=\"elementor-element elementor-element-be66a3c wd-width-100 elementor-widget elementor-widget-wd_title\" data-id=\"be66a3c\" data-element_type=\"widget\" data-e-type=\"widget\" data-widget_type=\"wd_title.default\">\n\t\t\t\t<div class=\"elementor-widget-container\">\n\t\t\t\t\t\t\t<div class=\"title-wrapper wd-set-mb reset-last-child wd-title-color-white wd-title-style-default wd-title-size-default text-left\">\n\n\t\t\t\n\t\t\t<div class=\"liner-continer\">\n\t\t\t\t<h4 class=\"woodmart-title-container title wd-fontsize-l\"><b>Cine<\/b> Noi suntem<\/h4> \n\t\t\t\t\t\t\t<\/div>\n\n\t\t\t\t\t\t\t<div class=\"title-after_title reset-last-child wd-fontsize-xs\">\n\t\t\t\t\t<p>Bine a\u021bi venit la <span style=\"color: #c1d43a\"><a href=\"https:\/\/nembutalman.com\/ro\/\"><strong>La Nembutal Mann<\/strong><\/a><\/span>, s\u0103 \u0219ti\u021bi despre noi, suntem un furnizor de \u00eencredere de informa\u021bii exacte \u0219i cuprinz\u0103toare despre Nembutal (pentobarbital sodic). Misiunea noastr\u0103 este de a educa, informa \u0219i responsabiliza persoanele care caut\u0103 informa\u021bii fiabile despre aceast\u0103 substan\u021b\u0103 recunoscut\u0103 pe scar\u0103 larg\u0103, aplica\u021biile \u0219i implica\u021biile sale.<\/p><p>Dedicat furniz\u0103rii de servicii de eutanasie competente \u0219i pline de compasiune \u00een \u00eentreaga Europ\u0103, Nembutal Mann este o platform\u0103 online autorizat\u0103. Motivat\u0103 de viziunea lui Huib Drion, echipa noastr\u0103 de clerici \u0219i profesioni\u0219ti din domeniul medical pledeaz\u0103 pentru dreptul la o moarte demn\u0103. \u00cei ajut\u0103m pe cei care sufer\u0103 de demen\u021b\u0103 \u0219i alte boli terminale s\u0103 ia decizii bine informate cu privire la ultimele lor zile. Ne oferim serviciile cu cea mai mare grij\u0103 \u0219i respect, deoarece apreciem discre\u021bia \u0219i \u00eencrederea. De asemenea, oferim materiale educa\u021bionale pentru a v\u0103 ajuta s\u0103 lua\u021bi cele mai bune decizii \u0219i sus\u021binem activ legalizarea eutanasiei \u00een Europa. <br \/>Apreciem \u00eencrederea dumneavoastr\u0103 \u00een Nembutal Mann de-a lungul acestei tranzi\u021bii semnificative a vie\u021bii.<\/p>\t\t\t\t<\/div>\n\t\t\t\t\t<\/div>\n\t\t\t\t\t\t<\/div>\n\t\t\t\t<\/div>\n\t\t\t\t<\/div>\n\t\t<div class=\"elementor-element elementor-element-b6402df e-con-full e-flex e-con e-child\" data-id=\"b6402df\" data-element_type=\"container\" data-e-type=\"container\">\n\t\t\t\t<div class=\"elementor-element elementor-element-9ee9c10 elementor-widget elementor-widget-n-accordion\" data-id=\"9ee9c10\" data-element_type=\"widget\" data-e-type=\"widget\" data-settings=\"{&quot;max_items_expended&quot;:&quot;multiple&quot;,&quot;default_state&quot;:&quot;expanded&quot;,&quot;n_accordion_animation_duration&quot;:{&quot;unit&quot;:&quot;ms&quot;,&quot;size&quot;:400,&quot;sizes&quot;:[]}}\" data-widget_type=\"nested-accordion.default\">\n\t\t\t\t<div class=\"elementor-widget-container\">\n\t\t\t\t\t\t\t<div class=\"e-n-accordion\" aria-label=\"Acordeon. Deschide\u021bi linkurile cu Enter sau Space, \u00eenchide\u021bi-le cu Escape \u0219i naviga\u021bi cu tastele s\u0103geat\u0103\">\n\t\t\t\t\t\t<details id=\"e-n-accordion-item-1660\" class=\"e-n-accordion-item\" open>\n\t\t\t\t<summary class=\"e-n-accordion-item-title\" data-accordion-index=\"1\" tabindex=\"0\" aria-expanded=\"true\" aria-controls=\"e-n-accordion-item-1660\" >\n\t\t\t\t\t<span class='e-n-accordion-item-title-header'><div class=\"e-n-accordion-item-title-text\"> Angajamentul nostru <\/div><\/span>\n\t\t\t\t\t\t\t<span class='e-n-accordion-item-title-icon'>\n\t\t\t<span class='e-opened' ><i aria-hidden=\"true\" class=\"fas fa-stop-circle\"><\/i><\/span>\n\t\t\t<span class='e-closed'><i aria-hidden=\"true\" class=\"fas fa-play-circle\"><\/i><\/span>\n\t\t<\/span>\n\n\t\t\t\t\t\t<\/summary>\n\t\t\t\t<div role=\"region\" aria-labelledby=\"e-n-accordion-item-1660\" class=\"elementor-element elementor-element-d109327 e-con-full e-flex e-con e-child\" data-id=\"d109327\" data-element_type=\"container\" data-e-type=\"container\">\n\t\t\t\t<div class=\"elementor-element elementor-element-b84c7bf elementor-widget elementor-widget-wd_text_block\" data-id=\"b84c7bf\" data-element_type=\"widget\" data-e-type=\"widget\" data-widget_type=\"wd_text_block.default\">\n\t\t\t\t<div class=\"elementor-widget-container\">\n\t\t\t\t\t\t\t<div class=\"wd-text-block reset-last-child text-left color-title\">\n\t\t\t\n\t\t\t<p>Acord\u0103m prioritate transparen\u021bei, profesionalismului \u0219i acurate\u021bei \u00een tot con\u021binutul nostru. Fie c\u0103 sunte\u021bi un profesionist din domeniul s\u0103n\u0103t\u0103\u021bii, un cercet\u0103tor sau o persoan\u0103 care analizeaz\u0103 op\u021biunile, platforma noastr\u0103 serve\u0219te drept resurs\u0103 de \u00eencredere pentru a afla mai multe despre:<\/p><ul><li>Utiliz\u0103rile medicale \u0219i veterinare ale Nembutal.<\/li><li>Dozare adecvat\u0103 \u0219i orient\u0103ri privind administrarea.<\/li><li>Reglement\u0103ri legale \u0219i considera\u021bii etice.<\/li><\/ul><p>Con\u021binutul nostru este cercetat meticulos \u0219i respect\u0103 standarde stricte pentru a v\u0103 asigura c\u0103 primi\u021bi doar cele mai exacte \u0219i relevante informa\u021bii.<\/p>\n\t\t\t\t\t<\/div>\n\t\t\t\t\t\t<\/div>\n\t\t\t\t<\/div>\n\t\t\t\t<\/div>\n\t\t\t\t\t<\/details>\n\t\t\t\t\t\t<details id=\"e-n-accordion-item-1661\" class=\"e-n-accordion-item\" >\n\t\t\t\t<summary class=\"e-n-accordion-item-title\" data-accordion-index=\"2\" tabindex=\"-1\" aria-expanded=\"false\" aria-controls=\"e-n-accordion-item-1661\" >\n\t\t\t\t\t<span class='e-n-accordion-item-title-header'><div class=\"e-n-accordion-item-title-text\"> De ce s\u0103 ne alege\u021bi? <\/div><\/span>\n\t\t\t\t\t\t\t<span class='e-n-accordion-item-title-icon'>\n\t\t\t<span class='e-opened' ><i aria-hidden=\"true\" class=\"fas fa-stop-circle\"><\/i><\/span>\n\t\t\t<span class='e-closed'><i aria-hidden=\"true\" class=\"fas fa-play-circle\"><\/i><\/span>\n\t\t<\/span>\n\n\t\t\t\t\t\t<\/summary>\n\t\t\t\t<div role=\"region\" aria-labelledby=\"e-n-accordion-item-1661\" class=\"elementor-element elementor-element-262d7cd e-con-full e-flex e-con e-child\" data-id=\"262d7cd\" data-element_type=\"container\" data-e-type=\"container\">\n\t\t\t\t<div class=\"elementor-element elementor-element-5ec5ffa elementor-widget elementor-widget-wd_text_block\" data-id=\"5ec5ffa\" data-element_type=\"widget\" data-e-type=\"widget\" data-widget_type=\"wd_text_block.default\">\n\t\t\t\t<div class=\"elementor-widget-container\">\n\t\t\t\t\t\t\t<div class=\"wd-text-block reset-last-child text-left color-title\">\n\t\t\t\n\t\t\t<p>Despre noi, La Nembutal Mann, suntem dedica\u021bi:<\/p><ul><li><span style=\"color: #225238;\"><strong>Furnizarea de expertiz\u0103:<\/strong><\/span> Echipa noastr\u0103 lucreaz\u0103 neobosit pentru a furniza con\u021binut bine documentat \u0219i actualizat.<\/li><li><span style=\"color: #225238;\"><strong>Promovarea responsabilit\u0103\u021bii:<\/strong><\/span> Promov\u0103m utilizarea \u00een siguran\u021b\u0103 \u0219i \u00een cuno\u0219tin\u021b\u0103 de cauz\u0103 prin educa\u021bie \u0219i promovare.<\/li><li><span style=\"color: #225238;\"><strong>Asigurarea conformit\u0103\u021bii:<\/strong><\/span> \u00cei ajut\u0103m pe utilizatori s\u0103 \u00een\u021beleag\u0103 <a href=\"https:\/\/www.admin.ch\/gov\/en\/start\/documentation\/media-releases.msg-id-14200.html\">cadrul juridic \u0219i etic<\/a> \u00een jurul Nembutal \u00een Europa.<\/li><\/ul>\n\t\t\t\t\t<\/div>\n\t\t\t\t\t\t<\/div>\n\t\t\t\t<\/div>\n\t\t\t\t<\/div>\n\t\t\t\t\t<\/details>\n\t\t\t\t\t\t<details id=\"e-n-accordion-item-1662\" class=\"e-n-accordion-item\" >\n\t\t\t\t<summary class=\"e-n-accordion-item-title\" data-accordion-index=\"3\" tabindex=\"-1\" aria-expanded=\"false\" aria-controls=\"e-n-accordion-item-1662\" >\n\t\t\t\t\t<span class='e-n-accordion-item-title-header'><div class=\"e-n-accordion-item-title-text\"> Valorile noastre <\/div><\/span>\n\t\t\t\t\t\t\t<span class='e-n-accordion-item-title-icon'>\n\t\t\t<span class='e-opened' ><i aria-hidden=\"true\" class=\"fas fa-stop-circle\"><\/i><\/span>\n\t\t\t<span class='e-closed'><i aria-hidden=\"true\" class=\"fas fa-play-circle\"><\/i><\/span>\n\t\t<\/span>\n\n\t\t\t\t\t\t<\/summary>\n\t\t\t\t<div role=\"region\" aria-labelledby=\"e-n-accordion-item-1662\" class=\"elementor-element elementor-element-ccfe0cf e-con-full e-flex e-con e-child\" data-id=\"ccfe0cf\" data-element_type=\"container\" data-e-type=\"container\">\n\t\t\t\t<div class=\"elementor-element elementor-element-1646fe2 elementor-widget elementor-widget-wd_text_block\" data-id=\"1646fe2\" data-element_type=\"widget\" data-e-type=\"widget\" data-widget_type=\"wd_text_block.default\">\n\t\t\t\t<div class=\"elementor-widget-container\">\n\t\t\t\t\t\t\t<div class=\"wd-text-block reset-last-child text-left color-title\">\n\t\t\t\n\t\t\t<ul><li><span style=\"color: #225238;\"><strong>Integritate:<\/strong><\/span> Respect\u00e2nd onestitatea \u0219i acurate\u021bea \u00een fiecare aspect al activit\u0103\u021bii noastre.<\/li><li><span style=\"color: #225238;\"><strong>Compasiune:<\/strong><\/span> Recunoa\u0219terea naturii sensibile a aplica\u021biilor Nembutal \u0219i abordarea acestora cu aten\u021bie.<\/li><li><span style=\"color: #225238;\"><strong>Educa\u021bie:<\/strong><\/span> Responsabilizarea persoanelor prin intermediul unor informa\u021bii accesibile \u0219i fiabile.<\/li><\/ul>\n\t\t\t\t\t<\/div>\n\t\t\t\t\t\t<\/div>\n\t\t\t\t<\/div>\n\t\t\t\t<\/div>\n\t\t\t\t\t<\/details>\n\t\t\t\t\t\t<details id=\"e-n-accordion-item-1663\" class=\"e-n-accordion-item\" >\n\t\t\t\t<summary class=\"e-n-accordion-item-title\" data-accordion-index=\"4\" tabindex=\"-1\" aria-expanded=\"false\" aria-controls=\"e-n-accordion-item-1663\" >\n\t\t\t\t\t<span class='e-n-accordion-item-title-header'><div class=\"e-n-accordion-item-title-text\"> Viziunea noastr\u0103 <\/div><\/span>\n\t\t\t\t\t\t\t<span class='e-n-accordion-item-title-icon'>\n\t\t\t<span class='e-opened' ><i aria-hidden=\"true\" class=\"fas fa-stop-circle\"><\/i><\/span>\n\t\t\t<span class='e-closed'><i aria-hidden=\"true\" class=\"fas fa-play-circle\"><\/i><\/span>\n\t\t<\/span>\n\n\t\t\t\t\t\t<\/summary>\n\t\t\t\t<div role=\"region\" aria-labelledby=\"e-n-accordion-item-1663\" class=\"elementor-element elementor-element-bbc973d e-con-full e-flex e-con e-child\" data-id=\"bbc973d\" data-element_type=\"container\" data-e-type=\"container\">\n\t\t\t\t<div class=\"elementor-element elementor-element-197c6d8 elementor-widget elementor-widget-wd_text_block\" data-id=\"197c6d8\" data-element_type=\"widget\" data-e-type=\"widget\" data-widget_type=\"wd_text_block.default\">\n\t\t\t\t<div class=\"elementor-widget-container\">\n\t\t\t\t\t\t\t<div class=\"wd-text-block reset-last-child text-left color-title\">\n\t\t\t\n\t\t\t<p>Aspir\u0103m s\u0103 fim principala resurs\u0103 pentru educa\u021bia legat\u0103 de Nembutal, acoperind lacunele \u00een cuno\u0219tin\u021be \u0219i sprijinind luarea deciziilor \u00een cuno\u0219tin\u021b\u0103 de cauz\u0103 pentru to\u021bi.<\/p>\n\t\t\t\t\t<\/div>\n\t\t\t\t\t\t<\/div>\n\t\t\t\t<\/div>\n\t\t\t\t<\/div>\n\t\t\t\t\t<\/details>\n\t\t\t\t\t<\/div>\n\t\t\t\t\t\t<\/div>\n\t\t\t\t<\/div>\n\t\t\t\t<\/div>\n\t\t\t\t\t<\/div>\n\t\t\t\t<\/div>\n\t\t\t\t<\/div>","protected":false},"excerpt":{"rendered":"<p>Who We Are Welcome to Nembutal Mann, to know about us, we are a trusted provider of accurate and comprehensive<\/p>","protected":false},"author":13,"featured_media":0,"parent":0,"menu_order":0,"comment_status":"closed","ping_status":"closed","template":"","meta":{"footnotes":""},"class_list":["post-20710","page","type-page","status-publish","hentry"],"yoast_head":"<!-- This site is optimized with the Yoast SEO Premium plugin v24.2 (Yoast SEO v27.3) - https:\/\/yoast.com\/product\/yoast-seo-premium-wordpress\/ -->\n<title>About Us, Nembutal Mann | Trusted supplier of Nembutal Sodium<\/title>\n<meta name=\"description\" content=\"About us, at Nembutal Mann, our mission is to educate, inform, and empower individuals about Nembutal, its applications, and its implications.\" \/>\n<meta name=\"robots\" content=\"index, follow, max-snippet:-1, max-image-preview:large, max-video-preview:-1\" \/>\n<link rel=\"canonical\" href=\"https:\/\/nembutalman.com\/ro\/despre-noi\/\" \/>\n<meta property=\"og:locale\" content=\"ro_RO\" \/>\n<meta property=\"og:type\" content=\"article\" \/>\n<meta property=\"og:title\" content=\"About Us\" \/>\n<meta property=\"og:description\" content=\"About us, at Nembutal Mann, our mission is to educate, inform, and empower individuals about Nembutal, its applications, and its implications.\" \/>\n<meta property=\"og:url\" content=\"https:\/\/nembutalman.com\/ro\/despre-noi\/\" \/>\n<meta property=\"og:site_name\" content=\"Nembutal Mann\" \/>\n<meta property=\"article:modified_time\" content=\"2025-01-22T12:56:50+00:00\" \/>\n<meta property=\"og:image\" content=\"https:\/\/nembutalman.com\/wp-content\/uploads\/2024\/12\/About_us.jpg\" \/>\n\t<meta property=\"og:image:width\" content=\"1000\" \/>\n\t<meta property=\"og:image:height\" content=\"750\" \/>\n\t<meta property=\"og:image:type\" content=\"image\/jpeg\" \/>\n<meta name=\"twitter:card\" content=\"summary_large_image\" \/>\n<meta name=\"twitter:label1\" content=\"Timp estimat pentru citire\" \/>\n\t<meta name=\"twitter:data1\" content=\"3 minute\" \/>\n<script type=\"application\/ld+json\" class=\"yoast-schema-graph\">{\"@context\":\"https:\\\/\\\/schema.org\",\"@graph\":[{\"@type\":\"WebPage\",\"@id\":\"https:\\\/\\\/nembutalman.com\\\/about-us\\\/\",\"url\":\"https:\\\/\\\/nembutalman.com\\\/about-us\\\/\",\"name\":\"About Us, Nembutal Mann | Trusted supplier of Nembutal Sodium\",\"isPartOf\":{\"@id\":\"https:\\\/\\\/nembutalman.com\\\/#website\"},\"primaryImageOfPage\":{\"@id\":\"https:\\\/\\\/nembutalman.com\\\/about-us\\\/#primaryimage\"},\"image\":{\"@id\":\"https:\\\/\\\/nembutalman.com\\\/about-us\\\/#primaryimage\"},\"thumbnailUrl\":\"https:\\\/\\\/nembutalman.com\\\/wp-content\\\/uploads\\\/2024\\\/12\\\/About_us.jpg\",\"datePublished\":\"2024-12-05T14:49:37+00:00\",\"dateModified\":\"2025-01-22T12:56:50+00:00\",\"description\":\"About us, at Nembutal Mann, our mission is to educate, inform, and empower individuals about Nembutal, its applications, and its implications.\",\"breadcrumb\":{\"@id\":\"https:\\\/\\\/nembutalman.com\\\/about-us\\\/#breadcrumb\"},\"inLanguage\":\"ro-RO\",\"potentialAction\":[{\"@type\":\"ReadAction\",\"target\":[\"https:\\\/\\\/nembutalman.com\\\/about-us\\\/\"]}]},{\"@type\":\"ImageObject\",\"inLanguage\":\"ro-RO\",\"@id\":\"https:\\\/\\\/nembutalman.com\\\/about-us\\\/#primaryimage\",\"url\":\"https:\\\/\\\/nembutalman.com\\\/wp-content\\\/uploads\\\/2024\\\/12\\\/About_us.jpg\",\"contentUrl\":\"https:\\\/\\\/nembutalman.com\\\/wp-content\\\/uploads\\\/2024\\\/12\\\/About_us.jpg\"},{\"@type\":\"BreadcrumbList\",\"@id\":\"https:\\\/\\\/nembutalman.com\\\/about-us\\\/#breadcrumb\",\"itemListElement\":[{\"@type\":\"ListItem\",\"position\":1,\"name\":\"Home\",\"item\":\"https:\\\/\\\/nembutalman.com\\\/\"},{\"@type\":\"ListItem\",\"position\":2,\"name\":\"About Us\"}]},{\"@type\":\"WebSite\",\"@id\":\"https:\\\/\\\/nembutalman.com\\\/#website\",\"url\":\"https:\\\/\\\/nembutalman.com\\\/\",\"name\":\"Nembutal Mann\",\"description\":\"Nembutal Kaufen Deutschland\",\"publisher\":{\"@id\":\"https:\\\/\\\/nembutalman.com\\\/#organization\"},\"potentialAction\":[{\"@type\":\"SearchAction\",\"target\":{\"@type\":\"EntryPoint\",\"urlTemplate\":\"https:\\\/\\\/nembutalman.com\\\/?s={search_term_string}\"},\"query-input\":{\"@type\":\"PropertyValueSpecification\",\"valueRequired\":true,\"valueName\":\"search_term_string\"}}],\"inLanguage\":\"ro-RO\"},{\"@type\":\"Organization\",\"@id\":\"https:\\\/\\\/nembutalman.com\\\/#organization\",\"name\":\"Nembutal Mann\",\"url\":\"https:\\\/\\\/nembutalman.com\\\/\",\"logo\":{\"@type\":\"ImageObject\",\"inLanguage\":\"ro-RO\",\"@id\":\"https:\\\/\\\/nembutalman.com\\\/#\\\/schema\\\/logo\\\/image\\\/\",\"url\":\"https:\\\/\\\/nembutalman.com\\\/wp-content\\\/uploads\\\/2024\\\/11\\\/Untitled-design.png\",\"contentUrl\":\"https:\\\/\\\/nembutalman.com\\\/wp-content\\\/uploads\\\/2024\\\/11\\\/Untitled-design.png\",\"width\":650,\"height\":250,\"caption\":\"Nembutal Mann\"},\"image\":{\"@id\":\"https:\\\/\\\/nembutalman.com\\\/#\\\/schema\\\/logo\\\/image\\\/\"}}]}<\/script>\n<!-- \/ Yoast SEO Premium plugin. -->","yoast_head_json":{"title":"Despre noi, Nembutal Mann | Furnizor de \u00eencredere de Nembutal Sodium","description":"Despre noi, la Nembutal Mann, misiunea noastr\u0103 este de a educa, informa \u0219i responsabiliza persoanele cu privire la Nembutal, aplica\u021biile \u0219i implica\u021biile sale.","robots":{"index":"index","follow":"follow","max-snippet":"max-snippet:-1","max-image-preview":"max-image-preview:large","max-video-preview":"max-video-preview:-1"},"canonical":"https:\/\/nembutalman.com\/ro\/despre-noi\/","og_locale":"ro_RO","og_type":"article","og_title":"About Us","og_description":"About us, at Nembutal Mann, our mission is to educate, inform, and empower individuals about Nembutal, its applications, and its implications.","og_url":"https:\/\/nembutalman.com\/ro\/despre-noi\/","og_site_name":"Nembutal Mann","article_modified_time":"2025-01-22T12:56:50+00:00","og_image":[{"width":1000,"height":750,"url":"https:\/\/nembutalman.com\/wp-content\/uploads\/2024\/12\/About_us.jpg","type":"image\/jpeg"}],"twitter_card":"summary_large_image","twitter_misc":{"Timp estimat pentru citire":"3 minute"},"schema":{"@context":"https:\/\/schema.org","@graph":[{"@type":"WebPage","@id":"https:\/\/nembutalman.com\/about-us\/","url":"https:\/\/nembutalman.com\/about-us\/","name":"Despre noi, Nembutal Mann | Furnizor de \u00eencredere de Nembutal Sodium","isPartOf":{"@id":"https:\/\/nembutalman.com\/#website"},"primaryImageOfPage":{"@id":"https:\/\/nembutalman.com\/about-us\/#primaryimage"},"image":{"@id":"https:\/\/nembutalman.com\/about-us\/#primaryimage"},"thumbnailUrl":"https:\/\/nembutalman.com\/wp-content\/uploads\/2024\/12\/About_us.jpg","datePublished":"2024-12-05T14:49:37+00:00","dateModified":"2025-01-22T12:56:50+00:00","description":"Despre noi, la Nembutal Mann, misiunea noastr\u0103 este de a educa, informa \u0219i responsabiliza persoanele cu privire la Nembutal, aplica\u021biile \u0219i implica\u021biile sale.","breadcrumb":{"@id":"https:\/\/nembutalman.com\/about-us\/#breadcrumb"},"inLanguage":"ro-RO","potentialAction":[{"@type":"ReadAction","target":["https:\/\/nembutalman.com\/about-us\/"]}]},{"@type":"ImageObject","inLanguage":"ro-RO","@id":"https:\/\/nembutalman.com\/about-us\/#primaryimage","url":"https:\/\/nembutalman.com\/wp-content\/uploads\/2024\/12\/About_us.jpg","contentUrl":"https:\/\/nembutalman.com\/wp-content\/uploads\/2024\/12\/About_us.jpg"},{"@type":"BreadcrumbList","@id":"https:\/\/nembutalman.com\/about-us\/#breadcrumb","itemListElement":[{"@type":"ListItem","position":1,"name":"Home","item":"https:\/\/nembutalman.com\/"},{"@type":"ListItem","position":2,"name":"About Us"}]},{"@type":"WebSite","@id":"https:\/\/nembutalman.com\/#website","url":"https:\/\/nembutalman.com\/","name":"La Nembutal Mann","description":"Nembutal Kaufen Deutschland","publisher":{"@id":"https:\/\/nembutalman.com\/#organization"},"potentialAction":[{"@type":"SearchAction","target":{"@type":"EntryPoint","urlTemplate":"https:\/\/nembutalman.com\/?s={search_term_string}"},"query-input":{"@type":"PropertyValueSpecification","valueRequired":true,"valueName":"search_term_string"}}],"inLanguage":"ro-RO"},{"@type":"Organization","@id":"https:\/\/nembutalman.com\/#organization","name":"La Nembutal Mann","url":"https:\/\/nembutalman.com\/","logo":{"@type":"ImageObject","inLanguage":"ro-RO","@id":"https:\/\/nembutalman.com\/#\/schema\/logo\/image\/","url":"https:\/\/nembutalman.com\/wp-content\/uploads\/2024\/11\/Untitled-design.png","contentUrl":"https:\/\/nembutalman.com\/wp-content\/uploads\/2024\/11\/Untitled-design.png","width":650,"height":250,"caption":"Nembutal Mann"},"image":{"@id":"https:\/\/nembutalman.com\/#\/schema\/logo\/image\/"}}]}},"_links":{"self":[{"href":"https:\/\/nembutalman.com\/ro\/wp-json\/wp\/v2\/pages\/20710","targetHints":{"allow":["GET"]}}],"collection":[{"href":"https:\/\/nembutalman.com\/ro\/wp-json\/wp\/v2\/pages"}],"about":[{"href":"https:\/\/nembutalman.com\/ro\/wp-json\/wp\/v2\/types\/page"}],"author":[{"embeddable":true,"href":"https:\/\/nembutalman.com\/ro\/wp-json\/wp\/v2\/users\/13"}],"replies":[{"embeddable":true,"href":"https:\/\/nembutalman.com\/ro\/wp-json\/wp\/v2\/comments?post=20710"}],"version-history":[{"count":0,"href":"https:\/\/nembutalman.com\/ro\/wp-json\/wp\/v2\/pages\/20710\/revisions"}],"wp:attachment":[{"href":"https:\/\/nembutalman.com\/ro\/wp-json\/wp\/v2\/media?parent=20710"}],"curies":[{"name":"wp","href":"https:\/\/api.w.org\/{rel}","templated":true}]}}