{"id":20861,"date":"2024-12-09T16:29:24","date_gmt":"2024-12-09T16:29:24","guid":{"rendered":"https:\/\/nembutalman.com\/?page_id=20861"},"modified":"2025-01-23T10:10:59","modified_gmt":"2025-01-23T10:10:59","slug":"rambursare-retururi","status":"publish","type":"page","link":"https:\/\/nembutalman.com\/ro\/rambursare-retururi\/","title":{"rendered":"Politica de rambursare \u0219i returnare"},"content":{"rendered":"<div data-elementor-type=\"wp-page\" data-elementor-id=\"20861\" class=\"elementor elementor-20861\" data-elementor-post-type=\"page\">\n\t\t\t\t<div class=\"elementor-element elementor-element-617b50e e-con-full e-flex e-con e-parent\" data-id=\"617b50e\" data-element_type=\"container\" data-e-type=\"container\" data-settings=\"{&quot;background_background&quot;:&quot;classic&quot;}\">\n\t\t\t\t<div class=\"elementor-element elementor-element-050d4fa wd-width-100 elementor-widget elementor-widget-wd_title\" data-id=\"050d4fa\" data-element_type=\"widget\" data-e-type=\"widget\" data-widget_type=\"wd_title.default\">\n\t\t\t\t<div class=\"elementor-widget-container\">\n\t\t\t\t\t\t\t<div class=\"title-wrapper wd-set-mb reset-last-child wd-title-color-default wd-title-style-default wd-title-size-default text-left\">\n\n\t\t\t\t\t\t\t\t\t\t\t<div class=\"title-subtitle subtitle-color-default subtitle-style-background wd-fontsize-xs\">\n\t\t\t\t\tClient <strong>Satisfac\u021bie garantat\u0103<\/strong>\t\t\t\t<\/div>\n\t\t\t\n\t\t\t<div class=\"liner-continer\">\n\t\t\t\t<h4 class=\"woodmart-title-container title wd-fontsize-l\"><\/h4> \n\t\t\t\t\t\t\t<\/div>\n\n\t\t\t\t\t\t\t<div class=\"title-after_title reset-last-child wd-fontsize-xs\">\n\t\t\t\t\t<ul><li>La <a href=\"https:\/\/nembutalman.com\/ro\/\"><strong>La Nembutal Mann<\/strong><\/a>, ne str\u0103duim s\u0103 asigur\u0103m o experien\u021b\u0103 f\u0103r\u0103 cusur pentru clien\u021bii no\u0219tri. Dac\u0103 sunte\u021bi nemul\u021bumit de achizi\u021bia dvs. sau \u00eent\u00e2mpina\u021bi o problem\u0103, Politica noastr\u0103 de rambursare \u0219i returnare descrie drepturile dvs. \u0219i modul \u00een care v\u0103 putem ajuta.<\/li><li>V\u0103 pute\u021bi conecta la <a href=\"https:\/\/nembutalman.com\/ro\/cont\/\">Pagina contului<\/a> pentru a vedea ordinea pe care dori\u021bi s\u0103 o \u00eentoarce\u021bi.<\/li><\/ul>\t\t\t\t<\/div>\n\t\t\t\t\t<\/div>\n\t\t\t\t\t\t<\/div>\n\t\t\t\t<\/div>\n\t\t\t\t<div class=\"elementor-element elementor-element-b42523b elementor-widget-divider--view-line elementor-widget elementor-widget-divider\" data-id=\"b42523b\" data-element_type=\"widget\" data-e-type=\"widget\" data-widget_type=\"divider.default\">\n\t\t\t\t<div class=\"elementor-widget-container\">\n\t\t\t\t\t\t\t<div class=\"elementor-divider\">\n\t\t\t<span class=\"elementor-divider-separator\">\n\t\t\t\t\t\t<\/span>\n\t\t<\/div>\n\t\t\t\t\t\t<\/div>\n\t\t\t\t<\/div>\n\t\t\t\t<div class=\"elementor-element elementor-element-8c295c6 wd-width-100 elementor-widget elementor-widget-wd_title\" data-id=\"8c295c6\" data-element_type=\"widget\" data-e-type=\"widget\" data-widget_type=\"wd_title.default\">\n\t\t\t\t<div class=\"elementor-widget-container\">\n\t\t\t\t\t\t\t<div class=\"title-wrapper wd-set-mb reset-last-child wd-title-color-default wd-title-style-default wd-title-size-default text-left\">\n\n\t\t\t\t\t\t\t\t\t\t\t<div class=\"title-subtitle subtitle-color-default subtitle-style-background wd-fontsize-xs\">\n\t\t\t\t\tEligibilitatea pentru return\u0103ri\t\t\t\t<\/div>\n\t\t\t\n\t\t\t<div class=\"liner-continer\">\n\t\t\t\t<h4 class=\"woodmart-title-container title wd-fontsize-l\"><\/h4> \n\t\t\t\t\t\t\t<\/div>\n\n\t\t\t\t\t\t\t<div class=\"title-after_title reset-last-child wd-fontsize-xs\">\n\t\t\t\t\t<ul><li><p>Accept\u0103m retururi \u00een urm\u0103toarele condi\u021bii:<\/p><ul><li>Produsul este neutilizat, nedeschis \u0219i \u00een ambalajul s\u0103u original.<\/li><li>Cererea de returnare este ini\u021biat\u0103 \u00een termen de 14 zile de la livrare.<\/li><li>Se furnizeaz\u0103 dovada achizi\u021biei, cum ar fi o confirmare de comand\u0103 sau o chitan\u021b\u0103.<\/li><\/ul><p><strong>Not\u0103:<\/strong> Anumite articole pot s\u0103 nu fie eligibile pentru returnare din motive de siguran\u021b\u0103 sau reglementare. V\u0103 rug\u0103m s\u0103 contacta\u021bi echipa noastr\u0103 de asisten\u021b\u0103 pentru clarific\u0103ri.<\/p><\/li><\/ul>\t\t\t\t<\/div>\n\t\t\t\t\t<\/div>\n\t\t\t\t\t\t<\/div>\n\t\t\t\t<\/div>\n\t\t\t\t<div class=\"elementor-element elementor-element-911a669 elementor-widget-divider--view-line elementor-widget elementor-widget-divider\" data-id=\"911a669\" data-element_type=\"widget\" data-e-type=\"widget\" data-widget_type=\"divider.default\">\n\t\t\t\t<div class=\"elementor-widget-container\">\n\t\t\t\t\t\t\t<div class=\"elementor-divider\">\n\t\t\t<span class=\"elementor-divider-separator\">\n\t\t\t\t\t\t<\/span>\n\t\t<\/div>\n\t\t\t\t\t\t<\/div>\n\t\t\t\t<\/div>\n\t\t\t\t<div class=\"elementor-element elementor-element-0e402dd wd-width-100 elementor-widget elementor-widget-wd_title\" data-id=\"0e402dd\" data-element_type=\"widget\" data-e-type=\"widget\" data-widget_type=\"wd_title.default\">\n\t\t\t\t<div class=\"elementor-widget-container\">\n\t\t\t\t\t\t\t<div class=\"title-wrapper wd-set-mb reset-last-child wd-title-color-default wd-title-style-default wd-title-size-default text-left\">\n\n\t\t\t\t\t\t\t\t\t\t\t<div class=\"title-subtitle subtitle-color-default subtitle-style-background wd-fontsize-xs\">\n\t\t\t\t\tPolitica de rambursare\t\t\t\t<\/div>\n\t\t\t\n\t\t\t<div class=\"liner-continer\">\n\t\t\t\t<h4 class=\"woodmart-title-container title wd-fontsize-l\"><\/h4> \n\t\t\t\t\t\t\t<\/div>\n\n\t\t\t\t\t\t\t<div class=\"title-after_title reset-last-child wd-fontsize-xs\">\n\t\t\t\t\t<p>Restituirile sunt emise pentru return\u0103rile aprobate \u00een conformitate cu aceste orient\u0103ri:<\/p><ul><li><strong>Ramburs\u0103ri integrale:<\/strong> Eliberat pentru articolele returnate \u00een starea lor original\u0103.<\/li><li><strong>Ramburs\u0103ri par\u021biale:<\/strong> Se aplic\u0103 articolelor care au fost deteriorate \u00een timpul transportului sau care au componente lips\u0103.<\/li><\/ul><p>Restituirile vor fi procesate \u00een termen de 5-10 zile lucr\u0103toare de la primirea \u0219i inspectarea articolului returnat.<\/p><p>\u00a0<\/p>\t\t\t\t<\/div>\n\t\t\t\t\t<\/div>\n\t\t\t\t\t\t<\/div>\n\t\t\t\t<\/div>\n\t\t\t\t<div class=\"elementor-element elementor-element-da64a50 wd-width-100 elementor-widget elementor-widget-wd_title\" data-id=\"da64a50\" data-element_type=\"widget\" data-e-type=\"widget\" data-widget_type=\"wd_title.default\">\n\t\t\t\t<div class=\"elementor-widget-container\">\n\t\t\t\t\t\t\t<div class=\"title-wrapper wd-set-mb reset-last-child wd-title-color-default wd-title-style-default wd-title-size-default text-left\">\n\n\t\t\t\n\t\t\t<div class=\"liner-continer\">\n\t\t\t\t<h4 class=\"woodmart-title-container title wd-fontsize-l\">Cum s\u0103 solicita\u021bi o returnare sau o rambursare<\/h4> \n\t\t\t\t\t\t\t<\/div>\n\n\t\t\t\t\t\t\t<div class=\"title-after_title reset-last-child wd-fontsize-xs\">\n\t\t\t\t\t<ol><li><strong>Contacta\u021bi-ne<\/strong>: Trimite\u021bi-ne un e-mail la <strong><a rel=\"noopener\">service@nembutalman.com<\/a><\/strong> sau utiliza\u021bi formularul nostru de contact pentru a ini\u021bia procesul.<\/li><li><strong>Furniza\u021bi detalii<\/strong>: Include\u021bi num\u0103rul comenzii, motivul return\u0103rii \u0219i orice fotografii relevante (dac\u0103 este cazul).<\/li><li><strong>Autoriza\u021bie de retur<\/strong>: A\u0219tepta\u021bi o autoriza\u021bie de returnare \u0219i instruc\u021biuni de expediere de la echipa noastr\u0103 de asisten\u021b\u0103.<\/li><li><strong>Expedia\u021bi articolul<\/strong>: Ambala\u021bi produsul \u00een siguran\u021b\u0103 \u0219i expedia\u021bi-l la adresa furnizat\u0103.<\/li><\/ol>\t\t\t\t<\/div>\n\t\t\t\t\t<\/div>\n\t\t\t\t\t\t<\/div>\n\t\t\t\t<\/div>\n\t\t\t\t<div class=\"elementor-element elementor-element-8319d8c elementor-widget-divider--view-line elementor-widget elementor-widget-divider\" data-id=\"8319d8c\" data-element_type=\"widget\" data-e-type=\"widget\" data-widget_type=\"divider.default\">\n\t\t\t\t<div class=\"elementor-widget-container\">\n\t\t\t\t\t\t\t<div class=\"elementor-divider\">\n\t\t\t<span class=\"elementor-divider-separator\">\n\t\t\t\t\t\t<\/span>\n\t\t<\/div>\n\t\t\t\t\t\t<\/div>\n\t\t\t\t<\/div>\n\t\t\t\t<div class=\"elementor-element elementor-element-859d9d1 wd-width-100 elementor-widget elementor-widget-wd_title\" data-id=\"859d9d1\" data-element_type=\"widget\" data-e-type=\"widget\" data-widget_type=\"wd_title.default\">\n\t\t\t\t<div class=\"elementor-widget-container\">\n\t\t\t\t\t\t\t<div class=\"title-wrapper wd-set-mb reset-last-child wd-title-color-default wd-title-style-default wd-title-size-default text-left\">\n\n\t\t\t\t\t\t\t\t\t\t\t<div class=\"title-subtitle subtitle-color-default subtitle-style-background wd-fontsize-xs\">\n\t\t\t\t\tCosturi de expediere pentru return\u0103ri\t\t\t\t<\/div>\n\t\t\t\n\t\t\t<div class=\"liner-continer\">\n\t\t\t\t<h4 class=\"woodmart-title-container title wd-fontsize-l\"><\/h4> \n\t\t\t\t\t\t\t<\/div>\n\n\t\t\t\t\t\t\t<div class=\"title-after_title reset-last-child wd-fontsize-xs\">\n\t\t\t\t\t<ul><li>Clien\u021bii sunt responsabili pentru taxele de expediere \u00eenapoi, cu excep\u021bia cazului \u00een care returnarea se datoreaz\u0103 unei erori din partea noastr\u0103 (de exemplu, un articol gre\u0219it expediat).<\/li><li>V\u0103 recomand\u0103m s\u0103 utiliza\u021bi o metod\u0103 de expediere trasabil\u0103 pentru a asigura livrarea \u00een siguran\u021b\u0103.<\/li><\/ul>\t\t\t\t<\/div>\n\t\t\t\t\t<\/div>\n\t\t\t\t\t\t<\/div>\n\t\t\t\t<\/div>\n\t\t\t\t<div class=\"elementor-element elementor-element-b2f8309 elementor-widget-divider--view-line elementor-widget elementor-widget-divider\" data-id=\"b2f8309\" data-element_type=\"widget\" data-e-type=\"widget\" data-widget_type=\"divider.default\">\n\t\t\t\t<div class=\"elementor-widget-container\">\n\t\t\t\t\t\t\t<div class=\"elementor-divider\">\n\t\t\t<span class=\"elementor-divider-separator\">\n\t\t\t\t\t\t<\/span>\n\t\t<\/div>\n\t\t\t\t\t\t<\/div>\n\t\t\t\t<\/div>\n\t\t\t\t<div class=\"elementor-element elementor-element-7687650 wd-width-100 elementor-widget elementor-widget-wd_title\" data-id=\"7687650\" data-element_type=\"widget\" data-e-type=\"widget\" data-widget_type=\"wd_title.default\">\n\t\t\t\t<div class=\"elementor-widget-container\">\n\t\t\t\t\t\t\t<div class=\"title-wrapper wd-set-mb reset-last-child wd-title-color-default wd-title-style-default wd-title-size-default text-left\">\n\n\t\t\t\t\t\t\t\t\t\t\t<div class=\"title-subtitle subtitle-color-default subtitle-style-background wd-fontsize-xs\">\n\t\t\t\t\tArticole nerambursabile\t\t\t\t<\/div>\n\t\t\t\n\t\t\t<div class=\"liner-continer\">\n\t\t\t\t<h4 class=\"woodmart-title-container title wd-fontsize-l\"><\/h4> \n\t\t\t\t\t\t\t<\/div>\n\n\t\t\t\t\t\t\t<div class=\"title-after_title reset-last-child wd-fontsize-xs\">\n\t\t\t\t\t<p>Nu oferim ramburs\u0103ri pentru:<\/p><ul><li>Produse achizi\u021bionate f\u0103r\u0103 autoriza\u021bie prealabil\u0103.<\/li><li>Articole care au fost folosite, deschise sau falsificate.<\/li><li>Comenzi re\u021binute sau confiscate de vam\u0103 din cauza unor probleme de reglementare.<\/li><\/ul><p>\u00a0<\/p>\t\t\t\t<\/div>\n\t\t\t\t\t<\/div>\n\t\t\t\t\t\t<\/div>\n\t\t\t\t<\/div>\n\t\t\t\t<div class=\"elementor-element elementor-element-48d0e82 elementor-widget-divider--view-line elementor-widget elementor-widget-divider\" data-id=\"48d0e82\" data-element_type=\"widget\" data-e-type=\"widget\" data-widget_type=\"divider.default\">\n\t\t\t\t<div class=\"elementor-widget-container\">\n\t\t\t\t\t\t\t<div class=\"elementor-divider\">\n\t\t\t<span class=\"elementor-divider-separator\">\n\t\t\t\t\t\t<\/span>\n\t\t<\/div>\n\t\t\t\t\t\t<\/div>\n\t\t\t\t<\/div>\n\t\t\t\t<div class=\"elementor-element elementor-element-c9dff48 wd-width-100 elementor-widget elementor-widget-wd_title\" data-id=\"c9dff48\" data-element_type=\"widget\" data-e-type=\"widget\" data-widget_type=\"wd_title.default\">\n\t\t\t\t<div class=\"elementor-widget-container\">\n\t\t\t\t\t\t\t<div class=\"title-wrapper wd-set-mb reset-last-child wd-title-color-default wd-title-style-default wd-title-size-default text-left\">\n\n\t\t\t\t\t\t\t\t\t\t\t<div class=\"title-subtitle subtitle-color-default subtitle-style-background wd-fontsize-xs\">\n\t\t\t\t\tProduse deteriorate sau defecte\t\t\t\t<\/div>\n\t\t\t\n\t\t\t<div class=\"liner-continer\">\n\t\t\t\t<h4 class=\"woodmart-title-container title wd-fontsize-l\"><\/h4> \n\t\t\t\t\t\t\t<\/div>\n\n\t\t\t\t\t\t\t<div class=\"title-after_title reset-last-child wd-fontsize-xs\">\n\t\t\t\t\t<ul><li>Dac\u0103 primi\u021bi un produs deteriorat sau defect, v\u0103 rug\u0103m s\u0103 ne contacta\u021bi imediat. Putem oferi o \u00eenlocuire sau o rambursare complet\u0103, \u00een func\u021bie de situa\u021bie.<\/li><\/ul>\t\t\t\t<\/div>\n\t\t\t\t\t<\/div>\n\t\t\t\t\t\t<\/div>\n\t\t\t\t<\/div>\n\t\t\t\t<\/div>\n\t\t\t\t<\/div>","protected":false},"excerpt":{"rendered":"<p>Customer Satisfaction Guaranteed At Nembutal Mann, we strive to ensure a seamless experience for our customers. If you are unsatisfied<\/p>","protected":false},"author":13,"featured_media":0,"parent":0,"menu_order":0,"comment_status":"closed","ping_status":"closed","template":"","meta":{"footnotes":""},"class_list":["post-20861","page","type-page","status-publish","hentry"],"yoast_head":"<!-- This site is optimized with the Yoast SEO Premium plugin v24.2 (Yoast SEO v27.3) - https:\/\/yoast.com\/product\/yoast-seo-premium-wordpress\/ -->\n<title>Refund and Return Policy - Nembutal Mann<\/title>\n<meta name=\"description\" content=\"Learn about Nembutal Mann&#039;s refund and return policy. Hassle-free returns and customer-first solutions to ensure satisfaction.\" \/>\n<meta name=\"robots\" content=\"index, follow, max-snippet:-1, max-image-preview:large, max-video-preview:-1\" \/>\n<link rel=\"canonical\" href=\"https:\/\/nembutalman.com\/ro\/rambursare-retururi\/\" \/>\n<meta property=\"og:locale\" content=\"ro_RO\" \/>\n<meta property=\"og:type\" content=\"article\" \/>\n<meta property=\"og:title\" content=\"Refund and Return Policy\" \/>\n<meta property=\"og:description\" content=\"Learn about Nembutal Mann&#039;s refund and return policy. Hassle-free returns and customer-first solutions to ensure satisfaction.\" \/>\n<meta property=\"og:url\" content=\"https:\/\/nembutalman.com\/ro\/rambursare-retururi\/\" \/>\n<meta property=\"og:site_name\" content=\"Nembutal Mann\" \/>\n<meta property=\"article:modified_time\" content=\"2025-01-23T10:10:59+00:00\" \/>\n<meta name=\"twitter:card\" content=\"summary_large_image\" \/>\n<meta name=\"twitter:label1\" content=\"Timp estimat pentru citire\" \/>\n\t<meta name=\"twitter:data1\" content=\"2 minute\" \/>\n<script type=\"application\/ld+json\" class=\"yoast-schema-graph\">{\"@context\":\"https:\\\/\\\/schema.org\",\"@graph\":[{\"@type\":\"WebPage\",\"@id\":\"https:\\\/\\\/nembutalman.com\\\/refund-returns\\\/\",\"url\":\"https:\\\/\\\/nembutalman.com\\\/refund-returns\\\/\",\"name\":\"Refund and Return Policy - Nembutal Mann\",\"isPartOf\":{\"@id\":\"https:\\\/\\\/nembutalman.com\\\/#website\"},\"datePublished\":\"2024-12-09T16:29:24+00:00\",\"dateModified\":\"2025-01-23T10:10:59+00:00\",\"description\":\"Learn about Nembutal Mann's refund and return policy. Hassle-free returns and customer-first solutions to ensure satisfaction.\",\"breadcrumb\":{\"@id\":\"https:\\\/\\\/nembutalman.com\\\/refund-returns\\\/#breadcrumb\"},\"inLanguage\":\"ro-RO\",\"potentialAction\":[{\"@type\":\"ReadAction\",\"target\":[\"https:\\\/\\\/nembutalman.com\\\/refund-returns\\\/\"]}]},{\"@type\":\"BreadcrumbList\",\"@id\":\"https:\\\/\\\/nembutalman.com\\\/refund-returns\\\/#breadcrumb\",\"itemListElement\":[{\"@type\":\"ListItem\",\"position\":1,\"name\":\"Home\",\"item\":\"https:\\\/\\\/nembutalman.com\\\/\"},{\"@type\":\"ListItem\",\"position\":2,\"name\":\"Refund and Return Policy\"}]},{\"@type\":\"WebSite\",\"@id\":\"https:\\\/\\\/nembutalman.com\\\/#website\",\"url\":\"https:\\\/\\\/nembutalman.com\\\/\",\"name\":\"Nembutal Mann\",\"description\":\"Nembutal Kaufen Deutschland\",\"publisher\":{\"@id\":\"https:\\\/\\\/nembutalman.com\\\/#organization\"},\"potentialAction\":[{\"@type\":\"SearchAction\",\"target\":{\"@type\":\"EntryPoint\",\"urlTemplate\":\"https:\\\/\\\/nembutalman.com\\\/?s={search_term_string}\"},\"query-input\":{\"@type\":\"PropertyValueSpecification\",\"valueRequired\":true,\"valueName\":\"search_term_string\"}}],\"inLanguage\":\"ro-RO\"},{\"@type\":\"Organization\",\"@id\":\"https:\\\/\\\/nembutalman.com\\\/#organization\",\"name\":\"Nembutal Mann\",\"url\":\"https:\\\/\\\/nembutalman.com\\\/\",\"logo\":{\"@type\":\"ImageObject\",\"inLanguage\":\"ro-RO\",\"@id\":\"https:\\\/\\\/nembutalman.com\\\/#\\\/schema\\\/logo\\\/image\\\/\",\"url\":\"https:\\\/\\\/nembutalman.com\\\/wp-content\\\/uploads\\\/2024\\\/11\\\/Untitled-design.png\",\"contentUrl\":\"https:\\\/\\\/nembutalman.com\\\/wp-content\\\/uploads\\\/2024\\\/11\\\/Untitled-design.png\",\"width\":650,\"height\":250,\"caption\":\"Nembutal Mann\"},\"image\":{\"@id\":\"https:\\\/\\\/nembutalman.com\\\/#\\\/schema\\\/logo\\\/image\\\/\"}}]}<\/script>\n<!-- \/ Yoast SEO Premium plugin. -->","yoast_head_json":{"title":"Politica de rambursare \u0219i returnare - Nembutal Mann","description":"Afla\u021bi despre politica de rambursare \u0219i returnare a Nembutal Mann. Retururi f\u0103r\u0103 probleme \u0219i solu\u021bii orientate c\u0103tre client pentru a asigura satisfac\u021bia.","robots":{"index":"index","follow":"follow","max-snippet":"max-snippet:-1","max-image-preview":"max-image-preview:large","max-video-preview":"max-video-preview:-1"},"canonical":"https:\/\/nembutalman.com\/ro\/rambursare-retururi\/","og_locale":"ro_RO","og_type":"article","og_title":"Refund and Return Policy","og_description":"Learn about Nembutal Mann's refund and return policy. Hassle-free returns and customer-first solutions to ensure satisfaction.","og_url":"https:\/\/nembutalman.com\/ro\/rambursare-retururi\/","og_site_name":"Nembutal Mann","article_modified_time":"2025-01-23T10:10:59+00:00","twitter_card":"summary_large_image","twitter_misc":{"Timp estimat pentru citire":"2 minute"},"schema":{"@context":"https:\/\/schema.org","@graph":[{"@type":"WebPage","@id":"https:\/\/nembutalman.com\/refund-returns\/","url":"https:\/\/nembutalman.com\/refund-returns\/","name":"Politica de rambursare \u0219i returnare - Nembutal Mann","isPartOf":{"@id":"https:\/\/nembutalman.com\/#website"},"datePublished":"2024-12-09T16:29:24+00:00","dateModified":"2025-01-23T10:10:59+00:00","description":"Afla\u021bi despre politica de rambursare \u0219i returnare a Nembutal Mann. Retururi f\u0103r\u0103 probleme \u0219i solu\u021bii orientate c\u0103tre client pentru a asigura satisfac\u021bia.","breadcrumb":{"@id":"https:\/\/nembutalman.com\/refund-returns\/#breadcrumb"},"inLanguage":"ro-RO","potentialAction":[{"@type":"ReadAction","target":["https:\/\/nembutalman.com\/refund-returns\/"]}]},{"@type":"BreadcrumbList","@id":"https:\/\/nembutalman.com\/refund-returns\/#breadcrumb","itemListElement":[{"@type":"ListItem","position":1,"name":"Home","item":"https:\/\/nembutalman.com\/"},{"@type":"ListItem","position":2,"name":"Refund and Return Policy"}]},{"@type":"WebSite","@id":"https:\/\/nembutalman.com\/#website","url":"https:\/\/nembutalman.com\/","name":"La Nembutal Mann","description":"Nembutal Kaufen Deutschland","publisher":{"@id":"https:\/\/nembutalman.com\/#organization"},"potentialAction":[{"@type":"SearchAction","target":{"@type":"EntryPoint","urlTemplate":"https:\/\/nembutalman.com\/?s={search_term_string}"},"query-input":{"@type":"PropertyValueSpecification","valueRequired":true,"valueName":"search_term_string"}}],"inLanguage":"ro-RO"},{"@type":"Organization","@id":"https:\/\/nembutalman.com\/#organization","name":"La Nembutal Mann","url":"https:\/\/nembutalman.com\/","logo":{"@type":"ImageObject","inLanguage":"ro-RO","@id":"https:\/\/nembutalman.com\/#\/schema\/logo\/image\/","url":"https:\/\/nembutalman.com\/wp-content\/uploads\/2024\/11\/Untitled-design.png","contentUrl":"https:\/\/nembutalman.com\/wp-content\/uploads\/2024\/11\/Untitled-design.png","width":650,"height":250,"caption":"Nembutal Mann"},"image":{"@id":"https:\/\/nembutalman.com\/#\/schema\/logo\/image\/"}}]}},"_links":{"self":[{"href":"https:\/\/nembutalman.com\/ro\/wp-json\/wp\/v2\/pages\/20861","targetHints":{"allow":["GET"]}}],"collection":[{"href":"https:\/\/nembutalman.com\/ro\/wp-json\/wp\/v2\/pages"}],"about":[{"href":"https:\/\/nembutalman.com\/ro\/wp-json\/wp\/v2\/types\/page"}],"author":[{"embeddable":true,"href":"https:\/\/nembutalman.com\/ro\/wp-json\/wp\/v2\/users\/13"}],"replies":[{"embeddable":true,"href":"https:\/\/nembutalman.com\/ro\/wp-json\/wp\/v2\/comments?post=20861"}],"version-history":[{"count":0,"href":"https:\/\/nembutalman.com\/ro\/wp-json\/wp\/v2\/pages\/20861\/revisions"}],"wp:attachment":[{"href":"https:\/\/nembutalman.com\/ro\/wp-json\/wp\/v2\/media?parent=20861"}],"curies":[{"name":"wp","href":"https:\/\/api.w.org\/{rel}","templated":true}]}}