{"id":20710,"date":"2024-12-05T14:49:37","date_gmt":"2024-12-05T14:49:37","guid":{"rendered":"https:\/\/nembutalman.com\/?page_id=20710"},"modified":"2025-01-22T12:56:50","modified_gmt":"2025-01-22T12:56:50","slug":"om-oss","status":"publish","type":"page","link":"https:\/\/nembutalman.com\/sv\/om-oss\/","title":{"rendered":"Om oss"},"content":{"rendered":"<div data-elementor-type=\"wp-page\" data-elementor-id=\"20710\" class=\"elementor elementor-20710\" data-elementor-post-type=\"page\">\n\t\t\t\t<div class=\"wd-negative-gap elementor-element elementor-element-c627e70 e-flex e-con-boxed e-con e-parent\" data-id=\"c627e70\" data-element_type=\"container\" data-e-type=\"container\">\n\t\t\t\t\t<div class=\"e-con-inner\">\n\t\t\t\t<div class=\"elementor-element elementor-element-c4b82c3 elementor-widget elementor-widget-image\" data-id=\"c4b82c3\" data-element_type=\"widget\" data-e-type=\"widget\" data-widget_type=\"image.default\">\n\t\t\t\t<div class=\"elementor-widget-container\">\n\t\t\t\t\t\t\t\t\t\t\t\t\t\t\t<img fetchpriority=\"high\" decoding=\"async\" width=\"1000\" height=\"750\" src=\"https:\/\/nembutalman.com\/wp-content\/uploads\/2024\/12\/About_us.jpg\" class=\"attachment-large size-large wp-image-20712\" alt=\"Om oss | Nembutalman - p\u00e5litlig resurs f\u00f6r information om Nembutal\" srcset=\"https:\/\/nembutalman.com\/wp-content\/uploads\/2024\/12\/About_us.jpg 1000w, https:\/\/nembutalman.com\/wp-content\/uploads\/2024\/12\/About_us-400x300.jpg 400w, https:\/\/nembutalman.com\/wp-content\/uploads\/2024\/12\/About_us-768x576.jpg 768w, https:\/\/nembutalman.com\/wp-content\/uploads\/2024\/12\/About_us-430x323.jpg 430w, https:\/\/nembutalman.com\/wp-content\/uploads\/2024\/12\/About_us-700x525.jpg 700w, https:\/\/nembutalman.com\/wp-content\/uploads\/2024\/12\/About_us-150x113.jpg 150w\" sizes=\"(max-width: 1000px) 100vw, 1000px\" \/>\t\t\t\t\t\t\t\t\t\t\t\t\t\t\t<\/div>\n\t\t\t\t<\/div>\n\t\t\t\t\t<\/div>\n\t\t\t\t<\/div>\n\t\t<div class=\"wd-negative-gap elementor-element elementor-element-2b6a8ac e-flex e-con-boxed e-con e-parent\" data-id=\"2b6a8ac\" data-element_type=\"container\" data-e-type=\"container\">\n\t\t\t\t\t<div class=\"e-con-inner\">\n\t\t<div class=\"elementor-element elementor-element-5c5f7bd e-con-full e-flex e-con e-child\" data-id=\"5c5f7bd\" data-element_type=\"container\" data-e-type=\"container\" data-settings=\"{&quot;background_background&quot;:&quot;classic&quot;}\">\n\t\t\t\t<div class=\"elementor-element elementor-element-be66a3c wd-width-100 elementor-widget elementor-widget-wd_title\" data-id=\"be66a3c\" data-element_type=\"widget\" data-e-type=\"widget\" data-widget_type=\"wd_title.default\">\n\t\t\t\t<div class=\"elementor-widget-container\">\n\t\t\t\t\t\t\t<div class=\"title-wrapper wd-set-mb reset-last-child wd-title-color-white wd-title-style-default wd-title-size-default text-left\">\n\n\t\t\t\n\t\t\t<div class=\"liner-continer\">\n\t\t\t\t<h4 class=\"woodmart-title-container title wd-fontsize-l\"><b>Vem<\/b> Vi \u00e4r<\/h4> \n\t\t\t\t\t\t\t<\/div>\n\n\t\t\t\t\t\t\t<div class=\"title-after_title reset-last-child wd-fontsize-xs\">\n\t\t\t\t\t<p>V\u00e4lkommen till <span style=\"color: #c1d43a\"><a href=\"https:\/\/nembutalman.com\/sv\/\"><strong>Hos Nembutal Mann<\/strong><\/a><\/span>Om du vill veta mer om oss \u00e4r vi en p\u00e5litlig leverant\u00f6r av korrekt och fullst\u00e4ndig information om Nembutal (natriumpentobarbital). V\u00e5rt uppdrag \u00e4r att utbilda, informera och st\u00e4rka individer som s\u00f6ker tillf\u00f6rlitliga insikter om denna allm\u00e4nt erk\u00e4nda substans, dess till\u00e4mpningar och dess konsekvenser.<\/p><p>Nembutal Mann \u00e4r en licensierad onlineplattform som \u00e4r dedikerad till att tillhandah\u00e5lla kompetenta och medk\u00e4nnande eutanasi tj\u00e4nster i hela Europa. Med Huib Drions vision som drivkraft arbetar v\u00e5rt team av pr\u00e4ster och medicinsk personal f\u00f6r r\u00e4tten till en v\u00e4rdig d\u00f6d. Vi hj\u00e4lper dem som lider av demens och andra d\u00f6dliga sjukdomar att fatta v\u00e4linformerade beslut om sina sista dagar. Vi tillhandah\u00e5ller v\u00e5ra tj\u00e4nster med st\u00f6rsta omsorg och respekt eftersom vi v\u00e4rdes\u00e4tter diskretion och f\u00f6rtroende. Vi erbjuder ocks\u00e5 utbildningsmaterial f\u00f6r att hj\u00e4lpa dig att fatta de b\u00e4sta besluten och st\u00f6der aktivt legaliseringen av eutanasi i Europa. <br \/>Vi uppskattar ert f\u00f6rtroende f\u00f6r Nembutal Mann under denna viktiga livsomst\u00e4llning.<\/p>\t\t\t\t<\/div>\n\t\t\t\t\t<\/div>\n\t\t\t\t\t\t<\/div>\n\t\t\t\t<\/div>\n\t\t\t\t<\/div>\n\t\t<div class=\"elementor-element elementor-element-b6402df e-con-full e-flex e-con e-child\" data-id=\"b6402df\" data-element_type=\"container\" data-e-type=\"container\">\n\t\t\t\t<div class=\"elementor-element elementor-element-9ee9c10 elementor-widget elementor-widget-n-accordion\" data-id=\"9ee9c10\" data-element_type=\"widget\" data-e-type=\"widget\" data-settings=\"{&quot;max_items_expended&quot;:&quot;multiple&quot;,&quot;default_state&quot;:&quot;expanded&quot;,&quot;n_accordion_animation_duration&quot;:{&quot;unit&quot;:&quot;ms&quot;,&quot;size&quot;:400,&quot;sizes&quot;:[]}}\" data-widget_type=\"nested-accordion.default\">\n\t\t\t\t<div class=\"elementor-widget-container\">\n\t\t\t\t\t\t\t<div class=\"e-n-accordion\" aria-label=\"Dragspel. \u00d6ppna l\u00e4nkar med Enter eller Space, st\u00e4ng med Escape och navigera med piltangenterna\">\n\t\t\t\t\t\t<details id=\"e-n-accordion-item-1660\" class=\"e-n-accordion-item\" open>\n\t\t\t\t<summary class=\"e-n-accordion-item-title\" data-accordion-index=\"1\" tabindex=\"0\" aria-expanded=\"true\" aria-controls=\"e-n-accordion-item-1660\" >\n\t\t\t\t\t<span class='e-n-accordion-item-title-header'><div class=\"e-n-accordion-item-title-text\"> V\u00e5rt \u00e5tagande <\/div><\/span>\n\t\t\t\t\t\t\t<span class='e-n-accordion-item-title-icon'>\n\t\t\t<span class='e-opened' ><i aria-hidden=\"true\" class=\"fas fa-stop-circle\"><\/i><\/span>\n\t\t\t<span class='e-closed'><i aria-hidden=\"true\" class=\"fas fa-play-circle\"><\/i><\/span>\n\t\t<\/span>\n\n\t\t\t\t\t\t<\/summary>\n\t\t\t\t<div role=\"region\" aria-labelledby=\"e-n-accordion-item-1660\" class=\"elementor-element elementor-element-d109327 e-con-full e-flex e-con e-child\" data-id=\"d109327\" data-element_type=\"container\" data-e-type=\"container\">\n\t\t\t\t<div class=\"elementor-element elementor-element-b84c7bf elementor-widget elementor-widget-wd_text_block\" data-id=\"b84c7bf\" data-element_type=\"widget\" data-e-type=\"widget\" data-widget_type=\"wd_text_block.default\">\n\t\t\t\t<div class=\"elementor-widget-container\">\n\t\t\t\t\t\t\t<div class=\"wd-text-block reset-last-child text-left color-title\">\n\t\t\t\n\t\t\t<p>Vi prioriterar transparens, professionalism och noggrannhet i allt v\u00e5rt inneh\u00e5ll. Oavsett om du \u00e4r sjukv\u00e5rdspersonal, forskare eller en individ som utforskar alternativ, fungerar v\u00e5r plattform som en p\u00e5litlig resurs f\u00f6r att l\u00e4ra dig mer om:<\/p><ul><li>Anv\u00e4ndning av Nembutal f\u00f6r medicinskt och veterin\u00e4rmedicinskt bruk.<\/li><li>Riktlinjer f\u00f6r korrekt dosering och administrering.<\/li><li>Juridiska best\u00e4mmelser och etiska \u00f6verv\u00e4ganden.<\/li><\/ul><p>V\u00e5rt inneh\u00e5ll \u00e4r noggrant granskat och f\u00f6ljer strikta standarder f\u00f6r att s\u00e4kerst\u00e4lla att du bara f\u00e5r den mest korrekta och relevanta informationen.<\/p>\n\t\t\t\t\t<\/div>\n\t\t\t\t\t\t<\/div>\n\t\t\t\t<\/div>\n\t\t\t\t<\/div>\n\t\t\t\t\t<\/details>\n\t\t\t\t\t\t<details id=\"e-n-accordion-item-1661\" class=\"e-n-accordion-item\" >\n\t\t\t\t<summary class=\"e-n-accordion-item-title\" data-accordion-index=\"2\" tabindex=\"-1\" aria-expanded=\"false\" aria-controls=\"e-n-accordion-item-1661\" >\n\t\t\t\t\t<span class='e-n-accordion-item-title-header'><div class=\"e-n-accordion-item-title-text\"> Varf\u00f6r v\u00e4lja oss? <\/div><\/span>\n\t\t\t\t\t\t\t<span class='e-n-accordion-item-title-icon'>\n\t\t\t<span class='e-opened' ><i aria-hidden=\"true\" class=\"fas fa-stop-circle\"><\/i><\/span>\n\t\t\t<span class='e-closed'><i aria-hidden=\"true\" class=\"fas fa-play-circle\"><\/i><\/span>\n\t\t<\/span>\n\n\t\t\t\t\t\t<\/summary>\n\t\t\t\t<div role=\"region\" aria-labelledby=\"e-n-accordion-item-1661\" class=\"elementor-element elementor-element-262d7cd e-con-full e-flex e-con e-child\" data-id=\"262d7cd\" data-element_type=\"container\" data-e-type=\"container\">\n\t\t\t\t<div class=\"elementor-element elementor-element-5ec5ffa elementor-widget elementor-widget-wd_text_block\" data-id=\"5ec5ffa\" data-element_type=\"widget\" data-e-type=\"widget\" data-widget_type=\"wd_text_block.default\">\n\t\t\t\t<div class=\"elementor-widget-container\">\n\t\t\t\t\t\t\t<div class=\"wd-text-block reset-last-child text-left color-title\">\n\t\t\t\n\t\t\t<p>Om oss, P\u00e5 Nembutal Mann \u00e4r vi dedikerade till att:<\/p><ul><li><span style=\"color: #225238;\"><strong>Tillhandah\u00e5ller expertis:<\/strong><\/span> V\u00e5rt team arbetar outtr\u00f6ttligt f\u00f6r att leverera v\u00e4l underbyggt och uppdaterat inneh\u00e5ll.<\/li><li><span style=\"color: #225238;\"><strong>Fr\u00e4mja ansvarstagande:<\/strong><\/span> Vi fr\u00e4mjar s\u00e4ker och v\u00e4linformerad anv\u00e4ndning genom utbildning och opinionsbildning.<\/li><li><span style=\"color: #225238;\"><strong>S\u00e4kerst\u00e4lla efterlevnad:<\/strong><\/span> Vi hj\u00e4lper anv\u00e4ndarna att f\u00f6rst\u00e5 <a href=\"https:\/\/www.admin.ch\/gov\/en\/start\/documentation\/media-releases.msg-id-14200.html\">r\u00e4ttsliga och etiska ramar<\/a> omgivande Nembutal i Europa.<\/li><\/ul>\n\t\t\t\t\t<\/div>\n\t\t\t\t\t\t<\/div>\n\t\t\t\t<\/div>\n\t\t\t\t<\/div>\n\t\t\t\t\t<\/details>\n\t\t\t\t\t\t<details id=\"e-n-accordion-item-1662\" class=\"e-n-accordion-item\" >\n\t\t\t\t<summary class=\"e-n-accordion-item-title\" data-accordion-index=\"3\" tabindex=\"-1\" aria-expanded=\"false\" aria-controls=\"e-n-accordion-item-1662\" >\n\t\t\t\t\t<span class='e-n-accordion-item-title-header'><div class=\"e-n-accordion-item-title-text\"> V\u00e5ra v\u00e4rderingar <\/div><\/span>\n\t\t\t\t\t\t\t<span class='e-n-accordion-item-title-icon'>\n\t\t\t<span class='e-opened' ><i aria-hidden=\"true\" class=\"fas fa-stop-circle\"><\/i><\/span>\n\t\t\t<span class='e-closed'><i aria-hidden=\"true\" class=\"fas fa-play-circle\"><\/i><\/span>\n\t\t<\/span>\n\n\t\t\t\t\t\t<\/summary>\n\t\t\t\t<div role=\"region\" aria-labelledby=\"e-n-accordion-item-1662\" class=\"elementor-element elementor-element-ccfe0cf e-con-full e-flex e-con e-child\" data-id=\"ccfe0cf\" data-element_type=\"container\" data-e-type=\"container\">\n\t\t\t\t<div class=\"elementor-element elementor-element-1646fe2 elementor-widget elementor-widget-wd_text_block\" data-id=\"1646fe2\" data-element_type=\"widget\" data-e-type=\"widget\" data-widget_type=\"wd_text_block.default\">\n\t\t\t\t<div class=\"elementor-widget-container\">\n\t\t\t\t\t\t\t<div class=\"wd-text-block reset-last-child text-left color-title\">\n\t\t\t\n\t\t\t<ul><li><span style=\"color: #225238;\"><strong>Integritet:<\/strong><\/span> Uppr\u00e4tth\u00e5lla \u00e4rlighet och noggrannhet i alla aspekter av v\u00e5rt arbete.<\/li><li><span style=\"color: #225238;\"><strong>Medk\u00e4nsla:<\/strong><\/span> Att erk\u00e4nna den k\u00e4nsliga karakt\u00e4ren hos Nembutals applikationer och hantera dem med f\u00f6rsiktighet.<\/li><li><span style=\"color: #225238;\"><strong>Utbildning:<\/strong><\/span> St\u00e4rka individer genom tillg\u00e4nglig och tillf\u00f6rlitlig information.<\/li><\/ul>\n\t\t\t\t\t<\/div>\n\t\t\t\t\t\t<\/div>\n\t\t\t\t<\/div>\n\t\t\t\t<\/div>\n\t\t\t\t\t<\/details>\n\t\t\t\t\t\t<details id=\"e-n-accordion-item-1663\" class=\"e-n-accordion-item\" >\n\t\t\t\t<summary class=\"e-n-accordion-item-title\" data-accordion-index=\"4\" tabindex=\"-1\" aria-expanded=\"false\" aria-controls=\"e-n-accordion-item-1663\" >\n\t\t\t\t\t<span class='e-n-accordion-item-title-header'><div class=\"e-n-accordion-item-title-text\"> V\u00e5r vision <\/div><\/span>\n\t\t\t\t\t\t\t<span class='e-n-accordion-item-title-icon'>\n\t\t\t<span class='e-opened' ><i aria-hidden=\"true\" class=\"fas fa-stop-circle\"><\/i><\/span>\n\t\t\t<span class='e-closed'><i aria-hidden=\"true\" class=\"fas fa-play-circle\"><\/i><\/span>\n\t\t<\/span>\n\n\t\t\t\t\t\t<\/summary>\n\t\t\t\t<div role=\"region\" aria-labelledby=\"e-n-accordion-item-1663\" class=\"elementor-element elementor-element-bbc973d e-con-full e-flex e-con e-child\" data-id=\"bbc973d\" data-element_type=\"container\" data-e-type=\"container\">\n\t\t\t\t<div class=\"elementor-element elementor-element-197c6d8 elementor-widget elementor-widget-wd_text_block\" data-id=\"197c6d8\" data-element_type=\"widget\" data-e-type=\"widget\" data-widget_type=\"wd_text_block.default\">\n\t\t\t\t<div class=\"elementor-widget-container\">\n\t\t\t\t\t\t\t<div class=\"wd-text-block reset-last-child text-left color-title\">\n\t\t\t\n\t\t\t<p>Vi str\u00e4var efter att vara den ledande resursen f\u00f6r Nembutal-relaterad utbildning, \u00f6verbrygga kunskapsluckor och st\u00f6dja ett v\u00e4lgrundat beslutsfattande f\u00f6r alla.<\/p>\n\t\t\t\t\t<\/div>\n\t\t\t\t\t\t<\/div>\n\t\t\t\t<\/div>\n\t\t\t\t<\/div>\n\t\t\t\t\t<\/details>\n\t\t\t\t\t<\/div>\n\t\t\t\t\t\t<\/div>\n\t\t\t\t<\/div>\n\t\t\t\t<\/div>\n\t\t\t\t\t<\/div>\n\t\t\t\t<\/div>\n\t\t\t\t<\/div>","protected":false},"excerpt":{"rendered":"<p>Who We Are Welcome to Nembutal Mann, to know about us, we are a trusted provider of accurate and comprehensive<\/p>","protected":false},"author":13,"featured_media":0,"parent":0,"menu_order":0,"comment_status":"closed","ping_status":"closed","template":"","meta":{"footnotes":""},"class_list":["post-20710","page","type-page","status-publish","hentry"],"yoast_head":"<!-- This site is optimized with the Yoast SEO Premium plugin v24.2 (Yoast SEO v27.4) - https:\/\/yoast.com\/product\/yoast-seo-premium-wordpress\/ -->\n<title>About Us, Nembutal Mann | Trusted supplier of Nembutal Sodium<\/title>\n<meta name=\"description\" content=\"About us, at Nembutal Mann, our mission is to educate, inform, and empower individuals about Nembutal, its applications, and its implications.\" \/>\n<meta name=\"robots\" content=\"index, follow, max-snippet:-1, max-image-preview:large, max-video-preview:-1\" \/>\n<link rel=\"canonical\" href=\"https:\/\/nembutalman.com\/sv\/om-oss\/\" \/>\n<meta property=\"og:locale\" content=\"sv_SE\" \/>\n<meta property=\"og:type\" content=\"article\" \/>\n<meta property=\"og:title\" content=\"About Us\" \/>\n<meta property=\"og:description\" content=\"About us, at Nembutal Mann, our mission is to educate, inform, and empower individuals about Nembutal, its applications, and its implications.\" \/>\n<meta property=\"og:url\" content=\"https:\/\/nembutalman.com\/sv\/om-oss\/\" \/>\n<meta property=\"og:site_name\" content=\"Nembutal Mann\" \/>\n<meta property=\"article:modified_time\" content=\"2025-01-22T12:56:50+00:00\" \/>\n<meta property=\"og:image\" content=\"https:\/\/nembutalman.com\/wp-content\/uploads\/2024\/12\/About_us.jpg\" \/>\n\t<meta property=\"og:image:width\" content=\"1000\" \/>\n\t<meta property=\"og:image:height\" content=\"750\" \/>\n\t<meta property=\"og:image:type\" content=\"image\/jpeg\" \/>\n<meta name=\"twitter:card\" content=\"summary_large_image\" \/>\n<meta name=\"twitter:label1\" content=\"Ber\u00e4knad l\u00e4stid\" \/>\n\t<meta name=\"twitter:data1\" content=\"3 minuter\" \/>\n<script type=\"application\/ld+json\" class=\"yoast-schema-graph\">{\"@context\":\"https:\\\/\\\/schema.org\",\"@graph\":[{\"@type\":\"WebPage\",\"@id\":\"https:\\\/\\\/nembutalman.com\\\/about-us\\\/\",\"url\":\"https:\\\/\\\/nembutalman.com\\\/about-us\\\/\",\"name\":\"About Us, Nembutal Mann | Trusted supplier of Nembutal Sodium\",\"isPartOf\":{\"@id\":\"https:\\\/\\\/nembutalman.com\\\/#website\"},\"primaryImageOfPage\":{\"@id\":\"https:\\\/\\\/nembutalman.com\\\/about-us\\\/#primaryimage\"},\"image\":{\"@id\":\"https:\\\/\\\/nembutalman.com\\\/about-us\\\/#primaryimage\"},\"thumbnailUrl\":\"https:\\\/\\\/nembutalman.com\\\/wp-content\\\/uploads\\\/2024\\\/12\\\/About_us.jpg\",\"datePublished\":\"2024-12-05T14:49:37+00:00\",\"dateModified\":\"2025-01-22T12:56:50+00:00\",\"description\":\"About us, at Nembutal Mann, our mission is to educate, inform, and empower individuals about Nembutal, its applications, and its implications.\",\"breadcrumb\":{\"@id\":\"https:\\\/\\\/nembutalman.com\\\/about-us\\\/#breadcrumb\"},\"inLanguage\":\"sv-SE\",\"potentialAction\":[{\"@type\":\"ReadAction\",\"target\":[\"https:\\\/\\\/nembutalman.com\\\/about-us\\\/\"]}]},{\"@type\":\"ImageObject\",\"inLanguage\":\"sv-SE\",\"@id\":\"https:\\\/\\\/nembutalman.com\\\/about-us\\\/#primaryimage\",\"url\":\"https:\\\/\\\/nembutalman.com\\\/wp-content\\\/uploads\\\/2024\\\/12\\\/About_us.jpg\",\"contentUrl\":\"https:\\\/\\\/nembutalman.com\\\/wp-content\\\/uploads\\\/2024\\\/12\\\/About_us.jpg\"},{\"@type\":\"BreadcrumbList\",\"@id\":\"https:\\\/\\\/nembutalman.com\\\/about-us\\\/#breadcrumb\",\"itemListElement\":[{\"@type\":\"ListItem\",\"position\":1,\"name\":\"Home\",\"item\":\"https:\\\/\\\/nembutalman.com\\\/\"},{\"@type\":\"ListItem\",\"position\":2,\"name\":\"About Us\"}]},{\"@type\":\"WebSite\",\"@id\":\"https:\\\/\\\/nembutalman.com\\\/#website\",\"url\":\"https:\\\/\\\/nembutalman.com\\\/\",\"name\":\"Nembutal Mann\",\"description\":\"Nembutal Kaufen Deutschland\",\"publisher\":{\"@id\":\"https:\\\/\\\/nembutalman.com\\\/#organization\"},\"potentialAction\":[{\"@type\":\"SearchAction\",\"target\":{\"@type\":\"EntryPoint\",\"urlTemplate\":\"https:\\\/\\\/nembutalman.com\\\/?s={search_term_string}\"},\"query-input\":{\"@type\":\"PropertyValueSpecification\",\"valueRequired\":true,\"valueName\":\"search_term_string\"}}],\"inLanguage\":\"sv-SE\"},{\"@type\":\"Organization\",\"@id\":\"https:\\\/\\\/nembutalman.com\\\/#organization\",\"name\":\"Nembutal Mann\",\"url\":\"https:\\\/\\\/nembutalman.com\\\/\",\"logo\":{\"@type\":\"ImageObject\",\"inLanguage\":\"sv-SE\",\"@id\":\"https:\\\/\\\/nembutalman.com\\\/#\\\/schema\\\/logo\\\/image\\\/\",\"url\":\"https:\\\/\\\/nembutalman.com\\\/wp-content\\\/uploads\\\/2024\\\/11\\\/Untitled-design.png\",\"contentUrl\":\"https:\\\/\\\/nembutalman.com\\\/wp-content\\\/uploads\\\/2024\\\/11\\\/Untitled-design.png\",\"width\":650,\"height\":250,\"caption\":\"Nembutal Mann\"},\"image\":{\"@id\":\"https:\\\/\\\/nembutalman.com\\\/#\\\/schema\\\/logo\\\/image\\\/\"}}]}<\/script>\n<!-- \/ Yoast SEO Premium plugin. -->","yoast_head_json":{"title":"Om oss, Nembutal Mann | P\u00e5litlig leverant\u00f6r av Nembutal Sodium","description":"Om oss, p\u00e5 Nembutal Mann, \u00e4r v\u00e5rt uppdrag att utbilda, informera och st\u00e4rka individer om Nembutal, dess applikationer och dess konsekvenser.","robots":{"index":"index","follow":"follow","max-snippet":"max-snippet:-1","max-image-preview":"max-image-preview:large","max-video-preview":"max-video-preview:-1"},"canonical":"https:\/\/nembutalman.com\/sv\/om-oss\/","og_locale":"sv_SE","og_type":"article","og_title":"About Us","og_description":"About us, at Nembutal Mann, our mission is to educate, inform, and empower individuals about Nembutal, its applications, and its implications.","og_url":"https:\/\/nembutalman.com\/sv\/om-oss\/","og_site_name":"Nembutal Mann","article_modified_time":"2025-01-22T12:56:50+00:00","og_image":[{"width":1000,"height":750,"url":"https:\/\/nembutalman.com\/wp-content\/uploads\/2024\/12\/About_us.jpg","type":"image\/jpeg"}],"twitter_card":"summary_large_image","twitter_misc":{"Ber\u00e4knad l\u00e4stid":"3 minuter"},"schema":{"@context":"https:\/\/schema.org","@graph":[{"@type":"WebPage","@id":"https:\/\/nembutalman.com\/about-us\/","url":"https:\/\/nembutalman.com\/about-us\/","name":"Om oss, Nembutal Mann | P\u00e5litlig leverant\u00f6r av Nembutal Sodium","isPartOf":{"@id":"https:\/\/nembutalman.com\/#website"},"primaryImageOfPage":{"@id":"https:\/\/nembutalman.com\/about-us\/#primaryimage"},"image":{"@id":"https:\/\/nembutalman.com\/about-us\/#primaryimage"},"thumbnailUrl":"https:\/\/nembutalman.com\/wp-content\/uploads\/2024\/12\/About_us.jpg","datePublished":"2024-12-05T14:49:37+00:00","dateModified":"2025-01-22T12:56:50+00:00","description":"Om oss, p\u00e5 Nembutal Mann, \u00e4r v\u00e5rt uppdrag att utbilda, informera och st\u00e4rka individer om Nembutal, dess applikationer och dess konsekvenser.","breadcrumb":{"@id":"https:\/\/nembutalman.com\/about-us\/#breadcrumb"},"inLanguage":"sv-SE","potentialAction":[{"@type":"ReadAction","target":["https:\/\/nembutalman.com\/about-us\/"]}]},{"@type":"ImageObject","inLanguage":"sv-SE","@id":"https:\/\/nembutalman.com\/about-us\/#primaryimage","url":"https:\/\/nembutalman.com\/wp-content\/uploads\/2024\/12\/About_us.jpg","contentUrl":"https:\/\/nembutalman.com\/wp-content\/uploads\/2024\/12\/About_us.jpg"},{"@type":"BreadcrumbList","@id":"https:\/\/nembutalman.com\/about-us\/#breadcrumb","itemListElement":[{"@type":"ListItem","position":1,"name":"Home","item":"https:\/\/nembutalman.com\/"},{"@type":"ListItem","position":2,"name":"About Us"}]},{"@type":"WebSite","@id":"https:\/\/nembutalman.com\/#website","url":"https:\/\/nembutalman.com\/","name":"Hos Nembutal Mann","description":"Nembutal Kaufen Deutschland","publisher":{"@id":"https:\/\/nembutalman.com\/#organization"},"potentialAction":[{"@type":"SearchAction","target":{"@type":"EntryPoint","urlTemplate":"https:\/\/nembutalman.com\/?s={search_term_string}"},"query-input":{"@type":"PropertyValueSpecification","valueRequired":true,"valueName":"search_term_string"}}],"inLanguage":"sv-SE"},{"@type":"Organization","@id":"https:\/\/nembutalman.com\/#organization","name":"Hos Nembutal Mann","url":"https:\/\/nembutalman.com\/","logo":{"@type":"ImageObject","inLanguage":"sv-SE","@id":"https:\/\/nembutalman.com\/#\/schema\/logo\/image\/","url":"https:\/\/nembutalman.com\/wp-content\/uploads\/2024\/11\/Untitled-design.png","contentUrl":"https:\/\/nembutalman.com\/wp-content\/uploads\/2024\/11\/Untitled-design.png","width":650,"height":250,"caption":"Nembutal Mann"},"image":{"@id":"https:\/\/nembutalman.com\/#\/schema\/logo\/image\/"}}]}},"_links":{"self":[{"href":"https:\/\/nembutalman.com\/sv\/wp-json\/wp\/v2\/pages\/20710","targetHints":{"allow":["GET"]}}],"collection":[{"href":"https:\/\/nembutalman.com\/sv\/wp-json\/wp\/v2\/pages"}],"about":[{"href":"https:\/\/nembutalman.com\/sv\/wp-json\/wp\/v2\/types\/page"}],"author":[{"embeddable":true,"href":"https:\/\/nembutalman.com\/sv\/wp-json\/wp\/v2\/users\/13"}],"replies":[{"embeddable":true,"href":"https:\/\/nembutalman.com\/sv\/wp-json\/wp\/v2\/comments?post=20710"}],"version-history":[{"count":0,"href":"https:\/\/nembutalman.com\/sv\/wp-json\/wp\/v2\/pages\/20710\/revisions"}],"wp:attachment":[{"href":"https:\/\/nembutalman.com\/sv\/wp-json\/wp\/v2\/media?parent=20710"}],"curies":[{"name":"wp","href":"https:\/\/api.w.org\/{rel}","templated":true}]}}