{"id":20850,"date":"2024-12-09T15:22:44","date_gmt":"2024-12-09T15:22:44","guid":{"rendered":"https:\/\/nembutalman.com\/?page_id=20850"},"modified":"2025-01-01T14:19:14","modified_gmt":"2025-01-01T14:19:14","slug":"integritetspolicy","status":"publish","type":"page","link":"https:\/\/nembutalman.com\/sv\/integritetspolicy\/","title":{"rendered":"Integritetspolicy"},"content":{"rendered":"<p class=\"has-black-color has-text-color has-link-color wp-elements-355be174b2fb0d157b025fcc47f1d867\">Integritetspolicy f\u00f6r <a href=\"https:\/\/nembutalman.com\/sv\/\">nembutalman.com<\/a><\/p>\n\n\n\n<p class=\"has-black-color has-text-color has-link-color wp-elements-761ad3752a5bb90e7fbcc3f50b1c20b6\"><br>Senast uppdaterad 25\/11\/2023<\/p>\n\n\n\n<p class=\"has-black-color has-text-color has-link-color wp-elements-3e94e2b2c9d2176429af1c301ae99651\"><br>V\u00e4lkommen till <a href=\"https:\/\/nembutalman.com\/sv\/\">nembutalman.com<\/a>. Denna integritetspolicy beskriver hur vi samlar in, anv\u00e4nder och delar personlig information n\u00e4r du bes\u00f6ker v\u00e5r webbplats eller g\u00f6r ett k\u00f6p.<\/p>\n\n\n\n<h3 class=\"wp-block-heading has-text-color has-background has-link-color wp-elements-8a16c0b96044cebbff6804ddad17f2ed\" id=\"h-i-information-gathered\" style=\"color:#225238;background-color:#c1d43a\">I. Insamlad information<\/h3>\n\n\n\n<p class=\"has-black-color has-text-color has-link-color wp-elements-a6badfaa0041f2d9590e59bf90ac8bc6\">N\u00e4r du bes\u00f6ker webbplatsen samlar vi automatiskt in viss information om din enhet, inklusive information om din webbl\u00e4sare, IP-adress, tidszon och n\u00e5gra av de cookies som \u00e4r installerade p\u00e5 din enhet. Dessutom samlar vi in information om de enskilda webbsidor eller produkter som du tittar p\u00e5, vilka webbplatser eller s\u00f6ktermer som h\u00e4nvisade dig till v\u00e5r webbplats och hur du interagerar med webbplatsen. <\/p>\n\n\n\n<p class=\"has-black-color has-text-color has-link-color wp-elements-c6566f9f405ddf7459fc7c641c272c78\">N\u00e4r du g\u00f6r eller f\u00f6rs\u00f6ker g\u00f6ra ett k\u00f6p via webbplatsen samlar vi in viss information fr\u00e5n dig, inklusive ditt namn, faktureringsadress, leveransadress, betalningsinformation (inklusive kreditkortsnummer), e-postadress och telefonnummer. Vi h\u00e4nvisar till denna information som \"Orderinformation\".<\/p>\n\n\n\n<h3 class=\"wp-block-heading has-text-color has-background has-link-color wp-elements-32d74790f44ff2ad9af97a6a63fe7a29\" id=\"h-ii-use-of-information\" style=\"color:#225238;background-color:#c1d43a\">II. Anv\u00e4ndning av information<\/h3>\n\n\n\n<p class=\"has-black-color has-text-color has-link-color wp-elements-fb223591b0ed4918e3b7a6dd70848b61\">Vi anv\u00e4nder i allm\u00e4nhet den information som samlas in f\u00f6r att fullg\u00f6ra best\u00e4llningar som g\u00f6rs via webbplatsen (inklusive behandling av din betalningsinformation, arrangera frakt och tillhandah\u00e5lla fakturor och\/eller orderbekr\u00e4ftelser). Dessutom anv\u00e4nder vi denna information f\u00f6r att<\/p>\n\n\n\n<ul class=\"wp-block-list\">\n<li class=\"has-black-color has-text-color has-link-color wp-elements-c35da8e453ecadee6ed58fb481402e8b\">Kommunicerar med dig;<\/li>\n\n\n\n<li class=\"has-black-color has-text-color has-link-color wp-elements-659b15464d3b49d5a9c284bdea83ccc0\">Granska din order med avseende p\u00e5 eventuella risker eller bedr\u00e4gerier; <\/li>\n\n\n\n<li class=\"has-black-color has-text-color has-link-color wp-elements-3ce7039dbd7333ebff4f5317f2da7572\">Optimering av v\u00e5r webbplats;<\/li>\n\n\n\n<li class=\"has-black-color has-text-color has-link-color wp-elements-63a2f7258bb251938f7c3188ffc5c879\">K\u00f6r reklam- eller m\u00e5lgruppskampanjer baserat p\u00e5 dina intressen.<\/li>\n<\/ul>\n\n\n\n<h3 class=\"wp-block-heading has-text-color has-background has-link-color wp-elements-71dd2bade47d8a19cad678a52077fdf8\" id=\"h-iii-information-exchange\" style=\"color:#225238;background-color:#c1d43a\">III. Utbyte av information<\/h3>\n\n\n\n<p class=\"has-black-color has-text-color has-link-color wp-elements-0526f4d4e684efc2cb4cd7f6c014fc4c\">F\u00f6r att hj\u00e4lpa oss att uppn\u00e5 ovan n\u00e4mnda m\u00e5l l\u00e4mnar vi ut dina personuppgifter till externa parter. Vi skickar till exempel best\u00e4llningar med PostNL, FedEx och ibland DHL. F\u00f6r att kunna hantera betalningar utbyter vi ocks\u00e5 information med PayPal och ibland med v\u00e5ra banker.<br>Slutligen kan vi ocks\u00e5 l\u00e4mna ut dina personuppgifter f\u00f6r att svara p\u00e5 en st\u00e4mning, husrannsakan eller annan legitim beg\u00e4ran om information som vi f\u00e5r, f\u00f6r att f\u00f6lja till\u00e4mpliga lagar och f\u00f6rordningar eller f\u00f6r att p\u00e5 annat s\u00e4tt f\u00f6rsvara v\u00e5ra r\u00e4ttigheter. Du kan l\u00e4ra dig mer om <a href=\"https:\/\/nembutalman.com\/sv\/leveranspolicy\/\">Leveranspolicy<\/a>.<\/p>\n\n\n\n<h3 class=\"wp-block-heading has-text-color has-background has-link-color wp-elements-8be1627c424b10a6d403c8606c0605de\" id=\"h-iv-your-rights\" style=\"color:#225238;background-color:#c1d43a\">IV. Dina r\u00e4ttigheter<\/h3>\n\n\n\n<p class=\"has-black-color has-text-color has-link-color wp-elements-077416695de980c8342b74ae1b70db75\">Du har r\u00e4tt att se vilka personuppgifter vi har om dig och att beg\u00e4ra att de uppdateras, \u00e4ndras eller tas bort om du bor inom Europeiska ekonomiska samarbetsomr\u00e5det. Anv\u00e4nd informationen nedan f\u00f6r att komma i kontakt med oss om du vill ut\u00f6va denna r\u00e4ttighet.<\/p>\n\n\n\n<h3 class=\"wp-block-heading has-text-color has-background has-link-color wp-elements-c25262c15a4b50cb1236e206e03eb430\" id=\"h-v-modifications-to-this-privacy-statement\" style=\"color:#225238;background-color:#c1d43a\">V. \u00c4ndringar av detta integritetsmeddelande<\/h3>\n\n\n\n<p class=\"has-black-color has-text-color has-link-color wp-elements-db26f0e0324ff3548c91aad6ddf0b4b2\">V\u00e4nligen l\u00e4s igenom v\u00e5r integritetspolicy ofta eftersom vi f\u00f6rbeh\u00e5ller oss r\u00e4tten att g\u00f6ra \u00e4ndringar n\u00e4r som helst. F\u00f6rtydliganden och \u00e4ndringar tr\u00e4der i kraft s\u00e5 snart de publiceras p\u00e5 webbplatsen. Vi kommer att uppdatera denna sida f\u00f6r att \u00e5terspegla alla betydande \u00e4ndringar som vi g\u00f6r i denna policy.<\/p>\n\n\n\n<h3 class=\"wp-block-heading has-text-color has-background has-link-color wp-elements-01aa1198e6bc79b9703c1e31d3efce46\" id=\"h-vi-contact-information\" style=\"color:#225238;background-color:#c1d43a\">VI. Kontaktuppgifter<\/h3>\n\n\n\n<p class=\"has-black-color has-text-color has-link-color wp-elements-29de9d3369388b1bebce2e470a8ab236\">Om du har n\u00e5gra fr\u00e5gor eller vill ha mer information om v\u00e5r integritetspolicy kan du skicka e-post till service@nembutalman.com eller skicka en skriftlig f\u00f6rfr\u00e5gan till Eisenhowerstraat 141, Sittard, Nederl\u00e4nderna.<\/p>\n\n\n\n<p class=\"has-black-color has-text-color has-link-color wp-elements-fc74c8adaf95e6aa5766202a95c8ef3e\">Bes\u00f6k v\u00e5r <a href=\"https:\/\/nembutalman.com\/sv\/villkor-och-bestammelser\/\"><strong>Villkor och anvisningar<\/strong><\/a> f\u00f6r att bli mer informerad<\/p>\n\n\n\n<p><\/p>","protected":false},"excerpt":{"rendered":"<p>Privacy policy for nembutalman.com Last updated 11\/25\/2023 Welcome to nembutalman.com. This privacy policy describes how we collect, use and share<\/p>","protected":false},"author":13,"featured_media":0,"parent":0,"menu_order":0,"comment_status":"closed","ping_status":"closed","template":"","meta":{"footnotes":""},"class_list":["post-20850","page","type-page","status-publish","hentry"],"yoast_head":"<!-- This site is optimized with the Yoast SEO Premium plugin v24.2 (Yoast SEO v27.4) - https:\/\/yoast.com\/product\/yoast-seo-premium-wordpress\/ -->\n<title>Privacy Policy | Nembutal Mann \u2013 Your privacy is our priority.<\/title>\n<meta name=\"description\" content=\"Nembutal Mann safeguards your data with our privacy policy. Learn about data collection and security measures to ensure your confidentiality.\" \/>\n<meta name=\"robots\" content=\"index, follow, max-snippet:-1, max-image-preview:large, max-video-preview:-1\" \/>\n<link rel=\"canonical\" href=\"https:\/\/nembutalman.com\/sv\/integritetspolicy\/\" \/>\n<meta property=\"og:locale\" content=\"sv_SE\" \/>\n<meta property=\"og:type\" content=\"article\" \/>\n<meta property=\"og:title\" content=\"Privacy Policy\" \/>\n<meta property=\"og:description\" content=\"Nembutal Mann safeguards your data with our privacy policy. Learn about data collection and security measures to ensure your confidentiality.\" \/>\n<meta property=\"og:url\" content=\"https:\/\/nembutalman.com\/sv\/integritetspolicy\/\" \/>\n<meta property=\"og:site_name\" content=\"Nembutal Mann\" \/>\n<meta property=\"article:modified_time\" content=\"2025-01-01T14:19:14+00:00\" \/>\n<meta name=\"twitter:card\" content=\"summary_large_image\" \/>\n<meta name=\"twitter:label1\" content=\"Ber\u00e4knad l\u00e4stid\" \/>\n\t<meta name=\"twitter:data1\" content=\"2 minuter\" \/>\n<script type=\"application\/ld+json\" class=\"yoast-schema-graph\">{\"@context\":\"https:\\\/\\\/schema.org\",\"@graph\":[{\"@type\":\"WebPage\",\"@id\":\"https:\\\/\\\/nembutalman.com\\\/privacy-policy\\\/\",\"url\":\"https:\\\/\\\/nembutalman.com\\\/privacy-policy\\\/\",\"name\":\"Privacy Policy | Nembutal Mann \u2013 Your privacy is our priority.\",\"isPartOf\":{\"@id\":\"https:\\\/\\\/nembutalman.com\\\/#website\"},\"datePublished\":\"2024-12-09T15:22:44+00:00\",\"dateModified\":\"2025-01-01T14:19:14+00:00\",\"description\":\"Nembutal Mann safeguards your data with our privacy policy. Learn about data collection and security measures to ensure your confidentiality.\",\"breadcrumb\":{\"@id\":\"https:\\\/\\\/nembutalman.com\\\/privacy-policy\\\/#breadcrumb\"},\"inLanguage\":\"sv-SE\",\"potentialAction\":[{\"@type\":\"ReadAction\",\"target\":[\"https:\\\/\\\/nembutalman.com\\\/privacy-policy\\\/\"]}]},{\"@type\":\"BreadcrumbList\",\"@id\":\"https:\\\/\\\/nembutalman.com\\\/privacy-policy\\\/#breadcrumb\",\"itemListElement\":[{\"@type\":\"ListItem\",\"position\":1,\"name\":\"Home\",\"item\":\"https:\\\/\\\/nembutalman.com\\\/\"},{\"@type\":\"ListItem\",\"position\":2,\"name\":\"Privacy Policy\"}]},{\"@type\":\"WebSite\",\"@id\":\"https:\\\/\\\/nembutalman.com\\\/#website\",\"url\":\"https:\\\/\\\/nembutalman.com\\\/\",\"name\":\"Nembutal Mann\",\"description\":\"Nembutal Kaufen Deutschland\",\"publisher\":{\"@id\":\"https:\\\/\\\/nembutalman.com\\\/#organization\"},\"potentialAction\":[{\"@type\":\"SearchAction\",\"target\":{\"@type\":\"EntryPoint\",\"urlTemplate\":\"https:\\\/\\\/nembutalman.com\\\/?s={search_term_string}\"},\"query-input\":{\"@type\":\"PropertyValueSpecification\",\"valueRequired\":true,\"valueName\":\"search_term_string\"}}],\"inLanguage\":\"sv-SE\"},{\"@type\":\"Organization\",\"@id\":\"https:\\\/\\\/nembutalman.com\\\/#organization\",\"name\":\"Nembutal Mann\",\"url\":\"https:\\\/\\\/nembutalman.com\\\/\",\"logo\":{\"@type\":\"ImageObject\",\"inLanguage\":\"sv-SE\",\"@id\":\"https:\\\/\\\/nembutalman.com\\\/#\\\/schema\\\/logo\\\/image\\\/\",\"url\":\"https:\\\/\\\/nembutalman.com\\\/wp-content\\\/uploads\\\/2024\\\/11\\\/Untitled-design.png\",\"contentUrl\":\"https:\\\/\\\/nembutalman.com\\\/wp-content\\\/uploads\\\/2024\\\/11\\\/Untitled-design.png\",\"width\":650,\"height\":250,\"caption\":\"Nembutal Mann\"},\"image\":{\"@id\":\"https:\\\/\\\/nembutalman.com\\\/#\\\/schema\\\/logo\\\/image\\\/\"}}]}<\/script>\n<!-- \/ Yoast SEO Premium plugin. -->","yoast_head_json":{"title":"Integritetspolicy | Nembutal Mann - Din integritet \u00e4r v\u00e5r prioritet.","description":"Nembutal Mann skyddar dina uppgifter med v\u00e5r integritetspolicy. L\u00e4s mer om datainsamling och s\u00e4kerhets\u00e5tg\u00e4rder f\u00f6r att s\u00e4kerst\u00e4lla din sekretess.","robots":{"index":"index","follow":"follow","max-snippet":"max-snippet:-1","max-image-preview":"max-image-preview:large","max-video-preview":"max-video-preview:-1"},"canonical":"https:\/\/nembutalman.com\/sv\/integritetspolicy\/","og_locale":"sv_SE","og_type":"article","og_title":"Privacy Policy","og_description":"Nembutal Mann safeguards your data with our privacy policy. Learn about data collection and security measures to ensure your confidentiality.","og_url":"https:\/\/nembutalman.com\/sv\/integritetspolicy\/","og_site_name":"Nembutal Mann","article_modified_time":"2025-01-01T14:19:14+00:00","twitter_card":"summary_large_image","twitter_misc":{"Ber\u00e4knad l\u00e4stid":"2 minuter"},"schema":{"@context":"https:\/\/schema.org","@graph":[{"@type":"WebPage","@id":"https:\/\/nembutalman.com\/privacy-policy\/","url":"https:\/\/nembutalman.com\/privacy-policy\/","name":"Integritetspolicy | Nembutal Mann - Din integritet \u00e4r v\u00e5r prioritet.","isPartOf":{"@id":"https:\/\/nembutalman.com\/#website"},"datePublished":"2024-12-09T15:22:44+00:00","dateModified":"2025-01-01T14:19:14+00:00","description":"Nembutal Mann skyddar dina uppgifter med v\u00e5r integritetspolicy. L\u00e4s mer om datainsamling och s\u00e4kerhets\u00e5tg\u00e4rder f\u00f6r att s\u00e4kerst\u00e4lla din sekretess.","breadcrumb":{"@id":"https:\/\/nembutalman.com\/privacy-policy\/#breadcrumb"},"inLanguage":"sv-SE","potentialAction":[{"@type":"ReadAction","target":["https:\/\/nembutalman.com\/privacy-policy\/"]}]},{"@type":"BreadcrumbList","@id":"https:\/\/nembutalman.com\/privacy-policy\/#breadcrumb","itemListElement":[{"@type":"ListItem","position":1,"name":"Home","item":"https:\/\/nembutalman.com\/"},{"@type":"ListItem","position":2,"name":"Privacy Policy"}]},{"@type":"WebSite","@id":"https:\/\/nembutalman.com\/#website","url":"https:\/\/nembutalman.com\/","name":"Hos Nembutal Mann","description":"Nembutal Kaufen Deutschland","publisher":{"@id":"https:\/\/nembutalman.com\/#organization"},"potentialAction":[{"@type":"SearchAction","target":{"@type":"EntryPoint","urlTemplate":"https:\/\/nembutalman.com\/?s={search_term_string}"},"query-input":{"@type":"PropertyValueSpecification","valueRequired":true,"valueName":"search_term_string"}}],"inLanguage":"sv-SE"},{"@type":"Organization","@id":"https:\/\/nembutalman.com\/#organization","name":"Hos Nembutal Mann","url":"https:\/\/nembutalman.com\/","logo":{"@type":"ImageObject","inLanguage":"sv-SE","@id":"https:\/\/nembutalman.com\/#\/schema\/logo\/image\/","url":"https:\/\/nembutalman.com\/wp-content\/uploads\/2024\/11\/Untitled-design.png","contentUrl":"https:\/\/nembutalman.com\/wp-content\/uploads\/2024\/11\/Untitled-design.png","width":650,"height":250,"caption":"Nembutal Mann"},"image":{"@id":"https:\/\/nembutalman.com\/#\/schema\/logo\/image\/"}}]}},"_links":{"self":[{"href":"https:\/\/nembutalman.com\/sv\/wp-json\/wp\/v2\/pages\/20850","targetHints":{"allow":["GET"]}}],"collection":[{"href":"https:\/\/nembutalman.com\/sv\/wp-json\/wp\/v2\/pages"}],"about":[{"href":"https:\/\/nembutalman.com\/sv\/wp-json\/wp\/v2\/types\/page"}],"author":[{"embeddable":true,"href":"https:\/\/nembutalman.com\/sv\/wp-json\/wp\/v2\/users\/13"}],"replies":[{"embeddable":true,"href":"https:\/\/nembutalman.com\/sv\/wp-json\/wp\/v2\/comments?post=20850"}],"version-history":[{"count":0,"href":"https:\/\/nembutalman.com\/sv\/wp-json\/wp\/v2\/pages\/20850\/revisions"}],"wp:attachment":[{"href":"https:\/\/nembutalman.com\/sv\/wp-json\/wp\/v2\/media?parent=20850"}],"curies":[{"name":"wp","href":"https:\/\/api.w.org\/{rel}","templated":true}]}}